{"id":2326,"date":"2025-11-02T05:04:54","date_gmt":"2025-11-01T22:04:54","guid":{"rendered":"https:\/\/thanhmochn.vn\/?p=2326"},"modified":"2026-03-24T19:08:00","modified_gmt":"2026-03-24T12:08:00","slug":"may-tien-go-burt","status":"publish","type":"product","link":"https:\/\/thanhmochn.vn\/?product=may-tien-go-burt","title":{"rendered":"M\u00e1y Ti\u1ec7n G\u1ed7 Burt"},"content":{"rendered":"<p data-start=\"160\" data-end=\"235\">\ud83e\udeb5 <strong data-start=\"163\" data-end=\"233\">M\u00e1y Ti\u1ec7n G\u1ed7 Burt \u2013 Gi\u1ea3i Ph\u00e1p Chuy\u00ean D\u1ee5ng Cho G\u1ed7 M\u1ef9 Ngh\u1ec7 &amp; Th\u1ee7 C\u00f4ng<\/strong><\/p>\n<p data-start=\"237\" data-end=\"545\">M\u00e1y Ti\u1ec7n G\u1ed7 Burt L\u00e0 L\u1ef1a Ch\u1ecdn L\u00fd T\u01b0\u1edfng Cho Th\u1ee3 M\u1ed9c, Ngh\u1ec7 Nh\u00e2n G\u1ed7 V\u00e0 Ng\u01b0\u1eddi Y\u00eau DIY.<br data-start=\"318\" data-end=\"321\" \/>V\u1edbi Thi\u1ebft K\u1ebf V\u1eefng Ch\u1eafc, \u0110\u1ed9ng C\u01a1 M\u1ea1nh M\u1ebd V\u00e0 Kh\u1ea3 N\u0103ng Gia C\u00f4ng Linh Ho\u1ea1t, M\u00e1y Gi\u00fap T\u1ea1o Ra Nh\u1eefng S\u1ea3n Ph\u1ea9m G\u1ed7 Tinh X\u1ea3o Nh\u01b0 B\u00e1t, Ly, Tr\u1ee5, T\u01b0\u1ee3ng, \u0110\u1ed3 Trang Tr\u00ed&#8230;<br data-start=\"476\" data-end=\"479\" \/>\u27a1\ufe0f Ch\u1ea5t L\u01b0\u1ee3ng \u1ed4n \u0110\u1ecbnh \u2013 D\u1ec5 V\u1eadn H\u00e0nh \u2013 Ph\u00f9 H\u1ee3p M\u1ecdi X\u01b0\u1edfng Ti\u1ec7n G\u1ed7!<\/p>\n<hr data-start=\"547\" data-end=\"589\" \/>\n<p data-start=\"591\" data-end=\"910\">\ud83d\udd27 <strong data-start=\"594\" data-end=\"617\">Gi\u1edbi Thi\u1ec7u S\u1ea3n Ph\u1ea9m<\/strong><br data-start=\"617\" data-end=\"620\" \/>M\u00e1y Ti\u1ec7n G\u1ed7 Burt L\u00e0 D\u00f2ng M\u00e1y Ti\u1ec7n Th\u1ee7 C\u00f4ng Ch\u1ea5t L\u01b0\u1ee3ng Cao, \u0110\u01b0\u1ee3c Thi\u1ebft K\u1ebf Ph\u1ee5c V\u1ee5 Gia C\u00f4ng G\u1ed7 M\u1ef9 Ngh\u1ec7 V\u00e0 S\u1ea3n Xu\u1ea5t Th\u1ee7 C\u00f4ng.<br data-start=\"742\" data-end=\"745\" \/>Nh\u1edd K\u1ebft C\u1ea5u Th\u00e2n M\u00e1y V\u1eefng Ch\u00e3i, H\u1ec7 Truy\u1ec1n \u0110\u1ed9ng \u00cam \u00c1i V\u00e0 Kh\u1ea3 N\u0103ng T\u00f9y Ch\u1ec9nh T\u1ed1c \u0110\u1ed9 Linh Ho\u1ea1t, M\u00e1y \u0110\u00e1p \u1ee8ng T\u1ed1t Nhu C\u1ea7u Ti\u1ec7n G\u1ed7 \u1ede C\u1ea3 M\u1ee9c \u0110\u1ed9 Chuy\u00ean Nghi\u1ec7p L\u1eabn C\u00e1 Nh\u00e2n.<\/p>\n<hr data-start=\"912\" data-end=\"954\" \/>\n<p data-start=\"956\" data-end=\"991\">\u2699\ufe0f <strong data-start=\"959\" data-end=\"989\">Th\u00f4ng S\u1ed1 K\u1ef9 Thu\u1eadt Chi Ti\u1ebft<\/strong><\/p>\n<div class=\"_tableContainer_1rjym_1\">\n<div class=\"group _tableWrapper_1rjym_13 flex w-fit flex-col-reverse\" tabindex=\"-1\">\n<table class=\"w-fit min-w-(--thread-content-width)\" data-start=\"993\" data-end=\"1424\">\n<thead data-start=\"993\" data-end=\"1015\">\n<tr data-start=\"993\" data-end=\"1015\">\n<th data-start=\"993\" data-end=\"1004\" data-col-size=\"sm\">Th\u00f4ng S\u1ed1<\/th>\n<th data-start=\"1004\" data-end=\"1015\" data-col-size=\"md\">Gi\u00e1 Tr\u1ecb<\/th>\n<\/tr>\n<\/thead>\n<tbody data-start=\"1041\" data-end=\"1424\">\n<tr data-start=\"1041\" data-end=\"1123\">\n<td data-start=\"1041\" data-end=\"1061\" data-col-size=\"sm\">T\u1ed1c \u0110\u1ed9 Tr\u1ee5c Ch\u00ednh<\/td>\n<td data-col-size=\"md\" data-start=\"1061\" data-end=\"1123\">500 \u2013 2000 V\u00f2ng\/Ph\u00fat (\u0110i\u1ec1u Ch\u1ec9nh B\u1eb1ng D\u00e2y Curoa &amp; Tay G\u1ea1t)<\/td>\n<\/tr>\n<tr data-start=\"1124\" data-end=\"1159\">\n<td data-start=\"1124\" data-end=\"1149\" data-col-size=\"sm\">\u0110\u01b0\u1eddng K\u00ednh Ti\u1ec7n T\u1ed1i \u0110a<\/td>\n<td data-col-size=\"md\" data-start=\"1149\" data-end=\"1159\">355 Mm<\/td>\n<\/tr>\n<tr data-start=\"1160\" data-end=\"1235\">\n<td data-start=\"1160\" data-end=\"1184\" data-col-size=\"sm\">Chi\u1ec1u D\u00e0i Ti\u1ec7n T\u1ed1i \u0110a<\/td>\n<td data-col-size=\"md\" data-start=\"1184\" data-end=\"1235\">600 Mm (C\u00f3 Th\u1ec3 M\u1edf R\u1ed9ng Th\u00eam 600 Mm V\u1edbi B\u00e0n N\u1ed1i)<\/td>\n<\/tr>\n<tr data-start=\"1236\" data-end=\"1271\">\n<td data-start=\"1236\" data-end=\"1261\" data-col-size=\"sm\">Chi\u1ec1u D\u00e0i Thanh K\u00ea Dao<\/td>\n<td data-col-size=\"md\" data-start=\"1261\" data-end=\"1271\">300 Mm<\/td>\n<\/tr>\n<tr data-start=\"1272\" data-end=\"1308\">\n<td data-start=\"1272\" data-end=\"1282\" data-col-size=\"sm\">\u0110\u1ed9ng C\u01a1<\/td>\n<td data-col-size=\"md\" data-start=\"1282\" data-end=\"1308\">750W \u2013 \u0110i\u1ec7n 1 Pha 220V<\/td>\n<\/tr>\n<tr data-start=\"1309\" data-end=\"1336\">\n<td data-start=\"1309\" data-end=\"1327\" data-col-size=\"sm\">Tr\u1ecdng L\u01b0\u1ee3ng M\u00e1y<\/td>\n<td data-col-size=\"md\" data-start=\"1327\" data-end=\"1336\">85 Kg<\/td>\n<\/tr>\n<tr data-start=\"1337\" data-end=\"1384\">\n<td data-start=\"1337\" data-end=\"1361\" data-col-size=\"sm\">K\u00edch Th\u01b0\u1edbc V\u1eadn Chuy\u1ec3n<\/td>\n<td data-col-size=\"md\" data-start=\"1361\" data-end=\"1384\">1130 \u00d7 390 \u00d7 530 Mm<\/td>\n<\/tr>\n<tr data-start=\"1385\" data-end=\"1424\">\n<td data-start=\"1385\" data-end=\"1412\" data-col-size=\"sm\">T\u1ed5ng Kh\u1ed1i L\u01b0\u1ee3ng \u0110\u00f3ng G\u00f3i<\/td>\n<td data-col-size=\"md\" data-start=\"1412\" data-end=\"1424\">100 Kg<\/td>\n<\/tr>\n<\/tbody>\n<\/table>\n<\/div>\n<\/div>\n<hr data-start=\"1426\" data-end=\"1468\" \/>\n<p data-start=\"1470\" data-end=\"1785\">\ud83e\ude9a <strong data-start=\"1473\" data-end=\"1493\">\u1ee8ng D\u1ee5ng Th\u1ef1c T\u1ebf<\/strong><br data-start=\"1493\" data-end=\"1496\" \/>\u2022 Gia C\u00f4ng B\u00e1t, \u0110\u0129a, Ly, Tr\u1ee5 G\u1ed7, T\u01b0\u1ee3ng, \u0110\u1ed3 Trang Tr\u00ed N\u1ed9i Th\u1ea5t.<br data-start=\"1558\" data-end=\"1561\" \/>\u2022 Ph\u00f9 H\u1ee3p Cho X\u01b0\u1edfng Ti\u1ec7n G\u1ed7 M\u1ef9 Ngh\u1ec7, Trung T\u00e2m D\u1ea1y Ngh\u1ec1, X\u01b0\u1edfng M\u1ed9c Gia C\u00f4ng.<br data-start=\"1637\" data-end=\"1640\" \/>\u2022 D\u00e0nh Cho Ng\u01b0\u1eddi Ch\u01a1i DIY, Ngh\u1ec7 Nh\u00e2n S\u00e1ng T\u1ea1o G\u1ed7.<br data-start=\"1689\" data-end=\"1692\" \/>\u2022 T\u01b0\u01a1ng Th\u00edch V\u1edbi Nhi\u1ec1u Lo\u1ea1i M\u00e2m C\u1eb7p, C\u00e1n Ti\u1ec7n, M\u1ea3nh Ti\u1ec7n \u2013 Gi\u00fap M\u1edf R\u1ed9ng Kh\u1ea3 N\u0103ng Gia C\u00f4ng.<\/p>\n<hr data-start=\"1787\" data-end=\"1829\" \/>\n<p data-start=\"1831\" data-end=\"2213\">\ud83c\udf1f <strong data-start=\"1834\" data-end=\"1853\">\u01afu \u0110i\u1ec3m N\u1ed5i B\u1eadt<\/strong><br data-start=\"1853\" data-end=\"1856\" \/>\u2705 Khung M\u00e1y Ch\u1eafc Ch\u1eafn, H\u1ea1n Ch\u1ebf Rung L\u1eafc Khi Ti\u1ec7n T\u1ed1c \u0110\u1ed9 Cao.<br data-start=\"1916\" data-end=\"1919\" \/>\u2705 T\u1ed1c \u0110\u1ed9 Thay \u0110\u1ed5i Linh Ho\u1ea1t, \u0110\u00e1p \u1ee8ng Nhi\u1ec1u K\u1ef9 Thu\u1eadt Ti\u1ec7n Kh\u00e1c Nhau.<br data-start=\"1986\" data-end=\"1989\" \/>\u2705 Truy\u1ec1n \u0110\u1ed9ng B\u1eb1ng Buli + Tay G\u1ea1t \u2013 Thao T\u00e1c \u0110\u01a1n Gi\u1ea3n, B\u1ec1n B\u1ec9, D\u1ec5 B\u1ea3o D\u01b0\u1ee1ng.<br data-start=\"2065\" data-end=\"2068\" \/>\u2705 Thi\u1ebft K\u1ebf Nh\u1ecf G\u1ecdn, Ti\u1ebft Ki\u1ec7m Kh\u00f4ng Gian, D\u1ec5 B\u1ed1 Tr\u00ed Trong X\u01b0\u1edfng Ho\u1eb7c T\u1ea1i Nh\u00e0.<br data-start=\"2145\" data-end=\"2148\" \/>\u2705 Ho\u1ea1t \u0110\u1ed9ng \u1ed4n \u0110\u1ecbnh \u2013 Tu\u1ed5i Th\u1ecd Cao \u2013 \u0110\u1ed9 Ch\u00ednh X\u00e1c Gia C\u00f4ng T\u1ed1t.<\/p>\n<hr data-start=\"2215\" data-end=\"2257\" \/>\n<p data-start=\"2259\" data-end=\"2471\">\ud83d\udce6 <strong data-start=\"2262\" data-end=\"2284\">Th\u00f4ng Tin \u0110\u1eb7t H\u00e0ng<\/strong><br data-start=\"2284\" data-end=\"2287\" \/>\u2022 T\u00ecnh Tr\u1ea1ng: H\u00e0ng M\u1edbi 100%<br data-start=\"2314\" data-end=\"2317\" \/>\u2022 B\u1ea3o H\u00e0nh: 12 Th\u00e1ng<br data-start=\"2337\" data-end=\"2340\" \/>\u2022 Ph\u1ee5 Ki\u1ec7n T\u00f9y Ch\u1ecdn: M\u00e2m C\u1eb7p, B\u00e0n N\u1ed1i, Dao Ti\u1ec7n, C\u00e1n Ti\u1ec7n (Li\u00ean H\u1ec7 \u0110\u1ec3 T\u01b0 V\u1ea5n).<br data-start=\"2418\" data-end=\"2421\" \/>\u2022 Giao H\u00e0ng To\u00e0n Qu\u1ed1c \u2013 H\u1ed7 Tr\u1ee3 K\u1ef9 Thu\u1eadt T\u1eadn N\u01a1i.<\/p>\n<p data-start=\"2473\" data-end=\"2562\"><strong data-start=\"2473\" data-end=\"2504\">Th\u00e0nh M\u1ed9c HN \u2013 0865 551 688<\/strong><br data-start=\"2504\" data-end=\"2507\" \/><strong data-start=\"2507\" data-end=\"2562\">Uy T\u00edn \u2013 Ch\u1ea5t L\u01b0\u1ee3ng \u2013 S\u1ea3n Ph\u1ea9m T\u1ea1o N\u00ean Th\u01b0\u01a1ng Hi\u1ec7u!<\/strong><\/p>\n","protected":false},"excerpt":{"rendered":"<p data-start=\"956\" data-end=\"991\">\u2699\ufe0f <strong data-start=\"959\" data-end=\"989\">Th\u00f4ng S\u1ed1 K\u1ef9 Thu\u1eadt Chi Ti\u1ebft<\/strong><\/p>\n<div class=\"_tableContainer_1rjym_1\">\n<div class=\"group _tableWrapper_1rjym_13 flex w-fit flex-col-reverse\" tabindex=\"-1\">\n<table class=\"w-fit min-w-(--thread-content-width)\" data-start=\"993\" data-end=\"1424\">\n<thead data-start=\"993\" data-end=\"1015\">\n<tr data-start=\"993\" data-end=\"1015\">\n<th data-start=\"993\" data-end=\"1004\" data-col-size=\"sm\">Th\u00f4ng S\u1ed1<\/th>\n<th data-start=\"1004\" data-end=\"1015\" data-col-size=\"md\">Gi\u00e1 Tr\u1ecb<\/th>\n<\/tr>\n<\/thead>\n<tbody data-start=\"1041\" data-end=\"1424\">\n<tr data-start=\"1041\" data-end=\"1123\">\n<td data-start=\"1041\" data-end=\"1061\" data-col-size=\"sm\">T\u1ed1c \u0110\u1ed9 Tr\u1ee5c Ch\u00ednh<\/td>\n<td data-col-size=\"md\" data-start=\"1061\" data-end=\"1123\">500 \u2013 2000 V\u00f2ng\/Ph\u00fat (\u0110i\u1ec1u Ch\u1ec9nh B\u1eb1ng D\u00e2y Curoa &amp; Tay G\u1ea1t)<\/td>\n<\/tr>\n<tr data-start=\"1124\" data-end=\"1159\">\n<td data-start=\"1124\" data-end=\"1149\" data-col-size=\"sm\">\u0110\u01b0\u1eddng K\u00ednh Ti\u1ec7n T\u1ed1i \u0110a<\/td>\n<td data-col-size=\"md\" data-start=\"1149\" data-end=\"1159\">355 Mm<\/td>\n<\/tr>\n<tr data-start=\"1160\" data-end=\"1235\">\n<td data-start=\"1160\" data-end=\"1184\" data-col-size=\"sm\">Chi\u1ec1u D\u00e0i Ti\u1ec7n T\u1ed1i \u0110a<\/td>\n<td data-col-size=\"md\" data-start=\"1184\" data-end=\"1235\">600 Mm (C\u00f3 Th\u1ec3 M\u1edf R\u1ed9ng Th\u00eam 600 Mm V\u1edbi B\u00e0n N\u1ed1i)<\/td>\n<\/tr>\n<tr data-start=\"1236\" data-end=\"1271\">\n<td data-start=\"1236\" data-end=\"1261\" data-col-size=\"sm\">Chi\u1ec1u D\u00e0i Thanh K\u00ea Dao<\/td>\n<td data-col-size=\"md\" data-start=\"1261\" data-end=\"1271\">300 Mm<\/td>\n<\/tr>\n<tr data-start=\"1272\" data-end=\"1308\">\n<td data-start=\"1272\" data-end=\"1282\" data-col-size=\"sm\">\u0110\u1ed9ng C\u01a1<\/td>\n<td data-col-size=\"md\" data-start=\"1282\" data-end=\"1308\">750W \u2013 \u0110i\u1ec7n 1 Pha 220V<\/td>\n<\/tr>\n<tr data-start=\"1309\" data-end=\"1336\">\n<td data-start=\"1309\" data-end=\"1327\" data-col-size=\"sm\">Tr\u1ecdng L\u01b0\u1ee3ng M\u00e1y<\/td>\n<td data-col-size=\"md\" data-start=\"1327\" data-end=\"1336\">85 Kg<\/td>\n<\/tr>\n<tr data-start=\"1337\" data-end=\"1384\">\n<td data-start=\"1337\" data-end=\"1361\" data-col-size=\"sm\">K\u00edch Th\u01b0\u1edbc V\u1eadn Chuy\u1ec3n<\/td>\n<td data-col-size=\"md\" data-start=\"1361\" data-end=\"1384\">1130 \u00d7 390 \u00d7 530 Mm<\/td>\n<\/tr>\n<tr data-start=\"1385\" data-end=\"1424\">\n<td data-start=\"1385\" data-end=\"1412\" data-col-size=\"sm\">T\u1ed5ng Kh\u1ed1i L\u01b0\u1ee3ng \u0110\u00f3ng G\u00f3i<\/td>\n<td data-col-size=\"md\" data-start=\"1412\" data-end=\"1424\">100 Kg<\/td>\n<\/tr>\n<\/tbody>\n<\/table>\n<\/div>\n<\/div>\n","protected":false},"featured_media":2379,"comment_status":"closed","ping_status":"closed","template":"","meta":{"_acf_changed":false},"product_brand":[],"product_cat":[83],"product_tag":[],"class_list":{"0":"post-2326","1":"product","2":"type-product","3":"status-publish","4":"has-post-thumbnail","6":"product_cat-may-tien-go","8":"first","9":"instock","10":"shipping-taxable","11":"purchasable","12":"product-type-simple"},"acf":[],"_links":{"self":[{"href":"https:\/\/thanhmochn.vn\/index.php?rest_route=\/wp\/v2\/product\/2326","targetHints":{"allow":["GET"]}}],"collection":[{"href":"https:\/\/thanhmochn.vn\/index.php?rest_route=\/wp\/v2\/product"}],"about":[{"href":"https:\/\/thanhmochn.vn\/index.php?rest_route=\/wp\/v2\/types\/product"}],"replies":[{"embeddable":true,"href":"https:\/\/thanhmochn.vn\/index.php?rest_route=%2Fwp%2Fv2%2Fcomments&post=2326"}],"wp:featuredmedia":[{"embeddable":true,"href":"https:\/\/thanhmochn.vn\/index.php?rest_route=\/wp\/v2\/media\/2379"}],"wp:attachment":[{"href":"https:\/\/thanhmochn.vn\/index.php?rest_route=%2Fwp%2Fv2%2Fmedia&parent=2326"}],"wp:term":[{"taxonomy":"product_brand","embeddable":true,"href":"https:\/\/thanhmochn.vn\/index.php?rest_route=%2Fwp%2Fv2%2Fproduct_brand&post=2326"},{"taxonomy":"product_cat","embeddable":true,"href":"https:\/\/thanhmochn.vn\/index.php?rest_route=%2Fwp%2Fv2%2Fproduct_cat&post=2326"},{"taxonomy":"product_tag","embeddable":true,"href":"https:\/\/thanhmochn.vn\/index.php?rest_route=%2Fwp%2Fv2%2Fproduct_tag&post=2326"}],"curies":[{"name":"wp","href":"https:\/\/api.w.org\/{rel}","templated":true}]}}