{"id":2323,"date":"2025-11-02T05:00:00","date_gmt":"2025-11-01T22:00:00","guid":{"rendered":"https:\/\/thanhmochn.vn\/?p=2323"},"modified":"2026-03-24T19:15:44","modified_gmt":"2026-03-24T12:15:44","slug":"manh-tien-go-vuong-cong-r50","status":"publish","type":"product","link":"https:\/\/thanhmochn.vn\/?product=manh-tien-go-vuong-cong-r50","title":{"rendered":"M\u1ea3nh Ti\u1ec7n G\u1ed7 Vu\u00f4ng Cong R50"},"content":{"rendered":"<h2 data-start=\"430\" data-end=\"511\">\ud83d\udd27 <strong data-start=\"436\" data-end=\"511\">M\u1ea3nh Ti\u1ec7n G\u1ed7 Vu\u00f4ng Cong R50 \u2013 S\u1eafc B\u00e9n, M\u1ecbn \u0110\u1eb9p, Chuy\u00ean D\u1ee5ng Gia C\u00f4ng G\u1ed7<\/strong><\/h2>\n<h3 data-start=\"513\" data-end=\"543\">\ud83e\ude9a <strong data-start=\"520\" data-end=\"543\">Gi\u1edbi Thi\u1ec7u S\u1ea3n Ph\u1ea9m<\/strong><\/h3>\n<p data-start=\"544\" data-end=\"861\"><strong data-start=\"544\" data-end=\"575\">M\u1ea3nh Ti\u1ec7n G\u1ed7 Vu\u00f4ng Cong R50<\/strong> l\u00e0 <strong data-start=\"579\" data-end=\"607\">ph\u1ee5 ki\u1ec7n ti\u1ec7n g\u1ed7 cao c\u1ea5p<\/strong>, chuy\u00ean d\u00f9ng cho <strong data-start=\"625\" data-end=\"676\">gia c\u00f4ng b\u1ec1 m\u1eb7t cong, l\u00f5m ho\u1eb7c bo tr\u00f2n c\u1ea1nh g\u1ed7.<\/strong><br data-start=\"676\" data-end=\"679\" \/>V\u1edbi <strong data-start=\"683\" data-end=\"704\">b\u00e1n k\u00ednh cong R50<\/strong> v\u00e0 <strong data-start=\"708\" data-end=\"757\">v\u1eadt li\u1ec7u h\u1ee3p kim si\u00eau c\u1ee9ng (Tungsten Carbide)<\/strong>, s\u1ea3n ph\u1ea9m gi\u00fap t\u1ea1o ra <strong data-start=\"780\" data-end=\"818\">\u0111\u01b0\u1eddng c\u1eaft m\u01b0\u1ee3t \u2013 s\u1eafc n\u00e9t \u2013 \u0111\u1ec1u \u0111\u1eb9p<\/strong>, cho <strong data-start=\"824\" data-end=\"858\">b\u1ec1 m\u1eb7t g\u1ed7 b\u00f3ng m\u1ecbn v\u00e0 tinh x\u1ea3o<\/strong>.<\/p>\n<p data-start=\"863\" data-end=\"949\">\u0110\u00e2y l\u00e0 l\u1ef1a ch\u1ecdn l\u00fd t\u01b0\u1edfng cho <strong data-start=\"892\" data-end=\"949\">x\u01b0\u1edfng m\u1ed9c, ti\u1ec7n CNC mini, ho\u1eb7c ch\u1ebf t\u00e1c \u0111\u1ed3 g\u1ed7 m\u1ef9 ngh\u1ec7.<\/strong><\/p>\n<hr data-start=\"951\" data-end=\"954\" \/>\n<h3 data-start=\"956\" data-end=\"983\">\u2705 <strong data-start=\"962\" data-end=\"983\">Th\u00f4ng S\u1ed1 K\u1ef9 Thu\u1eadt<\/strong><\/h3>\n<p data-start=\"984\" data-end=\"1189\">\u2022 <strong data-start=\"986\" data-end=\"1001\">K\u00edch Th\u01b0\u1edbc:<\/strong> 15 x 15 mm<br data-start=\"1012\" data-end=\"1015\" \/>\u2022 <strong data-start=\"1017\" data-end=\"1028\">\u0110\u1ed9 D\u00e0y:<\/strong> 2.5 mm<br data-start=\"1035\" data-end=\"1038\" \/>\u2022 <strong data-start=\"1040\" data-end=\"1054\">H\u00ecnh D\u1ea1ng:<\/strong> Vu\u00f4ng cong \u2013 B\u00e1n k\u00ednh R50<br data-start=\"1080\" data-end=\"1083\" \/>\u2022 <strong data-start=\"1085\" data-end=\"1099\">Ch\u1ea5t Li\u1ec7u:<\/strong> Th\u00e9p h\u1ee3p kim \/ Tungsten carbide<br data-start=\"1131\" data-end=\"1134\" \/>\u2022 <strong data-start=\"1136\" data-end=\"1150\">T\u00ednh N\u0103ng:<\/strong> C\u1eaft m\u1ecbn \u2013 B\u1ec1n \u2013 Ch\u1ecbu nhi\u1ec7t \u2013 S\u1eafc b\u00e9n<\/p>\n<hr data-start=\"1191\" data-end=\"1194\" \/>\n<h3 data-start=\"1196\" data-end=\"1215\">\ud83e\udeb5 <strong data-start=\"1203\" data-end=\"1215\">\u1ee8ng D\u1ee5ng<\/strong><\/h3>\n<p data-start=\"1216\" data-end=\"1440\">\u2022 D\u00f9ng cho <strong data-start=\"1227\" data-end=\"1243\">m\u1ecdi lo\u1ea1i g\u1ed7:<\/strong> g\u1ed7 t\u1ef1 nhi\u00ean, g\u1ed7 c\u00f4ng nghi\u1ec7p, g\u1ed7 c\u1ee9ng v\u00e0 g\u1ed7 m\u1ec1m.<br data-start=\"1291\" data-end=\"1294\" \/>\u2022 Ph\u00f9 h\u1ee3p <strong data-start=\"1304\" data-end=\"1376\">ti\u1ec7n b\u1ec1 m\u1eb7t cong, l\u00f5m, bo tr\u00f2n c\u1ea1nh, ho\u1eb7c chi ti\u1ebft m\u1ef9 ngh\u1ec7 tinh x\u1ea3o.<\/strong><br data-start=\"1376\" data-end=\"1379\" \/>\u2022 <strong data-start=\"1381\" data-end=\"1396\">T\u01b0\u01a1ng th\u00edch<\/strong> v\u1edbi c\u00e1n ti\u1ec7n g\u1ed7 g\u1eafn m\u1ea3nh 15\u00d715mm (\u1ed1c M6).<\/p>\n<hr data-start=\"1442\" data-end=\"1445\" \/>\n<h3 data-start=\"1447\" data-end=\"1505\">\ud83c\udf1f <strong data-start=\"1454\" data-end=\"1505\">\u01afu \u0110i\u1ec3m N\u1ed5i B\u1eadt C\u1ee7a M\u1ea3nh Ti\u1ec7n G\u1ed7 Vu\u00f4ng Cong R50<\/strong><\/h3>\n<p data-start=\"1506\" data-end=\"1762\">\u2705 <strong data-start=\"1508\" data-end=\"1566\">\u0110\u01b0\u1eddng c\u1eaft m\u1ecbn \u2013 kh\u00f4ng r\u00e1ch g\u1ed7 \u2013 ho\u00e0n thi\u1ec7n b\u1ec1 m\u1eb7t \u0111\u1eb9p.<\/strong><br data-start=\"1566\" data-end=\"1569\" \/>\u2705 <strong data-start=\"1571\" data-end=\"1615\">\u0110\u1ed9 s\u1eafc b\u00e9n cao, \u00edt m\u1ebb, tu\u1ed5i th\u1ecd d\u00e0i l\u00e2u.<\/strong><br data-start=\"1615\" data-end=\"1618\" \/>\u2705 <strong data-start=\"1620\" data-end=\"1643\">Gia c\u00f4ng linh ho\u1ea1t:<\/strong> d\u00f9ng t\u1ed1t cho c\u1ea3 ti\u1ec7n th\u00f4 v\u00e0 ti\u1ec7n tinh.<br data-start=\"1682\" data-end=\"1685\" \/>\u2705 <strong data-start=\"1687\" data-end=\"1714\">Ph\u00f9 h\u1ee3p nhi\u1ec1u \u1ee9ng d\u1ee5ng:<\/strong> x\u01b0\u1edfng m\u1ed9c, DIY, ti\u1ec7n CNC mini, \u0111\u1ed3 g\u1ed7 m\u1ef9 ngh\u1ec7.<\/p>\n<hr data-start=\"1764\" data-end=\"1767\" \/>\n<p data-start=\"1769\" data-end=\"1861\">\ud83d\udcde <strong data-start=\"1772\" data-end=\"1803\">Th\u00e0nh M\u1ed9c HN \u2013 0865 551 688<\/strong><br data-start=\"1803\" data-end=\"1806\" \/><strong data-start=\"1806\" data-end=\"1861\">Uy T\u00edn \u2013 Ch\u1ea5t L\u01b0\u1ee3ng \u2013 S\u1ea3n Ph\u1ea9m T\u1ea1o N\u00ean Th\u01b0\u01a1ng Hi\u1ec7u!<\/strong><\/p>\n","protected":false},"excerpt":{"rendered":"<p data-start=\"544\" data-end=\"861\"><strong data-start=\"544\" data-end=\"575\">M\u1ea3nh Ti\u1ec7n G\u1ed7 Vu\u00f4ng Cong R50<\/strong> l\u00e0 <strong data-start=\"579\" data-end=\"607\">ph\u1ee5 ki\u1ec7n ti\u1ec7n g\u1ed7 cao c\u1ea5p<\/strong>, chuy\u00ean d\u00f9ng cho <strong data-start=\"625\" data-end=\"676\">gia c\u00f4ng b\u1ec1 m\u1eb7t cong, l\u00f5m ho\u1eb7c bo tr\u00f2n c\u1ea1nh g\u1ed7.<\/strong><br data-start=\"676\" data-end=\"679\" \/>V\u1edbi <strong data-start=\"683\" data-end=\"704\">b\u00e1n k\u00ednh cong R50<\/strong> v\u00e0 <strong data-start=\"708\" data-end=\"757\">v\u1eadt li\u1ec7u h\u1ee3p kim si\u00eau c\u1ee9ng (Tungsten Carbide)<\/strong>, s\u1ea3n ph\u1ea9m gi\u00fap t\u1ea1o ra <strong data-start=\"780\" data-end=\"818\">\u0111\u01b0\u1eddng c\u1eaft m\u01b0\u1ee3t \u2013 s\u1eafc n\u00e9t \u2013 \u0111\u1ec1u \u0111\u1eb9p<\/strong>, cho <strong data-start=\"824\" data-end=\"858\">b\u1ec1 m\u1eb7t g\u1ed7 b\u00f3ng m\u1ecbn v\u00e0 tinh x\u1ea3o<\/strong>.<\/p>\n<p data-start=\"863\" data-end=\"949\">\u0110\u00e2y l\u00e0 l\u1ef1a ch\u1ecdn l\u00fd t\u01b0\u1edfng cho <strong data-start=\"892\" data-end=\"949\">x\u01b0\u1edfng m\u1ed9c, ti\u1ec7n CNC mini, ho\u1eb7c ch\u1ebf t\u00e1c \u0111\u1ed3 g\u1ed7 m\u1ef9 ngh\u1ec7.<\/strong><\/p>\n<hr data-start=\"951\" data-end=\"954\" \/>\n<h3 data-start=\"956\" data-end=\"983\">\u2705 <strong data-start=\"962\" data-end=\"983\">Th\u00f4ng S\u1ed1 K\u1ef9 Thu\u1eadt<\/strong><\/h3>\n<p data-start=\"984\" data-end=\"1189\">\u2022 <strong data-start=\"986\" data-end=\"1001\">K\u00edch Th\u01b0\u1edbc:<\/strong> 15 x 15 mm<br data-start=\"1012\" data-end=\"1015\" \/>\u2022 <strong data-start=\"1017\" data-end=\"1028\">\u0110\u1ed9 D\u00e0y:<\/strong> 2.5 mm<br data-start=\"1035\" data-end=\"1038\" \/>\u2022 <strong data-start=\"1040\" data-end=\"1054\">H\u00ecnh D\u1ea1ng:<\/strong> Vu\u00f4ng cong \u2013 B\u00e1n k\u00ednh R50<br data-start=\"1080\" data-end=\"1083\" \/>\u2022 <strong data-start=\"1085\" data-end=\"1099\">Ch\u1ea5t Li\u1ec7u:<\/strong> Th\u00e9p h\u1ee3p kim \/ Tungsten carbide<br data-start=\"1131\" data-end=\"1134\" \/>\u2022 <strong data-start=\"1136\" data-end=\"1150\">T\u00ednh N\u0103ng:<\/strong> C\u1eaft m\u1ecbn \u2013 B\u1ec1n \u2013 Ch\u1ecbu nhi\u1ec7t \u2013 S\u1eafc b\u00e9n<\/p>\n","protected":false},"featured_media":2408,"comment_status":"closed","ping_status":"closed","template":"","meta":{"_acf_changed":false},"product_brand":[],"product_cat":[86],"product_tag":[],"class_list":{"0":"post-2323","1":"product","2":"type-product","3":"status-publish","4":"has-post-thumbnail","6":"product_cat-phu-kien-may-go","8":"first","9":"instock","10":"shipping-taxable","11":"purchasable","12":"product-type-simple"},"acf":[],"_links":{"self":[{"href":"https:\/\/thanhmochn.vn\/index.php?rest_route=\/wp\/v2\/product\/2323","targetHints":{"allow":["GET"]}}],"collection":[{"href":"https:\/\/thanhmochn.vn\/index.php?rest_route=\/wp\/v2\/product"}],"about":[{"href":"https:\/\/thanhmochn.vn\/index.php?rest_route=\/wp\/v2\/types\/product"}],"replies":[{"embeddable":true,"href":"https:\/\/thanhmochn.vn\/index.php?rest_route=%2Fwp%2Fv2%2Fcomments&post=2323"}],"wp:featuredmedia":[{"embeddable":true,"href":"https:\/\/thanhmochn.vn\/index.php?rest_route=\/wp\/v2\/media\/2408"}],"wp:attachment":[{"href":"https:\/\/thanhmochn.vn\/index.php?rest_route=%2Fwp%2Fv2%2Fmedia&parent=2323"}],"wp:term":[{"taxonomy":"product_brand","embeddable":true,"href":"https:\/\/thanhmochn.vn\/index.php?rest_route=%2Fwp%2Fv2%2Fproduct_brand&post=2323"},{"taxonomy":"product_cat","embeddable":true,"href":"https:\/\/thanhmochn.vn\/index.php?rest_route=%2Fwp%2Fv2%2Fproduct_cat&post=2323"},{"taxonomy":"product_tag","embeddable":true,"href":"https:\/\/thanhmochn.vn\/index.php?rest_route=%2Fwp%2Fv2%2Fproduct_tag&post=2323"}],"curies":[{"name":"wp","href":"https:\/\/api.w.org\/{rel}","templated":true}]}}