{"id":2318,"date":"2025-11-02T04:54:06","date_gmt":"2025-11-01T21:54:06","guid":{"rendered":"https:\/\/thanhmochn.vn\/?p=2318"},"modified":"2026-01-09T17:13:40","modified_gmt":"2026-01-09T10:13:40","slug":"may-tien-mini-rc210e-2-dau-mam-cap","status":"publish","type":"product","link":"https:\/\/thanhmochn.vn\/?product=may-tien-mini-rc210e-2-dau-mam-cap","title":{"rendered":"M\u00e1y Ti\u1ec7n Mini RC210E \u2013 2 \u0110\u1ea7u M\u00e2m C\u1eb7p"},"content":{"rendered":"<h2 data-start=\"572\" data-end=\"678\">\ud83e\uddf0 <strong data-start=\"578\" data-end=\"678\">M\u00e1y Ti\u1ec7n Mini RC210E \u2013 2 \u0110\u1ea7u M\u00e2m C\u1eb7p, Ch\u1ed1ng T\u00e2m 800mm, Phi\u00ean B\u1ea3n N\u00e2ng C\u1ea5p Chu\u1ea9n C\u01a1 Kh\u00ed Ch\u00ednh X\u00e1c<\/strong><\/h2>\n<p data-start=\"680\" data-end=\"1045\"><strong data-start=\"680\" data-end=\"704\">M\u00e1y Ti\u1ec7n Mini RC210E<\/strong> l\u00e0 <strong data-start=\"708\" data-end=\"756\">phi\u00ean b\u1ea3n n\u00e2ng c\u1ea5p ho\u00e0n h\u1ea3o c\u1ee7a model WM210V<\/strong>, \u0111\u01b0\u1ee3c thi\u1ebft k\u1ebf cho <strong data-start=\"776\" data-end=\"869\">gia c\u00f4ng chi ti\u1ebft nh\u1ecf, s\u1eeda ch\u1eefa g\u1eady c\u01a1 bida, ti\u1ec7n tr\u1ee5c, ren v\u00e0 chi ti\u1ebft c\u01a1 kh\u00ed ch\u00ednh x\u00e1c.<\/strong><br data-start=\"869\" data-end=\"872\" \/>M\u00e1y s\u1eed d\u1ee5ng <strong data-start=\"884\" data-end=\"926\">\u0111\u1ed9ng c\u01a1 kh\u00f4ng ch\u1ed5i than c\u00f4ng su\u1ea5t 850W<\/strong>, k\u1ebft h\u1ee3p <strong data-start=\"936\" data-end=\"956\">h\u1ec7 servo \u0111\u1ed3ng b\u1ed9<\/strong> gi\u00fap v\u1eadn h\u00e0nh \u00eam \u00e1i, \u0111\u1ed9 ch\u00ednh x\u00e1c cao v\u00e0 l\u00e0m ren si\u00eau chu\u1ea9n m\u00e0 <strong data-start=\"1020\" data-end=\"1045\">kh\u00f4ng c\u1ea7n thay nh\u00f4ng.<\/strong><\/p>\n<p data-start=\"1047\" data-end=\"1169\"><strong data-start=\"1047\" data-end=\"1057\">RC210E<\/strong> l\u00e0 l\u1ef1a ch\u1ecdn l\u00fd t\u01b0\u1edfng cho <strong data-start=\"1083\" data-end=\"1169\">x\u01b0\u1edfng c\u01a1 kh\u00ed nh\u1ecf, ph\u00f2ng k\u1ef9 thu\u1eadt, th\u1ee3 ti\u1ec7n b\u00e1n chuy\u00ean v\u00e0 ng\u01b0\u1eddi DIY c\u01a1 kh\u00ed t\u1ea1i nh\u00e0.<\/strong><\/p>\n<hr data-start=\"1171\" data-end=\"1174\" \/>\n<h3 data-start=\"1176\" data-end=\"1228\">\ud83d\udd39 <strong data-start=\"1183\" data-end=\"1228\">\u0110\u1eb7c \u0110i\u1ec3m N\u1ed5i B\u1eadt C\u1ee7a M\u00e1y Ti\u1ec7n Mini RC210E<\/strong><\/h3>\n<p data-start=\"1229\" data-end=\"1455\">\u2705 <strong data-start=\"1231\" data-end=\"1252\">H\u1ec7 Servo \u0110\u1ed3ng B\u1ed9:<\/strong> Gi\u00fap t\u1ed1c \u0111\u1ed9 tr\u1ee5c ch\u00ednh v\u00e0 b\u01b0\u1edbc ti\u1ebfn vitme \u0103n kh\u1edbp ho\u00e0n h\u1ea3o \u2192 gia c\u00f4ng ren ch\u00ednh x\u00e1c h\u01a1n.<br data-start=\"1341\" data-end=\"1344\" \/>\u2705 <strong data-start=\"1346\" data-end=\"1371\">Kh\u00f4ng C\u1ea7n Thay Nh\u00f4ng:<\/strong> Gi\u1ea3m ti\u1ebfng \u1ed3n, thao t\u00e1c nhanh, v\u1eadn h\u00e0nh \u00eam v\u00e0 \u1ed5n \u0111\u1ecbnh.<br data-start=\"1426\" data-end=\"1429\" \/>\u2705 <strong data-start=\"1431\" data-end=\"1453\">L\u00e0m Ren Linh Ho\u1ea1t:<\/strong><\/p>\n<ul data-start=\"1456\" data-end=\"1770\">\n<li data-start=\"1456\" data-end=\"1481\">\n<p data-start=\"1458\" data-end=\"1481\">H\u1ec7 <strong data-start=\"1461\" data-end=\"1469\">M\u00e9t:<\/strong> 0.1 \u2013 5mm<\/p>\n<\/li>\n<li data-start=\"1482\" data-end=\"1507\">\n<p data-start=\"1484\" data-end=\"1507\">H\u1ec7 <strong data-start=\"1487\" data-end=\"1496\">Inch:<\/strong> 96G \u2013 6G<\/p>\n<\/li>\n<li data-start=\"1508\" data-end=\"1770\">\n<p data-start=\"1510\" data-end=\"1770\">H\u1ed7 tr\u1ee3 <strong data-start=\"1517\" data-end=\"1553\">t\u00f9y ch\u1ec9nh b\u01b0\u1edbc ren theo y\u00eau c\u1ea7u.<\/strong><br data-start=\"1553\" data-end=\"1556\" \/>\u2705 <strong data-start=\"1558\" data-end=\"1586\">\u0110\u1ed9ng C\u01a1 Kh\u00f4ng Ch\u1ed5i Than:<\/strong> D\u00e2y \u0111\u1ed3ng nguy\u00ean ch\u1ea5t \u2013 b\u1ec1n b\u1ec9, \u1ed5n \u0111\u1ecbnh, ti\u1ebft ki\u1ec7m \u0111i\u1ec7n.<br data-start=\"1642\" data-end=\"1645\" \/>\u2705 <strong data-start=\"1647\" data-end=\"1668\">Gia C\u00f4ng \u0110a D\u1ea1ng:<\/strong> Ph\u00f9 h\u1ee3p cho s\u1eeda ch\u1eefa <strong data-start=\"1690\" data-end=\"1770\">g\u1eady c\u01a1 bida, chi ti\u1ebft tr\u1ee5c nh\u1ecf, linh ki\u1ec7n c\u01a1 kh\u00ed, m\u00f4 h\u00ecnh v\u00e0 ph\u1ee5 ki\u1ec7n robot.<\/strong><\/p>\n<\/li>\n<\/ul>\n<hr data-start=\"1772\" data-end=\"1775\" \/>\n<h3 data-start=\"1777\" data-end=\"1805\">\u2699\ufe0f <strong data-start=\"1784\" data-end=\"1805\">Th\u00f4ng S\u1ed1 K\u1ef9 Thu\u1eadt<\/strong><\/h3>\n<div class=\"_tableContainer_1rjym_1\">\n<div class=\"group _tableWrapper_1rjym_13 flex w-fit flex-col-reverse\" tabindex=\"-1\">\n<table class=\"w-fit min-w-(--thread-content-width)\" data-start=\"1807\" data-end=\"2358\">\n<thead data-start=\"1807\" data-end=\"1829\">\n<tr data-start=\"1807\" data-end=\"1829\">\n<th data-start=\"1807\" data-end=\"1818\" data-col-size=\"sm\">Th\u00f4ng S\u1ed1<\/th>\n<th data-start=\"1818\" data-end=\"1829\" data-col-size=\"md\">Gi\u00e1 Tr\u1ecb<\/th>\n<\/tr>\n<\/thead>\n<tbody data-start=\"1855\" data-end=\"2358\">\n<tr data-start=\"1855\" data-end=\"1887\">\n<td data-start=\"1855\" data-end=\"1877\" data-col-size=\"sm\">\u0110\u01b0\u1eddng k\u00ednh qua b\u0103ng<\/td>\n<td data-col-size=\"md\" data-start=\"1877\" data-end=\"1887\">210 mm<\/td>\n<\/tr>\n<tr data-start=\"1888\" data-end=\"1912\">\n<td data-start=\"1888\" data-end=\"1905\" data-col-size=\"sm\">C\u00f4n tr\u1ee5c ch\u00ednh<\/td>\n<td data-col-size=\"md\" data-start=\"1905\" data-end=\"1912\">MT5<\/td>\n<\/tr>\n<tr data-start=\"1913\" data-end=\"1938\">\n<td data-start=\"1913\" data-end=\"1931\" data-col-size=\"sm\">C\u00f4n n\u00f2ng \u1ee5 \u0111\u1ed9ng<\/td>\n<td data-col-size=\"md\" data-start=\"1931\" data-end=\"1938\">MT2<\/td>\n<\/tr>\n<tr data-start=\"1939\" data-end=\"1973\">\n<td data-start=\"1939\" data-end=\"1963\" data-col-size=\"sm\">Kho\u1ea3ng c\u00e1ch ch\u1ed1ng t\u00e2m<\/td>\n<td data-col-size=\"md\" data-start=\"1963\" data-end=\"1973\">800 mm<\/td>\n<\/tr>\n<tr data-start=\"1974\" data-end=\"2010\">\n<td data-start=\"1974\" data-end=\"2001\" data-col-size=\"sm\">\u0110\u01b0\u1eddng k\u00ednh l\u1ed7 tr\u1ee5c ch\u00ednh<\/td>\n<td data-col-size=\"md\" data-start=\"2001\" data-end=\"2010\">38 mm<\/td>\n<\/tr>\n<tr data-start=\"2011\" data-end=\"2052\">\n<td data-start=\"2011\" data-end=\"2033\" data-col-size=\"sm\">M\u00e2m c\u1eb7p tr\u01b0\u1edbc \/ sau<\/td>\n<td data-col-size=\"md\" data-start=\"2033\" data-end=\"2052\">125 mm \/ 100 mm<\/td>\n<\/tr>\n<tr data-start=\"2053\" data-end=\"2082\">\n<td data-start=\"2053\" data-end=\"2073\" data-col-size=\"sm\">Chi\u1ec1u d\u00e0i b\u00e0n c\u00f4n<\/td>\n<td data-col-size=\"md\" data-start=\"2073\" data-end=\"2082\">80 mm<\/td>\n<\/tr>\n<tr data-start=\"2083\" data-end=\"2104\">\n<td data-start=\"2083\" data-end=\"2096\" data-col-size=\"sm\">B\u01b0\u1edbc vitme<\/td>\n<td data-col-size=\"md\" data-start=\"2096\" data-end=\"2104\">2 mm<\/td>\n<\/tr>\n<tr data-start=\"2105\" data-end=\"2146\">\n<td data-start=\"2105\" data-end=\"2131\" data-col-size=\"sm\">\u0110\u1ed9 ch\u00ednh x\u00e1c tr\u1ee5c ch\u00ednh<\/td>\n<td data-col-size=\"md\" data-start=\"2131\" data-end=\"2146\">0 \u2013 0.01 mm<\/td>\n<\/tr>\n<tr data-start=\"2147\" data-end=\"2190\">\n<td data-start=\"2147\" data-end=\"2167\" data-col-size=\"sm\">T\u1ed1c \u0111\u1ed9 tr\u1ee5c ch\u00ednh<\/td>\n<td data-col-size=\"md\" data-start=\"2167\" data-end=\"2190\">50 \u2013 2500 v\u00f2ng\/ph\u00fat<\/td>\n<\/tr>\n<tr data-start=\"2191\" data-end=\"2259\">\n<td data-start=\"2191\" data-end=\"2211\" data-col-size=\"sm\">C\u00f4ng su\u1ea5t \u0111\u1ed9ng c\u01a1<\/td>\n<td data-col-size=\"md\" data-start=\"2211\" data-end=\"2259\">850W \u2013 220V (kh\u00f4ng ch\u1ed5i than, d\u00e2y \u0111\u1ed3ng 100%)<\/td>\n<\/tr>\n<tr data-start=\"2260\" data-end=\"2309\">\n<td data-start=\"2260\" data-end=\"2291\" data-col-size=\"sm\">Tr\u1ecdng l\u01b0\u1ee3ng m\u00e1y \/ \u0111\u00f3ng th\u00f9ng<\/td>\n<td data-col-size=\"md\" data-start=\"2291\" data-end=\"2309\">92 kg \/ 110 kg<\/td>\n<\/tr>\n<tr data-start=\"2310\" data-end=\"2358\">\n<td data-start=\"2310\" data-end=\"2335\" data-col-size=\"sm\">K\u00edch th\u01b0\u1edbc (D x R x C)<\/td>\n<td data-col-size=\"md\" data-start=\"2335\" data-end=\"2358\">1300 x 390 x 370 mm<\/td>\n<\/tr>\n<\/tbody>\n<\/table>\n<\/div>\n<\/div>\n<hr data-start=\"2360\" data-end=\"2363\" \/>\n<h3 data-start=\"2365\" data-end=\"2402\">\ud83e\uddf0 <strong data-start=\"2372\" data-end=\"2402\">Ph\u1ee5 Ki\u1ec7n Ti\u00eau Chu\u1ea9n \u0110i K\u00e8m<\/strong><\/h3>\n<p data-start=\"2403\" data-end=\"2795\">\u2022 Tu quay, tu ch\u1ebft<br data-start=\"2421\" data-end=\"2424\" \/>\u2022 \u0110\u1ea7u k\u1eb9p m\u0169i khoan<br data-start=\"2443\" data-end=\"2446\" \/>\u2022 B\u1ed9 dao ti\u1ec7n 7 chi\u1ebfc (12mm): ti\u1ec7n tr\u01a1n, ti\u1ec7n ren, m\u00f3c l\u1ed7, c\u1eaft\u2026<br data-start=\"2509\" data-end=\"2512\" \/>\u2022 C\u00e1n ti\u1ec7n 12x12mm l\u1eafp m\u0169i D11\/V11<br data-start=\"2546\" data-end=\"2549\" \/>\u2022 B\u1ed9 dao 11 chi\u1ebfc c\u00e1n 10mm \u2013 c\u00f3 th\u1ec3 m\u00e0i l\u1ea1i<br data-start=\"2592\" data-end=\"2595\" \/>\u2022 \u0110\u00e8n LED chi\u1ebfu s\u00e1ng, d\u01b0\u1ee1ng \u0111o ren<br data-start=\"2629\" data-end=\"2632\" \/>\u2022 M\u00e2m c\u1eb7p h\u00e3ng <strong data-start=\"2647\" data-end=\"2660\">ZHONGHUAN<\/strong>, ch\u1ea5u c\u1eb7p tr\u00e1i, kh\u00f3a m\u1edf m\u00e2m<br data-start=\"2688\" data-end=\"2691\" \/>\u2022 C\u1edd l\u00ea, tua v\u00edt, l\u1ee5c gi\u00e1c, l\u1ecd tra d\u1ea7u, mi\u1ebfng k\u00ea dao<br data-start=\"2743\" data-end=\"2746\" \/>\u2022 T\u1ea5m b\u01b0ng m\u1eb7t \u0111\u00e1y, <strong data-start=\"2766\" data-end=\"2795\">catalog h\u01b0\u1edbng d\u1eabn s\u1eed d\u1ee5ng<\/strong><\/p>\n<hr data-start=\"2797\" data-end=\"2800\" \/>\n<h3 data-start=\"2802\" data-end=\"2830\">\ud83d\udee0\ufe0f <strong data-start=\"2810\" data-end=\"2830\">\u1ee8ng D\u1ee5ng Th\u1ef1c T\u1ebf<\/strong><\/h3>\n<p data-start=\"2831\" data-end=\"3081\">\u2022 Gia c\u00f4ng <strong data-start=\"2842\" data-end=\"2893\">chi ti\u1ebft c\u01a1 kh\u00ed nh\u1ecf, tr\u1ee5c, ren, c\u00f4n, m\u1eb7t ph\u1eb3ng.<\/strong><br data-start=\"2893\" data-end=\"2896\" \/>\u2022 <strong data-start=\"2898\" data-end=\"2929\">S\u1eeda ch\u1eefa v\u00e0 l\u00e0m g\u1eady c\u01a1 bida<\/strong> chuy\u00ean nghi\u1ec7p.<br data-start=\"2944\" data-end=\"2947\" \/>\u2022 <strong data-start=\"2949\" data-end=\"3011\">L\u00e0m m\u00f4 h\u00ecnh, linh ki\u1ec7n robot, ph\u1ee5 ki\u1ec7n k\u1ef9 thu\u1eadt ch\u00ednh x\u00e1c.<\/strong><br data-start=\"3011\" data-end=\"3014\" \/>\u2022 D\u00e0nh cho <strong data-start=\"3025\" data-end=\"3081\">x\u01b0\u1edfng c\u01a1 kh\u00ed nh\u1ecf, ph\u00f2ng th\u1ef1c h\u00e0nh, ho\u1eb7c tr\u01b0\u1eddng ngh\u1ec1.<\/strong><\/p>\n<hr data-start=\"3083\" data-end=\"3086\" \/>\n<h3 data-start=\"3088\" data-end=\"3127\">\ud83d\udc8e <strong data-start=\"3095\" data-end=\"3127\">Th\u00f4ng Tin B\u1ea3o H\u00e0nh &amp; Gi\u00e1 B\u00e1n<\/strong><\/h3>\n<p data-start=\"3128\" data-end=\"3315\">\u2022 <strong data-start=\"3130\" data-end=\"3143\">B\u1ea3o h\u00e0nh:<\/strong> 12 th\u00e1ng \u2013 h\u1ed7 tr\u1ee3 k\u1ef9 thu\u1eadt tr\u1ecdn \u0111\u1eddi.<br data-start=\"3180\" data-end=\"3183\" \/>\u2022 <strong data-start=\"3185\" data-end=\"3203\">T\u00f9y ch\u1ecdn th\u00eam:<\/strong> Th\u01b0\u1edbc quang k\u1ef9 thu\u1eadt s\u1ed1 (+4.500.000\u0111).<br data-start=\"3242\" data-end=\"3245\" \/>\u2022 <strong data-start=\"3247\" data-end=\"3259\">Gi\u00e1 b\u00e1n:<\/strong> 29.000.000 VN\u0110 <em data-start=\"3275\" data-end=\"3313\">(ch\u01b0a bao g\u1ed3m VAT v\u00e0 ph\u00ed v\u1eadn chuy\u1ec3n)<\/em><\/p>\n<p data-start=\"3317\" data-end=\"3407\">\ud83d\udce6 <strong data-start=\"3320\" data-end=\"3335\">T\u00ecnh tr\u1ea1ng:<\/strong> H\u00e0ng m\u1edbi 100% \u2013 giao to\u00e0n qu\u1ed1c \u2013 h\u01b0\u1edbng d\u1eabn l\u1eafp \u0111\u1eb7t &amp; v\u1eadn h\u00e0nh chi ti\u1ebft.<\/p>\n<hr data-start=\"3409\" data-end=\"3412\" \/>\n<p data-start=\"3414\" data-end=\"3506\">\ud83d\udcde <strong data-start=\"3417\" data-end=\"3448\">Th\u00e0nh M\u1ed9c HN \u2013 0865 551 688<\/strong><br data-start=\"3448\" data-end=\"3451\" \/><strong data-start=\"3451\" data-end=\"3506\">Uy T\u00edn \u2013 Ch\u1ea5t L\u01b0\u1ee3ng \u2013 S\u1ea3n Ph\u1ea9m T\u1ea1o N\u00ean Th\u01b0\u01a1ng Hi\u1ec7u!<\/strong><\/p>\n","protected":false},"excerpt":{"rendered":"<table>\n<tbody>\n<tr>\n<td width=\"307\">\u0110\u01b0\u1eddng k\u00ednh qua b\u0103ng<\/td>\n<td>210 mm<\/td>\n<\/tr>\n<tr>\n<td width=\"307\">Kho\u1ea3ng c\u00e1ch ch\u1ed1ng t\u00e2m<\/td>\n<td>800 mm<\/td>\n<\/tr>\n<tr>\n<td width=\"307\">\u0110\u01b0\u1eddng k\u00ednh l\u1ed7 tr\u1ee5c ch\u00ednh<\/td>\n<td>38 mm<\/td>\n<\/tr>\n<tr>\n<td width=\"307\">M\u00e2m c\u1eb7p tr\u01b0\u1edbc\/sau<\/td>\n<td>125 mm \/ 100 mm<\/td>\n<\/tr>\n<tr>\n<td width=\"307\">C\u00f4ng su\u1ea5t \u0111\u1ed9ng c\u01a1<\/td>\n<td>850W \u2013 220V (kh\u00f4ng ch\u1ed5i than, d\u00e2y \u0111\u1ed3ng 100%)<\/td>\n<\/tr>\n<tr>\n<td width=\"307\">Tr\u1ecdng l\u01b0\u1ee3ng m\u00e1y\/\u0111\u00f3ng th\u00f9ng<\/td>\n<td>92 kg \/ 110 kg<\/td>\n<\/tr>\n<tr>\n<td width=\"307\">K\u00edch th\u01b0\u1edbc (D x R x C)<\/td>\n<td>1300 x 390 x 370 mm<\/td>\n<\/tr>\n<\/tbody>\n<\/table>\n","protected":false},"featured_media":2938,"comment_status":"closed","ping_status":"closed","template":"","meta":{"_acf_changed":false},"product_brand":[],"product_cat":[68],"product_tag":[],"class_list":{"0":"post-2318","1":"product","2":"type-product","3":"status-publish","4":"has-post-thumbnail","6":"product_cat-may-tien-kim-loai","8":"first","9":"instock","10":"shipping-taxable","11":"purchasable","12":"product-type-simple"},"acf":[],"_links":{"self":[{"href":"https:\/\/thanhmochn.vn\/index.php?rest_route=\/wp\/v2\/product\/2318","targetHints":{"allow":["GET"]}}],"collection":[{"href":"https:\/\/thanhmochn.vn\/index.php?rest_route=\/wp\/v2\/product"}],"about":[{"href":"https:\/\/thanhmochn.vn\/index.php?rest_route=\/wp\/v2\/types\/product"}],"replies":[{"embeddable":true,"href":"https:\/\/thanhmochn.vn\/index.php?rest_route=%2Fwp%2Fv2%2Fcomments&post=2318"}],"wp:featuredmedia":[{"embeddable":true,"href":"https:\/\/thanhmochn.vn\/index.php?rest_route=\/wp\/v2\/media\/2938"}],"wp:attachment":[{"href":"https:\/\/thanhmochn.vn\/index.php?rest_route=%2Fwp%2Fv2%2Fmedia&parent=2318"}],"wp:term":[{"taxonomy":"product_brand","embeddable":true,"href":"https:\/\/thanhmochn.vn\/index.php?rest_route=%2Fwp%2Fv2%2Fproduct_brand&post=2318"},{"taxonomy":"product_cat","embeddable":true,"href":"https:\/\/thanhmochn.vn\/index.php?rest_route=%2Fwp%2Fv2%2Fproduct_cat&post=2318"},{"taxonomy":"product_tag","embeddable":true,"href":"https:\/\/thanhmochn.vn\/index.php?rest_route=%2Fwp%2Fv2%2Fproduct_tag&post=2318"}],"curies":[{"name":"wp","href":"https:\/\/api.w.org\/{rel}","templated":true}]}}