{"id":2311,"date":"2025-11-02T04:42:14","date_gmt":"2025-11-01T21:42:14","guid":{"rendered":"https:\/\/thanhmochn.vn\/?p=2311"},"modified":"2025-11-08T21:42:39","modified_gmt":"2025-11-08T14:42:39","slug":"den-led-de-tu-anh-sang-trang-15w-36-bong","status":"publish","type":"product","link":"https:\/\/thanhmochn.vn\/?product=den-led-de-tu-anh-sang-trang-15w-36-bong","title":{"rendered":"\u0110\u00e8n Led \u0110\u1ebf T\u1eeb 15W\u201336 B\u00f3ng \u00c1nh S\u00e1ng Tr\u1eafng-30cm"},"content":{"rendered":"<p data-start=\"333\" data-end=\"444\">\n<h3 data-start=\"451\" data-end=\"527\"><strong data-start=\"455\" data-end=\"527\">\ud83d\udca1 \u0110\u00e8n Led \u0110\u1ebf T\u1eeb 15W \u2013 36 B\u00f3ng \u00c1nh S\u00e1ng Tr\u1eafng R\u00f5 N\u00e9t \u2013 Th\u00e2n D\u00e0i 30cm<\/strong><\/h3>\n<p data-start=\"529\" data-end=\"915\"><strong data-start=\"529\" data-end=\"550\">\u0110\u00e8n Led \u0110\u1ebf T\u1eeb 15W<\/strong> l\u00e0 s\u1ea3n ph\u1ea9m chi\u1ebfu s\u00e1ng chuy\u00ean d\u1ee5ng, \u0111\u01b0\u1ee3c thi\u1ebft k\u1ebf cho <strong data-start=\"605\" data-end=\"671\">m\u00e1y ti\u1ec7n, m\u00e1y phay, b\u00e0n gia c\u00f4ng c\u01a1 kh\u00ed, b\u00e0n ki\u1ec3m tra s\u1ea3n ph\u1ea9m<\/strong> ho\u1eb7c c\u00e1c khu v\u1ef1c l\u00e0m vi\u1ec7c c\u1ea7n \u00e1nh s\u00e1ng t\u1eadp trung.<br data-start=\"721\" data-end=\"724\" \/>V\u1edbi <strong data-start=\"728\" data-end=\"767\">36 b\u00f3ng LED \u00e1nh s\u00e1ng tr\u1eafng lo\u1ea1i t\u1ed1t<\/strong>, \u0111\u00e8n mang l\u1ea1i <strong data-start=\"782\" data-end=\"821\">\u0111\u1ed9 s\u00e1ng m\u1ea1nh, \u1ed5n \u0111\u1ecbnh v\u00e0 trung th\u1ef1c<\/strong>, gi\u00fap ng\u01b0\u1eddi d\u00f9ng quan s\u00e1t chi ti\u1ebft r\u00f5 r\u00e0ng, n\u00e2ng cao \u0111\u1ed9 ch\u00ednh x\u00e1c trong thao t\u00e1c v\u00e0 s\u1ea3n xu\u1ea5t.<\/p>\n<p data-start=\"917\" data-end=\"1276\">Ph\u1ea7n <strong data-start=\"922\" data-end=\"953\">\u0111\u1ebf t\u1eeb nam ch\u00e2m l\u1ef1c h\u00fat m\u1ea1nh<\/strong> gi\u00fap \u0111\u00e8n <strong data-start=\"963\" data-end=\"1000\">b\u00e1m ch\u1eafc tr\u00ean c\u00e1c b\u1ec1 m\u1eb7t kim lo\u1ea1i<\/strong> nh\u01b0 th\u00e2n m\u00e1y, b\u00e0n phay ho\u1eb7c b\u00e0n l\u00e0m vi\u1ec7c, kh\u00f4ng c\u1ea7n khoan hay b\u1eaft v\u00edt, v\u1eeba <strong data-start=\"1076\" data-end=\"1120\">an to\u00e0n \u2013 ti\u1ec7n l\u1ee3i \u2013 ti\u1ebft ki\u1ec7m th\u1eddi gian<\/strong>.<br data-start=\"1121\" data-end=\"1124\" \/>Th\u00e2n \u0111\u00e8n d\u00e0i 30cm linh ho\u1ea1t, d\u1ec5 \u0111i\u1ec1u ch\u1ec9nh g\u00f3c chi\u1ebfu s\u00e1ng theo \u00fd mu\u1ed1n, k\u1ebft h\u1ee3p v\u1edbi <strong data-start=\"1207\" data-end=\"1233\">c\u00f4ng ngh\u1ec7 LED hi\u1ec7n \u0111\u1ea1i<\/strong> cho tu\u1ed5i th\u1ecd cao, ti\u00eau th\u1ee5 \u0111i\u1ec7n n\u0103ng th\u1ea5p.<\/p>\n<hr data-start=\"1278\" data-end=\"1281\" \/>\n<h3 data-start=\"1283\" data-end=\"1311\">\u2699\ufe0f <strong data-start=\"1290\" data-end=\"1311\">Th\u00f4ng S\u1ed1 K\u1ef9 Thu\u1eadt<\/strong><\/h3>\n<ul data-start=\"1312\" data-end=\"1536\">\n<li data-start=\"1312\" data-end=\"1334\">\n<p data-start=\"1314\" data-end=\"1334\"><strong data-start=\"1314\" data-end=\"1328\">C\u00f4ng su\u1ea5t:<\/strong> 15W<\/p>\n<\/li>\n<li data-start=\"1335\" data-end=\"1384\">\n<p data-start=\"1337\" data-end=\"1384\"><strong data-start=\"1337\" data-end=\"1359\">S\u1ed1 l\u01b0\u1ee3ng b\u00f3ng LED:<\/strong> 36 b\u00f3ng \u00e1nh s\u00e1ng tr\u1eafng<\/p>\n<\/li>\n<li data-start=\"1385\" data-end=\"1406\">\n<p data-start=\"1387\" data-end=\"1406\"><strong data-start=\"1387\" data-end=\"1399\">\u0110i\u1ec7n \u00e1p:<\/strong> 220V<\/p>\n<\/li>\n<li data-start=\"1407\" data-end=\"1439\">\n<p data-start=\"1409\" data-end=\"1439\"><strong data-start=\"1409\" data-end=\"1432\">Chi\u1ec1u d\u00e0i th\u00e2n \u0111\u00e8n:<\/strong> 30cm<\/p>\n<\/li>\n<li data-start=\"1440\" data-end=\"1473\">\n<p data-start=\"1442\" data-end=\"1473\"><strong data-start=\"1442\" data-end=\"1465\">Chi\u1ec1u d\u00e0i d\u00e2y \u0111i\u1ec7n:<\/strong> 130cm<\/p>\n<\/li>\n<li data-start=\"1474\" data-end=\"1536\">\n<p data-start=\"1476\" data-end=\"1536\"><strong data-start=\"1476\" data-end=\"1486\">\u0110\u1ebf t\u1eeb:<\/strong> Nam ch\u00e2m l\u1ef1c h\u00fat m\u1ea1nh, b\u00e1m ch\u1eafc b\u1ec1 m\u1eb7t kim lo\u1ea1i<\/p>\n<\/li>\n<\/ul>\n<hr data-start=\"1538\" data-end=\"1541\" \/>\n<h3 data-start=\"1543\" data-end=\"1569\">\ud83c\udf1f <strong data-start=\"1550\" data-end=\"1569\">\u01afu \u0110i\u1ec3m N\u1ed5i B\u1eadt<\/strong><\/h3>\n<p data-start=\"1570\" data-end=\"1909\">\u2705 <strong data-start=\"1572\" data-end=\"1601\">\u00c1nh s\u00e1ng m\u1ea1nh v\u00e0 \u1ed5n \u0111\u1ecbnh:<\/strong> Gi\u00fap thao t\u00e1c ch\u00ednh x\u00e1c khi ti\u1ec7n, phay, \u0111o ki\u1ec3m.<br data-start=\"1650\" data-end=\"1653\" \/>\u2705 <strong data-start=\"1655\" data-end=\"1688\">Ti\u1ebft ki\u1ec7m \u0111i\u1ec7n, tu\u1ed5i th\u1ecd cao:<\/strong> Nh\u1edd \u1ee9ng d\u1ee5ng c\u00f4ng ngh\u1ec7 LED m\u1edbi nh\u1ea5t.<br data-start=\"1725\" data-end=\"1728\" \/>\u2705 <strong data-start=\"1730\" data-end=\"1750\">\u0110\u1ebf t\u1eeb linh ho\u1ea1t:<\/strong> D\u1ec5 d\u00e0ng c\u1ed1 \u0111\u1ecbnh m\u00e0 kh\u00f4ng c\u1ea7n khoan ho\u1eb7c b\u1eaft v\u00edt.<br data-start=\"1799\" data-end=\"1802\" \/>\u2705 <strong data-start=\"1804\" data-end=\"1846\">Thi\u1ebft k\u1ebf g\u1ecdn nh\u1eb9, th\u00e2n xoay linh ho\u1ea1t:<\/strong> D\u1ec5 \u0111i\u1ec1u ch\u1ec9nh h\u01b0\u1edbng chi\u1ebfu s\u00e1ng, ph\u00f9 h\u1ee3p m\u1ecdi v\u1ecb tr\u00ed l\u00e0m vi\u1ec7c.<\/p>\n<hr data-start=\"1911\" data-end=\"1914\" \/>\n<h3 data-start=\"1916\" data-end=\"1943\">\ud83e\uddf0 <strong data-start=\"1923\" data-end=\"1943\">\u1ee8ng D\u1ee5ng Th\u1ef1c T\u1ebf<\/strong><\/h3>\n<ul data-start=\"1944\" data-end=\"2200\">\n<li data-start=\"1944\" data-end=\"2016\">\n<p data-start=\"1946\" data-end=\"2016\">L\u1eafp cho <strong data-start=\"1954\" data-end=\"2013\">m\u00e1y ti\u1ec7n, m\u00e1y phay, b\u00e0n gia c\u00f4ng, b\u00e0n ki\u1ec3m tra s\u1ea3n ph\u1ea9m<\/strong>.<\/p>\n<\/li>\n<li data-start=\"2017\" data-end=\"2100\">\n<p data-start=\"2019\" data-end=\"2100\">D\u00f9ng trong <strong data-start=\"2030\" data-end=\"2097\">x\u01b0\u1edfng c\u01a1 kh\u00ed, x\u01b0\u1edfng khu\u00f4n m\u1eabu, ph\u00f2ng th\u00ed nghi\u1ec7m, x\u01b0\u1edfng k\u1ef9 thu\u1eadt<\/strong>.<\/p>\n<\/li>\n<li data-start=\"2101\" data-end=\"2200\">\n<p data-start=\"2103\" data-end=\"2200\">Ph\u00f9 h\u1ee3p cho <strong data-start=\"2115\" data-end=\"2164\">th\u1ee3 c\u01a1 kh\u00ed, k\u1ef9 thu\u1eadt vi\u00ean, ng\u01b0\u1eddi d\u00f9ng c\u00e1 nh\u00e2n<\/strong> c\u1ea7n \u00e1nh s\u00e1ng t\u1eadp trung v\u00e0 b\u1ec1n b\u1ec9.<\/p>\n<\/li>\n<\/ul>\n<hr data-start=\"2202\" data-end=\"2205\" \/>\n<h3 data-start=\"2207\" data-end=\"2251\">\ud83d\udc8e <strong data-start=\"2214\" data-end=\"2251\">Cam K\u1ebft Ch\u1ea5t L\u01b0\u1ee3ng \u2013 Th\u00e0nh M\u1ed9c HN<\/strong><\/h3>\n<ul data-start=\"2252\" data-end=\"2417\">\n<li data-start=\"2252\" data-end=\"2311\">\n<p data-start=\"2254\" data-end=\"2311\">S\u1ea3n ph\u1ea9m <strong data-start=\"2263\" data-end=\"2308\">lo\u1ea1i t\u1ed1t, ki\u1ec3m tra k\u1ef9 tr\u01b0\u1edbc khi giao h\u00e0ng<\/strong>.<\/p>\n<\/li>\n<li data-start=\"2312\" data-end=\"2359\">\n<p data-start=\"2314\" data-end=\"2359\"><strong data-start=\"2314\" data-end=\"2356\">\u0110\u00fang m\u00f4 t\u1ea3 \u2013 \u0111\u1ee7 c\u00f4ng su\u1ea5t \u2013 \u0111\u1ee7 \u0111\u1ed9 s\u00e1ng<\/strong>.<\/p>\n<\/li>\n<li data-start=\"2360\" data-end=\"2417\">\n<p data-start=\"2362\" data-end=\"2417\">H\u1ed7 tr\u1ee3 t\u01b0 v\u1ea5n, h\u01b0\u1edbng d\u1eabn l\u1eafp \u0111\u1eb7t v\u00e0 b\u1ea3o h\u00e0nh t\u1eadn t\u00e2m.<\/p>\n<\/li>\n<\/ul>\n<p data-start=\"2419\" data-end=\"2511\">\ud83d\udcde <strong data-start=\"2422\" data-end=\"2434\">Li\u00ean h\u1ec7:<\/strong> <strong data-start=\"2435\" data-end=\"2466\">0865 551 688 \u2013 Th\u00e0nh M\u1ed9c HN<\/strong><br data-start=\"2466\" data-end=\"2469\" \/><strong data-start=\"2469\" data-end=\"2511\">Uy t\u00edn \u2013 Ch\u1ea5t l\u01b0\u1ee3ng \u2013 Ph\u1ee5c v\u1ee5 t\u1eadn t\u00e2m!<\/strong><\/p>\n<p data-start=\"2574\" data-end=\"2839\">\n","protected":false},"excerpt":{"rendered":"<h3 data-start=\"139\" data-end=\"229\"><strong data-start=\"146\" data-end=\"229\">\u0110\u00e8n Led \u0110\u1ebf T\u1eeb \u00c1nh S\u00e1ng Tr\u1eafng 15W \u2013 36 B\u00f3ng Lo\u1ea1i T\u1ed1t \u2013 30cm<\/strong><\/h3>\n<p data-start=\"231\" data-end=\"558\"><strong data-start=\"231\" data-end=\"252\">\u0110\u00e8n Led \u0110\u1ebf T\u1eeb 15W<\/strong> l\u00e0 d\u00f2ng \u0111\u00e8n chi\u1ebfu s\u00e1ng chuy\u00ean d\u1ee5ng cho <strong data-start=\"292\" data-end=\"358\">m\u00e1y ti\u1ec7n, m\u00e1y phay, b\u00e0n gia c\u00f4ng c\u01a1 kh\u00ed, b\u00e0n ki\u1ec3m tra s\u1ea3n ph\u1ea9m<\/strong> v\u00e0 nhi\u1ec1u kh\u00f4ng gian l\u00e0m vi\u1ec7c kh\u00e1c.<br data-start=\"393\" data-end=\"396\" \/>S\u1ea3n ph\u1ea9m \u0111\u01b0\u1ee3c trang b\u1ecb <strong data-start=\"419\" data-end=\"459\">36 b\u00f3ng LED \u00e1nh s\u00e1ng tr\u1eafng si\u00eau s\u00e1ng<\/strong>, cho \u0111\u1ed9 s\u00e1ng m\u1ea1nh m\u1ebd, r\u00f5 n\u00e9t v\u00e0 \u1ed5n \u0111\u1ecbnh, gi\u00fap t\u0103ng \u0111\u1ed9 ch\u00ednh x\u00e1c khi thao t\u00e1c v\u00e0 ki\u1ec3m tra chi ti\u1ebft.<\/p>\n<p data-start=\"560\" data-end=\"951\">Ph\u1ea7n <strong data-start=\"565\" data-end=\"596\">\u0111\u1ebf t\u1eeb nam ch\u00e2m l\u1ef1c h\u00fat m\u1ea1nh<\/strong> gi\u00fap \u0111\u00e8n b\u00e1m ch\u1eafc tr\u00ean b\u1ec1 m\u1eb7t kim lo\u1ea1i nh\u01b0 th\u00e2n m\u00e1y, b\u00e0n phay, b\u00e0n l\u00e0m vi\u1ec7c m\u00e0 <strong data-start=\"676\" data-end=\"708\">kh\u00f4ng c\u1ea7n khoan ho\u1eb7c b\u1eaft v\u00edt, \u0111\u1ea3m b\u1ea3o <strong data-start=\"718\" data-end=\"752\">an to\u00e0n \u2013 ti\u1ec7n l\u1ee3i \u2013 linh ho\u1ea1t<\/strong> trong qu\u00e1 tr\u00ecnh s\u1eed d\u1ee5ng.<br data-start=\"777\" data-end=\"780\" \/>V\u1edbi <strong data-start=\"784\" data-end=\"805\">th\u00e2n \u0111\u00e8n d\u00e0i 30cm<\/strong>, ng\u01b0\u1eddi d\u00f9ng c\u00f3 th\u1ec3 <strong data-start=\"825\" data-end=\"862\">d\u1ec5 d\u00e0ng \u0111i\u1ec1u ch\u1ec9nh g\u00f3c chi\u1ebfu s\u00e1ng<\/strong> theo nhu c\u1ea7u, \u0111\u1ed3ng th\u1eddi ti\u1ebft ki\u1ec7m \u0111i\u1ec7n n\u0103ng v\u00e0 t\u0103ng tu\u1ed5i th\u1ecd nh\u1edd c\u00f4ng ngh\u1ec7 LED hi\u1ec7n \u0111\u1ea1i.<\/strong><\/p>\n<p data-start=\"764\" data-end=\"1059\">\n","protected":false},"featured_media":2462,"comment_status":"closed","ping_status":"closed","template":"","meta":{"_acf_changed":false},"product_brand":[],"product_cat":[84,86,85],"product_tag":[],"class_list":{"0":"post-2311","1":"product","2":"type-product","3":"status-publish","4":"has-post-thumbnail","6":"product_cat-may-phay-va-phu-kien","7":"product_cat-phu-kien-may-go","8":"product_cat-phu-kien-may-tien-kim-loai","10":"first","11":"instock","12":"shipping-taxable","13":"purchasable","14":"product-type-simple"},"acf":[],"_links":{"self":[{"href":"https:\/\/thanhmochn.vn\/index.php?rest_route=\/wp\/v2\/product\/2311","targetHints":{"allow":["GET"]}}],"collection":[{"href":"https:\/\/thanhmochn.vn\/index.php?rest_route=\/wp\/v2\/product"}],"about":[{"href":"https:\/\/thanhmochn.vn\/index.php?rest_route=\/wp\/v2\/types\/product"}],"replies":[{"embeddable":true,"href":"https:\/\/thanhmochn.vn\/index.php?rest_route=%2Fwp%2Fv2%2Fcomments&post=2311"}],"wp:featuredmedia":[{"embeddable":true,"href":"https:\/\/thanhmochn.vn\/index.php?rest_route=\/wp\/v2\/media\/2462"}],"wp:attachment":[{"href":"https:\/\/thanhmochn.vn\/index.php?rest_route=%2Fwp%2Fv2%2Fmedia&parent=2311"}],"wp:term":[{"taxonomy":"product_brand","embeddable":true,"href":"https:\/\/thanhmochn.vn\/index.php?rest_route=%2Fwp%2Fv2%2Fproduct_brand&post=2311"},{"taxonomy":"product_cat","embeddable":true,"href":"https:\/\/thanhmochn.vn\/index.php?rest_route=%2Fwp%2Fv2%2Fproduct_cat&post=2311"},{"taxonomy":"product_tag","embeddable":true,"href":"https:\/\/thanhmochn.vn\/index.php?rest_route=%2Fwp%2Fv2%2Fproduct_tag&post=2311"}],"curies":[{"name":"wp","href":"https:\/\/api.w.org\/{rel}","templated":true}]}}