{"id":2176,"date":"2025-11-01T04:00:25","date_gmt":"2025-10-31T21:00:25","guid":{"rendered":"https:\/\/thanhmochn.vn\/?p=2176"},"modified":"2025-11-01T21:24:23","modified_gmt":"2025-11-01T14:24:23","slug":"can-tien-kim-loai-12mm-bo-7-chiec","status":"publish","type":"product","link":"https:\/\/thanhmochn.vn\/?product=can-tien-kim-loai-12mm-bo-7-chiec","title":{"rendered":"C\u00e1n Ti\u1ec7n Kim Lo\u1ea1i 12mm B\u1ed9 7 Chi\u1ebfc"},"content":{"rendered":"<p data-start=\"379\" data-end=\"681\">B\u1ed9 c\u00e1n ti\u1ec7n kim lo\u1ea1i 12mm g\u1ed3m <strong data-start=\"409\" data-end=\"428\">7 chi\u1ebfc \u0111a n\u0103ng<\/strong>, l\u00e0 l\u1ef1a ch\u1ecdn t\u1ed1i \u01b0u cho <strong data-start=\"453\" data-end=\"483\">x\u01b0\u1edfng c\u01a1 kh\u00ed, th\u1ee3 gia c\u00f4ng<\/strong> v\u00e0 <strong data-start=\"487\" data-end=\"518\">ng\u01b0\u1eddi \u0111am m\u00ea ti\u1ec7n ch\u00ednh x\u00e1c<\/strong>.<br data-start=\"519\" data-end=\"522\" \/>Thi\u1ebft k\u1ebf <strong data-start=\"531\" data-end=\"565\">chu\u1ea9n x\u00e1c \u2013 c\u1ee9ng v\u1eefng \u2013 b\u1ec1n b\u1ec9<\/strong>, t\u01b0\u01a1ng th\u00edch v\u1edbi <strong data-start=\"583\" data-end=\"621\">chip ti\u1ec7n h\u1ee3p kim (insert carbide)<\/strong>, gi\u00fap thao t\u00e1c d\u1ec5 d\u00e0ng v\u00e0 \u0111\u1ea1t <strong data-start=\"652\" data-end=\"680\">\u0111\u1ed9 b\u00f3ng cao khi gia c\u00f4ng<\/strong>.<\/p>\n<hr data-start=\"683\" data-end=\"686\" \/>\n<h3 data-start=\"688\" data-end=\"709\">\ud83e\uddf0 M\u00d4 T\u1ea2 S\u1ea2N PH\u1ea8M<\/h3>\n<p data-start=\"710\" data-end=\"806\">B\u1ed9 c\u00e1n ti\u1ec7n \u0111\u01b0\u1ee3c thi\u1ebft k\u1ebf theo <strong data-start=\"741\" data-end=\"770\">ti\u00eau chu\u1ea9n c\u01a1 kh\u00ed qu\u1ed1c t\u1ebf<\/strong>, g\u1ed3m nhi\u1ec1u ki\u1ec3u c\u00e1n ti\u1ec7n kh\u00e1c nhau:<\/p>\n<p data-start=\"808\" data-end=\"871\">\ud83d\udc49 Ti\u1ec7n ngo\u00e0i, ti\u1ec7n trong, ti\u1ec7n vai, ti\u1ec7n ren, ti\u1ec7n m\u1eb7t \u0111\u1ea7u,&#8230;<\/p>\n<p data-start=\"873\" data-end=\"1053\">M\u1ed7i c\u00e1n \u0111\u01b0\u1ee3c <strong data-start=\"886\" data-end=\"908\">gia c\u00f4ng ch\u00ednh x\u00e1c<\/strong>, c\u00e2n b\u1eb1ng t\u1ed1t, gi\u00fap <strong data-start=\"929\" data-end=\"961\">\u1ed5n \u0111\u1ecbnh khi c\u1eaft v\u00e0 gi\u1ea3m rung<\/strong>.<br data-start=\"962\" data-end=\"965\" \/>Ph\u00f9 h\u1ee3p s\u1eed d\u1ee5ng cho <strong data-start=\"985\" data-end=\"1053\">m\u00e1y ti\u1ec7n mini, m\u00e1y ti\u1ec7n c\u01a1 v\u00e0 m\u00e1y ti\u1ec7n t\u1ef1 \u0111\u1ed9ng nh\u1ecf \u2013 trung b\u00ecnh.<\/strong><\/p>\n<hr data-start=\"1055\" data-end=\"1058\" \/>\n<h3 data-start=\"1060\" data-end=\"1084\">\u2699\ufe0f TH\u00d4NG S\u1ed0 K\u1ef8 THU\u1eacT<\/h3>\n<ul data-start=\"1085\" data-end=\"1328\">\n<li data-start=\"1085\" data-end=\"1119\">\n<p data-start=\"1087\" data-end=\"1119\"><strong data-start=\"1087\" data-end=\"1106\">K\u00edch th\u01b0\u1edbc c\u00e1n:<\/strong> 12 \u00d7 12 mm<\/p>\n<\/li>\n<li data-start=\"1120\" data-end=\"1150\">\n<p data-start=\"1122\" data-end=\"1150\"><strong data-start=\"1122\" data-end=\"1135\">S\u1ed1 l\u01b0\u1ee3ng:<\/strong> 7 chi\u1ebfc \/ b\u1ed9<\/p>\n<\/li>\n<li data-start=\"1151\" data-end=\"1207\">\n<p data-start=\"1153\" data-end=\"1207\"><strong data-start=\"1153\" data-end=\"1166\">Lo\u1ea1i c\u00e1n:<\/strong> D\u00e0nh cho chip h\u1ee3p kim (insert carbide)<\/p>\n<\/li>\n<li data-start=\"1208\" data-end=\"1261\">\n<p data-start=\"1210\" data-end=\"1261\"><strong data-start=\"1210\" data-end=\"1223\">V\u1eadt li\u1ec7u:<\/strong> Th\u00e9p h\u1ee3p kim ch\u1ecbu l\u1ef1c, ph\u1ee7 ch\u1ed1ng g\u1ec9<\/p>\n<\/li>\n<li data-start=\"1262\" data-end=\"1289\">\n<p data-start=\"1264\" data-end=\"1289\"><strong data-start=\"1264\" data-end=\"1276\">Xu\u1ea5t x\u1ee9:<\/strong> Trung Qu\u1ed1c<\/p>\n<\/li>\n<li data-start=\"1290\" data-end=\"1328\">\n<p data-start=\"1292\" data-end=\"1328\"><strong data-start=\"1292\" data-end=\"1307\">T\u00ecnh tr\u1ea1ng:<\/strong> M\u1edbi 100%, nguy\u00ean h\u1ed9p<\/p>\n<\/li>\n<\/ul>\n<hr data-start=\"1330\" data-end=\"1333\" \/>\n<h3 data-start=\"1335\" data-end=\"1362\">\ud83d\udcaa C\u00d4NG D\u1ee4NG &amp; \u1ee8NG D\u1ee4NG<\/h3>\n<ul data-start=\"1363\" data-end=\"1648\">\n<li data-start=\"1363\" data-end=\"1439\">\n<p data-start=\"1365\" data-end=\"1439\">D\u00f9ng \u0111\u1ec3 <strong data-start=\"1373\" data-end=\"1436\">ti\u1ec7n tr\u01a1n, ti\u1ec7n m\u1eb7t, ti\u1ec7n vai, ti\u1ec7n ren, ti\u1ec7n trong \u2013 ngo\u00e0i<\/strong>.<\/p>\n<\/li>\n<li data-start=\"1440\" data-end=\"1497\">\n<p data-start=\"1442\" data-end=\"1497\">Gia c\u00f4ng t\u1ed1t tr\u00ean <strong data-start=\"1460\" data-end=\"1495\">th\u00e9p, inox, nh\u00f4m, \u0111\u1ed3ng, gang&#8230;<\/strong><\/p>\n<\/li>\n<li data-start=\"1498\" data-end=\"1560\">\n<p data-start=\"1500\" data-end=\"1560\"><strong data-start=\"1500\" data-end=\"1525\">Thay chip nhanh ch\u00f3ng<\/strong>, ti\u1ebft ki\u1ec7m chi ph\u00ed v\u00e0 th\u1eddi gian.<\/p>\n<\/li>\n<li data-start=\"1561\" data-end=\"1648\">\n<p data-start=\"1563\" data-end=\"1648\">\u1ee8ng d\u1ee5ng trong <strong data-start=\"1578\" data-end=\"1648\">x\u01b0\u1edfng c\u01a1 kh\u00ed, s\u1eeda ch\u1eefa m\u00e1y, ch\u1ebf t\u1ea1o khu\u00f4n m\u1eabu, gia c\u00f4ng ch\u00ednh x\u00e1c.<\/strong><\/p>\n<\/li>\n<\/ul>\n<hr data-start=\"1650\" data-end=\"1653\" \/>\n<h3 data-start=\"1655\" data-end=\"1677\">\ud83c\udf1f \u01afU \u0110I\u1ec2M N\u1ed4I B\u1eacT<\/h3>\n<p data-start=\"1678\" data-end=\"1946\">\u2705 <strong data-start=\"1680\" data-end=\"1702\">B\u1ed9 7 chi\u1ebfc \u0111a n\u0103ng<\/strong> \u2013 \u0111\u00e1p \u1ee9ng h\u1ea7u h\u1ebft c\u00e1c ki\u1ec3u ti\u1ec7n c\u01a1 b\u1ea3n<br data-start=\"1741\" data-end=\"1744\" \/>\u2705 <strong data-start=\"1746\" data-end=\"1772\">Th\u00e9p h\u1ee3p kim c\u1ee9ng ch\u1eafc<\/strong>, tu\u1ed5i th\u1ecd cao, \u00edt m\u00f2n<br data-start=\"1794\" data-end=\"1797\" \/>\u2705 <strong data-start=\"1799\" data-end=\"1831\">D\u1ec5 l\u1eafp \u0111\u1eb7t \u2013 thay chip nhanh<\/strong>, ph\u00f9 h\u1ee3p c\u1ea3 <strong data-start=\"1844\" data-end=\"1883\">th\u1ee3 chuy\u00ean nghi\u1ec7p v\u00e0 ng\u01b0\u1eddi h\u1ecdc ngh\u1ec1<\/strong><br data-start=\"1883\" data-end=\"1886\" \/>\u2705 <strong data-start=\"1888\" data-end=\"1946\">\u0110\u1ed9 ch\u00ednh x\u00e1c cao \u2013 \u0111\u01b0\u1eddng c\u1eaft m\u1ecbn \u2013 hi\u1ec7u su\u1ea5t v\u01b0\u1ee3t tr\u1ed9i<\/strong><\/p>\n<hr data-start=\"1948\" data-end=\"1951\" \/>\n<h3 data-start=\"1953\" data-end=\"1975\">\ud83d\udce6 B\u1ed8 S\u1ea2N PH\u1ea8M G\u1ed2M<\/h3>\n<p data-start=\"1976\" data-end=\"2140\">1\ufe0f\u20e3 7 c\u00e1n ti\u1ec7n kim lo\u1ea1i 12mm<br data-start=\"2004\" data-end=\"2007\" \/>2\ufe0f\u20e3 B\u1ed9 <strong data-start=\"2014\" data-end=\"2043\">ch\u00eca l\u1ee5c gi\u00e1c chuy\u00ean d\u1ee5ng<\/strong> \u0111\u1ec3 th\u00e1o\/l\u1eafp chip ti\u1ec7n<br data-start=\"2065\" data-end=\"2068\" \/>3\ufe0f\u20e3 <strong data-start=\"2072\" data-end=\"2097\">H\u1ed9p nh\u1ef1a c\u1ee9ng cao c\u1ea5p<\/strong> \u2013 b\u1ea3o v\u1ec7 c\u00e1n ti\u1ec7n, d\u1ec5 b\u1ea3o qu\u1ea3n &amp; di chuy\u1ec3n<\/p>\n<hr data-start=\"2142\" data-end=\"2145\" \/>\n<h3 data-start=\"2147\" data-end=\"2191\">\ud83d\udc8e CAM K\u1ebeT CH\u1ea4T L\u01af\u1ee2NG \u2013 <strong data-start=\"2175\" data-end=\"2191\">TH\u00c0NH M\u1ed8C HN<\/strong><\/h3>\n<ul data-start=\"2192\" data-end=\"2365\">\n<li data-start=\"2192\" data-end=\"2246\">\n<p data-start=\"2194\" data-end=\"2246\">S\u1ea3n ph\u1ea9m <strong data-start=\"2203\" data-end=\"2224\">ki\u1ec3m tra k\u1ef9 l\u01b0\u1ee1ng<\/strong> tr\u01b0\u1edbc khi giao h\u00e0ng<\/p>\n<\/li>\n<li data-start=\"2247\" data-end=\"2318\">\n<p data-start=\"2249\" data-end=\"2318\"><strong data-start=\"2249\" data-end=\"2316\">Cam k\u1ebft \u0111\u00fang m\u00f4 t\u1ea3 \u2013 \u0111\u00fang k\u00edch th\u01b0\u1edbc \u2013 \u0111\u00fang ti\u00eau chu\u1ea9n k\u1ef9 thu\u1eadt<\/strong><\/p>\n<\/li>\n<li data-start=\"2319\" data-end=\"2365\">\n<p data-start=\"2321\" data-end=\"2365\"><strong data-start=\"2321\" data-end=\"2365\">H\u1ed7 tr\u1ee3 t\u01b0 v\u1ea5n l\u1eafp \u0111\u1eb7t &amp; s\u1eed d\u1ee5ng mi\u1ec5n ph\u00ed<\/strong><\/p>\n<\/li>\n<\/ul>\n<hr data-start=\"2367\" data-end=\"2370\" \/>\n<p data-start=\"2372\" data-end=\"2475\">\ud83d\udcde <strong data-start=\"2375\" data-end=\"2392\">Li\u00ean h\u1ec7 ngay:<\/strong><br data-start=\"2392\" data-end=\"2395\" \/><strong data-start=\"2395\" data-end=\"2426\">TH\u00c0NH M\u1ed8C HN \u2013 0865 551 688<\/strong><br data-start=\"2426\" data-end=\"2429\" \/><strong data-start=\"2429\" data-end=\"2475\">UY T\u00cdN \u2013 CH\u1ea4T L\u01af\u1ee2NG \u2013 T\u1ea0O N\u00caN TH\u01af\u01a0NG HI\u1ec6U!<\/strong><\/p>\n","protected":false},"excerpt":{"rendered":"<h3 data-start=\"688\" data-end=\"709\">\ud83e\uddf0 M\u00d4 T\u1ea2 S\u1ea2N PH\u1ea8M<\/h3>\n<p data-start=\"710\" data-end=\"806\">B\u1ed9 c\u00e1n ti\u1ec7n \u0111\u01b0\u1ee3c thi\u1ebft k\u1ebf theo <strong data-start=\"741\" data-end=\"770\">ti\u00eau chu\u1ea9n c\u01a1 kh\u00ed qu\u1ed1c t\u1ebf<\/strong>, g\u1ed3m nhi\u1ec1u ki\u1ec3u c\u00e1n ti\u1ec7n kh\u00e1c nhau:<\/p>\n<p data-start=\"808\" data-end=\"871\">\ud83d\udc49 Ti\u1ec7n ngo\u00e0i, ti\u1ec7n trong, ti\u1ec7n vai, ti\u1ec7n ren, ti\u1ec7n m\u1eb7t \u0111\u1ea7u,&#8230;<\/p>\n<p data-start=\"873\" data-end=\"1053\">M\u1ed7i c\u00e1n \u0111\u01b0\u1ee3c <strong data-start=\"886\" data-end=\"908\">gia c\u00f4ng ch\u00ednh x\u00e1c<\/strong>, c\u00e2n b\u1eb1ng t\u1ed1t, gi\u00fap <strong data-start=\"929\" data-end=\"961\">\u1ed5n \u0111\u1ecbnh khi c\u1eaft v\u00e0 gi\u1ea3m rung<\/strong>.<br data-start=\"962\" data-end=\"965\" \/>Ph\u00f9 h\u1ee3p s\u1eed d\u1ee5ng cho <strong data-start=\"985\" data-end=\"1053\">m\u00e1y ti\u1ec7n mini, m\u00e1y ti\u1ec7n c\u01a1 v\u00e0 m\u00e1y ti\u1ec7n t\u1ef1 \u0111\u1ed9ng nh\u1ecf \u2013 trung b\u00ecnh.<\/strong><\/p>\n","protected":false},"featured_media":2238,"comment_status":"closed","ping_status":"closed","template":"","meta":{"_acf_changed":false},"product_brand":[],"product_cat":[85],"product_tag":[],"class_list":{"0":"post-2176","1":"product","2":"type-product","3":"status-publish","4":"has-post-thumbnail","6":"product_cat-phu-kien-may-tien-kim-loai","8":"first","9":"instock","10":"shipping-taxable","11":"purchasable","12":"product-type-simple"},"acf":[],"_links":{"self":[{"href":"https:\/\/thanhmochn.vn\/index.php?rest_route=\/wp\/v2\/product\/2176","targetHints":{"allow":["GET"]}}],"collection":[{"href":"https:\/\/thanhmochn.vn\/index.php?rest_route=\/wp\/v2\/product"}],"about":[{"href":"https:\/\/thanhmochn.vn\/index.php?rest_route=\/wp\/v2\/types\/product"}],"replies":[{"embeddable":true,"href":"https:\/\/thanhmochn.vn\/index.php?rest_route=%2Fwp%2Fv2%2Fcomments&post=2176"}],"wp:featuredmedia":[{"embeddable":true,"href":"https:\/\/thanhmochn.vn\/index.php?rest_route=\/wp\/v2\/media\/2238"}],"wp:attachment":[{"href":"https:\/\/thanhmochn.vn\/index.php?rest_route=%2Fwp%2Fv2%2Fmedia&parent=2176"}],"wp:term":[{"taxonomy":"product_brand","embeddable":true,"href":"https:\/\/thanhmochn.vn\/index.php?rest_route=%2Fwp%2Fv2%2Fproduct_brand&post=2176"},{"taxonomy":"product_cat","embeddable":true,"href":"https:\/\/thanhmochn.vn\/index.php?rest_route=%2Fwp%2Fv2%2Fproduct_cat&post=2176"},{"taxonomy":"product_tag","embeddable":true,"href":"https:\/\/thanhmochn.vn\/index.php?rest_route=%2Fwp%2Fv2%2Fproduct_tag&post=2176"}],"curies":[{"name":"wp","href":"https:\/\/api.w.org\/{rel}","templated":true}]}}