{"id":2175,"date":"2025-11-01T03:57:11","date_gmt":"2025-10-31T20:57:11","guid":{"rendered":"https:\/\/thanhmochn.vn\/?p=2175"},"modified":"2025-12-29T17:32:19","modified_gmt":"2025-12-29T10:32:19","slug":"bo-nang-cap-cho-may-tien-mini-w210","status":"publish","type":"product","link":"https:\/\/thanhmochn.vn\/?product=bo-nang-cap-cho-may-tien-mini-w210","title":{"rendered":"B\u1ed9 N\u00e2ng C\u1ea5p M\u00e1y Ti\u1ec7n W210"},"content":{"rendered":"<h2 data-start=\"247\" data-end=\"307\">\u2699\ufe0f B\u1ed8 N\u00c2NG C\u1ea4P CHUY\u00caN D\u1ee4NG CHO M\u00c1Y TI\u1ec6N <strong data-start=\"295\" data-end=\"305\">WM210V<\/strong><\/h2>\n<h3 data-start=\"308\" data-end=\"352\">\ud83d\udd27 T\u1ed0I \u01afU HI\u1ec6U SU\u1ea4T &amp; TI\u1ec6N REN CH\u00cdNH X\u00c1C<\/h3>\n<hr data-start=\"354\" data-end=\"357\" \/>\n<h3 data-start=\"359\" data-end=\"389\">\ud83d\udccc <strong data-start=\"366\" data-end=\"389\">GI\u1edaI THI\u1ec6U S\u1ea2N PH\u1ea8M<\/strong><\/h3>\n<p data-start=\"390\" data-end=\"485\">B\u1ed9 n\u00e2ng c\u1ea5p <strong data-start=\"402\" data-end=\"412\">WM210V<\/strong> \u0111\u01b0\u1ee3c thi\u1ebft k\u1ebf <strong data-start=\"427\" data-end=\"476\">chuy\u00ean bi\u1ec7t cho m\u00e1y ti\u1ec7n mini kim lo\u1ea1i WM210V<\/strong>, gi\u00fap:<\/p>\n<ul data-start=\"486\" data-end=\"608\">\n<li data-start=\"486\" data-end=\"532\">\n<p data-start=\"488\" data-end=\"532\">C\u1ea3i thi\u1ec7n <strong data-start=\"498\" data-end=\"529\">kh\u1ea3 n\u0103ng ti\u1ec7n ren ch\u00ednh x\u00e1c<\/strong>,<\/p>\n<\/li>\n<li data-start=\"533\" data-end=\"561\">\n<p data-start=\"535\" data-end=\"561\"><strong data-start=\"535\" data-end=\"558\">Gi\u1ea3m rung \u2013 gi\u1ea3m \u1ed3n<\/strong>,<\/p>\n<\/li>\n<li data-start=\"562\" data-end=\"608\">\n<p data-start=\"564\" data-end=\"608\">N\u00e2ng cao <strong data-start=\"573\" data-end=\"599\">\u0111\u1ed9 \u1ed5n \u0111\u1ecbnh v\u00e0 tu\u1ed5i th\u1ecd<\/strong> c\u1ee7a m\u00e1y.<\/p>\n<\/li>\n<\/ul>\n<p data-start=\"610\" data-end=\"715\">\ud83d\udc49 \u0110\u00e2y l\u00e0 <strong data-start=\"620\" data-end=\"645\">g\u00f3i n\u00e2ng c\u1ea5p \u0111\u00e1ng gi\u00e1<\/strong> cho nh\u1eefng ai mu\u1ed1n \u0111\u01b0a WM210V l\u00ean <strong data-start=\"679\" data-end=\"714\">chu\u1ea9n m\u00e1y ti\u1ec7n c\u00f4ng nghi\u1ec7p mini<\/strong>.<\/p>\n<hr data-start=\"717\" data-end=\"720\" \/>\n<h3 data-start=\"722\" data-end=\"749\">\u2705 <strong data-start=\"728\" data-end=\"749\">T\u00cdNH N\u0102NG N\u1ed4I B\u1eacT<\/strong><\/h3>\n<p data-start=\"751\" data-end=\"946\">\ud83d\udd39 <strong data-start=\"754\" data-end=\"785\">C\u1ea3i thi\u1ec7n kh\u1ea3 n\u0103ng ti\u1ec7n ren<\/strong><br data-start=\"785\" data-end=\"788\" \/>Trang b\u1ecb <strong data-start=\"797\" data-end=\"851\">servo \u0111\u1ed3ng b\u1ed9 t\u1ed1c \u0111\u1ed9 tr\u1ee5c ch\u00ednh v\u00e0 b\u01b0\u1edbc ti\u1ebfn vitme<\/strong>, gi\u00fap ti\u1ec7n ren m\u01b0\u1ee3t, chu\u1ea9n x\u00e1c, <strong data-start=\"884\" data-end=\"919\">kh\u00f4ng sai b\u01b0\u1edbc \u2013 kh\u00f4ng l\u1ec7ch ren<\/strong> nh\u01b0 h\u1ec7 nh\u00f4ng truy\u1ec1n th\u1ed1ng.<\/p>\n<p data-start=\"948\" data-end=\"1101\">\ud83d\udd39 <strong data-start=\"951\" data-end=\"986\">Thao t\u00e1c d\u1ec5 d\u00e0ng \u2013 hi\u1ec7u qu\u1ea3 cao<\/strong><br data-start=\"986\" data-end=\"989\" \/>Giao di\u1ec7n \u0111i\u1ec1u khi\u1ec3n <strong data-start=\"1010\" data-end=\"1023\">tr\u1ef1c quan<\/strong>, thao t\u00e1c ti\u1ec7n ren <strong data-start=\"1043\" data-end=\"1065\">nhanh v\u00e0 ch\u00ednh x\u00e1c<\/strong>, <strong data-start=\"1067\" data-end=\"1100\">kh\u00f4ng c\u1ea7n canh ch\u1ec9nh ph\u1ee9c t\u1ea1p<\/strong>.<\/p>\n<p data-start=\"1103\" data-end=\"1236\">\ud83d\udd39 <strong data-start=\"1106\" data-end=\"1138\">Ch\u1ea1y \u00eam \u2013 gi\u1ea3m rung, gi\u1ea3m \u1ed3n<\/strong><br data-start=\"1138\" data-end=\"1141\" \/>Lo\u1ea1i b\u1ecf ho\u00e0n to\u00e0n <strong data-start=\"1159\" data-end=\"1183\">b\u1ed9 nh\u00f4ng truy\u1ec1n \u0111\u1ed9ng<\/strong>, gi\u00fap m\u00e1y v\u1eadn h\u00e0nh <strong data-start=\"1203\" data-end=\"1235\">\u00eam \u00e1i \u2013 \u1ed5n \u0111\u1ecbnh \u2013 b\u1ec1n b\u1ec9 h\u01a1n<\/strong>.<\/p>\n<p data-start=\"1238\" data-end=\"1368\">\ud83d\udd39 <strong data-start=\"1241\" data-end=\"1268\">H\u1ed7 tr\u1ee3 ti\u1ec7n ren \u0111a d\u1ea1ng<\/strong><br data-start=\"1268\" data-end=\"1271\" \/>T\u00edch h\u1ee3p c\u1ea3 <strong data-start=\"1283\" data-end=\"1302\">h\u1ec7 ren m\u00e9t (mm)<\/strong> v\u00e0 <strong data-start=\"1306\" data-end=\"1321\">h\u1ec7 ren inch<\/strong>, \u0111\u00e1p \u1ee9ng <strong data-start=\"1331\" data-end=\"1367\">nhi\u1ec1u nhu c\u1ea7u gia c\u00f4ng kh\u00e1c nhau<\/strong>.<\/p>\n<hr data-start=\"1370\" data-end=\"1373\" \/>\n<h3 data-start=\"1375\" data-end=\"1401\">\ud83d\udd27 <strong data-start=\"1382\" data-end=\"1401\">C\u00d4NG D\u1ee4NG CH\u00cdNH<\/strong><\/h3>\n<ul data-start=\"1402\" data-end=\"1589\">\n<li data-start=\"1402\" data-end=\"1463\">\n<p data-start=\"1404\" data-end=\"1463\"><strong data-start=\"1404\" data-end=\"1446\">N\u00e2ng c\u1ea5p kh\u1ea3 n\u0103ng ti\u1ec7n ren &amp; ti\u1ec7n tr\u01a1n<\/strong> cho m\u00e1y WM210V<\/p>\n<\/li>\n<li data-start=\"1464\" data-end=\"1521\">\n<p data-start=\"1466\" data-end=\"1521\"><strong data-start=\"1466\" data-end=\"1487\">T\u0103ng \u0111\u1ed9 ch\u00ednh x\u00e1c<\/strong>, n\u0103ng su\u1ea5t v\u00e0 tu\u1ed5i th\u1ecd t\u1ed5ng th\u1ec3<\/p>\n<\/li>\n<li data-start=\"1522\" data-end=\"1589\">\n<p data-start=\"1524\" data-end=\"1589\">Gi\u00fap <strong data-start=\"1529\" data-end=\"1589\">m\u00e1y ti\u1ec7n mini ho\u1ea1t \u0111\u1ed9ng nh\u01b0 m\u00e1y ti\u1ec7n c\u00f4ng nghi\u1ec7p thu nh\u1ecf<\/strong><\/p>\n<\/li>\n<\/ul>\n<hr data-start=\"1591\" data-end=\"1594\" \/>\n<h3 data-start=\"1596\" data-end=\"1636\">\ud83d\udcd0 <strong data-start=\"1603\" data-end=\"1636\">TH\u00d4NG S\u1ed0 K\u1ef8 THU\u1eacT (THAM KH\u1ea2O)<\/strong><\/h3>\n<ul data-start=\"1637\" data-end=\"1878\">\n<li data-start=\"1637\" data-end=\"1697\">\n<p data-start=\"1639\" data-end=\"1697\"><strong data-start=\"1639\" data-end=\"1658\">H\u1ec7 truy\u1ec1n \u0111\u1ed9ng:<\/strong> Servo \u0111\u1ed3ng b\u1ed9 h\u00f3a tr\u1ee5c ch\u00ednh \u2013 vitme<\/p>\n<\/li>\n<li data-start=\"1698\" data-end=\"1736\">\n<p data-start=\"1700\" data-end=\"1736\"><strong data-start=\"1700\" data-end=\"1712\">Lo\u1ea1i b\u1ecf:<\/strong> B\u1ed9 nh\u00f4ng truy\u1ec1n th\u1ed1ng<\/p>\n<\/li>\n<li data-start=\"1737\" data-end=\"1778\">\n<p data-start=\"1739\" data-end=\"1778\"><strong data-start=\"1739\" data-end=\"1750\">H\u1ed7 tr\u1ee3:<\/strong> Ti\u1ec7n ren h\u1ec7 m\u00e9t &amp; h\u1ec7 inch<\/p>\n<\/li>\n<li data-start=\"1779\" data-end=\"1823\">\n<p data-start=\"1781\" data-end=\"1823\"><strong data-start=\"1781\" data-end=\"1797\">T\u01b0\u01a1ng th\u00edch:<\/strong> 100% v\u1edbi m\u00e1y <strong data-start=\"1811\" data-end=\"1821\">WM210V<\/strong><\/p>\n<\/li>\n<li data-start=\"1824\" data-end=\"1878\">\n<p data-start=\"1826\" data-end=\"1878\"><strong data-start=\"1826\" data-end=\"1838\">L\u1eafp \u0111\u1eb7t:<\/strong> D\u1ec5 d\u00e0ng, kh\u00f4ng c\u1ea7n thay \u0111\u1ed5i k\u1ebft c\u1ea5u m\u00e1y<\/p>\n<\/li>\n<\/ul>\n<hr data-start=\"1880\" data-end=\"1883\" \/>\n<h3 data-start=\"1885\" data-end=\"1918\">\ud83d\udc8e <strong data-start=\"1892\" data-end=\"1918\">\u01afU \u0110I\u1ec2M SO V\u1edaI B\u1ea2N G\u1ed0C<\/strong><\/h3>\n<p data-start=\"1919\" data-end=\"2102\">\u2705 Ti\u1ec7n ren <strong data-start=\"1930\" data-end=\"1953\">ch\u00ednh x\u00e1c tuy\u1ec7t \u0111\u1ed1i<\/strong>, kh\u00f4ng c\u1ea7n canh nh\u00f4ng<br data-start=\"1975\" data-end=\"1978\" \/>\u2705 <strong data-start=\"1980\" data-end=\"1997\">Gi\u1ea3m ti\u1ebfng \u1ed3n<\/strong>, ho\u1ea1t \u0111\u1ed9ng \u00eam v\u00e0 \u1ed5n \u0111\u1ecbnh h\u01a1n<br data-start=\"2026\" data-end=\"2029\" \/>\u2705 <strong data-start=\"2031\" data-end=\"2063\">Ti\u1ebft ki\u1ec7m th\u1eddi gian gia c\u00f4ng<\/strong><br data-start=\"2063\" data-end=\"2066\" \/>\u2705 <strong data-start=\"2068\" data-end=\"2102\">T\u0103ng \u0111\u1ed9 b\u1ec1n, tu\u1ed5i th\u1ecd m\u00e1y ti\u1ec7n<\/strong><\/p>\n<hr data-start=\"2104\" data-end=\"2107\" \/>\n<h3 data-start=\"2109\" data-end=\"2138\">\ud83d\udce6 <strong data-start=\"2116\" data-end=\"2138\">CAM K\u1ebeT CH\u1ea4T L\u01af\u1ee2NG<\/strong><\/h3>\n<ul data-start=\"2139\" data-end=\"2280\">\n<li data-start=\"2139\" data-end=\"2205\">\n<p data-start=\"2141\" data-end=\"2205\">S\u1ea3n ph\u1ea9m <strong data-start=\"2150\" data-end=\"2188\">\u0111\u01b0\u1ee3c ki\u1ec3m tra &amp; c\u0103n ch\u1ec9nh k\u1ef9 l\u01b0\u1ee1ng<\/strong> tr\u01b0\u1edbc khi giao<\/p>\n<\/li>\n<li data-start=\"2206\" data-end=\"2280\">\n<p data-start=\"2208\" data-end=\"2280\"><strong data-start=\"2208\" data-end=\"2243\">H\u1ed7 tr\u1ee3 t\u01b0 v\u1ea5n k\u1ef9 thu\u1eadt mi\u1ec5n ph\u00ed<\/strong> trong qu\u00e1 tr\u00ecnh l\u1eafp \u0111\u1eb7t v\u00e0 s\u1eed d\u1ee5ng<\/p>\n<\/li>\n<\/ul>\n<hr data-start=\"2282\" data-end=\"2285\" \/>\n<h3 data-start=\"2287\" data-end=\"2332\">\ud83c\udfed <strong data-start=\"2294\" data-end=\"2332\">TH\u00c0NH M\u1ed8C HN \u2013 NH\u00c0 CUNG C\u1ea4P UY T\u00cdN<\/strong><\/h3>\n<p data-start=\"2333\" data-end=\"2515\">Chuy\u00ean cung c\u1ea5p:<br data-start=\"2349\" data-end=\"2352\" \/>\ud83d\udd38 <strong data-start=\"2355\" data-end=\"2401\">M\u00e1y ti\u1ec7n, m\u00e1y phay, ph\u1ee5 ki\u1ec7n m\u00e1y ti\u1ec7n mini<\/strong><br data-start=\"2401\" data-end=\"2404\" \/>\ud83d\udd38 <strong data-start=\"2407\" data-end=\"2458\">M\u00e2m c\u1eb7p, luynet, \u1ee5 \u0111\u1ed9ng, m\u0169i ch\u1ed1ng t\u00e2m, \u0111\u00e8n LED<\/strong><br data-start=\"2458\" data-end=\"2461\" \/>\ud83d\udd38 <strong data-start=\"2464\" data-end=\"2515\">Ph\u1ee5 ki\u1ec7n thay th\u1ebf ch\u00ednh h\u00e3ng cho WM210V, RC210E<\/strong><\/p>\n<p data-start=\"2517\" data-end=\"2610\">\ud83d\udcde <strong data-start=\"2520\" data-end=\"2532\">Li\u00ean h\u1ec7:<\/strong> 0865 551 688<br data-start=\"2545\" data-end=\"2548\" \/>\ud83c\udf10 <strong data-start=\"2551\" data-end=\"2610\">TH\u00c0NH M\u1ed8C HN \u2013 UY T\u00cdN &amp; CH\u1ea4T L\u01af\u1ee2NG T\u1ea0O N\u00caN TH\u01af\u01a0NG HI\u1ec6U!<\/strong><\/p>\n","protected":false},"excerpt":{"rendered":"<h3 data-start=\"359\" data-end=\"389\">\ud83d\udccc <strong data-start=\"366\" data-end=\"389\">GI\u1edaI THI\u1ec6U S\u1ea2N PH\u1ea8M<\/strong><\/h3>\n<p data-start=\"390\" data-end=\"485\">B\u1ed9 n\u00e2ng c\u1ea5p <strong data-start=\"402\" data-end=\"412\">WM210V<\/strong> \u0111\u01b0\u1ee3c thi\u1ebft k\u1ebf <strong data-start=\"427\" data-end=\"476\">chuy\u00ean bi\u1ec7t cho m\u00e1y ti\u1ec7n mini kim lo\u1ea1i WM210V<\/strong>, gi\u00fap:<\/p>\n<ul data-start=\"486\" data-end=\"608\">\n<li data-start=\"486\" data-end=\"532\">\n<p data-start=\"488\" data-end=\"532\">C\u1ea3i thi\u1ec7n <strong data-start=\"498\" data-end=\"529\">kh\u1ea3 n\u0103ng ti\u1ec7n ren ch\u00ednh x\u00e1c<\/strong>,<\/p>\n<\/li>\n<li data-start=\"533\" data-end=\"561\">\n<p data-start=\"535\" data-end=\"561\"><strong data-start=\"535\" data-end=\"558\">Gi\u1ea3m rung \u2013 gi\u1ea3m \u1ed3n<\/strong>,<\/p>\n<\/li>\n<li data-start=\"562\" data-end=\"608\">\n<p data-start=\"564\" data-end=\"608\">N\u00e2ng cao <strong data-start=\"573\" data-end=\"599\">\u0111\u1ed9 \u1ed5n \u0111\u1ecbnh v\u00e0 tu\u1ed5i th\u1ecd<\/strong> c\u1ee7a m\u00e1y.<\/p>\n<\/li>\n<\/ul>\n<p data-start=\"610\" data-end=\"715\">\ud83d\udc49 \u0110\u00e2y l\u00e0 <strong data-start=\"620\" data-end=\"645\">g\u00f3i n\u00e2ng c\u1ea5p \u0111\u00e1ng gi\u00e1<\/strong> cho nh\u1eefng ai mu\u1ed1n \u0111\u01b0a WM210V l\u00ean <strong data-start=\"679\" data-end=\"714\">chu\u1ea9n m\u00e1y ti\u1ec7n c\u00f4ng nghi\u1ec7p mini<\/strong>.<\/p>\n<p>&nbsp;<\/p>\n","protected":false},"featured_media":2241,"comment_status":"closed","ping_status":"closed","template":"","meta":{"_acf_changed":false},"product_brand":[],"product_cat":[85],"product_tag":[],"class_list":{"0":"post-2175","1":"product","2":"type-product","3":"status-publish","4":"has-post-thumbnail","6":"product_cat-phu-kien-may-tien-kim-loai","8":"first","9":"instock","10":"shipping-taxable","11":"purchasable","12":"product-type-simple"},"acf":[],"_links":{"self":[{"href":"https:\/\/thanhmochn.vn\/index.php?rest_route=\/wp\/v2\/product\/2175","targetHints":{"allow":["GET"]}}],"collection":[{"href":"https:\/\/thanhmochn.vn\/index.php?rest_route=\/wp\/v2\/product"}],"about":[{"href":"https:\/\/thanhmochn.vn\/index.php?rest_route=\/wp\/v2\/types\/product"}],"replies":[{"embeddable":true,"href":"https:\/\/thanhmochn.vn\/index.php?rest_route=%2Fwp%2Fv2%2Fcomments&post=2175"}],"wp:featuredmedia":[{"embeddable":true,"href":"https:\/\/thanhmochn.vn\/index.php?rest_route=\/wp\/v2\/media\/2241"}],"wp:attachment":[{"href":"https:\/\/thanhmochn.vn\/index.php?rest_route=%2Fwp%2Fv2%2Fmedia&parent=2175"}],"wp:term":[{"taxonomy":"product_brand","embeddable":true,"href":"https:\/\/thanhmochn.vn\/index.php?rest_route=%2Fwp%2Fv2%2Fproduct_brand&post=2175"},{"taxonomy":"product_cat","embeddable":true,"href":"https:\/\/thanhmochn.vn\/index.php?rest_route=%2Fwp%2Fv2%2Fproduct_cat&post=2175"},{"taxonomy":"product_tag","embeddable":true,"href":"https:\/\/thanhmochn.vn\/index.php?rest_route=%2Fwp%2Fv2%2Fproduct_tag&post=2175"}],"curies":[{"name":"wp","href":"https:\/\/api.w.org\/{rel}","templated":true}]}}