{"id":2173,"date":"2025-11-01T03:53:56","date_gmt":"2025-10-31T20:53:56","guid":{"rendered":"https:\/\/thanhmochn.vn\/?p=2173"},"modified":"2025-12-25T18:57:55","modified_gmt":"2025-12-25T11:57:55","slug":"may-tien-rc210e-800mm","status":"publish","type":"product","link":"https:\/\/thanhmochn.vn\/?product=may-tien-rc210e-800mm","title":{"rendered":"M\u00e1y Ti\u1ec7n RC210E &#8211; 800mm"},"content":{"rendered":"<table width=\"0\">\n<tbody>\n<tr>\n<td width=\"1064\">\n<h2>\u2699\ufe0f <strong>M\u00c1Y TI\u1ec6N RC210E 800MM \u2013 B\u1ea2N N\u00c2NG C\u1ea4P TO\u00c0N DI\u1ec6N T\u1eea WM210V<\/strong><\/h2>\n<p><strong>RC210E<\/strong> l\u00e0 <strong>phi\u00ean b\u1ea3n c\u1ea3i ti\u1ebfn v\u01b0\u1ee3t tr\u1ed9i<\/strong> c\u1ee7a d\u00f2ng m\u00e1y ti\u1ec7n mini <strong>WM210V<\/strong>, mang l\u1ea1i kh\u1ea3 n\u0103ng <strong>gia c\u00f4ng ch\u00ednh x\u00e1c, ti\u1ec7n ren chu\u1ea9n x\u00e1c v\u00e0 v\u1eadn h\u00e0nh \u00eam \u00e1i<\/strong>.<br \/>\nM\u00e1y \u0111\u01b0\u1ee3c thi\u1ebft k\u1ebf h\u01b0\u1edbng t\u1edbi <strong>ng\u01b0\u1eddi d\u00f9ng chuy\u00ean nghi\u1ec7p, x\u01b0\u1edfng c\u01a1 kh\u00ed nh\u1ecf, tr\u01b0\u1eddng d\u1ea1y ngh\u1ec1 v\u00e0 ng\u01b0\u1eddi \u0111am m\u00ea DIY c\u01a1 kh\u00ed<\/strong> \u2013 n\u01a1i c\u1ea7n <strong>\u0111\u1ed9 ch\u00ednh x\u00e1c cao v\u00e0 t\u00ednh \u1ed5n \u0111\u1ecbnh l\u00e2u d\u00e0i.<\/strong><\/p>\n<h3>\ud83d\udd29 <strong>\u0110i\u1ec3m n\u1ed5i b\u1eadt c\u1ee7a RC210E<\/strong><\/h3>\n<p>\u2705 <strong>C\u1ea3i ti\u1ebfn ti\u1ec7n ren v\u01b0\u1ee3t tr\u1ed9i:<\/strong><br \/>\nM\u00e1y s\u1eed d\u1ee5ng <strong>\u0111\u1ed9ng c\u01a1 servo \u0111\u1ed3ng b\u1ed9<\/strong>, gi\u00fap <strong>\u0111\u1ed3ng b\u1ed9 ho\u00e0n h\u1ea3o gi\u1eefa t\u1ed1c \u0111\u1ed9 tr\u1ee5c ch\u00ednh v\u00e0 b\u01b0\u1edbc ti\u1ebfn vitme<\/strong>, cho <strong>\u0111\u1ed9 ch\u00ednh x\u00e1c tuy\u1ec7t \u0111\u1ed1i khi ti\u1ec7n ren<\/strong> \u2013 kh\u00f4ng c\u1ea7n thay b\u00e1nh r\u0103ng c\u01a1 kh\u00ed nh\u01b0 c\u00e1c d\u00f2ng c\u0169.<\/p>\n<p>\u2705 <strong>T\u00ednh n\u0103ng ti\u1ec7n ren \u0111a d\u1ea1ng:<\/strong><\/p>\n<p>\u00b7\u00a0\u00a0\u00a0\u00a0\u00a0\u00a0\u00a0\u00a0 <strong>Ren h\u1ec7 m\u00e9t:<\/strong> 0,1 \u2013 5 mm<\/p>\n<p>\u00b7\u00a0\u00a0\u00a0\u00a0\u00a0\u00a0\u00a0\u00a0 <strong>Ren h\u1ec7 inch:<\/strong> 96G \u2013 6G<\/p>\n<p>\u00b7\u00a0\u00a0\u00a0\u00a0\u00a0\u00a0\u00a0\u00a0 <strong>Ren t\u00f9y ch\u1ec9nh (Customized):<\/strong> cho ph\u00e9p thi\u1ebft l\u1eadp linh ho\u1ea1t theo y\u00eau c\u1ea7u gia c\u00f4ng \u0111\u1eb7c bi\u1ec7t<\/p>\n<p>\u2705 <strong>V\u1eadn h\u00e0nh \u00eam \u00e1i \u2013 Gi\u1ea3m ti\u1ebfng \u1ed3n:<\/strong><br \/>\nC\u01a1 c\u1ea5u <strong>truy\u1ec1n \u0111\u1ed9ng tr\u1ef1c ti\u1ebfp, kh\u00f4ng d\u00f9ng b\u1ed9 nh\u00f4ng<\/strong>, gi\u00fap m\u00e1y <strong>ch\u1ea1y c\u1ef1c \u00eam, \u00edt rung.<\/strong><\/p>\n<h3>\u2699\ufe0f <strong>Th\u00f4ng s\u1ed1 k\u1ef9 thu\u1eadt chi ti\u1ebft<\/strong><\/h3>\n<table>\n<thead>\n<tr>\n<td><strong>Th\u00f4ng s\u1ed1<\/strong><\/td>\n<td><strong>Gi\u00e1 tr\u1ecb<\/strong><\/td>\n<\/tr>\n<\/thead>\n<tbody>\n<tr>\n<td><strong>\u0110\u01b0\u1eddng k\u00ednh qua b\u0103ng:<\/strong><\/td>\n<td>210mm<\/td>\n<\/tr>\n<tr>\n<td><strong>C\u00f4n tr\u1ee5c ch\u00ednh<\/strong><\/td>\n<td>MT5<\/td>\n<\/tr>\n<tr>\n<td><strong>C\u00f4n n\u00f2ng \u1ee5 \u0111\u1ed9ng<\/strong><\/td>\n<td>MT2<\/td>\n<\/tr>\n<tr>\n<td><strong>Kho\u1ea3ng c\u00e1ch t\u1eeb m\u1eb7t b\u00edch \u0111\u1ebfn \u0111\u1ea7u \u1ee5 \u0111\u1ed9ng:<\/strong><\/td>\n<td>800 mm<\/td>\n<\/tr>\n<tr>\n<td><strong>\u0110\u01b0\u1eddng k\u00ednh l\u1ed7 tr\u1ee5c ch\u00ednh<\/strong><\/td>\n<td>38 mm<\/td>\n<\/tr>\n<tr>\n<td><strong>\u0110\u01b0\u1eddng k\u00ednh m\u00e2m c\u1eb7p<\/strong><\/td>\n<td>125 mm<\/td>\n<\/tr>\n<tr>\n<td><strong>Ph\u1ea1m vi gia c\u00f4ng ren:<\/strong><\/td>\n<td>L\u00e0m \u0111\u01b0\u1ee3c c\u1ea3 ren h\u1ec7 m\u00e9t v\u00e0 h\u1ec7 inch, l\u00e0m \u0111\u01b0\u1ee3c nhi\u1ec1u b\u01b0\u1edbc ren. H\u1ec7 M\u00e9t: 0,1-5mm\u00a0\u00a0\u00a0\u00a0\u00a0\u00a0 H\u1ec7 inch: 96G-6G<\/td>\n<\/tr>\n<tr>\n<td><strong>H\u00e0nh tr\u00ecnh b\u00e0n c\u00f4n<\/strong><\/td>\n<td>80 mm<\/td>\n<\/tr>\n<tr>\n<td><strong>B\u01b0\u1edbc vitme<\/strong><\/td>\n<td>2 mm<\/td>\n<\/tr>\n<tr>\n<td><strong>\u0110\u1ed9 ch\u00ednh x\u00e1c tr\u1ee5c ch\u00ednh<\/strong><\/td>\n<td>0 \u2013 0,01 mm<\/td>\n<\/tr>\n<tr>\n<td><strong>T\u1ed1c \u0111\u1ed9 tr\u1ee5c ch\u00ednh<\/strong><\/td>\n<td>50 \u2013 2500 v\u00f2ng\/ph\u00fat<\/td>\n<\/tr>\n<tr>\n<td><strong>C\u00f4ng su\u1ea5t \u0111\u1ed9ng c\u01a1<\/strong><\/td>\n<td>850W \u2013 220V \u2013 kh\u00f4ng ch\u1ed5i than, d\u00e2y \u0111\u1ed3ng 100%<\/td>\n<\/tr>\n<tr>\n<td><strong>Tr\u1ecdng l\u01b0\u1ee3ng m\u00e1y\/\u0111\u00f3ng g\u00f3i<\/strong><\/td>\n<td>82 kg\/100kg<\/td>\n<\/tr>\n<tr>\n<td><strong>K\u00edch th\u01b0\u1edbc t\u1ed5ng th\u1ec3 (DxRxC)<\/strong><\/td>\n<td>1240 x 390 x 370 mm<\/td>\n<\/tr>\n<tr>\n<td><strong>B\u1ea3o h\u00e0nh:<\/strong><\/td>\n<td>B\u1ea3o h\u00e0nh 1 n\u0103m, h\u1ed7 tr\u1ee3 tr\u1ecdn \u0111\u1eddi m\u00e1y<\/td>\n<\/tr>\n<tr>\n<td><strong>Gi\u00e1 b\u00e1n:<\/strong><\/td>\n<td><strong>24.200.000 VND <\/strong>(ch\u01b0a bao g\u1ed3m ph\u00ed v\u1eadn chuy\u1ec3n v\u00e0 VAT 8%)<\/td>\n<\/tr>\n<\/tbody>\n<\/table>\n<h3>\ud83e\ude9a <strong>\u1ee8ng d\u1ee5ng c\u1ee7a m\u00e1y ti\u1ec7n RC210E<\/strong><\/h3>\n<p>M\u00e1y RC210E l\u00e0 thi\u1ebft b\u1ecb l\u00fd t\u01b0\u1edfng cho <strong>gia c\u00f4ng chi ti\u1ebft nh\u1ecf, m\u1eabu th\u1eed, linh ki\u1ec7n c\u01a1 kh\u00ed ch\u00ednh x\u00e1c<\/strong> v\u00e0 <strong>nghi\u00ean c\u1ee9u \u0111\u00e0o t\u1ea1o<\/strong>.<br \/>\n\u1ee8ng d\u1ee5ng th\u1ef1c t\u1ebf bao g\u1ed3m:<\/p>\n<p>\u00b7\u00a0\u00a0\u00a0\u00a0\u00a0\u00a0\u00a0\u00a0 <strong>Gia c\u00f4ng tr\u1ee5c, \u1ed1ng, b\u1ea1c, ch\u1ed1t, m\u1eb7t b\u00edch.<\/strong><\/p>\n<p>\u00b7\u00a0\u00a0\u00a0\u00a0\u00a0\u00a0\u00a0\u00a0 <strong>Ti\u1ec7n ren h\u1ec7 m\u00e9t, h\u1ec7 inch, ren \u0111\u1eb7c bi\u1ec7t<\/strong> cho c\u00e1c chi ti\u1ebft k\u1ef9 thu\u1eadt<\/p>\n<p>\u00b7\u00a0\u00a0\u00a0\u00a0\u00a0\u00a0\u00a0\u00a0 <strong>S\u1ea3n xu\u1ea5t m\u1eabu c\u01a1 kh\u00ed, d\u1ee5ng c\u1ee5 c\u1ea7m tay, chi ti\u1ebft robot, linh ki\u1ec7n CNC<\/strong><\/p>\n<p>\u00b7\u00a0\u00a0\u00a0\u00a0\u00a0\u00a0\u00a0\u00a0 <strong>D\u1ea1y h\u1ecdc, nghi\u00ean c\u1ee9u, th\u00ed nghi\u1ec7m t\u1ea1i tr\u01b0\u1eddng, trung t\u00e2m \u0111\u00e0o t\u1ea1o ngh\u1ec1<\/strong><\/p>\n<p>\u00b7\u00a0\u00a0\u00a0\u00a0\u00a0\u00a0\u00a0\u00a0 <strong>Ph\u00f9 h\u1ee3p cho th\u1ee3 ti\u1ec7n b\u00e1n chuy\u00ean, ng\u01b0\u1eddi ch\u01a1i DIY, k\u1ef9 s\u01b0 c\u01a1 kh\u00ed t\u1ef1 ch\u1ebf thi\u1ebft b\u1ecb<\/strong><\/p>\n<h3>\ud83e\uddf0 <strong>Ph\u1ee5 ki\u1ec7n ti\u00eau chu\u1ea9n \u0111i k\u00e8m<\/strong><\/h3>\n<p>\u00b7\u00a0\u00a0\u00a0\u00a0\u00a0\u00a0\u00a0\u00a0 Tu quay lo\u1ea1i \u0111\u1eb9p.<\/p>\n<p>\u00b7\u00a0\u00a0\u00a0\u00a0\u00a0\u00a0\u00a0\u00a0 Tu ch\u1ebft.<\/p>\n<p>\u00b7\u00a0\u00a0\u00a0\u00a0\u00a0\u00a0\u00a0\u00a0 \u0110\u1ea7u k\u1eb9p m\u0169i khoan.<\/p>\n<p>\u00b7\u00a0\u00a0\u00a0\u00a0\u00a0\u00a0\u00a0\u00a0 <strong>B\u1ed9 dao ti\u1ec7n 7 chi\u1ebfc (12mm):<\/strong> Bao g\u1ed3m dao ti\u1ec7n tr\u01a1n, dao m\u00f3c l\u1ed7, dao c\u1eaft, dao ti\u1ec7n ren&#8230;<\/p>\n<p>\u00b7\u00a0\u00a0\u00a0\u00a0\u00a0\u00a0\u00a0\u00a0 <strong>C\u00e1n ti\u1ec7n 12x12mm l\u1eafp m\u0169i D11\/V11<\/strong><\/p>\n<p>\u00b7\u00a0\u00a0\u00a0\u00a0\u00a0\u00a0\u00a0\u00a0 <strong>B\u1ed9 dao 11 chi\u1ebfc c\u00e1n 10mm:<\/strong> C\u00f3 th\u1ec3 m\u00e0i l\u1ea1i.<\/p>\n<p>\u00b7\u00a0\u00a0\u00a0\u00a0\u00a0\u00a0\u00a0\u00a0 <strong>\u0110\u00e8n led<\/strong><\/p>\n<p>\u00b7\u00a0\u00a0\u00a0\u00a0\u00a0\u00a0\u00a0\u00a0 D\u01b0\u1ee1ng \u0111o ren.<\/p>\n<p>\u00b7\u00a0\u00a0\u00a0\u00a0\u00a0\u00a0\u00a0\u00a0 M\u00e2m c\u1eb7p h\u00e3ng ZHONGHUAN, ch\u1ea5u c\u1eb7p tr\u00e1i, kh\u00f3a m\u1edf m\u00e2m.<\/p>\n<p>\u00b7\u00a0\u00a0\u00a0\u00a0\u00a0\u00a0\u00a0\u00a0 C\u1edd l\u00ea, tua v\u00edt, l\u1ee5c gi\u00e1c, l\u1ecd tra d\u1ea7u v\u00f2i kim lo\u1ea1i, mi\u1ebfng k\u00ea dao.<\/p>\n<p>\u00b7\u00a0\u00a0\u00a0\u00a0\u00a0\u00a0\u00a0\u00a0 T\u1ea5m b\u01b0ng m\u1eb7t \u0111\u00e1y.<\/p>\n<p>\u00b7\u00a0\u00a0\u00a0\u00a0\u00a0\u00a0\u00a0\u00a0 Catalog h\u01b0\u1edbng d\u1eabn.<\/p>\n<h3>\ud83d\udc8e <strong>\u01afu \u0111i\u1ec3m v\u01b0\u1ee3t tr\u1ed9i<\/strong><\/h3>\n<p>\u00b7\u00a0\u00a0\u00a0\u00a0\u00a0\u00a0\u00a0\u00a0 C\u1ea3i ti\u1ebfn servo th\u00f4ng minh, <strong>ti\u1ec7n ren ch\u00ednh x\u00e1c \u2013 thao t\u00e1c d\u1ec5 d\u00e0ng<\/strong><\/p>\n<p>\u00b7\u00a0\u00a0\u00a0\u00a0\u00a0\u00a0\u00a0\u00a0 <strong>Kh\u00f4ng c\u1ea7n thay nh\u00f4ng<\/strong> khi \u0111\u1ed5i ch\u1ebf \u0111\u1ed9 ren<\/p>\n<p>\u00b7\u00a0\u00a0\u00a0\u00a0\u00a0\u00a0\u00a0\u00a0 <strong>Ch\u1ea1y \u00eam \u2013 gi\u1ea3m rung \u2013 \u0111\u1ed9 b\u1ec1n cao<\/strong><\/p>\n<p>\u00b7\u00a0\u00a0\u00a0\u00a0\u00a0\u00a0\u00a0\u00a0 <strong>\u0110\u1ed9ng c\u01a1 kh\u00f4ng ch\u1ed5i than<\/strong>, ti\u1ebft ki\u1ec7m \u0111i\u1ec7n, tu\u1ed5i th\u1ecd l\u00e2u d\u00e0i<\/p>\n<p>\u00b7\u00a0\u00a0\u00a0\u00a0\u00a0\u00a0\u00a0\u00a0 <strong>Thi\u1ebft k\u1ebf nh\u1ecf g\u1ecdn<\/strong>, ph\u00f9 h\u1ee3p kh\u00f4ng gian x\u01b0\u1edfng c\u01a1 kh\u00ed v\u1eeba v\u00e0 nh\u1ecf<\/p>\n<h3>\ud83d\udce6 <strong>Th\u00f4ng tin s\u1ea3n ph\u1ea9m<\/strong><\/h3>\n<p>\u00b7\u00a0\u00a0\u00a0\u00a0\u00a0\u00a0\u00a0\u00a0 <strong>T\u00ecnh tr\u1ea1ng:<\/strong> H\u00e0ng m\u1edbi 100%<\/p>\n<p>\u00b7\u00a0\u00a0\u00a0\u00a0\u00a0\u00a0\u00a0\u00a0 <strong>B\u1ea3o h\u00e0nh:<\/strong> 12 th\u00e1ng<\/p>\n<p>\u00b7\u00a0\u00a0\u00a0\u00a0\u00a0\u00a0\u00a0\u00a0 <strong>H\u1ed7 tr\u1ee3 k\u1ef9 thu\u1eadt:<\/strong> Tr\u1ecdn \u0111\u1eddi s\u1eed d\u1ee5ng<\/p>\n<p>Th\u00e0nh M\u1ed9c HN \u2013 Chuy\u00ean cung c\u1ea5p M\u00e1y ti\u1ec7n, m\u00e1y phay, <strong>ph\u1ee5 ki\u1ec7n m\u00e1y ti\u1ec7n mini<\/strong>, m\u00e2m c\u1eb7p, luynet, \u1ee5 \u0111\u1ed9ng, m\u0169i ch\u1ed1ng t\u00e2m, \u0111\u00e8n led\u2026 \u0111\u1ea7y \u0111\u1ee7 linh ki\u1ec7n thay th\u1ebf cho <strong>WM210V, RC210E<\/strong>.<br \/>\nH\u1ed7 tr\u1ee3 t\u01b0 v\u1ea5n v\u00e0 b\u1ea3o h\u00e0nh t\u1eadn t\u00e2m<\/p>\n<p><strong>TH\u00c0NH M\u1ed8C HN \u2013 0865551688<\/strong><\/p>\n<p><strong>UY T\u00cdN CH\u1ea4T L\u01af\u1ee2NG S\u1ea2N PH\u1ea8M T\u1ea0O N\u00caN TH\u01af\u01a0NG HI\u1ec6U!<\/strong><\/td>\n<\/tr>\n<\/tbody>\n<\/table>\n","protected":false},"excerpt":{"rendered":"<table>\n<tbody>\n<tr>\n<td><strong>\u0110\u01b0\u1eddng k\u00ednh qua b\u0103ng:<\/strong><\/td>\n<td>210mm<\/td>\n<\/tr>\n<tr>\n<td><strong>Kho\u1ea3ng c\u00e1ch t\u1eeb m\u1eb7t b\u00edch \u0111\u1ebfn \u0111\u1ea7u \u1ee5 \u0111\u1ed9ng:<\/strong><\/td>\n<td>800 mm<\/td>\n<\/tr>\n<tr>\n<td><strong>\u0110\u01b0\u1eddng k\u00ednh l\u1ed7 tr\u1ee5c ch\u00ednh<\/strong><\/td>\n<td>38 mm<\/td>\n<\/tr>\n<tr>\n<td><strong>\u0110\u01b0\u1eddng k\u00ednh m\u00e2m c\u1eb7p<\/strong><\/td>\n<td>125 mm<\/td>\n<\/tr>\n<tr>\n<td><strong>C\u00f4ng su\u1ea5t \u0111\u1ed9ng c\u01a1<\/strong><\/td>\n<td>850W \u2013 220V \u2013 kh\u00f4ng ch\u1ed5i than, d\u00e2y \u0111\u1ed3ng 100%<\/td>\n<\/tr>\n<tr>\n<td><strong>Tr\u1ecdng l\u01b0\u1ee3ng m\u00e1y\/\u0111\u00f3ng g\u00f3i<\/strong><\/td>\n<td>82 kg\/100kg<\/td>\n<\/tr>\n<tr>\n<td><strong>K\u00edch th\u01b0\u1edbc t\u1ed5ng th\u1ec3 (DxRxC)<\/strong><\/td>\n<td>1240 x 390 x 370 mm<\/td>\n<\/tr>\n<\/tbody>\n<\/table>\n","protected":false},"featured_media":2247,"comment_status":"closed","ping_status":"closed","template":"","meta":{"_acf_changed":false},"product_brand":[],"product_cat":[68],"product_tag":[],"class_list":{"0":"post-2173","1":"product","2":"type-product","3":"status-publish","4":"has-post-thumbnail","6":"product_cat-may-tien-kim-loai","8":"first","9":"instock","10":"shipping-taxable","11":"purchasable","12":"product-type-simple"},"acf":[],"_links":{"self":[{"href":"https:\/\/thanhmochn.vn\/index.php?rest_route=\/wp\/v2\/product\/2173","targetHints":{"allow":["GET"]}}],"collection":[{"href":"https:\/\/thanhmochn.vn\/index.php?rest_route=\/wp\/v2\/product"}],"about":[{"href":"https:\/\/thanhmochn.vn\/index.php?rest_route=\/wp\/v2\/types\/product"}],"replies":[{"embeddable":true,"href":"https:\/\/thanhmochn.vn\/index.php?rest_route=%2Fwp%2Fv2%2Fcomments&post=2173"}],"wp:featuredmedia":[{"embeddable":true,"href":"https:\/\/thanhmochn.vn\/index.php?rest_route=\/wp\/v2\/media\/2247"}],"wp:attachment":[{"href":"https:\/\/thanhmochn.vn\/index.php?rest_route=%2Fwp%2Fv2%2Fmedia&parent=2173"}],"wp:term":[{"taxonomy":"product_brand","embeddable":true,"href":"https:\/\/thanhmochn.vn\/index.php?rest_route=%2Fwp%2Fv2%2Fproduct_brand&post=2173"},{"taxonomy":"product_cat","embeddable":true,"href":"https:\/\/thanhmochn.vn\/index.php?rest_route=%2Fwp%2Fv2%2Fproduct_cat&post=2173"},{"taxonomy":"product_tag","embeddable":true,"href":"https:\/\/thanhmochn.vn\/index.php?rest_route=%2Fwp%2Fv2%2Fproduct_tag&post=2173"}],"curies":[{"name":"wp","href":"https:\/\/api.w.org\/{rel}","templated":true}]}}