{"id":2170,"date":"2025-11-01T03:49:57","date_gmt":"2025-10-31T20:49:57","guid":{"rendered":"https:\/\/thanhmochn.vn\/?p=2170"},"modified":"2025-11-01T21:47:01","modified_gmt":"2025-11-01T14:47:01","slug":"oc-can-tien-m3","status":"publish","type":"product","link":"https:\/\/thanhmochn.vn\/?product=oc-can-tien-m3","title":{"rendered":"\u1ed0c C\u00e1n Ti\u1ec7n M3"},"content":{"rendered":"<table width=\"0\">\n<tbody>\n<tr>\n<td width=\"1064\">\n<h2><strong>\u1ed0C C\u00c1N TI\u1ec6N M3 \u2013 D\u00d9NG CHO M\u0168I TI\u1ec6N NH\u1eccN &amp; TR\u00d2N<\/strong><\/h2>\n<h3>\ud83d\udd29 <strong>M\u00f4 t\u1ea3 s\u1ea3n ph\u1ea9m:<\/strong><\/h3>\n<p><strong>\u1ed0c c\u00e1n ti\u1ec7n M3<\/strong> l\u00e0 ph\u1ee5 ki\u1ec7n d\u00f9ng \u0111\u1ec3 <strong>l\u1eafp m\u1ea3nh dao ti\u1ec7n g\u1ed7 lo\u1ea1i m\u0169i nh\u1ecdn v\u00e0 tr\u00f2n<\/strong> l\u00ean c\u00e1n ti\u1ec7n chuy\u00ean d\u1ee5ng. S\u1ea3n ph\u1ea9m c\u00f3 ren chu\u1ea9n, \u0111\u1ed9 c\u1ee9ng cao, ph\u00f9 h\u1ee3p v\u1edbi nhi\u1ec1u lo\u1ea1i c\u00e1n ti\u1ec7n ph\u1ed5 bi\u1ebfn tr\u00ean th\u1ecb tr\u01b0\u1eddng.<\/p>\n<p><strong>L\u01b0u \u00fd:<\/strong><\/p>\n<p>\u00b7\u00a0\u00a0\u00a0\u00a0\u00a0\u00a0\u00a0\u00a0 <strong>\u1ed0c M3<\/strong> d\u00f9ng cho <strong>m\u0169i ti\u1ec7n nh\u1ecdn<\/strong> v\u00e0 <strong>m\u0169i ti\u1ec7n tr\u00f2n<\/strong><\/p>\n<p>\u00b7\u00a0\u00a0\u00a0\u00a0\u00a0\u00a0\u00a0\u00a0 <strong>\u1ed0c M6<\/strong> d\u00f9ng cho <strong>m\u0169i ti\u1ec7n vu\u00f4ng<\/strong> v\u00e0 <strong>vu\u00f4ng cong<\/strong><\/p>\n<h3>\u2705 <strong>Th\u00f4ng tin chi ti\u1ebft:<\/strong><\/h3>\n<p>\u00b7\u00a0\u00a0\u00a0\u00a0\u00a0\u00a0\u00a0\u00a0 <strong>Lo\u1ea1i:<\/strong> \u1ed0c M3<\/p>\n<p>\u00b7\u00a0\u00a0\u00a0\u00a0\u00a0\u00a0\u00a0\u00a0 <strong>C\u00f4ng d\u1ee5ng:<\/strong> D\u00f9ng c\u1ed1 \u0111\u1ecbnh m\u1ea3nh ti\u1ec7n nh\u1ecdn v\u00e0 tr\u00f2n tr\u00ean c\u00e1n ti\u1ec7n g\u1ed7<\/p>\n<p>\u00b7\u00a0\u00a0\u00a0\u00a0\u00a0\u00a0\u00a0\u00a0 <strong>Ch\u1ea5t li\u1ec7u:<\/strong> Th\u00e9p c\u1ee9ng, b\u1ec1n, ch\u1ed1ng r\u1ec9<\/p>\n<p>\u00b7\u00a0\u00a0\u00a0\u00a0\u00a0\u00a0\u00a0\u00a0 <strong>Gi\u00e1 b\u00e1n:<\/strong> T\u00ednh <strong>theo t\u1eebng chi\u1ebfc<\/strong><\/p>\n<h3>\ud83d\udee0\ufe0f <strong>\u1ee8ng d\u1ee5ng:<\/strong><\/h3>\n<p>\u00b7\u00a0\u00a0\u00a0\u00a0\u00a0\u00a0\u00a0\u00a0 D\u00f9ng trong ti\u1ec7n g\u1ed7, DIY, ch\u1ebf t\u1ea1o dao ti\u1ec7n mini<\/p>\n<p>\u00b7\u00a0\u00a0\u00a0\u00a0\u00a0\u00a0\u00a0\u00a0 Ph\u00f9 h\u1ee3p cho th\u1ee3 ti\u1ec7n, ng\u01b0\u1eddi l\u00e0m m\u1ed9c th\u1ee7 c\u00f4ng ho\u1eb7c c\u01a1 kh\u00ed g\u1ed7<\/p>\n<p>Th\u00e0nh M\u1ed9c HN \u2013 Chuy\u00ean cung c\u1ea5p M\u00e1y ti\u1ec7n, m\u00e1y phay, <strong>ph\u1ee5 ki\u1ec7n m\u00e1y ti\u1ec7n mini<\/strong>, m\u00e2m c\u1eb7p, luynet, \u1ee5 \u0111\u1ed9ng, m\u0169i ch\u1ed1ng t\u00e2m, \u0111\u00e8n led\u2026 \u0111\u1ea7y \u0111\u1ee7 linh ki\u1ec7n thay th\u1ebf cho <strong>WM210V, RC210E<\/strong>.<br \/>\nH\u1ed7 tr\u1ee3 t\u01b0 v\u1ea5n v\u00e0 b\u1ea3o h\u00e0nh t\u1eadn t\u00e2m<\/p>\n<p><strong>TH\u00c0NH M\u1ed8C HN \u2013 0865551688<\/strong><\/p>\n<p><strong>UY T\u00cdN CH\u1ea4T L\u01af\u1ee2NG S\u1ea2N PH\u1ea8M T\u1ea0O N\u00caN TH\u01af\u01a0NG HI\u1ec6U!<\/strong><\/td>\n<\/tr>\n<\/tbody>\n<\/table>\n","protected":false},"excerpt":{"rendered":"<table width=\"0\">\n<tbody>\n<tr>\n<td width=\"1064\">\n<h2><strong>\u1ed0C C\u00c1N TI\u1ec6N M3 \u2013 D\u00d9NG CHO M\u0168I TI\u1ec6N NH\u1eccN &amp; TR\u00d2N<\/strong><\/h2>\n<h3>\ud83d\udd29 <strong>M\u00f4 t\u1ea3 s\u1ea3n ph\u1ea9m:<\/strong><\/h3>\n<p><strong>\u1ed0c c\u00e1n ti\u1ec7n M3<\/strong> l\u00e0 ph\u1ee5 ki\u1ec7n d\u00f9ng \u0111\u1ec3 <strong>l\u1eafp m\u1ea3nh dao ti\u1ec7n g\u1ed7 lo\u1ea1i m\u0169i nh\u1ecdn v\u00e0 tr\u00f2n<\/strong> l\u00ean c\u00e1n ti\u1ec7n chuy\u00ean d\u1ee5ng. S\u1ea3n ph\u1ea9m c\u00f3 ren chu\u1ea9n, \u0111\u1ed9 c\u1ee9ng cao, ph\u00f9 h\u1ee3p v\u1edbi nhi\u1ec1u lo\u1ea1i c\u00e1n ti\u1ec7n ph\u1ed5 bi\u1ebfn tr\u00ean th\u1ecb tr\u01b0\u1eddng.<\/p>\n<p><strong>L\u01b0u \u00fd:<\/strong><\/p>\n<p>\u00b7\u00a0\u00a0\u00a0\u00a0\u00a0\u00a0\u00a0\u00a0 <strong>\u1ed0c M3<\/strong> d\u00f9ng cho <strong>m\u0169i ti\u1ec7n nh\u1ecdn<\/strong> v\u00e0 <strong>m\u0169i ti\u1ec7n tr\u00f2n<\/strong><\/p>\n<p>\u00b7\u00a0\u00a0\u00a0\u00a0\u00a0\u00a0\u00a0\u00a0 <strong>\u1ed0c M6<\/strong> d\u00f9ng cho <strong>m\u0169i ti\u1ec7n vu\u00f4ng<\/strong> v\u00e0 <strong>vu\u00f4ng cong<\/strong><\/p>\n<h3>\u2705 <strong>Th\u00f4ng tin chi ti\u1ebft:<\/strong><\/h3>\n<p>\u00b7\u00a0\u00a0\u00a0\u00a0\u00a0\u00a0\u00a0\u00a0 <strong>Lo\u1ea1i:<\/strong> \u1ed0c M3<\/p>\n<p>\u00b7\u00a0\u00a0\u00a0\u00a0\u00a0\u00a0\u00a0\u00a0 <strong>C\u00f4ng d\u1ee5ng:<\/strong> D\u00f9ng c\u1ed1 \u0111\u1ecbnh m\u1ea3nh ti\u1ec7n nh\u1ecdn v\u00e0 tr\u00f2n tr\u00ean c\u00e1n ti\u1ec7n g\u1ed7<\/p>\n<p>\u00b7\u00a0\u00a0\u00a0\u00a0\u00a0\u00a0\u00a0\u00a0 <strong>Ch\u1ea5t li\u1ec7u:<\/strong> Th\u00e9p c\u1ee9ng, b\u1ec1n, ch\u1ed1ng r\u1ec9<\/p>\n<p>\u00b7\u00a0\u00a0\u00a0\u00a0\u00a0\u00a0\u00a0\u00a0 <strong>Gi\u00e1 b\u00e1n:<\/strong> T\u00ednh <strong>theo t\u1eebng chi\u1ebfc<\/strong><\/td>\n<\/tr>\n<\/tbody>\n<\/table>\n","protected":false},"featured_media":2266,"comment_status":"closed","ping_status":"closed","template":"","meta":{"_acf_changed":false},"product_brand":[],"product_cat":[86],"product_tag":[],"class_list":{"0":"post-2170","1":"product","2":"type-product","3":"status-publish","4":"has-post-thumbnail","6":"product_cat-phu-kien-may-go","8":"first","9":"instock","10":"shipping-taxable","11":"purchasable","12":"product-type-simple"},"acf":[],"_links":{"self":[{"href":"https:\/\/thanhmochn.vn\/index.php?rest_route=\/wp\/v2\/product\/2170","targetHints":{"allow":["GET"]}}],"collection":[{"href":"https:\/\/thanhmochn.vn\/index.php?rest_route=\/wp\/v2\/product"}],"about":[{"href":"https:\/\/thanhmochn.vn\/index.php?rest_route=\/wp\/v2\/types\/product"}],"replies":[{"embeddable":true,"href":"https:\/\/thanhmochn.vn\/index.php?rest_route=%2Fwp%2Fv2%2Fcomments&post=2170"}],"wp:featuredmedia":[{"embeddable":true,"href":"https:\/\/thanhmochn.vn\/index.php?rest_route=\/wp\/v2\/media\/2266"}],"wp:attachment":[{"href":"https:\/\/thanhmochn.vn\/index.php?rest_route=%2Fwp%2Fv2%2Fmedia&parent=2170"}],"wp:term":[{"taxonomy":"product_brand","embeddable":true,"href":"https:\/\/thanhmochn.vn\/index.php?rest_route=%2Fwp%2Fv2%2Fproduct_brand&post=2170"},{"taxonomy":"product_cat","embeddable":true,"href":"https:\/\/thanhmochn.vn\/index.php?rest_route=%2Fwp%2Fv2%2Fproduct_cat&post=2170"},{"taxonomy":"product_tag","embeddable":true,"href":"https:\/\/thanhmochn.vn\/index.php?rest_route=%2Fwp%2Fv2%2Fproduct_tag&post=2170"}],"curies":[{"name":"wp","href":"https:\/\/api.w.org\/{rel}","templated":true}]}}