{"id":2169,"date":"2025-11-01T03:48:50","date_gmt":"2025-10-31T20:48:50","guid":{"rendered":"https:\/\/thanhmochn.vn\/?p=2169"},"modified":"2025-11-01T21:48:04","modified_gmt":"2025-11-01T14:48:04","slug":"mo-t15-va-oc-m3","status":"publish","type":"product","link":"https:\/\/thanhmochn.vn\/?product=mo-t15-va-oc-m3","title":{"rendered":"M\u1edf T15 V\u00e0 \u1ed0c M3"},"content":{"rendered":"<table width=\"0\">\n<tbody>\n<tr>\n<td width=\"1064\">\n<h3><strong>M\u1edf T15 v\u00e0 \u1ed1c M3<\/strong><\/h3>\n<h4><strong>M\u00f4 t\u1ea3 s\u1ea3n ph\u1ea9m:<\/strong><\/h4>\n<p>\u00b7\u00a0\u00a0\u00a0\u00a0\u00a0\u00a0\u00a0\u00a0 B\u1ed9 <strong>m\u1edf \u1ed1c T15<\/strong> v\u00e0 <strong>\u1ed1c M3<\/strong> chuy\u00ean d\u1ee5ng d\u00f9ng cho m\u0169i dao ti\u1ec7n g\u1ed7 lo\u1ea1i tr\u00f2n v\u00e0 nh\u1ecdn.<\/p>\n<p>\u00b7\u00a0\u00a0\u00a0\u00a0\u00a0\u00a0\u00a0\u00a0 \u0110\u1ed1i v\u1edbi m\u0169i dao ti\u1ec7n g\u1ed7 lo\u1ea1i vu\u00f4ng v\u00e0 vu\u00f4ng cong, s\u1eed d\u1ee5ng \u1ed1c M6 v\u00e0 m\u1edf T20 (kh\u00f4ng bao g\u1ed3m trong b\u1ed9 n\u00e0y).<\/p>\n<h4><strong>\u1ee8ng d\u1ee5ng:<\/strong><\/h4>\n<p>\u00b7\u00a0\u00a0\u00a0\u00a0\u00a0\u00a0\u00a0\u00a0 Thay th\u1ebf, th\u00e1o l\u1eafp v\u00e0 c\u1ed1 \u0111\u1ecbnh m\u0169i dao ti\u1ec7n g\u1ed7 trong qu\u00e1 tr\u00ecnh gia c\u00f4ng.<\/p>\n<p>\u00b7\u00a0\u00a0\u00a0\u00a0\u00a0\u00a0\u00a0\u00a0 \u0110\u1ea3m b\u1ea3o thao t\u00e1c nhanh, ch\u00ednh x\u00e1c, an to\u00e0n.<\/p>\n<h4><strong>Cam k\u1ebft ch\u1ea5t l\u01b0\u1ee3ng:<\/strong><\/h4>\n<p>\u00b7\u00a0\u00a0\u00a0\u00a0\u00a0\u00a0\u00a0\u00a0 S\u1ea3n ph\u1ea9m ch\u00ednh h\u00e3ng, b\u1ec1n b\u1ec9.<\/p>\n<p>\u00b7\u00a0\u00a0\u00a0\u00a0\u00a0\u00a0\u00a0\u00a0 \u0110\u01b0\u1ee3c ki\u1ec3m tra k\u1ef9 tr\u01b0\u1edbc khi giao.<\/p>\n<p>Th\u00e0nh M\u1ed9c HN \u2013 Chuy\u00ean cung c\u1ea5p M\u00e1y ti\u1ec7n, m\u00e1y phay, <strong>ph\u1ee5 ki\u1ec7n m\u00e1y ti\u1ec7n mini<\/strong>, m\u00e2m c\u1eb7p, luynet, \u1ee5 \u0111\u1ed9ng, m\u0169i ch\u1ed1ng t\u00e2m, \u0111\u00e8n led\u2026 \u0111\u1ea7y \u0111\u1ee7 linh ki\u1ec7n thay th\u1ebf cho <strong>WM210V, RC210E<\/strong>.<br \/>\nH\u1ed7 tr\u1ee3 t\u01b0 v\u1ea5n v\u00e0 b\u1ea3o h\u00e0nh t\u1eadn t\u00e2m<\/p>\n<p><strong>TH\u00c0NH M\u1ed8C HN \u2013 0865551688<\/strong><\/p>\n<p><strong>UY T\u00cdN CH\u1ea4T L\u01af\u1ee2NG S\u1ea2N PH\u1ea8M T\u1ea0O N\u00caN TH\u01af\u01a0NG HI\u1ec6U!<\/strong><\/td>\n<\/tr>\n<\/tbody>\n<\/table>\n","protected":false},"excerpt":{"rendered":"<table width=\"0\">\n<tbody>\n<tr>\n<td width=\"1064\">\n<h3><strong>M\u1edf T15 v\u00e0 \u1ed1c M3<\/strong><\/h3>\n<h4><strong>M\u00f4 t\u1ea3 s\u1ea3n ph\u1ea9m:<\/strong><\/h4>\n<p>\u00b7\u00a0\u00a0\u00a0\u00a0\u00a0\u00a0\u00a0\u00a0 B\u1ed9 <strong>m\u1edf \u1ed1c T15<\/strong> v\u00e0 <strong>\u1ed1c M3<\/strong> chuy\u00ean d\u1ee5ng d\u00f9ng cho m\u0169i dao ti\u1ec7n g\u1ed7 lo\u1ea1i tr\u00f2n v\u00e0 nh\u1ecdn.<\/p>\n<p>\u00b7\u00a0\u00a0\u00a0\u00a0\u00a0\u00a0\u00a0\u00a0 \u0110\u1ed1i v\u1edbi m\u0169i dao ti\u1ec7n g\u1ed7 lo\u1ea1i vu\u00f4ng v\u00e0 vu\u00f4ng cong, s\u1eed d\u1ee5ng \u1ed1c M6 v\u00e0 m\u1edf T20 (kh\u00f4ng bao g\u1ed3m trong b\u1ed9 n\u00e0y).<\/p>\n<h4><strong>\u1ee8ng d\u1ee5ng:<\/strong><\/h4>\n<p>\u00b7\u00a0\u00a0\u00a0\u00a0\u00a0\u00a0\u00a0\u00a0 Thay th\u1ebf, th\u00e1o l\u1eafp v\u00e0 c\u1ed1 \u0111\u1ecbnh m\u0169i dao ti\u1ec7n g\u1ed7 trong qu\u00e1 tr\u00ecnh gia c\u00f4ng.<\/p>\n<p>\u00b7\u00a0\u00a0\u00a0\u00a0\u00a0\u00a0\u00a0\u00a0 \u0110\u1ea3m b\u1ea3o thao t\u00e1c nhanh, ch\u00ednh x\u00e1c, an to\u00e0n.<\/td>\n<\/tr>\n<\/tbody>\n<\/table>\n","protected":false},"featured_media":2270,"comment_status":"closed","ping_status":"closed","template":"","meta":{"_acf_changed":false},"product_brand":[],"product_cat":[86],"product_tag":[],"class_list":{"0":"post-2169","1":"product","2":"type-product","3":"status-publish","4":"has-post-thumbnail","6":"product_cat-phu-kien-may-go","8":"first","9":"instock","10":"shipping-taxable","11":"purchasable","12":"product-type-simple"},"acf":[],"_links":{"self":[{"href":"https:\/\/thanhmochn.vn\/index.php?rest_route=\/wp\/v2\/product\/2169","targetHints":{"allow":["GET"]}}],"collection":[{"href":"https:\/\/thanhmochn.vn\/index.php?rest_route=\/wp\/v2\/product"}],"about":[{"href":"https:\/\/thanhmochn.vn\/index.php?rest_route=\/wp\/v2\/types\/product"}],"replies":[{"embeddable":true,"href":"https:\/\/thanhmochn.vn\/index.php?rest_route=%2Fwp%2Fv2%2Fcomments&post=2169"}],"wp:featuredmedia":[{"embeddable":true,"href":"https:\/\/thanhmochn.vn\/index.php?rest_route=\/wp\/v2\/media\/2270"}],"wp:attachment":[{"href":"https:\/\/thanhmochn.vn\/index.php?rest_route=%2Fwp%2Fv2%2Fmedia&parent=2169"}],"wp:term":[{"taxonomy":"product_brand","embeddable":true,"href":"https:\/\/thanhmochn.vn\/index.php?rest_route=%2Fwp%2Fv2%2Fproduct_brand&post=2169"},{"taxonomy":"product_cat","embeddable":true,"href":"https:\/\/thanhmochn.vn\/index.php?rest_route=%2Fwp%2Fv2%2Fproduct_cat&post=2169"},{"taxonomy":"product_tag","embeddable":true,"href":"https:\/\/thanhmochn.vn\/index.php?rest_route=%2Fwp%2Fv2%2Fproduct_tag&post=2169"}],"curies":[{"name":"wp","href":"https:\/\/api.w.org\/{rel}","templated":true}]}}