{"id":2166,"date":"2025-11-01T03:44:24","date_gmt":"2025-10-31T20:44:24","guid":{"rendered":"https:\/\/thanhmochn.vn\/?p=2166"},"modified":"2025-11-01T22:19:10","modified_gmt":"2025-11-01T15:19:10","slug":"oc-can-tien-m6","status":"publish","type":"product","link":"https:\/\/thanhmochn.vn\/?product=oc-can-tien-m6","title":{"rendered":"\u1ed0c C\u00e1n Ti\u1ec7n M6"},"content":{"rendered":"<table width=\"0\">\n<tbody>\n<tr>\n<td width=\"1064\">\n<h2>\ud83d\udd29 <strong>\u1ed0C C\u00c1N TI\u1ec6N M6 \u2013 C\u1ed0 \u0110\u1ecaNH CH\u1eaeC CH\u1eaeN CHO M\u0168I TI\u1ec6N G\u1ed6 VU\u00d4NG &amp; VU\u00d4NG CONG<\/strong><\/h2>\n<p><strong>L\u1eafp nhanh \u2013 Gi\u1eef ch\u1eafc \u2013 Gia c\u00f4ng \u1ed5n \u0111\u1ecbnh!<\/strong><br \/>\n\u1ed0c c\u00e1n ti\u1ec7n <strong>M6<\/strong> l\u00e0 ph\u1ee5 ki\u1ec7n <strong>chuy\u00ean d\u1ee5ng \u0111\u1ec3 l\u1eafp m\u0169i ti\u1ec7n g\u1ed7 vu\u00f4ng v\u00e0 vu\u00f4ng cong<\/strong>, gi\u00fap c\u1ed1 \u0111\u1ecbnh dao ti\u1ec7n v\u1eefng ch\u1eafc trong su\u1ed1t qu\u00e1 tr\u00ecnh gia c\u00f4ng. Thi\u1ebft k\u1ebf chu\u1ea9n, v\u1eadt li\u1ec7u b\u1ec1n, thao t\u00e1c d\u1ec5 d\u00e0ng \u2013 l\u00e0 l\u1ef1a ch\u1ecdn l\u00fd t\u01b0\u1edfng cho th\u1ee3 ti\u1ec7n g\u1ed7 chuy\u00ean nghi\u1ec7p.<\/p>\n<h3>\ud83d\udccc <strong>TH\u00d4NG TIN S\u1ea2N PH\u1ea8M<\/strong><\/h3>\n<p>\u00b7\u00a0\u00a0\u00a0\u00a0\u00a0\u00a0\u00a0\u00a0 <strong>T\u00ean s\u1ea3n ph\u1ea9m:<\/strong> \u1ed0c c\u00e1n ti\u1ec7n M6<\/p>\n<p>\u00b7\u00a0\u00a0\u00a0\u00a0\u00a0\u00a0\u00a0\u00a0 <strong>\u1ee8ng d\u1ee5ng:<\/strong> D\u00f9ng \u0111\u1ec3 l\u1eafp cho <strong>m\u0169i ti\u1ec7n g\u1ed7 vu\u00f4ng v\u00e0 vu\u00f4ng cong<\/strong>, gi\u00fap gi\u1eef ch\u1eb7t v\u00e0 \u1ed5n \u0111\u1ecbnh m\u0169i ti\u1ec7n khi gia c\u00f4ng.<\/p>\n<p>\u00b7\u00a0\u00a0\u00a0\u00a0\u00a0\u00a0\u00a0\u00a0 <strong>L\u01b0u \u00fd:<\/strong> \u0110\u1ed1i v\u1edbi <strong>m\u0169i ti\u1ec7n tr\u00f2n v\u00e0 nh\u1ecdn<\/strong>, s\u1eed d\u1ee5ng <strong>\u1ed1c M3<\/strong> thay th\u1ebf \u0111\u1ec3 ph\u00f9 h\u1ee3p k\u00edch th\u01b0\u1edbc.<\/p>\n<h3>\u2705 <strong>TH\u00d4NG S\u1ed0 K\u1ef8 THU\u1eacT<\/strong><\/h3>\n<table>\n<thead>\n<tr>\n<td><strong>Th\u00f4ng s\u1ed1<\/strong><\/td>\n<td><strong>Chi ti\u1ebft<\/strong><\/td>\n<\/tr>\n<\/thead>\n<tbody>\n<tr>\n<td><strong>Lo\u1ea1i \u1ed1c<\/strong><\/td>\n<td>M6<\/td>\n<\/tr>\n<tr>\n<td><strong>C\u00f4ng c\u1ee5 s\u1eed d\u1ee5ng<\/strong><\/td>\n<td>T\u00f4 v\u00edt ho\u1eb7c kh\u00f3a c\u00f3 \u0111\u1ea7u <strong>T20<\/strong><\/td>\n<\/tr>\n<tr>\n<td><strong>Ph\u00f9 h\u1ee3p v\u1edbi<\/strong><\/td>\n<td>M\u0169i ti\u1ec7n g\u1ed7 vu\u00f4ng &amp; vu\u00f4ng cong<\/td>\n<\/tr>\n<tr>\n<td><strong>Ch\u1ea5t li\u1ec7u<\/strong><\/td>\n<td>Th\u00e9p c\u1ee9ng ch\u1ecbu l\u1ef1c, ch\u1ed1ng r\u1ec9, b\u1ec1n b\u1ec9 theo th\u1eddi gian<\/td>\n<\/tr>\n<tr>\n<td><strong>T\u00ecnh tr\u1ea1ng<\/strong><\/td>\n<td>H\u00e0ng m\u1edbi 100%<\/td>\n<\/tr>\n<\/tbody>\n<\/table>\n<h3>\ud83d\udc8e <strong>\u01afU \u0110I\u1ec2M N\u1ed4I B\u1eacT<\/strong><\/h3>\n<p>\u00b7\u00a0\u00a0\u00a0\u00a0\u00a0\u00a0\u00a0\u00a0 <strong>C\u1ed1 \u0111\u1ecbnh ch\u1eafc ch\u1eafn:<\/strong> Gi\u00fap m\u0169i ti\u1ec7n kh\u00f4ng b\u1ecb l\u1ecfng ho\u1eb7c rung khi gia c\u00f4ng, \u0111\u1ea3m b\u1ea3o \u0111\u01b0\u1eddng c\u1eaft m\u1ecbn, ch\u00ednh x\u00e1c.<\/p>\n<p>\u00b7\u00a0\u00a0\u00a0\u00a0\u00a0\u00a0\u00a0\u00a0 <strong>Ch\u1ea5t li\u1ec7u b\u1ec1n b\u1ec9:<\/strong> Th\u00e9p h\u1ee3p kim c\u1ee9ng, ch\u1ecbu l\u1ef1c v\u00e0 ch\u1ed1ng m\u00e0i m\u00f2n t\u1ed1t.<\/p>\n<p>\u00b7\u00a0\u00a0\u00a0\u00a0\u00a0\u00a0\u00a0\u00a0 <strong>Thao t\u00e1c nhanh ch\u00f3ng:<\/strong> D\u1ec5 d\u00e0ng th\u00e1o\/l\u1eafp b\u1eb1ng t\u00f4 v\u00edt \u0111\u1ea7u T20, thu\u1eadn ti\u1ec7n thay \u0111\u1ed5i m\u0169i ti\u1ec7n.<\/p>\n<p>\u00b7\u00a0\u00a0\u00a0\u00a0\u00a0\u00a0\u00a0\u00a0 <strong>Ph\u00f9 h\u1ee3p \u0111a d\u1ea1ng d\u1ee5ng c\u1ee5:<\/strong> D\u00f9ng cho h\u1ea7u h\u1ebft c\u00e1c lo\u1ea1i c\u00e1n ti\u1ec7n g\u1ed7 th\u00f4ng d\u1ee5ng tr\u00ean th\u1ecb tr\u01b0\u1eddng.<\/p>\n<h3>\u2699\ufe0f <strong>\u1ee8NG D\u1ee4NG TH\u1ef0C T\u1ebe<\/strong><\/h3>\n<p>\u2714 Gia c\u00f4ng ti\u1ec7n g\u1ed7, ch\u1ebf t\u00e1c th\u1ee7 c\u00f4ng, s\u1ea3n xu\u1ea5t \u0111\u1ed3 n\u1ed9i th\u1ea5t<br \/>\n\u2714 Ph\u00f9 h\u1ee3p cho th\u1ee3 ti\u1ec7n g\u1ed7 chuy\u00ean nghi\u1ec7p ho\u1eb7c ng\u01b0\u1eddi h\u1ecdc ngh\u1ec1<br \/>\n\u2714 S\u1eed d\u1ee5ng trong x\u01b0\u1edfng m\u1ed9c, x\u01b0\u1edfng ch\u1ebf t\u00e1c v\u00e0 gia c\u00f4ng g\u1ed7 m\u1ef9 ngh\u1ec7<\/p>\n<h3>\ud83d\udee0\ufe0f <strong>CAM K\u1ebeT S\u1ea2N PH\u1ea8M<\/strong><\/h3>\n<p>\u00b7\u00a0\u00a0\u00a0\u00a0\u00a0\u00a0\u00a0\u00a0 H\u00e0ng <strong>ch\u00ednh x\u00e1c theo m\u00f4 t\u1ea3<\/strong>, <strong>ch\u1ea5t l\u01b0\u1ee3ng \u0111\u1ea3m b\u1ea3o<\/strong><\/p>\n<p>\u00b7\u00a0\u00a0\u00a0\u00a0\u00a0\u00a0\u00a0\u00a0 <strong>Ki\u1ec3m tra k\u1ef9 l\u01b0\u1ee1ng<\/strong> tr\u01b0\u1edbc khi giao<\/p>\n<p>\u00b7\u00a0\u00a0\u00a0\u00a0\u00a0\u00a0\u00a0\u00a0 <strong>T\u01b0 v\u1ea5n mi\u1ec5n ph\u00ed<\/strong> n\u1ebfu b\u1ea1n ch\u01b0a ch\u1eafc n\u00ean ch\u1ecdn lo\u1ea1i \u1ed1c n\u00e0o ph\u00f9 h\u1ee3p v\u1edbi m\u0169i ti\u1ec7n<\/p>\n<p>\u00b7\u00a0\u00a0\u00a0\u00a0\u00a0\u00a0\u00a0\u00a0 <strong>Giao h\u00e0ng to\u00e0n qu\u1ed1c<\/strong> \u2013 \u0111\u00f3ng g\u00f3i c\u1ea9n th\u1eadn, an to\u00e0n<\/p>\n<p>Th\u00e0nh M\u1ed9c HN \u2013 Chuy\u00ean cung c\u1ea5p M\u00e1y ti\u1ec7n, m\u00e1y phay, <strong>ph\u1ee5 ki\u1ec7n m\u00e1y ti\u1ec7n mini<\/strong>, m\u00e2m c\u1eb7p, luynet, \u1ee5 \u0111\u1ed9ng, m\u0169i ch\u1ed1ng t\u00e2m, \u0111\u00e8n led\u2026 \u0111\u1ea7y \u0111\u1ee7 linh ki\u1ec7n thay th\u1ebf cho <strong>WM210V, RC210E<\/strong>.<br \/>\nH\u1ed7 tr\u1ee3 t\u01b0 v\u1ea5n v\u00e0 b\u1ea3o h\u00e0nh t\u1eadn t\u00e2m<\/p>\n<p><strong>TH\u00c0NH M\u1ed8C HN \u2013 0865551688<\/strong><\/p>\n<p><strong>UY T\u00cdN CH\u1ea4T L\u01af\u1ee2NG S\u1ea2N PH\u1ea8M T\u1ea0O N\u00caN TH\u01af\u01a0NG HI\u1ec6U!<\/strong><\/td>\n<\/tr>\n<\/tbody>\n<\/table>\n","protected":false},"excerpt":{"rendered":"<h3>\ud83d\udccc <strong>TH\u00d4NG TIN S\u1ea2N PH\u1ea8M<\/strong><\/h3>\n<p>\u00b7\u00a0\u00a0\u00a0\u00a0\u00a0\u00a0\u00a0\u00a0 <strong>T\u00ean s\u1ea3n ph\u1ea9m:<\/strong> \u1ed0c c\u00e1n ti\u1ec7n M6<\/p>\n<p>\u00b7\u00a0\u00a0\u00a0\u00a0\u00a0\u00a0\u00a0\u00a0 <strong>\u1ee8ng d\u1ee5ng:<\/strong> D\u00f9ng \u0111\u1ec3 l\u1eafp cho <strong>m\u0169i ti\u1ec7n g\u1ed7 vu\u00f4ng v\u00e0 vu\u00f4ng cong<\/strong>, gi\u00fap gi\u1eef ch\u1eb7t v\u00e0 \u1ed5n \u0111\u1ecbnh m\u0169i ti\u1ec7n khi gia c\u00f4ng.<\/p>\n<p>\u00b7\u00a0\u00a0\u00a0\u00a0\u00a0\u00a0\u00a0\u00a0 <strong>L\u01b0u \u00fd:<\/strong> \u0110\u1ed1i v\u1edbi <strong>m\u0169i ti\u1ec7n tr\u00f2n v\u00e0 nh\u1ecdn<\/strong>, s\u1eed d\u1ee5ng <strong>\u1ed1c M3<\/strong> thay th\u1ebf \u0111\u1ec3 ph\u00f9 h\u1ee3p k\u00edch th\u01b0\u1edbc.<\/p>\n","protected":false},"featured_media":2276,"comment_status":"closed","ping_status":"closed","template":"","meta":{"_acf_changed":false},"product_brand":[],"product_cat":[86],"product_tag":[],"class_list":{"0":"post-2166","1":"product","2":"type-product","3":"status-publish","4":"has-post-thumbnail","6":"product_cat-phu-kien-may-go","8":"first","9":"instock","10":"shipping-taxable","11":"purchasable","12":"product-type-simple"},"acf":[],"_links":{"self":[{"href":"https:\/\/thanhmochn.vn\/index.php?rest_route=\/wp\/v2\/product\/2166","targetHints":{"allow":["GET"]}}],"collection":[{"href":"https:\/\/thanhmochn.vn\/index.php?rest_route=\/wp\/v2\/product"}],"about":[{"href":"https:\/\/thanhmochn.vn\/index.php?rest_route=\/wp\/v2\/types\/product"}],"replies":[{"embeddable":true,"href":"https:\/\/thanhmochn.vn\/index.php?rest_route=%2Fwp%2Fv2%2Fcomments&post=2166"}],"wp:featuredmedia":[{"embeddable":true,"href":"https:\/\/thanhmochn.vn\/index.php?rest_route=\/wp\/v2\/media\/2276"}],"wp:attachment":[{"href":"https:\/\/thanhmochn.vn\/index.php?rest_route=%2Fwp%2Fv2%2Fmedia&parent=2166"}],"wp:term":[{"taxonomy":"product_brand","embeddable":true,"href":"https:\/\/thanhmochn.vn\/index.php?rest_route=%2Fwp%2Fv2%2Fproduct_brand&post=2166"},{"taxonomy":"product_cat","embeddable":true,"href":"https:\/\/thanhmochn.vn\/index.php?rest_route=%2Fwp%2Fv2%2Fproduct_cat&post=2166"},{"taxonomy":"product_tag","embeddable":true,"href":"https:\/\/thanhmochn.vn\/index.php?rest_route=%2Fwp%2Fv2%2Fproduct_tag&post=2166"}],"curies":[{"name":"wp","href":"https:\/\/api.w.org\/{rel}","templated":true}]}}