{"id":2165,"date":"2025-11-01T03:42:21","date_gmt":"2025-10-31T20:42:21","guid":{"rendered":"https:\/\/thanhmochn.vn\/?p=2165"},"modified":"2025-11-08T21:50:48","modified_gmt":"2025-11-08T14:50:48","slug":"dau-kep-dao-phay-collet-mtb3-er25","status":"publish","type":"product","link":"https:\/\/thanhmochn.vn\/?product=dau-kep-dao-phay-collet-mtb3-er25","title":{"rendered":"\u0110\u1ea7u K\u1eb9p Dao Phay Collet MTB3-ER25"},"content":{"rendered":"<table width=\"0\">\n<tbody>\n<tr>\n<td width=\"1064\">\n<h2>\ud83d\udd29 <strong>\u0110\u1ea6U K\u1eb8P DAO PHAY COLLET MTB3-ER25 \u2013 \u0110\u1ed8 CH\u00cdNH X\u00c1C CAO, \u1ed4N \u0110\u1ecaNH TUY\u1ec6T V\u1edcI, CHUY\u00caN D\u1ee4NG CHO DAO PHAY, M\u0168I KHOAN, TA R\u00d4, M\u0168I DOA<\/strong><\/h2>\n<p><strong>T\u0103ng hi\u1ec7u su\u1ea5t gia c\u00f4ng \u2013 Gi\u1ea3m rung l\u1eafc \u2013 \u0110\u1ea3m b\u1ea3o \u0111\u1ed9 ch\u00ednh x\u00e1c tuy\u1ec7t \u0111\u1ed1i!<\/strong><br \/>\n\u0110\u1ea7u k\u1eb9p dao phay <strong>MTB3-ER25<\/strong> l\u00e0 l\u1ef1a ch\u1ecdn t\u1ed1i \u01b0u cho th\u1ee3 c\u01a1 kh\u00ed chuy\u00ean nghi\u1ec7p, ph\u00f9 h\u1ee3p v\u1edbi nhi\u1ec1u lo\u1ea1i m\u00e1y khoan phay. S\u1ea3n ph\u1ea9m gi\u00fap <strong>c\u1eb7p ch\u1eb7t c\u00e1c lo\u1ea1i dao, m\u0169i khoan, ta r\u00f4, doa<\/strong> m\u1ed9t c\u00e1ch ch\u1eafc ch\u1eafn, \u1ed5n \u0111\u1ecbnh v\u00e0 b\u1ec1n b\u1ec9 trong qu\u00e1 tr\u00ecnh gia c\u00f4ng.<\/p>\n<h3>\ud83d\udccc <strong>TH\u00d4NG TIN S\u1ea2N PH\u1ea8M<\/strong><\/h3>\n<p>\u00b7\u00a0\u00a0\u00a0\u00a0\u00a0\u00a0\u00a0\u00a0 <strong>Model:<\/strong> MTB3-ER25<\/p>\n<p>\u00b7\u00a0\u00a0\u00a0\u00a0\u00a0\u00a0\u00a0\u00a0 <strong>\u1ee8ng d\u1ee5ng:<\/strong> D\u00f9ng \u0111\u1ec3 c\u1eb7p dao phay ng\u00f3n, m\u0169i khoan \u0111u\u00f4i tr\u1ee5, m\u0169i ta r\u00f4, m\u0169i doa&#8230;<br \/>\n\u2192 C\u1eb7p \u0111\u01b0\u1ee3c c\u00e1c k\u00edch th\u01b0\u1edbc <strong>t\u1eeb 1mm \u0111\u1ebfn 16mm<\/strong>, ph\u00f9 h\u1ee3p v\u1edbi nhi\u1ec1u d\u1ee5ng c\u1ee5 kh\u00e1c nhau, gi\u00fap <strong>gia c\u00f4ng ch\u00ednh x\u00e1c v\u00e0 linh ho\u1ea1t<\/strong>.<\/p>\n<h3>\u2705 <strong>TH\u00d4NG S\u1ed0 K\u1ef8 THU\u1eacT<\/strong><\/h3>\n<table>\n<thead>\n<tr>\n<td><strong>Th\u00f4ng s\u1ed1<\/strong><\/td>\n<td><strong>Chi ti\u1ebft<\/strong><\/td>\n<\/tr>\n<\/thead>\n<tbody>\n<tr>\n<td><strong>\u0110u\u00f4i c\u00f4n<\/strong><\/td>\n<td>C\u00f4n s\u1ed1 3 (MT3) \u2013 s\u1eed d\u1ee5ng tr\u00ean c\u00e1c m\u00e1y khoan phay c\u00f3 tr\u1ee5c ch\u00ednh d\u1ea1ng MT3 nh\u01b0 ZX7025, ZX7032, v.v.<\/td>\n<\/tr>\n<tr>\n<td><strong>Ph\u1ea1m vi k\u1eb9p<\/strong><\/td>\n<td>1mm \u2013 16mm<\/td>\n<\/tr>\n<tr>\n<td><strong>Lo\u1ea1i collet<\/strong><\/td>\n<td>ER25 \u2013 gi\u00fap c\u1eb7p ch\u1eb7t, \u0111\u1ed3ng t\u00e2m cao, gi\u1ea3m rung khi c\u1eaft<\/td>\n<\/tr>\n<tr>\n<td><strong>V\u1eadt li\u1ec7u<\/strong><\/td>\n<td>Th\u00e9p h\u1ee3p kim ch\u1ecbu nhi\u1ec7t, \u0111\u1ed9 c\u1ee9ng cao, ch\u1ed1ng m\u00e0i m\u00f2n t\u1ed1t<\/td>\n<\/tr>\n<tr>\n<td><strong>Xu\u1ea5t x\u1ee9<\/strong><\/td>\n<td>[C\u00f3 th\u1ec3 th\u00eam: Trung Qu\u1ed1c \/ \u0110\u00e0i Loan \/ Nh\u1eadt B\u1ea3n\u2026 t\u00f9y th\u1ef1c t\u1ebf]<\/td>\n<\/tr>\n<\/tbody>\n<\/table>\n<h3>\ud83d\udc8e <strong>\u01afU \u0110I\u1ec2M N\u1ed4I B\u1eacT<\/strong><\/h3>\n<p>\u00b7\u00a0\u00a0\u00a0\u00a0\u00a0\u00a0\u00a0\u00a0 <strong>Chuy\u00ean d\u1ee5ng cho gia c\u00f4ng c\u01a1 kh\u00ed ch\u00ednh x\u00e1c<\/strong>: C\u1eb7p \u0111\u01b0\u1ee3c nhi\u1ec1u lo\u1ea1i dao phay, m\u0169i khoan, ta r\u00f4, doa \u2013 ph\u1ee5c v\u1ee5 \u0111a d\u1ea1ng nhu c\u1ea7u.<\/p>\n<p>\u00b7\u00a0\u00a0\u00a0\u00a0\u00a0\u00a0\u00a0\u00a0 <strong>\u0110\u1ed9 ch\u00ednh x\u00e1c cao<\/strong>: Thi\u1ebft k\u1ebf chu\u1ea9n x\u00e1c, gi\u1ea3m rung l\u1eafc khi v\u1eadn h\u00e0nh, \u0111\u1ea3m b\u1ea3o b\u1ec1 m\u1eb7t gia c\u00f4ng m\u1ecbn \u0111\u1eb9p.<\/p>\n<p>\u00b7\u00a0\u00a0\u00a0\u00a0\u00a0\u00a0\u00a0\u00a0 <strong>K\u1eb9p ch\u1eafc, b\u1ec1n b\u1ec9<\/strong>: H\u1ec7 collet ER25 gi\u00fap t\u0103ng l\u1ef1c k\u1eb9p, ch\u1ed1ng tr\u01b0\u1ee3t, n\u00e2ng cao tu\u1ed5i th\u1ecd dao c\u1ee5.<\/p>\n<p>\u00b7\u00a0\u00a0\u00a0\u00a0\u00a0\u00a0\u00a0\u00a0 <strong>T\u01b0\u01a1ng th\u00edch r\u1ed9ng<\/strong>: D\u1ec5 d\u00e0ng l\u1eafp tr\u00ean nhi\u1ec1u d\u00f2ng m\u00e1y phay, khoan c\u00f3 tr\u1ee5c MT3 ph\u1ed5 bi\u1ebfn.<\/p>\n<h3>\u2699\ufe0f <strong>\u1ee8NG D\u1ee4NG TH\u1ef0C T\u1ebe<\/strong><\/h3>\n<p>\u2714 Gia c\u00f4ng chi ti\u1ebft c\u01a1 kh\u00ed ch\u00ednh x\u00e1c<br \/>\n\u2714 D\u00f9ng trong x\u01b0\u1edfng phay, ti\u1ec7n, khoan, doa<br \/>\n\u2714 Th\u00edch h\u1ee3p cho th\u1ee3 c\u01a1 kh\u00ed chuy\u00ean nghi\u1ec7p v\u00e0 ng\u01b0\u1eddi h\u1ecdc ngh\u1ec1<\/p>\n<h3>\ud83d\udee0\ufe0f <strong>CAM K\u1ebeT S\u1ea2N PH\u1ea8M<\/strong><\/h3>\n<p>\u00b7\u00a0\u00a0\u00a0\u00a0\u00a0\u00a0\u00a0\u00a0 H\u00e0ng <strong>m\u1edbi 100%<\/strong>, <strong>\u0111\u1ed9 ho\u00e0n thi\u1ec7n cao<\/strong>, ki\u1ec3m tra k\u1ef9 tr\u01b0\u1edbc khi giao<\/p>\n<p>\u00b7\u00a0\u00a0\u00a0\u00a0\u00a0\u00a0\u00a0\u00a0 <strong>T\u01b0 v\u1ea5n k\u1ef9 thu\u1eadt mi\u1ec5n ph\u00ed<\/strong> \u2013 h\u1ed7 tr\u1ee3 ch\u1ecdn \u0111\u1ea7u k\u1eb9p ph\u00f9 h\u1ee3p v\u1edbi m\u00e1y v\u00e0 dao c\u1ee5 c\u1ee7a b\u1ea1n<\/p>\n<p>\u00b7\u00a0\u00a0\u00a0\u00a0\u00a0\u00a0\u00a0\u00a0 <strong>Giao h\u00e0ng to\u00e0n qu\u1ed1c<\/strong>, \u0111\u00f3ng g\u00f3i c\u1ea9n th\u1eadn, \u0111\u1ea3m b\u1ea3o an to\u00e0n<\/p>\n<p>Th\u00e0nh M\u1ed9c HN \u2013 Chuy\u00ean cung c\u1ea5p M\u00e1y ti\u1ec7n, m\u00e1y phay, <strong>ph\u1ee5 ki\u1ec7n m\u00e1y ti\u1ec7n mini<\/strong>, m\u00e2m c\u1eb7p, luynet, \u1ee5 \u0111\u1ed9ng, m\u0169i ch\u1ed1ng t\u00e2m, \u0111\u00e8n led\u2026 \u0111\u1ea7y \u0111\u1ee7 linh ki\u1ec7n thay th\u1ebf cho <strong>WM210V, RC210E<\/strong>.<br \/>\nH\u1ed7 tr\u1ee3 t\u01b0 v\u1ea5n v\u00e0 b\u1ea3o h\u00e0nh t\u1eadn t\u00e2m<\/p>\n<p><strong>TH\u00c0NH M\u1ed8C HN \u2013 0865551688<\/strong><\/p>\n<p><strong>UY T\u00cdN CH\u1ea4T L\u01af\u1ee2NG S\u1ea2N PH\u1ea8M T\u1ea0O N\u00caN TH\u01af\u01a0NG HI\u1ec6U!<\/strong><\/td>\n<\/tr>\n<\/tbody>\n<\/table>\n","protected":false},"excerpt":{"rendered":"<h3>\ud83d\udccc <strong>TH\u00d4NG TIN S\u1ea2N PH\u1ea8M<\/strong><\/h3>\n<p>\u00b7\u00a0\u00a0\u00a0\u00a0\u00a0\u00a0\u00a0\u00a0 <strong>Model:<\/strong> MTB3-ER25<\/p>\n<p>\u00b7\u00a0\u00a0\u00a0\u00a0\u00a0\u00a0\u00a0\u00a0 <strong>\u1ee8ng d\u1ee5ng:<\/strong> D\u00f9ng \u0111\u1ec3 c\u1eb7p dao phay ng\u00f3n, m\u0169i khoan \u0111u\u00f4i tr\u1ee5, m\u0169i ta r\u00f4, m\u0169i doa&#8230;<br \/>\n\u2192 C\u1eb7p \u0111\u01b0\u1ee3c c\u00e1c k\u00edch th\u01b0\u1edbc <strong>t\u1eeb 1mm \u0111\u1ebfn 16mm<\/strong>, ph\u00f9 h\u1ee3p v\u1edbi nhi\u1ec1u d\u1ee5ng c\u1ee5 kh\u00e1c nhau, gi\u00fap <strong>gia c\u00f4ng ch\u00ednh x\u00e1c v\u00e0 linh ho\u1ea1t<\/strong>.<\/p>\n","protected":false},"featured_media":2481,"comment_status":"closed","ping_status":"closed","template":"","meta":{"_acf_changed":false},"product_brand":[],"product_cat":[84],"product_tag":[],"class_list":{"0":"post-2165","1":"product","2":"type-product","3":"status-publish","4":"has-post-thumbnail","6":"product_cat-may-phay-va-phu-kien","8":"first","9":"instock","10":"shipping-taxable","11":"purchasable","12":"product-type-simple"},"acf":[],"_links":{"self":[{"href":"https:\/\/thanhmochn.vn\/index.php?rest_route=\/wp\/v2\/product\/2165","targetHints":{"allow":["GET"]}}],"collection":[{"href":"https:\/\/thanhmochn.vn\/index.php?rest_route=\/wp\/v2\/product"}],"about":[{"href":"https:\/\/thanhmochn.vn\/index.php?rest_route=\/wp\/v2\/types\/product"}],"replies":[{"embeddable":true,"href":"https:\/\/thanhmochn.vn\/index.php?rest_route=%2Fwp%2Fv2%2Fcomments&post=2165"}],"wp:featuredmedia":[{"embeddable":true,"href":"https:\/\/thanhmochn.vn\/index.php?rest_route=\/wp\/v2\/media\/2481"}],"wp:attachment":[{"href":"https:\/\/thanhmochn.vn\/index.php?rest_route=%2Fwp%2Fv2%2Fmedia&parent=2165"}],"wp:term":[{"taxonomy":"product_brand","embeddable":true,"href":"https:\/\/thanhmochn.vn\/index.php?rest_route=%2Fwp%2Fv2%2Fproduct_brand&post=2165"},{"taxonomy":"product_cat","embeddable":true,"href":"https:\/\/thanhmochn.vn\/index.php?rest_route=%2Fwp%2Fv2%2Fproduct_cat&post=2165"},{"taxonomy":"product_tag","embeddable":true,"href":"https:\/\/thanhmochn.vn\/index.php?rest_route=%2Fwp%2Fv2%2Fproduct_tag&post=2165"}],"curies":[{"name":"wp","href":"https:\/\/api.w.org\/{rel}","templated":true}]}}