{"id":2163,"date":"2025-11-01T03:39:16","date_gmt":"2025-10-31T20:39:16","guid":{"rendered":"https:\/\/thanhmochn.vn\/?p=2163"},"modified":"2025-11-01T06:25:30","modified_gmt":"2025-10-31T23:25:30","slug":"dau-cap-mui-khoan-mt2-1-13mm-b16","status":"publish","type":"product","link":"https:\/\/thanhmochn.vn\/?product=dau-cap-mui-khoan-mt2-1-13mm-b16","title":{"rendered":"\u0110\u1ea7u C\u1eb7p M\u0169i Khoan MT2 1\u201313mm\/B16"},"content":{"rendered":"<h2 data-start=\"190\" data-end=\"270\">\ud83d\udd27 <strong data-start=\"196\" data-end=\"270\">\u0110\u1ea7u C\u1eb7p M\u0169i Khoan MT2\/1\u201313mm B16 \u2013 Ph\u1ee5 Ki\u1ec7n Gia C\u00f4ng Chu\u1ea9n X\u00e1c, B\u1ec1n B\u1ec9<\/strong><\/h2>\n<h3 data-start=\"272\" data-end=\"300\">\u2733\ufe0f <strong data-start=\"279\" data-end=\"298\">T\u00f3m T\u1eaft N\u1ed5i B\u1eadt<\/strong><\/h3>\n<p data-start=\"301\" data-end=\"655\">\u0110\u1ea7u c\u1eb7p m\u0169i khoan <strong data-start=\"319\" data-end=\"337\">MT2 B16\/1\u201313mm<\/strong> l\u00e0 ph\u1ee5 ki\u1ec7n thi\u1ebft y\u1ebfu cho <strong data-start=\"364\" data-end=\"400\">m\u00e1y ti\u1ec7n g\u1ed7 v\u00e0 m\u00e1y ti\u1ec7n kim lo\u1ea1i<\/strong>, gi\u00fap <strong data-start=\"407\" data-end=\"438\">c\u1ed1 \u0111\u1ecbnh m\u0169i khoan ch\u1eafc ch\u1eafn<\/strong>, \u0111\u1ea3m b\u1ea3o <strong data-start=\"448\" data-end=\"483\">\u0111\u1ed9 \u0111\u1ed3ng t\u00e2m v\u00e0 \u0111\u1ed9 ch\u00ednh x\u00e1c cao<\/strong> khi khoan ho\u1eb7c gia c\u00f4ng chi ti\u1ebft.<br data-start=\"517\" data-end=\"520\" \/>S\u1ea3n ph\u1ea9m \u0111\u01b0\u1ee3c <strong data-start=\"534\" data-end=\"567\">gia c\u00f4ng t\u1eeb th\u00e9p h\u1ee3p kim c\u1ee9ng<\/strong>, ch\u1ecbu m\u00e0i m\u00f2n t\u1ed1t, ph\u00f9 h\u1ee3p cho c\u1ea3 <strong data-start=\"602\" data-end=\"654\">ng\u01b0\u1eddi d\u00f9ng nghi\u1ec7p d\u01b0 v\u00e0 th\u1ee3 c\u01a1 kh\u00ed chuy\u00ean nghi\u1ec7p<\/strong>.<\/p>\n<hr data-start=\"657\" data-end=\"660\" \/>\n<h3 data-start=\"662\" data-end=\"683\">\ud83d\udccc <strong data-start=\"669\" data-end=\"681\">\u1ee8ng D\u1ee5ng<\/strong><\/h3>\n<ul data-start=\"684\" data-end=\"981\">\n<li data-start=\"684\" data-end=\"738\">\n<p data-start=\"686\" data-end=\"738\">L\u1eafp cho <strong data-start=\"694\" data-end=\"713\">\u1ee5 \u0111\u1ed9ng m\u00e1y ti\u1ec7n<\/strong> c\u00f3 <strong data-start=\"717\" data-end=\"735\">c\u00f4n s\u1ed1 2 (MT2)<\/strong>.<\/p>\n<\/li>\n<li data-start=\"739\" data-end=\"800\">\n<p data-start=\"741\" data-end=\"800\">Ph\u00f9 h\u1ee3p v\u1edbi c\u00e1c <strong data-start=\"757\" data-end=\"797\">m\u0169i khoan \u0111\u01b0\u1eddng k\u00ednh t\u1eeb 1mm \u0111\u1ebfn 13mm<\/strong>.<\/p>\n<\/li>\n<li data-start=\"801\" data-end=\"892\">\n<p data-start=\"803\" data-end=\"892\">D\u00f9ng tr\u00ean <strong data-start=\"813\" data-end=\"850\">m\u00e1y ti\u1ec7n, m\u00e1y khoan b\u00e0n, m\u00e1y phay<\/strong> ho\u1eb7c c\u00e1c thi\u1ebft b\u1ecb c\u00f3 chu\u1ea9n <strong data-start=\"878\" data-end=\"889\">c\u00f4n MT2<\/strong>.<\/p>\n<\/li>\n<li data-start=\"893\" data-end=\"981\">\n<p data-start=\"895\" data-end=\"981\">\u1ee8ng d\u1ee5ng trong <strong data-start=\"910\" data-end=\"957\">gia c\u00f4ng g\u1ed7, kim lo\u1ea1i, nh\u00f4m, \u0111\u1ed3ng, th\u00e9p m\u1ec1m<\/strong> v\u00e0 c\u00e1c v\u1eadt li\u1ec7u kh\u00e1c.<\/p>\n<\/li>\n<\/ul>\n<hr data-start=\"983\" data-end=\"986\" \/>\n<h3 data-start=\"988\" data-end=\"1015\">\u2705 <strong data-start=\"994\" data-end=\"1015\">Th\u00f4ng S\u1ed1 K\u1ef9 Thu\u1eadt<\/strong><\/h3>\n<div class=\"_tableContainer_1rjym_1\">\n<div class=\"group _tableWrapper_1rjym_13 flex w-fit flex-col-reverse\" tabindex=\"-1\">\n<table class=\"w-fit min-w-(--thread-content-width)\" data-start=\"1017\" data-end=\"1299\">\n<thead data-start=\"1017\" data-end=\"1047\">\n<tr data-start=\"1017\" data-end=\"1047\">\n<th data-start=\"1017\" data-end=\"1032\" data-col-size=\"sm\"><strong data-start=\"1019\" data-end=\"1031\">Th\u00f4ng S\u1ed1<\/strong><\/th>\n<th data-start=\"1032\" data-end=\"1047\" data-col-size=\"sm\"><strong data-start=\"1034\" data-end=\"1045\">Gi\u00e1 Tr\u1ecb<\/strong><\/th>\n<\/tr>\n<\/thead>\n<tbody data-start=\"1080\" data-end=\"1299\">\n<tr data-start=\"1080\" data-end=\"1118\">\n<td data-start=\"1080\" data-end=\"1092\" data-col-size=\"sm\">Chu\u1ea9n c\u00f4n<\/td>\n<td data-col-size=\"sm\" data-start=\"1092\" data-end=\"1118\">MT2 (Morse Taper s\u1ed1 2)<\/td>\n<\/tr>\n<tr data-start=\"1119\" data-end=\"1152\">\n<td data-start=\"1119\" data-end=\"1139\" data-col-size=\"sm\">\u0110\u1ea7u k\u1eb9p m\u0169i khoan<\/td>\n<td data-col-size=\"sm\" data-start=\"1139\" data-end=\"1152\">1 \u2013 13 mm<\/td>\n<\/tr>\n<tr data-start=\"1153\" data-end=\"1172\">\n<td data-start=\"1153\" data-end=\"1165\" data-col-size=\"sm\">Chu\u00f4i l\u1eafp<\/td>\n<td data-col-size=\"sm\" data-start=\"1165\" data-end=\"1172\">B16<\/td>\n<\/tr>\n<tr data-start=\"1173\" data-end=\"1224\">\n<td data-start=\"1173\" data-end=\"1185\" data-col-size=\"sm\">Ch\u1ea5t li\u1ec7u<\/td>\n<td data-col-size=\"sm\" data-start=\"1185\" data-end=\"1224\">Th\u00e9p h\u1ee3p kim cao c\u1ea5p, ch\u1ed1ng m\u00e0i m\u00f2n<\/td>\n<\/tr>\n<tr data-start=\"1225\" data-end=\"1255\">\n<td data-start=\"1225\" data-end=\"1238\" data-col-size=\"sm\">T\u00ecnh tr\u1ea1ng<\/td>\n<td data-start=\"1238\" data-end=\"1255\" data-col-size=\"sm\">H\u00e0ng m\u1edbi 100%<\/td>\n<\/tr>\n<tr data-start=\"1256\" data-end=\"1299\">\n<td data-start=\"1256\" data-end=\"1271\" data-col-size=\"sm\">\u0110\u1ed9 ch\u00ednh x\u00e1c<\/td>\n<td data-col-size=\"sm\" data-start=\"1271\" data-end=\"1299\">Cao, \u0111\u1ed9 \u0111\u1ed3ng t\u00e2m \u1ed5n \u0111\u1ecbnh<\/td>\n<\/tr>\n<\/tbody>\n<\/table>\n<\/div>\n<\/div>\n<hr data-start=\"1301\" data-end=\"1304\" \/>\n<h3 data-start=\"1306\" data-end=\"1334\">\u2699\ufe0f <strong data-start=\"1313\" data-end=\"1332\">\u01afu \u0110i\u1ec3m N\u1ed5i B\u1eadt<\/strong><\/h3>\n<ul data-start=\"1335\" data-end=\"1612\">\n<li data-start=\"1335\" data-end=\"1404\">\n<p data-start=\"1337\" data-end=\"1404\">\ud83d\udd29 <strong data-start=\"1340\" data-end=\"1367\">Gi\u1eef m\u0169i khoan ch\u1eafc ch\u1eafn<\/strong>, kh\u00f4ng tr\u01b0\u1ee3t khi khoan t\u1ed1c \u0111\u1ed9 cao.<\/p>\n<\/li>\n<li data-start=\"1405\" data-end=\"1475\">\n<p data-start=\"1407\" data-end=\"1475\">\u2699\ufe0f <strong data-start=\"1410\" data-end=\"1435\">T\u01b0\u01a1ng th\u00edch linh ho\u1ea1t<\/strong> v\u1edbi nhi\u1ec1u lo\u1ea1i m\u00e1y ti\u1ec7n v\u00e0 m\u00e1y khoan.<\/p>\n<\/li>\n<li data-start=\"1476\" data-end=\"1531\">\n<p data-start=\"1478\" data-end=\"1531\">\ud83d\udcaa <strong data-start=\"1481\" data-end=\"1506\">B\u1ec1n b\u1ec9 \u2013 ch\u1ecbu l\u1ef1c t\u1ed1t<\/strong>, tu\u1ed5i th\u1ecd s\u1eed d\u1ee5ng cao.<\/p>\n<\/li>\n<li data-start=\"1532\" data-end=\"1612\">\n<p data-start=\"1534\" data-end=\"1612\">\ud83e\uddf0 <strong data-start=\"1537\" data-end=\"1557\">L\u1eafp \u0111\u1eb7t \u0111\u01a1n gi\u1ea3n<\/strong>, thay th\u1ebf d\u1ec5 d\u00e0ng, ph\u00f9 h\u1ee3p v\u1edbi c\u1ea3 ng\u01b0\u1eddi m\u1edbi b\u1eaft \u0111\u1ea7u.<\/p>\n<\/li>\n<\/ul>\n<hr data-start=\"1614\" data-end=\"1617\" \/>\n<h3 data-start=\"1619\" data-end=\"1650\">\ud83d\udc8e <strong data-start=\"1626\" data-end=\"1648\">Cam K\u1ebft Ch\u1ea5t L\u01b0\u1ee3ng<\/strong><\/h3>\n<ul data-start=\"1651\" data-end=\"1884\">\n<li data-start=\"1651\" data-end=\"1727\">\n<p data-start=\"1653\" data-end=\"1727\">S\u1ea3n ph\u1ea9m <strong data-start=\"1662\" data-end=\"1697\">\u0111\u01b0\u1ee3c ki\u1ec3m tra k\u1ef9 tr\u01b0\u1edbc khi giao<\/strong>, \u0111\u1ea3m b\u1ea3o ho\u1ea1t \u0111\u1ed9ng \u1ed5n \u0111\u1ecbnh.<\/p>\n<\/li>\n<li data-start=\"1728\" data-end=\"1803\">\n<p data-start=\"1730\" data-end=\"1803\"><strong data-start=\"1730\" data-end=\"1763\">Kh\u00f4ng b\u00e1n h\u00e0ng k\u00e9m ch\u1ea5t l\u01b0\u1ee3ng<\/strong>, m\u00f4 t\u1ea3 <strong data-start=\"1771\" data-end=\"1800\">\u0111\u00fang v\u1edbi s\u1ea3n ph\u1ea9m th\u1ef1c t\u1ebf<\/strong>.<\/p>\n<\/li>\n<li data-start=\"1804\" data-end=\"1884\">\n<p data-start=\"1806\" data-end=\"1884\"><strong data-start=\"1806\" data-end=\"1832\">H\u1ed7 tr\u1ee3 t\u01b0 v\u1ea5n k\u1ef9 thu\u1eadt<\/strong> v\u00e0 h\u01b0\u1edbng d\u1eabn l\u1eafp \u0111\u1eb7t t\u1eadn t\u00ecnh cho kh\u00e1ch h\u00e0ng m\u1edbi.<\/p>\n<\/li>\n<\/ul>\n<hr data-start=\"1886\" data-end=\"1889\" \/>\n<p data-start=\"1891\" data-end=\"2117\"><strong data-start=\"1891\" data-end=\"1907\">Th\u00e0nh M\u1ed9c HN<\/strong> \u2013 Chuy\u00ean cung c\u1ea5p <strong data-start=\"1926\" data-end=\"2022\">m\u00e1y ti\u1ec7n, m\u00e1y phay, ph\u1ee5 ki\u1ec7n m\u00e1y ti\u1ec7n mini, m\u00e2m c\u1eb7p, luynet, \u1ee5 \u0111\u1ed9ng, m\u0169i ch\u1ed1ng t\u00e2m, \u0111\u00e8n LED\u2026<\/strong><br data-start=\"2022\" data-end=\"2025\" \/>\u0110\u1ea7y \u0111\u1ee7 linh ki\u1ec7n thay th\u1ebf cho <strong data-start=\"2055\" data-end=\"2073\">WM210V, RC210E<\/strong>.<br data-start=\"2074\" data-end=\"2077\" \/><strong data-start=\"2077\" data-end=\"2115\">H\u1ed7 tr\u1ee3 t\u01b0 v\u1ea5n v\u00e0 b\u1ea3o h\u00e0nh t\u1eadn t\u00e2m.<\/strong><\/p>\n<p data-start=\"2119\" data-end=\"2207\">\ud83d\udcde <strong data-start=\"2122\" data-end=\"2151\">TH\u00c0NH M\u1ed8C HN \u2013 0865551688<\/strong><br data-start=\"2151\" data-end=\"2154\" \/><strong data-start=\"2154\" data-end=\"2207\">UY T\u00cdN \u2013 CH\u1ea4T L\u01af\u1ee2NG S\u1ea2N PH\u1ea8M T\u1ea0O N\u00caN TH\u01af\u01a0NG HI\u1ec6U!<\/strong><\/p>\n","protected":false},"excerpt":{"rendered":"<h3 data-start=\"272\" data-end=\"300\">\u2733\ufe0f <strong data-start=\"279\" data-end=\"298\">T\u00f3m T\u1eaft N\u1ed5i B\u1eadt<\/strong><\/h3>\n<p data-start=\"301\" data-end=\"655\">\u0110\u1ea7u c\u1eb7p m\u0169i khoan <strong data-start=\"319\" data-end=\"337\">MT2 B16\/1\u201313mm<\/strong> l\u00e0 ph\u1ee5 ki\u1ec7n thi\u1ebft y\u1ebfu cho <strong data-start=\"364\" data-end=\"400\">m\u00e1y ti\u1ec7n g\u1ed7 v\u00e0 m\u00e1y ti\u1ec7n kim lo\u1ea1i<\/strong>, gi\u00fap <strong data-start=\"407\" data-end=\"438\">c\u1ed1 \u0111\u1ecbnh m\u0169i khoan ch\u1eafc ch\u1eafn<\/strong>, \u0111\u1ea3m b\u1ea3o <strong data-start=\"448\" data-end=\"483\">\u0111\u1ed9 \u0111\u1ed3ng t\u00e2m v\u00e0 \u0111\u1ed9 ch\u00ednh x\u00e1c cao<\/strong> khi khoan ho\u1eb7c gia c\u00f4ng chi ti\u1ebft.<br data-start=\"517\" data-end=\"520\" \/>S\u1ea3n ph\u1ea9m \u0111\u01b0\u1ee3c <strong data-start=\"534\" data-end=\"567\">gia c\u00f4ng t\u1eeb th\u00e9p h\u1ee3p kim c\u1ee9ng<\/strong>, ch\u1ecbu m\u00e0i m\u00f2n t\u1ed1t, ph\u00f9 h\u1ee3p cho c\u1ea3 <strong data-start=\"602\" data-end=\"654\">ng\u01b0\u1eddi d\u00f9ng nghi\u1ec7p d\u01b0 v\u00e0 th\u1ee3 c\u01a1 kh\u00ed chuy\u00ean nghi\u1ec7p<\/strong>.<\/p>\n","protected":false},"featured_media":0,"comment_status":"closed","ping_status":"closed","template":"","meta":{"_acf_changed":false},"product_brand":[],"product_cat":[86,85],"product_tag":[],"class_list":{"0":"post-2163","1":"product","2":"type-product","3":"status-publish","5":"product_cat-phu-kien-may-go","6":"product_cat-phu-kien-may-tien-kim-loai","8":"first","9":"instock","10":"shipping-taxable","11":"purchasable","12":"product-type-simple"},"acf":[],"_links":{"self":[{"href":"https:\/\/thanhmochn.vn\/index.php?rest_route=\/wp\/v2\/product\/2163","targetHints":{"allow":["GET"]}}],"collection":[{"href":"https:\/\/thanhmochn.vn\/index.php?rest_route=\/wp\/v2\/product"}],"about":[{"href":"https:\/\/thanhmochn.vn\/index.php?rest_route=\/wp\/v2\/types\/product"}],"replies":[{"embeddable":true,"href":"https:\/\/thanhmochn.vn\/index.php?rest_route=%2Fwp%2Fv2%2Fcomments&post=2163"}],"wp:attachment":[{"href":"https:\/\/thanhmochn.vn\/index.php?rest_route=%2Fwp%2Fv2%2Fmedia&parent=2163"}],"wp:term":[{"taxonomy":"product_brand","embeddable":true,"href":"https:\/\/thanhmochn.vn\/index.php?rest_route=%2Fwp%2Fv2%2Fproduct_brand&post=2163"},{"taxonomy":"product_cat","embeddable":true,"href":"https:\/\/thanhmochn.vn\/index.php?rest_route=%2Fwp%2Fv2%2Fproduct_cat&post=2163"},{"taxonomy":"product_tag","embeddable":true,"href":"https:\/\/thanhmochn.vn\/index.php?rest_route=%2Fwp%2Fv2%2Fproduct_tag&post=2163"}],"curies":[{"name":"wp","href":"https:\/\/api.w.org\/{rel}","templated":true}]}}