{"id":2162,"date":"2025-11-01T03:37:44","date_gmt":"2025-10-31T20:37:44","guid":{"rendered":"https:\/\/thanhmochn.vn\/?p=2162"},"modified":"2025-11-01T22:25:14","modified_gmt":"2025-11-01T15:25:14","slug":"bo-banh-rang-may-tien-wm210v","status":"publish","type":"product","link":"https:\/\/thanhmochn.vn\/?product=bo-banh-rang-may-tien-wm210v","title":{"rendered":"B\u1ed9 B\u00e1nh R\u0103ng M\u00e1y Ti\u1ec7n WM210V"},"content":{"rendered":"<table width=\"0\">\n<tbody>\n<tr>\n<td width=\"1064\">\n<h2 data-start=\"210\" data-end=\"288\">\u2699\ufe0f <strong data-start=\"216\" data-end=\"288\">B\u1ed9 B\u00e1nh R\u0103ng M\u00e1y Ti\u1ec7n WM210V \u2013 Ph\u1ee5 Ki\u1ec7n Ch\u00ednh H\u00e3ng, \u0110\u1ed9 Ch\u00ednh X\u00e1c Cao<\/strong><\/h2>\n<h3 data-start=\"290\" data-end=\"317\">\ud83d\udcd8 <strong data-start=\"297\" data-end=\"315\">M\u00f4 T\u1ea3 S\u1ea3n Ph\u1ea9m<\/strong><\/h3>\n<p data-start=\"318\" data-end=\"597\"><strong data-start=\"318\" data-end=\"350\">B\u1ed9 b\u00e1nh r\u0103ng m\u00e1y ti\u1ec7n WM210V<\/strong> l\u00e0 ph\u1ee5 ki\u1ec7n quan tr\u1ecdng d\u00f9ng \u0111\u1ec3 <strong data-start=\"382\" data-end=\"418\">truy\u1ec1n \u0111\u1ed9ng v\u00e0 thay \u0111\u1ed5i b\u01b0\u1edbc ren<\/strong> trong qu\u00e1 tr\u00ecnh ti\u1ec7n ren h\u1ec7 m\u00e9t.<br data-start=\"451\" data-end=\"454\" \/>S\u1ea3n ph\u1ea9m \u0111\u01b0\u1ee3c <strong data-start=\"468\" data-end=\"494\">gia c\u00f4ng ch\u00ednh x\u00e1c cao<\/strong>, \u0111\u1ea3m b\u1ea3o kh\u1edbp ho\u00e0n h\u1ea3o v\u1edbi tr\u1ee5c truy\u1ec1n \u0111\u1ed9ng, gi\u00fap m\u00e1y ti\u1ec7n <strong data-start=\"554\" data-end=\"594\">v\u1eadn h\u00e0nh \u00eam \u00e1i, \u1ed5n \u0111\u1ecbnh v\u00e0 ch\u00ednh x\u00e1c<\/strong>.<\/p>\n<p data-start=\"599\" data-end=\"714\">Ph\u00f9 h\u1ee3p cho <strong data-start=\"611\" data-end=\"656\">m\u00e1y ti\u1ec7n mini WM210V, RC210, WM180, WM250<\/strong> v\u00e0 c\u00e1c d\u00f2ng m\u00e1y ti\u1ec7n c\u00f3 c\u01a1 c\u1ea5u truy\u1ec1n \u0111\u1ed9ng t\u01b0\u01a1ng \u0111\u01b0\u01a1ng.<\/p>\n<hr data-start=\"716\" data-end=\"719\" \/>\n<h3 data-start=\"721\" data-end=\"751\">\ud83d\udccf <strong data-start=\"728\" data-end=\"749\">Th\u00f4ng S\u1ed1 K\u1ef9 Thu\u1eadt<\/strong><\/h3>\n<ul data-start=\"752\" data-end=\"1181\">\n<li data-start=\"752\" data-end=\"809\">\n<p data-start=\"754\" data-end=\"809\"><strong data-start=\"754\" data-end=\"776\">Model t\u01b0\u01a1ng th\u00edch:<\/strong> WM210V \/ RC210 \/ WM180 \/ WM250<\/p>\n<\/li>\n<li data-start=\"810\" data-end=\"873\">\n<p data-start=\"812\" data-end=\"873\"><strong data-start=\"812\" data-end=\"826\">Ch\u1ea5t li\u1ec7u:<\/strong> Th\u00e9p h\u1ee3p kim \/ nh\u1ef1a k\u1ef9 thu\u1eadt (t\u00f9y phi\u00ean b\u1ea3n)<\/p>\n<\/li>\n<li data-start=\"874\" data-end=\"936\">\n<p data-start=\"876\" data-end=\"936\"><strong data-start=\"876\" data-end=\"899\">\u0110\u01b0\u1eddng k\u00ednh l\u1ed7 tr\u1ee5c:<\/strong> Chu\u1ea9n theo tr\u1ee5c truy\u1ec1n \u0111\u1ed9ng WM210V<\/p>\n<\/li>\n<li data-start=\"937\" data-end=\"1028\">\n<p data-start=\"939\" data-end=\"1028\"><strong data-start=\"939\" data-end=\"956\">S\u1ed1 r\u0103ng b\u00e1nh:<\/strong> 20T, 30T, 35T, 40T, 45T, 50T, 55T, 60T, 65T, 70T, 75T, 80T <em data-start=\"1016\" data-end=\"1026\">(t\u00f9y b\u1ed9)<\/em><\/p>\n<\/li>\n<li data-start=\"1029\" data-end=\"1107\">\n<p data-start=\"1031\" data-end=\"1107\"><strong data-start=\"1031\" data-end=\"1045\">Ch\u1ee9c n\u0103ng:<\/strong> Thay \u0111\u1ed5i t\u1ec9 s\u1ed1 truy\u1ec1n \u0111\u1ec3 ti\u1ec7n ren h\u1ec7 m\u00e9t t\u1eeb <strong data-start=\"1090\" data-end=\"1105\">0.5mm \u2013 3mm<\/strong><\/p>\n<\/li>\n<li data-start=\"1108\" data-end=\"1181\">\n<p data-start=\"1110\" data-end=\"1181\"><strong data-start=\"1110\" data-end=\"1125\">T\u00ecnh tr\u1ea1ng:<\/strong> H\u00e0ng m\u1edbi 100%, l\u1eafp v\u1eeba kh\u00edt, kh\u00f4ng c\u1ea7n ch\u1ec9nh s\u1eeda th\u00eam<\/p>\n<\/li>\n<\/ul>\n<hr data-start=\"1183\" data-end=\"1186\" \/>\n<h3 data-start=\"1188\" data-end=\"1216\">\ud83d\udc8e <strong data-start=\"1195\" data-end=\"1214\">\u01afu \u0110i\u1ec3m N\u1ed5i B\u1eadt<\/strong><\/h3>\n<ul data-start=\"1217\" data-end=\"1475\">\n<li data-start=\"1217\" data-end=\"1278\">\n<p data-start=\"1219\" data-end=\"1278\">\ud83d\udd29 <strong data-start=\"1222\" data-end=\"1244\">Gia c\u00f4ng chu\u1ea9n x\u00e1c<\/strong>, \u0111\u1ea3m b\u1ea3o \u0111\u1ed9 kh\u1edbp v\u00e0 \u0111\u1ed9 b\u1ec1n cao.<\/p>\n<\/li>\n<li data-start=\"1279\" data-end=\"1337\">\n<p data-start=\"1281\" data-end=\"1337\">\u2699\ufe0f <strong data-start=\"1284\" data-end=\"1306\">Thay th\u1ebf linh ho\u1ea1t<\/strong>, d\u1ec5 d\u00e0ng l\u1eafp \u0111\u1eb7t v\u00e0 b\u1ea3o tr\u00ec.<\/p>\n<\/li>\n<li data-start=\"1338\" data-end=\"1397\">\n<p data-start=\"1340\" data-end=\"1397\">\ud83d\udcaa <strong data-start=\"1343\" data-end=\"1361\">V\u1eadn h\u00e0nh \u00eam \u00e1i<\/strong>, gi\u1ea3m ti\u1ebfng \u1ed3n khi m\u00e1y ho\u1ea1t \u0111\u1ed9ng.<\/p>\n<\/li>\n<li data-start=\"1398\" data-end=\"1475\">\n<p data-start=\"1400\" data-end=\"1475\">\ud83d\udd27 <strong data-start=\"1403\" data-end=\"1424\">T\u01b0\u01a1ng th\u00edch chu\u1ea9n<\/strong>, thay th\u1ebf tr\u1ef1c ti\u1ebfp cho b\u1ed9 b\u00e1nh r\u0103ng g\u1ed1c WM210V.<\/p>\n<\/li>\n<\/ul>\n<hr data-start=\"1477\" data-end=\"1480\" \/>\n<h3 data-start=\"1482\" data-end=\"1504\">\ud83d\udee0\ufe0f <strong data-start=\"1490\" data-end=\"1502\">\u1ee8ng D\u1ee5ng<\/strong><\/h3>\n<ul data-start=\"1505\" data-end=\"1700\">\n<li data-start=\"1505\" data-end=\"1558\">\n<p data-start=\"1507\" data-end=\"1558\">D\u00f9ng \u0111\u1ec3 <strong data-start=\"1515\" data-end=\"1534\">ti\u1ec7n ren h\u1ec7 M\u00e9t<\/strong> tr\u00ean m\u00e1y ti\u1ec7n WM210V.<\/p>\n<\/li>\n<li data-start=\"1559\" data-end=\"1619\">\n<p data-start=\"1561\" data-end=\"1619\">Thay th\u1ebf khi b\u00e1nh r\u0103ng g\u1ed1c b\u1ecb <strong data-start=\"1591\" data-end=\"1616\">m\u00f2n, g\u00e3y ho\u1eb7c m\u1ebb r\u0103ng<\/strong>.<\/p>\n<\/li>\n<li data-start=\"1620\" data-end=\"1700\">\n<p data-start=\"1622\" data-end=\"1700\">Ph\u00f9 h\u1ee3p cho <strong data-start=\"1634\" data-end=\"1697\">x\u01b0\u1edfng c\u01a1 kh\u00ed, ng\u01b0\u1eddi h\u1ecdc ngh\u1ec1, DIY v\u00e0 s\u1eeda ch\u1eefa m\u00e1y ti\u1ec7n mini<\/strong>.<\/p>\n<\/li>\n<\/ul>\n<hr data-start=\"1702\" data-end=\"1705\" \/>\n<h3 data-start=\"1707\" data-end=\"1738\">\ud83d\udc8e <strong data-start=\"1714\" data-end=\"1736\">Cam K\u1ebft Ch\u1ea5t L\u01b0\u1ee3ng<\/strong><\/h3>\n<ul data-start=\"1739\" data-end=\"1931\">\n<li data-start=\"1739\" data-end=\"1802\">\n<p data-start=\"1741\" data-end=\"1802\">H\u00e0ng <strong data-start=\"1746\" data-end=\"1771\">ch\u00ednh h\u00e3ng \u2013 m\u1edbi 100%<\/strong>, ki\u1ec3m tra k\u1ef9 tr\u01b0\u1edbc khi giao.<\/p>\n<\/li>\n<li data-start=\"1803\" data-end=\"1865\">\n<p data-start=\"1805\" data-end=\"1865\"><strong data-start=\"1805\" data-end=\"1833\">T\u01b0 v\u1ea5n k\u1ef9 thu\u1eadt mi\u1ec5n ph\u00ed<\/strong>, h\u01b0\u1edbng d\u1eabn thay th\u1ebf t\u1eadn t\u00ecnh.<\/p>\n<\/li>\n<li data-start=\"1866\" data-end=\"1931\">\n<p data-start=\"1868\" data-end=\"1931\"><strong data-start=\"1868\" data-end=\"1891\">Giao h\u00e0ng to\u00e0n qu\u1ed1c<\/strong>, \u0111\u00f3ng g\u00f3i ch\u1eafc ch\u1eafn, \u0111\u1ea3m b\u1ea3o an to\u00e0n.<\/p>\n<\/li>\n<\/ul>\n<hr data-start=\"1933\" data-end=\"1936\" \/>\n<p data-start=\"1938\" data-end=\"2132\"><strong data-start=\"1938\" data-end=\"1967\">TH\u00c0NH M\u1ed8C HN \u2013 0865551688<\/strong><br data-start=\"1967\" data-end=\"1970\" \/>Chuy\u00ean cung c\u1ea5p <strong data-start=\"1986\" data-end=\"2076\">m\u00e1y ti\u1ec7n, m\u00e1y phay, ph\u1ee5 ki\u1ec7n m\u00e1y ti\u1ec7n mini, m\u00e2m c\u1eb7p, luynet, \u1ee5 \u0111\u1ed9ng, \u0111\u1ea7u k\u1eb9p, \u0111\u00e8n LED\u2026<\/strong><br data-start=\"2076\" data-end=\"2079\" \/><strong data-start=\"2079\" data-end=\"2132\">UY T\u00cdN \u2013 CH\u1ea4T L\u01af\u1ee2NG S\u1ea2N PH\u1ea8M T\u1ea0O N\u00caN TH\u01af\u01a0NG HI\u1ec6U!<\/strong><\/p>\n<p>&nbsp;<\/td>\n<\/tr>\n<\/tbody>\n<\/table>\n<p>&nbsp;<\/p>\n","protected":false},"excerpt":{"rendered":"<h3 data-start=\"290\" data-end=\"317\">\ud83d\udcd8 <strong data-start=\"297\" data-end=\"315\">M\u00f4 T\u1ea3 S\u1ea3n Ph\u1ea9m<\/strong><\/h3>\n<p data-start=\"318\" data-end=\"597\"><strong data-start=\"318\" data-end=\"350\">B\u1ed9 b\u00e1nh r\u0103ng m\u00e1y ti\u1ec7n WM210V<\/strong> l\u00e0 ph\u1ee5 ki\u1ec7n quan tr\u1ecdng d\u00f9ng \u0111\u1ec3 <strong data-start=\"382\" data-end=\"418\">truy\u1ec1n \u0111\u1ed9ng v\u00e0 thay \u0111\u1ed5i b\u01b0\u1edbc ren<\/strong> trong qu\u00e1 tr\u00ecnh ti\u1ec7n ren h\u1ec7 m\u00e9t.<br data-start=\"451\" data-end=\"454\" \/>S\u1ea3n ph\u1ea9m \u0111\u01b0\u1ee3c <strong data-start=\"468\" data-end=\"494\">gia c\u00f4ng ch\u00ednh x\u00e1c cao<\/strong>, \u0111\u1ea3m b\u1ea3o kh\u1edbp ho\u00e0n h\u1ea3o v\u1edbi tr\u1ee5c truy\u1ec1n \u0111\u1ed9ng, gi\u00fap m\u00e1y ti\u1ec7n <strong data-start=\"554\" data-end=\"594\">v\u1eadn h\u00e0nh \u00eam \u00e1i, \u1ed5n \u0111\u1ecbnh v\u00e0 ch\u00ednh x\u00e1c<\/strong>.<\/p>\n<p data-start=\"599\" data-end=\"714\">Ph\u00f9 h\u1ee3p cho <strong data-start=\"611\" data-end=\"656\">m\u00e1y ti\u1ec7n mini WM210V, RC210, WM180, WM250<\/strong> v\u00e0 c\u00e1c d\u00f2ng m\u00e1y ti\u1ec7n c\u00f3 c\u01a1 c\u1ea5u truy\u1ec1n \u0111\u1ed9ng t\u01b0\u01a1ng \u0111\u01b0\u01a1ng.<\/p>\n","protected":false},"featured_media":2280,"comment_status":"closed","ping_status":"closed","template":"","meta":{"_acf_changed":false},"product_brand":[],"product_cat":[85],"product_tag":[],"class_list":{"0":"post-2162","1":"product","2":"type-product","3":"status-publish","4":"has-post-thumbnail","6":"product_cat-phu-kien-may-tien-kim-loai","8":"first","9":"instock","10":"shipping-taxable","11":"purchasable","12":"product-type-simple"},"acf":[],"_links":{"self":[{"href":"https:\/\/thanhmochn.vn\/index.php?rest_route=\/wp\/v2\/product\/2162","targetHints":{"allow":["GET"]}}],"collection":[{"href":"https:\/\/thanhmochn.vn\/index.php?rest_route=\/wp\/v2\/product"}],"about":[{"href":"https:\/\/thanhmochn.vn\/index.php?rest_route=\/wp\/v2\/types\/product"}],"replies":[{"embeddable":true,"href":"https:\/\/thanhmochn.vn\/index.php?rest_route=%2Fwp%2Fv2%2Fcomments&post=2162"}],"wp:featuredmedia":[{"embeddable":true,"href":"https:\/\/thanhmochn.vn\/index.php?rest_route=\/wp\/v2\/media\/2280"}],"wp:attachment":[{"href":"https:\/\/thanhmochn.vn\/index.php?rest_route=%2Fwp%2Fv2%2Fmedia&parent=2162"}],"wp:term":[{"taxonomy":"product_brand","embeddable":true,"href":"https:\/\/thanhmochn.vn\/index.php?rest_route=%2Fwp%2Fv2%2Fproduct_brand&post=2162"},{"taxonomy":"product_cat","embeddable":true,"href":"https:\/\/thanhmochn.vn\/index.php?rest_route=%2Fwp%2Fv2%2Fproduct_cat&post=2162"},{"taxonomy":"product_tag","embeddable":true,"href":"https:\/\/thanhmochn.vn\/index.php?rest_route=%2Fwp%2Fv2%2Fproduct_tag&post=2162"}],"curies":[{"name":"wp","href":"https:\/\/api.w.org\/{rel}","templated":true}]}}