{"id":2161,"date":"2025-11-01T03:36:25","date_gmt":"2025-10-31T20:36:25","guid":{"rendered":"https:\/\/thanhmochn.vn\/?p=2161"},"modified":"2025-11-01T06:28:51","modified_gmt":"2025-10-31T23:28:51","slug":"dau-cap-mui-khoan-phay-apu16-mt3","status":"publish","type":"product","link":"https:\/\/thanhmochn.vn\/?product=dau-cap-mui-khoan-phay-apu16-mt3","title":{"rendered":"\u0110\u1ea7u C\u1eb7p M\u0169i Khoan Phay APU16-MT3"},"content":{"rendered":"<table width=\"0\">\n<tbody>\n<tr>\n<td width=\"1064\">\n<h2 data-start=\"197\" data-end=\"305\">\ud83d\udd29 <strong data-start=\"203\" data-end=\"305\">\u0110\u1ea7u C\u1eb7p M\u0169i Khoan Phay APU16-MT3 \u2013 K\u1eb9p Ch\u1eafc, \u0110\u1ed3ng T\u00e2m Cao, D\u00e0nh Cho M\u00e1y Phay &amp; M\u00e1y Khoan Ch\u00ednh X\u00e1c<\/strong><\/h2>\n<h3 data-start=\"307\" data-end=\"334\">\ud83d\udcd8 <strong data-start=\"314\" data-end=\"332\">M\u00f4 T\u1ea3 S\u1ea3n Ph\u1ea9m<\/strong><\/h3>\n<p data-start=\"335\" data-end=\"648\"><strong data-start=\"335\" data-end=\"371\">\u0110\u1ea7u c\u1eb7p m\u0169i khoan phay APU16-MT3<\/strong> l\u00e0 ph\u1ee5 ki\u1ec7n chuy\u00ean d\u1ee5ng cho m\u00e1y phay v\u00e0 m\u00e1y khoan b\u00e0n, \u0111\u01b0\u1ee3c thi\u1ebft k\u1ebf \u0111\u1ec3 <strong data-start=\"444\" data-end=\"490\">c\u1eb7p ch\u1eb7t m\u0169i khoan, m\u0169i doa, dao phay ng\u00f3n<\/strong> v\u1edbi \u0111\u1ed9 ch\u00ednh x\u00e1c cao.<br data-start=\"512\" data-end=\"515\" \/>S\u1ea3n ph\u1ea9m k\u1ebft h\u1ee3p <strong data-start=\"532\" data-end=\"548\">\u0111u\u00f4i c\u00f4n MT3<\/strong> v\u00e0 <strong data-start=\"552\" data-end=\"577\">\u0111\u1ea7u c\u1eb7p APU16 t\u1ef1 si\u1ebft<\/strong>, gi\u00fap thao t\u00e1c nhanh, gi\u1eef m\u0169i ch\u1eafc ch\u1eafn m\u00e0 kh\u00f4ng c\u1ea7n th\u00eam kh\u00f3a si\u1ebft.<\/p>\n<p data-start=\"650\" data-end=\"857\">V\u1edbi <strong data-start=\"654\" data-end=\"673\">\u0111\u1ed9 \u0111\u1ed3ng t\u00e2m cao<\/strong>, <strong data-start=\"675\" data-end=\"701\">kh\u1ea3 n\u0103ng gi\u1ea3m rung t\u1ed1t<\/strong>, v\u00e0 <strong data-start=\"706\" data-end=\"740\">ch\u1ea5t li\u1ec7u th\u00e9p h\u1ee3p kim cao c\u1ea5p<\/strong>, \u0111\u1ea7u c\u1eb7p APU16-MT3 l\u00e0 l\u1ef1a ch\u1ecdn t\u1ed1i \u01b0u cho <strong data-start=\"783\" data-end=\"854\">x\u01b0\u1edfng c\u01a1 kh\u00ed ch\u00ednh x\u00e1c, tr\u01b0\u1eddng h\u1ecdc ngh\u1ec1 v\u00e0 ng\u01b0\u1eddi d\u00f9ng chuy\u00ean nghi\u1ec7p<\/strong>.<\/p>\n<hr data-start=\"859\" data-end=\"862\" \/>\n<h3 data-start=\"864\" data-end=\"892\">\ud83d\udccf <strong data-start=\"871\" data-end=\"892\">Th\u00f4ng S\u1ed1 K\u1ef9 Thu\u1eadt<\/strong><\/h3>\n<div class=\"_tableContainer_1rjym_1\">\n<div class=\"group _tableWrapper_1rjym_13 flex w-fit flex-col-reverse\" tabindex=\"-1\">\n<table class=\"w-fit min-w-(--thread-content-width)\" data-start=\"894\" data-end=\"1341\">\n<thead data-start=\"894\" data-end=\"924\">\n<tr data-start=\"894\" data-end=\"924\">\n<th data-start=\"894\" data-end=\"909\" data-col-size=\"sm\"><strong data-start=\"896\" data-end=\"908\">Th\u00f4ng S\u1ed1<\/strong><\/th>\n<th data-start=\"909\" data-end=\"924\" data-col-size=\"md\"><strong data-start=\"911\" data-end=\"922\">Gi\u00e1 Tr\u1ecb<\/strong><\/th>\n<\/tr>\n<\/thead>\n<tbody data-start=\"957\" data-end=\"1341\">\n<tr data-start=\"957\" data-end=\"978\">\n<td data-start=\"957\" data-end=\"965\" data-col-size=\"sm\">Model<\/td>\n<td data-col-size=\"md\" data-start=\"965\" data-end=\"978\">APU16-MT3<\/td>\n<\/tr>\n<tr data-start=\"979\" data-end=\"1016\">\n<td data-start=\"979\" data-end=\"990\" data-col-size=\"sm\">Lo\u1ea1i c\u00f4n<\/td>\n<td data-col-size=\"md\" data-start=\"990\" data-end=\"1016\">MT3 (Morse Taper s\u1ed1 3)<\/td>\n<\/tr>\n<tr data-start=\"1017\" data-end=\"1044\">\n<td data-start=\"1017\" data-end=\"1031\" data-col-size=\"sm\">Ph\u1ea1m vi k\u1eb9p<\/td>\n<td data-start=\"1031\" data-end=\"1044\" data-col-size=\"md\">1 \u2013 16 mm<\/td>\n<\/tr>\n<tr data-start=\"1045\" data-end=\"1084\">\n<td data-start=\"1045\" data-end=\"1056\" data-col-size=\"sm\">Ki\u1ec3u k\u1eb9p<\/td>\n<td data-col-size=\"md\" data-start=\"1056\" data-end=\"1084\">T\u1ef1 si\u1ebft (kh\u00f4ng c\u1ea7n ch\u00eca)<\/td>\n<\/tr>\n<tr data-start=\"1085\" data-end=\"1112\">\n<td data-start=\"1085\" data-end=\"1099\" data-col-size=\"sm\">\u0110\u1ed9 \u0111\u1ed3ng t\u00e2m<\/td>\n<td data-col-size=\"md\" data-start=\"1099\" data-end=\"1112\">\u2264 0.02 mm<\/td>\n<\/tr>\n<tr data-start=\"1113\" data-end=\"1164\">\n<td data-start=\"1113\" data-end=\"1124\" data-col-size=\"sm\">V\u1eadt li\u1ec7u<\/td>\n<td data-col-size=\"md\" data-start=\"1124\" data-end=\"1164\">Th\u00e9p h\u1ee3p kim t\u00f4i c\u1ee9ng, ch\u1ed1ng m\u00e0i m\u00f2n<\/td>\n<\/tr>\n<tr data-start=\"1165\" data-end=\"1210\">\n<td data-start=\"1165\" data-end=\"1174\" data-col-size=\"sm\">B\u1ec1 m\u1eb7t<\/td>\n<td data-start=\"1174\" data-end=\"1210\" data-col-size=\"md\">M\u1ea1 ch\u1ed1ng g\u1ec9, ho\u00e0n thi\u1ec7n tinh x\u1ea3o<\/td>\n<\/tr>\n<tr data-start=\"1211\" data-end=\"1273\">\n<td data-start=\"1211\" data-end=\"1222\" data-col-size=\"sm\">\u1ee8ng d\u1ee5ng<\/td>\n<td data-start=\"1222\" data-end=\"1273\" data-col-size=\"md\">M\u00e1y khoan, m\u00e1y phay, m\u00e1y ti\u1ec7n c\u00f3 tr\u1ee5c ch\u00ednh MT3<\/td>\n<\/tr>\n<tr data-start=\"1274\" data-end=\"1341\">\n<td data-start=\"1274\" data-end=\"1287\" data-col-size=\"sm\">T\u00ecnh tr\u1ea1ng<\/td>\n<td data-col-size=\"md\" data-start=\"1287\" data-end=\"1341\">H\u00e0ng m\u1edbi 100%, ki\u1ec3m \u0111\u1ecbnh ch\u1ea5t l\u01b0\u1ee3ng tr\u01b0\u1edbc khi giao<\/td>\n<\/tr>\n<\/tbody>\n<\/table>\n<\/div>\n<\/div>\n<hr data-start=\"1343\" data-end=\"1346\" \/>\n<h3 data-start=\"1348\" data-end=\"1376\">\ud83d\udc8e <strong data-start=\"1355\" data-end=\"1374\">\u01afu \u0110i\u1ec3m N\u1ed5i B\u1eadt<\/strong><\/h3>\n<ul data-start=\"1377\" data-end=\"1770\">\n<li data-start=\"1377\" data-end=\"1467\">\n<p data-start=\"1379\" data-end=\"1467\">\ud83d\udd29 <strong data-start=\"1382\" data-end=\"1417\">K\u1eb9p ch\u1eafc ch\u1eafn, \u0111\u1ed9 ch\u00ednh x\u00e1c cao<\/strong> \u2013 \u0111\u1ea3m b\u1ea3o m\u0169i khoan, dao phay v\u1eadn h\u00e0nh \u1ed5n \u0111\u1ecbnh.<\/p>\n<\/li>\n<li data-start=\"1468\" data-end=\"1536\">\n<p data-start=\"1470\" data-end=\"1536\">\u2699\ufe0f <strong data-start=\"1473\" data-end=\"1495\">T\u1ef1 si\u1ebft th\u00f4ng minh<\/strong> \u2013 thao t\u00e1c nhanh, kh\u00f4ng c\u1ea7n d\u00f9ng ch\u00eca.<\/p>\n<\/li>\n<li data-start=\"1537\" data-end=\"1607\">\n<p data-start=\"1539\" data-end=\"1607\">\ud83d\udcaa <strong data-start=\"1542\" data-end=\"1571\">Ch\u1ecbu t\u1ea3i v\u00e0 ch\u1ecbu rung t\u1ed1t<\/strong> \u2013 gi\u1eef \u1ed5n \u0111\u1ecbnh khi c\u1eaft t\u1ed1c \u0111\u1ed9 cao.<\/p>\n<\/li>\n<li data-start=\"1608\" data-end=\"1695\">\n<p data-start=\"1610\" data-end=\"1695\">\ud83e\uddf0 <strong data-start=\"1613\" data-end=\"1633\">T\u01b0\u01a1ng th\u00edch r\u1ed9ng<\/strong> \u2013 d\u00f9ng \u0111\u01b0\u1ee3c cho m\u00e1y phay, m\u00e1y khoan v\u00e0 m\u00e1y ti\u1ec7n c\u00f3 c\u00f4n MT3.<\/p>\n<\/li>\n<li data-start=\"1696\" data-end=\"1770\">\n<p data-start=\"1698\" data-end=\"1770\">\ud83d\udd27 <strong data-start=\"1701\" data-end=\"1715\">\u0110\u1ed9 b\u1ec1n cao<\/strong> \u2013 th\u00e9p h\u1ee3p kim x\u1eed l\u00fd nhi\u1ec7t, ch\u1ed1ng g\u1ec9 s\u00e9t v\u00e0 m\u00e0i m\u00f2n.<\/p>\n<\/li>\n<\/ul>\n<hr data-start=\"1772\" data-end=\"1775\" \/>\n<h3 data-start=\"1777\" data-end=\"1807\">\ud83d\udee0\ufe0f <strong data-start=\"1785\" data-end=\"1805\">\u1ee8ng D\u1ee5ng Th\u1ef1c T\u1ebf<\/strong><\/h3>\n<ul data-start=\"1808\" data-end=\"2065\">\n<li data-start=\"1808\" data-end=\"1886\">\n<p data-start=\"1810\" data-end=\"1886\">C\u1eb7p dao phay ng\u00f3n, m\u0169i khoan, m\u0169i doa trong <strong data-start=\"1854\" data-end=\"1883\">gia c\u00f4ng c\u01a1 kh\u00ed ch\u00ednh x\u00e1c<\/strong>.<\/p>\n<\/li>\n<li data-start=\"1887\" data-end=\"1983\">\n<p data-start=\"1889\" data-end=\"1983\">D\u00f9ng trong <strong data-start=\"1900\" data-end=\"1932\">x\u01b0\u1edfng phay, khoan, ti\u1ec7n mini<\/strong> ho\u1eb7c <strong data-start=\"1938\" data-end=\"1980\">m\u00e1y khoan b\u00e0n, m\u00e1y phay ZX7025, ZX7032<\/strong>.<\/p>\n<\/li>\n<li data-start=\"1984\" data-end=\"2065\">\n<p data-start=\"1986\" data-end=\"2065\">Ph\u00f9 h\u1ee3p cho <strong data-start=\"1998\" data-end=\"2062\">th\u1ee3 c\u01a1 kh\u00ed chuy\u00ean nghi\u1ec7p, ng\u01b0\u1eddi h\u1ecdc ngh\u1ec1, DIY ch\u1ebf t\u1ea1o c\u01a1 kh\u00ed<\/strong>.<\/p>\n<\/li>\n<\/ul>\n<hr data-start=\"2067\" data-end=\"2070\" \/>\n<h3 data-start=\"2072\" data-end=\"2103\">\ud83d\udc8e <strong data-start=\"2079\" data-end=\"2101\">Cam K\u1ebft Ch\u1ea5t L\u01b0\u1ee3ng<\/strong><\/h3>\n<ul data-start=\"2104\" data-end=\"2366\">\n<li data-start=\"2104\" data-end=\"2177\">\n<p data-start=\"2106\" data-end=\"2177\">H\u00e0ng <strong data-start=\"2111\" data-end=\"2136\">ch\u00ednh h\u00e3ng \u2013 m\u1edbi 100%<\/strong>, <strong data-start=\"2138\" data-end=\"2174\">ki\u1ec3m tra \u0111\u1ed3ng t\u00e2m tr\u01b0\u1edbc khi giao<\/strong>.<\/p>\n<\/li>\n<li data-start=\"2178\" data-end=\"2218\">\n<p data-start=\"2180\" data-end=\"2218\"><strong data-start=\"2180\" data-end=\"2215\">Kh\u00f4ng b\u00e1n h\u00e0ng nh\u00e1i \u2013 sai m\u00f4 t\u1ea3<\/strong>.<\/p>\n<\/li>\n<li data-start=\"2219\" data-end=\"2299\">\n<p data-start=\"2221\" data-end=\"2299\"><strong data-start=\"2221\" data-end=\"2249\">T\u01b0 v\u1ea5n k\u1ef9 thu\u1eadt mi\u1ec5n ph\u00ed<\/strong>, h\u1ed7 tr\u1ee3 ch\u1ecdn \u0111\u1ea7u c\u1eb7p ph\u00f9 h\u1ee3p v\u1edbi m\u00e1y v\u00e0 dao c\u1ee5.<\/p>\n<\/li>\n<li data-start=\"2300\" data-end=\"2366\">\n<p data-start=\"2302\" data-end=\"2366\"><strong data-start=\"2302\" data-end=\"2325\">Giao h\u00e0ng to\u00e0n qu\u1ed1c<\/strong>, \u0111\u00f3ng g\u00f3i c\u1ea9n th\u1eadn, an to\u00e0n tuy\u1ec7t \u0111\u1ed1i.<\/p>\n<\/li>\n<\/ul>\n<hr data-start=\"2368\" data-end=\"2371\" \/>\n<p data-start=\"2373\" data-end=\"2559\"><strong data-start=\"2373\" data-end=\"2402\">TH\u00c0NH M\u1ed8C HN \u2013 0865551688<\/strong><br data-start=\"2402\" data-end=\"2405\" \/>Chuy\u00ean cung c\u1ea5p <strong data-start=\"2421\" data-end=\"2503\">m\u00e1y ti\u1ec7n, m\u00e1y phay, ph\u1ee5 ki\u1ec7n m\u00e1y ti\u1ec7n mini, m\u00e2m c\u1eb7p, \u1ee5 \u0111\u1ed9ng, \u0111\u1ea7u k\u1eb9p, \u0111\u00e8n LED\u2026<\/strong><br data-start=\"2503\" data-end=\"2506\" \/><strong data-start=\"2506\" data-end=\"2559\">UY T\u00cdN \u2013 CH\u1ea4T L\u01af\u1ee2NG S\u1ea2N PH\u1ea8M T\u1ea0O N\u00caN TH\u01af\u01a0NG HI\u1ec6U!<\/strong><\/p>\n<p>&nbsp;<\/td>\n<\/tr>\n<\/tbody>\n<\/table>\n","protected":false},"excerpt":{"rendered":"<h3 data-start=\"307\" data-end=\"334\">\ud83d\udcd8 <strong data-start=\"314\" data-end=\"332\">M\u00f4 T\u1ea3 S\u1ea3n Ph\u1ea9m<\/strong><\/h3>\n<p data-start=\"335\" data-end=\"648\"><strong data-start=\"335\" data-end=\"371\">\u0110\u1ea7u c\u1eb7p m\u0169i khoan phay APU16-MT3<\/strong> l\u00e0 ph\u1ee5 ki\u1ec7n chuy\u00ean d\u1ee5ng cho m\u00e1y phay v\u00e0 m\u00e1y khoan b\u00e0n, \u0111\u01b0\u1ee3c thi\u1ebft k\u1ebf \u0111\u1ec3 <strong data-start=\"444\" data-end=\"490\">c\u1eb7p ch\u1eb7t m\u0169i khoan, m\u0169i doa, dao phay ng\u00f3n<\/strong> v\u1edbi \u0111\u1ed9 ch\u00ednh x\u00e1c cao.<br data-start=\"512\" data-end=\"515\" \/>S\u1ea3n ph\u1ea9m k\u1ebft h\u1ee3p <strong data-start=\"532\" data-end=\"548\">\u0111u\u00f4i c\u00f4n MT3<\/strong> v\u00e0 <strong data-start=\"552\" data-end=\"577\">\u0111\u1ea7u c\u1eb7p APU16 t\u1ef1 si\u1ebft<\/strong>, gi\u00fap thao t\u00e1c nhanh, gi\u1eef m\u0169i ch\u1eafc ch\u1eafn m\u00e0 kh\u00f4ng c\u1ea7n th\u00eam kh\u00f3a si\u1ebft.<\/p>\n<p data-start=\"650\" data-end=\"857\">V\u1edbi <strong data-start=\"654\" data-end=\"673\">\u0111\u1ed9 \u0111\u1ed3ng t\u00e2m cao<\/strong>, <strong data-start=\"675\" data-end=\"701\">kh\u1ea3 n\u0103ng gi\u1ea3m rung t\u1ed1t<\/strong>, v\u00e0 <strong data-start=\"706\" data-end=\"740\">ch\u1ea5t li\u1ec7u th\u00e9p h\u1ee3p kim cao c\u1ea5p<\/strong>, \u0111\u1ea7u c\u1eb7p APU16-MT3 l\u00e0 l\u1ef1a ch\u1ecdn t\u1ed1i \u01b0u cho <strong data-start=\"783\" data-end=\"854\">x\u01b0\u1edfng c\u01a1 kh\u00ed ch\u00ednh x\u00e1c, tr\u01b0\u1eddng h\u1ecdc ngh\u1ec1 v\u00e0 ng\u01b0\u1eddi d\u00f9ng chuy\u00ean nghi\u1ec7p<\/strong>.<\/p>\n","protected":false},"featured_media":0,"comment_status":"closed","ping_status":"closed","template":"","meta":{"_acf_changed":false},"product_brand":[],"product_cat":[84],"product_tag":[],"class_list":{"0":"post-2161","1":"product","2":"type-product","3":"status-publish","5":"product_cat-may-phay-va-phu-kien","7":"first","8":"instock","9":"shipping-taxable","10":"purchasable","11":"product-type-simple"},"acf":[],"_links":{"self":[{"href":"https:\/\/thanhmochn.vn\/index.php?rest_route=\/wp\/v2\/product\/2161","targetHints":{"allow":["GET"]}}],"collection":[{"href":"https:\/\/thanhmochn.vn\/index.php?rest_route=\/wp\/v2\/product"}],"about":[{"href":"https:\/\/thanhmochn.vn\/index.php?rest_route=\/wp\/v2\/types\/product"}],"replies":[{"embeddable":true,"href":"https:\/\/thanhmochn.vn\/index.php?rest_route=%2Fwp%2Fv2%2Fcomments&post=2161"}],"wp:attachment":[{"href":"https:\/\/thanhmochn.vn\/index.php?rest_route=%2Fwp%2Fv2%2Fmedia&parent=2161"}],"wp:term":[{"taxonomy":"product_brand","embeddable":true,"href":"https:\/\/thanhmochn.vn\/index.php?rest_route=%2Fwp%2Fv2%2Fproduct_brand&post=2161"},{"taxonomy":"product_cat","embeddable":true,"href":"https:\/\/thanhmochn.vn\/index.php?rest_route=%2Fwp%2Fv2%2Fproduct_cat&post=2161"},{"taxonomy":"product_tag","embeddable":true,"href":"https:\/\/thanhmochn.vn\/index.php?rest_route=%2Fwp%2Fv2%2Fproduct_tag&post=2161"}],"curies":[{"name":"wp","href":"https:\/\/api.w.org\/{rel}","templated":true}]}}