{"id":2159,"date":"2025-11-01T03:33:28","date_gmt":"2025-10-31T20:33:28","guid":{"rendered":"https:\/\/thanhmochn.vn\/?p=2159"},"modified":"2025-11-01T22:36:10","modified_gmt":"2025-11-01T15:36:10","slug":"den-led-de-tu-anh-sang-trang-12w-25","status":"publish","type":"product","link":"https:\/\/thanhmochn.vn\/?product=den-led-de-tu-anh-sang-trang-12w-25","title":{"rendered":"\u0110\u00e8n LED \u0111\u1ebf t\u1eeb 12W\u201325 b\u00f3ng \u00e1nh s\u00e1ng tr\u1eafng"},"content":{"rendered":"<table width=\"0\">\n<tbody>\n<tr>\n<td width=\"1064\">\n<h3>\ud83d\udca1 <strong>\u0110\u00e8n LED \u0111\u1ebf t\u1eeb \u00e1nh s\u00e1ng tr\u1eafng 12W \u2013 25 b\u00f3ng si\u00eau s\u00e1ng, b\u00e1m ch\u1eafc, d\u1ec5 \u0111i\u1ec1u ch\u1ec9nh<\/strong><\/h3>\n<p>\u0110\u00e8n LED \u0111\u1ebf t\u1eeb 12W \u00e1nh s\u00e1ng tr\u1eafng, 25 b\u00f3ng si\u00eau s\u00e1ng, \u0111\u1ebf nam ch\u00e2m l\u1ef1c h\u00fat m\u1ea1nh \u2013 <strong>chi\u1ebfu s\u00e1ng r\u00f5 n\u00e9t, b\u00e1m ch\u1eafc b\u1ec1 m\u1eb7t kim lo\u1ea1i<\/strong>, ph\u00f9 h\u1ee3p cho <strong>m\u00e1y ti\u1ec7n, x\u01b0\u1edfng c\u01a1 kh\u00ed, b\u00e0n l\u00e0m vi\u1ec7c<\/strong>.<\/p>\n<h3>\ud83d\udd27 <strong>M\u00f4 t\u1ea3 s\u1ea3n ph\u1ea9m<\/strong><\/h3>\n<p>\u0110\u00e8n LED \u0111\u1ebf t\u1eeb \u00e1nh s\u00e1ng tr\u1eafng 12W \u2013 25 b\u00f3ng l\u00e0 <strong>thi\u1ebft b\u1ecb chi\u1ebfu s\u00e1ng chuy\u00ean d\u1ee5ng<\/strong> cho m\u00f4i tr\u01b0\u1eddng c\u01a1 kh\u00ed v\u00e0 x\u01b0\u1edfng s\u1ea3n xu\u1ea5t.<br \/>\nV\u1edbi <strong>\u0111\u1ebf nam ch\u00e2m t\u1eeb l\u1ef1c h\u00fat m\u1ea1nh<\/strong>, \u0111\u00e8n d\u1ec5 d\u00e0ng b\u00e1m ch\u1eafc tr\u00ean c\u00e1c b\u1ec1 m\u1eb7t kim lo\u1ea1i nh\u01b0 b\u00e0n ti\u1ec7n, khung m\u00e1y, ho\u1eb7c v\u1ecf t\u1ee7 \u0111i\u1ec7n, gi\u00fap ng\u01b0\u1eddi d\u00f9ng linh ho\u1ea1t \u0111i\u1ec1u ch\u1ec9nh h\u01b0\u1edbng s\u00e1ng m\u00e0 kh\u00f4ng c\u1ea7n khoan c\u1ed1 \u0111\u1ecbnh.<\/p>\n<h3>\u2699\ufe0f <strong>Th\u00f4ng s\u1ed1 k\u1ef9 thu\u1eadt<\/strong><\/h3>\n<p>\u00b7\u00a0\u00a0\u00a0\u00a0\u00a0\u00a0\u00a0\u00a0 <strong>C\u00f4ng su\u1ea5t:<\/strong> 12W<\/p>\n<p>\u00b7\u00a0\u00a0\u00a0\u00a0\u00a0\u00a0\u00a0\u00a0 <strong>S\u1ed1 b\u00f3ng LED:<\/strong> 25 b\u00f3ng \u00e1nh s\u00e1ng tr\u1eafng<\/p>\n<p>\u00b7\u00a0\u00a0\u00a0\u00a0\u00a0\u00a0\u00a0\u00a0 <strong>\u0110i\u1ec7n \u00e1p:<\/strong> 220V<\/p>\n<p>\u00b7\u00a0\u00a0\u00a0\u00a0\u00a0\u00a0\u00a0\u00a0 <strong>Chi\u1ec1u d\u00e0i th\u00e2n \u0111\u00e8n:<\/strong> 30cm \u2013 d\u1ec5 xoay, \u0111i\u1ec1u ch\u1ec9nh h\u01b0\u1edbng chi\u1ebfu s\u00e1ng<\/p>\n<p>\u00b7\u00a0\u00a0\u00a0\u00a0\u00a0\u00a0\u00a0\u00a0 <strong>\u0110\u1ebf t\u1eeb:<\/strong> Nam ch\u00e2m l\u1ef1c h\u00fat m\u1ea1nh, b\u00e1m ch\u1eafc b\u1ec1 m\u1eb7t s\u1eaft th\u00e9p<\/p>\n<p>\u00b7\u00a0\u00a0\u00a0\u00a0\u00a0\u00a0\u00a0\u00a0 <strong>Chi\u1ec1u d\u00e0i d\u00e2y \u0111i\u1ec7n:<\/strong> 130cm<\/p>\n<h3>\ud83c\udf1f <strong>\u01afu \u0111i\u1ec3m n\u1ed5i b\u1eadt<\/strong><\/h3>\n<p>\u00b7\u00a0\u00a0\u00a0\u00a0\u00a0\u00a0\u00a0\u00a0 <strong>\u00c1nh s\u00e1ng m\u1ea1nh &amp; r\u00f5 n\u00e9t:<\/strong> 25 b\u00f3ng LED cho \u00e1nh s\u00e1ng tr\u1eafng t\u1ef1 nhi\u00ean, kh\u00f4ng ch\u00f3i, gi\u00fap quan s\u00e1t chi ti\u1ebft khi l\u00e0m vi\u1ec7c.<\/p>\n<p>\u00b7\u00a0\u00a0\u00a0\u00a0\u00a0\u00a0\u00a0\u00a0 <strong>Ti\u1ebft ki\u1ec7m \u0111i\u1ec7n, b\u1ec1n b\u1ec9:<\/strong> C\u00f4ng ngh\u1ec7 LED tu\u1ed5i th\u1ecd cao, ti\u1ebft ki\u1ec7m n\u0103ng l\u01b0\u1ee3ng so v\u1edbi \u0111\u00e8n halogen truy\u1ec1n th\u1ed1ng.<\/p>\n<p>\u00b7\u00a0\u00a0\u00a0\u00a0\u00a0\u00a0\u00a0\u00a0 <strong>Thi\u1ebft k\u1ebf linh ho\u1ea1t:<\/strong> Th\u00e2n \u0111\u00e8n xoay linh ho\u1ea1t, \u0111i\u1ec1u ch\u1ec9nh d\u1ec5 d\u00e0ng theo h\u01b0\u1edbng mong mu\u1ed1n.<\/p>\n<p>\u00b7\u00a0\u00a0\u00a0\u00a0\u00a0\u00a0\u00a0\u00a0 <strong>\u0110\u1ebf t\u1eeb ti\u1ec7n d\u1ee5ng:<\/strong> H\u00fat ch\u1eb7t tr\u00ean b\u1ec1 m\u1eb7t kim lo\u1ea1i, kh\u00f4ng c\u1ea7n v\u00edt hay khoan, d\u1ec5 di chuy\u1ec3n v\u00e0 c\u1ed1 \u0111\u1ecbnh l\u1ea1i.<\/p>\n<p>\u00b7\u00a0\u00a0\u00a0\u00a0\u00a0\u00a0\u00a0\u00a0 <strong>An to\u00e0n &amp; ti\u1ec7n l\u1ee3i:<\/strong> V\u1ecf c\u00e1ch \u0111i\u1ec7n t\u1ed1t, d\u00e2y d\u1eabn ch\u1eafc ch\u1eafn, \u0111\u1ea3m b\u1ea3o an to\u00e0n trong m\u00f4i tr\u01b0\u1eddng l\u00e0m vi\u1ec7c.<\/p>\n<h3>\ud83e\uddf0 <strong>\u1ee8ng d\u1ee5ng th\u1ef1c t\u1ebf<\/strong><\/h3>\n<p>\u00b7\u00a0\u00a0\u00a0\u00a0\u00a0\u00a0\u00a0\u00a0 Chi\u1ebfu s\u00e1ng cho <strong>m\u00e1y ti\u1ec7n, m\u00e1y phay, m\u00e1y khoan, b\u00e0n gia c\u00f4ng c\u01a1 kh\u00ed.<\/strong><\/p>\n<p>\u00b7\u00a0\u00a0\u00a0\u00a0\u00a0\u00a0\u00a0\u00a0 D\u00f9ng t\u1ea1i <strong>x\u01b0\u1edfng s\u1eeda ch\u1eefa, x\u01b0\u1edfng s\u1ea3n xu\u1ea5t, ph\u00f2ng k\u1ef9 thu\u1eadt ho\u1eb7c b\u00e0n thao t\u00e1c.<\/strong><\/p>\n<p>\u00b7\u00a0\u00a0\u00a0\u00a0\u00a0\u00a0\u00a0\u00a0 Th\u00edch h\u1ee3p cho ng\u01b0\u1eddi <strong>l\u00e0m DIY, c\u01a1 kh\u00ed gia \u0111\u00ecnh<\/strong>, c\u1ea7n \u00e1nh s\u00e1ng t\u1eadp trung v\u00e0 linh ho\u1ea1t.<\/p>\n<h3>\u2705 <strong>Cam k\u1ebft ch\u1ea5t l\u01b0\u1ee3ng<\/strong><\/h3>\n<p>\u00b7\u00a0\u00a0\u00a0\u00a0\u00a0\u00a0\u00a0\u00a0 S\u1ea3n ph\u1ea9m <strong>m\u1edbi 100%<\/strong>, ki\u1ec3m tra k\u1ef9 tr\u01b0\u1edbc khi giao.<\/p>\n<p>\u00b7\u00a0\u00a0\u00a0\u00a0\u00a0\u00a0\u00a0\u00a0 <strong>\u0110\u00fang c\u00f4ng su\u1ea5t \u2013 \u0111\u00fang s\u1ed1 b\u00f3ng \u2013 \u0111\u00fang \u0111\u1ed9 s\u00e1ng<\/strong> nh\u01b0 m\u00f4 t\u1ea3.<\/p>\n<p>Th\u00e0nh M\u1ed9c HN \u2013 Chuy\u00ean cung c\u1ea5p M\u00e1y ti\u1ec7n, m\u00e1y phay, <strong>ph\u1ee5 ki\u1ec7n m\u00e1y ti\u1ec7n mini<\/strong>, m\u00e2m c\u1eb7p, luynet, \u1ee5 \u0111\u1ed9ng, m\u0169i ch\u1ed1ng t\u00e2m, \u0111\u00e8n led\u2026 \u0111\u1ea7y \u0111\u1ee7 linh ki\u1ec7n thay th\u1ebf cho <strong>WM210V, RC210E<\/strong>.<br \/>\nH\u1ed7 tr\u1ee3 t\u01b0 v\u1ea5n v\u00e0 b\u1ea3o h\u00e0nh t\u1eadn t\u00e2m<\/p>\n<p><strong>TH\u00c0NH M\u1ed8C HN \u2013 0865551688<\/strong><\/p>\n<p><strong>UY T\u00cdN CH\u1ea4T L\u01af\u1ee2NG S\u1ea2N PH\u1ea8M T\u1ea0O N\u00caN TH\u01af\u01a0NG HI\u1ec6U!<\/strong><\/p>\n<p>&nbsp;<\/td>\n<\/tr>\n<\/tbody>\n<\/table>\n","protected":false},"excerpt":{"rendered":"<table width=\"0\">\n<tbody>\n<tr>\n<td width=\"1064\">\n<h3>\ud83d\udd27 <strong>M\u00f4 t\u1ea3 s\u1ea3n ph\u1ea9m<\/strong><\/h3>\n<p>\u0110\u00e8n LED \u0111\u1ebf t\u1eeb \u00e1nh s\u00e1ng tr\u1eafng 12W \u2013 25 b\u00f3ng l\u00e0 <strong>thi\u1ebft b\u1ecb chi\u1ebfu s\u00e1ng chuy\u00ean d\u1ee5ng<\/strong> cho m\u00f4i tr\u01b0\u1eddng c\u01a1 kh\u00ed v\u00e0 x\u01b0\u1edfng s\u1ea3n xu\u1ea5t.<br \/>\nV\u1edbi <strong>\u0111\u1ebf nam ch\u00e2m t\u1eeb l\u1ef1c h\u00fat m\u1ea1nh<\/strong>, \u0111\u00e8n d\u1ec5 d\u00e0ng b\u00e1m ch\u1eafc tr\u00ean c\u00e1c b\u1ec1 m\u1eb7t kim lo\u1ea1i nh\u01b0 b\u00e0n ti\u1ec7n, khung m\u00e1y, ho\u1eb7c v\u1ecf t\u1ee7 \u0111i\u1ec7n, gi\u00fap ng\u01b0\u1eddi d\u00f9ng linh ho\u1ea1t \u0111i\u1ec1u ch\u1ec9nh h\u01b0\u1edbng s\u00e1ng m\u00e0 kh\u00f4ng c\u1ea7n khoan c\u1ed1 \u0111\u1ecbnh.<\/td>\n<\/tr>\n<\/tbody>\n<\/table>\n","protected":false},"featured_media":2286,"comment_status":"closed","ping_status":"closed","template":"","meta":{"_acf_changed":false},"product_brand":[],"product_cat":[86,85],"product_tag":[],"class_list":{"0":"post-2159","1":"product","2":"type-product","3":"status-publish","4":"has-post-thumbnail","6":"product_cat-phu-kien-may-go","7":"product_cat-phu-kien-may-tien-kim-loai","9":"first","10":"instock","11":"shipping-taxable","12":"purchasable","13":"product-type-simple"},"acf":[],"_links":{"self":[{"href":"https:\/\/thanhmochn.vn\/index.php?rest_route=\/wp\/v2\/product\/2159","targetHints":{"allow":["GET"]}}],"collection":[{"href":"https:\/\/thanhmochn.vn\/index.php?rest_route=\/wp\/v2\/product"}],"about":[{"href":"https:\/\/thanhmochn.vn\/index.php?rest_route=\/wp\/v2\/types\/product"}],"replies":[{"embeddable":true,"href":"https:\/\/thanhmochn.vn\/index.php?rest_route=%2Fwp%2Fv2%2Fcomments&post=2159"}],"wp:featuredmedia":[{"embeddable":true,"href":"https:\/\/thanhmochn.vn\/index.php?rest_route=\/wp\/v2\/media\/2286"}],"wp:attachment":[{"href":"https:\/\/thanhmochn.vn\/index.php?rest_route=%2Fwp%2Fv2%2Fmedia&parent=2159"}],"wp:term":[{"taxonomy":"product_brand","embeddable":true,"href":"https:\/\/thanhmochn.vn\/index.php?rest_route=%2Fwp%2Fv2%2Fproduct_brand&post=2159"},{"taxonomy":"product_cat","embeddable":true,"href":"https:\/\/thanhmochn.vn\/index.php?rest_route=%2Fwp%2Fv2%2Fproduct_cat&post=2159"},{"taxonomy":"product_tag","embeddable":true,"href":"https:\/\/thanhmochn.vn\/index.php?rest_route=%2Fwp%2Fv2%2Fproduct_tag&post=2159"}],"curies":[{"name":"wp","href":"https:\/\/api.w.org\/{rel}","templated":true}]}}