{"id":2158,"date":"2025-11-01T03:32:11","date_gmt":"2025-10-31T20:32:11","guid":{"rendered":"https:\/\/thanhmochn.vn\/?p=2158"},"modified":"2025-11-01T22:30:17","modified_gmt":"2025-11-01T15:30:17","slug":"luynet-may-tien-wm210v-rc210e","status":"publish","type":"product","link":"https:\/\/thanhmochn.vn\/?product=luynet-may-tien-wm210v-rc210e","title":{"rendered":"Luynet M\u00e1y Ti\u1ec7n WM210V\/RC210E"},"content":{"rendered":"<table width=\"0\">\n<tbody>\n<tr>\n<td width=\"1064\">\n<h3>\ud83d\udd29 <strong>Luynet ch\u1ed1ng t\u00e2m cho m\u00e1y ti\u1ec7n mini WM210V \/ RC210E \u2014 Gi\u00fap ti\u1ec7n ph\u00f4i d\u00e0i \u1ed5n \u0111\u1ecbnh, ch\u00ednh x\u00e1c h\u01a1n<\/strong><\/h3>\n<p>Luynet chuy\u00ean d\u1ee5ng cho m\u00e1y ti\u1ec7n mini WM210V v\u00e0 RC210E, gi\u00fap <strong>ch\u1ed1ng cong v\u00eanh khi ti\u1ec7n chi ti\u1ebft d\u00e0i<\/strong>, t\u0103ng <strong>\u0111\u1ed9 ch\u00ednh x\u00e1c v\u00e0 \u0111\u1ed9 \u1ed5n \u0111\u1ecbnh<\/strong> c\u1ee7a ph\u00f4i. Thi\u1ebft k\u1ebf ch\u1eafc ch\u1eafn, d\u1ec5 \u0111i\u1ec1u ch\u1ec9nh, ph\u00f9 h\u1ee3p x\u01b0\u1edfng c\u01a1 kh\u00ed v\u00e0 ng\u01b0\u1eddi d\u00f9ng DIY.<\/p>\n<h3>\ud83e\uddf0 <strong>M\u00f4 t\u1ea3 s\u1ea3n ph\u1ea9m<\/strong><\/h3>\n<p>Luynet l\u00e0 ph\u1ee5 ki\u1ec7n kh\u00f4ng th\u1ec3 thi\u1ebfu trong qu\u00e1 tr\u00ecnh ti\u1ec7n c\u00e1c chi ti\u1ebft d\u00e0i tr\u00ean m\u00e1y ti\u1ec7n mini. S\u1ea3n ph\u1ea9m gi\u00fap c\u1ed1 \u0111\u1ecbnh v\u00e0 \u0111\u1ee1 ph\u1ea7n gi\u1eefa c\u1ee7a ph\u00f4i, h\u1ea1n ch\u1ebf cong v\u00eanh v\u00e0 rung l\u1eafc, \u0111\u1ea3m b\u1ea3o \u0111\u1ed9 ch\u00ednh x\u00e1c cao khi gia c\u00f4ng.<br \/>\nPh\u00f9 h\u1ee3p s\u1eed d\u1ee5ng cho <strong>c\u00e1c d\u00f2ng m\u00e1y ti\u1ec7n mini ph\u1ed5 bi\u1ebfn nh\u01b0 WM210V, RC210E<\/strong>.<\/p>\n<h3>\u2699\ufe0f <strong>C\u00f4ng d\u1ee5ng ch\u00ednh<\/strong><\/h3>\n<p>\u00b7\u00a0\u00a0\u00a0\u00a0\u00a0\u00a0\u00a0\u00a0 <strong>Ch\u1ed1ng cong v\u00eanh ph\u00f4i:<\/strong> \u0110\u1ee1 chi ti\u1ebft \u1edf gi\u1eefa, gi\u1eef th\u1eb3ng tr\u1ee5c trong su\u1ed1t qu\u00e1 tr\u00ecnh ti\u1ec7n.<\/p>\n<p>\u00b7\u00a0\u00a0\u00a0\u00a0\u00a0\u00a0\u00a0\u00a0 <strong>T\u0103ng \u0111\u1ed9 \u1ed5n \u0111\u1ecbnh:<\/strong> Gi\u1ea3m rung \u0111\u1ed9ng, gi\u00fap \u0111\u01b0\u1eddng ti\u1ec7n m\u1ecbn v\u00e0 ch\u00ednh x\u00e1c h\u01a1n.<\/p>\n<p>\u00b7\u00a0\u00a0\u00a0\u00a0\u00a0\u00a0\u00a0\u00a0 <strong>B\u1ea3o v\u1ec7 m\u00e1y v\u00e0 dao ti\u1ec7n:<\/strong> Gi\u1ea3m t\u1ea3i cho m\u00e2m c\u1eb7p v\u00e0 \u1ee5 sau, k\u00e9o d\u00e0i tu\u1ed5i th\u1ecd thi\u1ebft b\u1ecb.<\/p>\n<h3>\ud83c\udf1f <strong>\u01afu \u0111i\u1ec3m n\u1ed5i b\u1eadt<\/strong><\/h3>\n<p>\u00b7\u00a0\u00a0\u00a0\u00a0\u00a0\u00a0\u00a0\u00a0 <strong>Thi\u1ebft k\u1ebf ti\u00eau chu\u1ea9n:<\/strong> L\u1eafp v\u1eeba kh\u00edt m\u00e1y ti\u1ec7n mini WM210V \/ RC210E.<\/p>\n<p>\u00b7\u00a0\u00a0\u00a0\u00a0\u00a0\u00a0\u00a0\u00a0 <strong>Ch\u1ea5t li\u1ec7u b\u1ec1n b\u1ec9:<\/strong> Gia c\u00f4ng t\u1eeb <strong>h\u1ee3p kim th\u00e9p ho\u1eb7c gang \u0111\u00fac<\/strong> ch\u1eafc ch\u1eafn, ch\u1ecbu l\u1ef1c t\u1ed1t.<\/p>\n<p>\u00b7\u00a0\u00a0\u00a0\u00a0\u00a0\u00a0\u00a0\u00a0 <strong>D\u1ec5 s\u1eed d\u1ee5ng:<\/strong> C\u00f3 th\u1ec3 <strong>\u0111i\u1ec1u ch\u1ec9nh linh ho\u1ea1t<\/strong> theo \u0111\u01b0\u1eddng k\u00ednh ph\u00f4i kh\u00e1c nhau.<\/p>\n<p>\u00b7\u00a0\u00a0\u00a0\u00a0\u00a0\u00a0\u00a0\u00a0 <strong>Gia c\u00f4ng ch\u00ednh x\u00e1c:<\/strong> Gi\u00fap ti\u1ec7n c\u00e1c chi ti\u1ebft d\u00e0i, m\u1ea3nh m\u00e0 v\u1eabn \u0111\u1ea3m b\u1ea3o \u0111\u1ed3ng t\u00e2m.<\/p>\n<h3>\ud83d\udd27 <strong>\u1ee8ng d\u1ee5ng th\u1ef1c t\u1ebf<\/strong><\/h3>\n<p>\u00b7\u00a0\u00a0\u00a0\u00a0\u00a0\u00a0\u00a0\u00a0 D\u00f9ng trong <strong>ti\u1ec7n tr\u1ee5c d\u00e0i, tr\u1ee5c ren, tr\u1ee5c truy\u1ec1n, chi ti\u1ebft m\u1ea3nh<\/strong>.<\/p>\n<p>\u00b7\u00a0\u00a0\u00a0\u00a0\u00a0\u00a0\u00a0\u00a0 Ph\u00f9 h\u1ee3p cho <strong>x\u01b0\u1edfng c\u01a1 kh\u00ed, ch\u1ebf t\u1ea1o m\u00e1y, s\u1eeda ch\u1eefa thi\u1ebft b\u1ecb<\/strong>, ho\u1eb7c <strong>ng\u01b0\u1eddi d\u00f9ng c\u00e1 nh\u00e2n l\u00e0m DIY c\u01a1 kh\u00ed t\u1ea1i nh\u00e0<\/strong>.<\/p>\n<h3>\u2705 <strong>Cam k\u1ebft ch\u1ea5t l\u01b0\u1ee3ng<\/strong><\/h3>\n<p>\u00b7\u00a0\u00a0\u00a0\u00a0\u00a0\u00a0\u00a0\u00a0 S\u1ea3n ph\u1ea9m <strong>m\u1edbi 100%<\/strong>, <strong>\u0111\u00fang chu\u1ea9n k\u00edch th\u01b0\u1edbc m\u00e1y WM210V \/ RC210E<\/strong>.<\/p>\n<p>\u00b7\u00a0\u00a0\u00a0\u00a0\u00a0\u00a0\u00a0\u00a0 <strong>Ki\u1ec3m tra k\u1ef9 l\u01b0\u1ee1ng<\/strong> tr\u01b0\u1edbc khi giao h\u00e0ng.<\/p>\n<p>\u00b7\u00a0\u00a0\u00a0\u00a0\u00a0\u00a0\u00a0\u00a0 <strong>\u0110\u1ea3m b\u1ea3o m\u00f4 t\u1ea3 \u0111\u00fang th\u1ef1c t\u1ebf<\/strong>, \u0111\u00fang ch\u1ea5t l\u01b0\u1ee3ng, \u0111\u00fang gi\u00e1 tr\u1ecb s\u1eed d\u1ee5ng.<\/p>\n<p>Th\u00e0nh M\u1ed9c HN \u2013 Chuy\u00ean cung c\u1ea5p M\u00e1y ti\u1ec7n, m\u00e1y phay, <strong>ph\u1ee5 ki\u1ec7n m\u00e1y ti\u1ec7n mini<\/strong>, m\u00e2m c\u1eb7p, luynet, \u1ee5 \u0111\u1ed9ng, m\u0169i ch\u1ed1ng t\u00e2m, \u0111\u00e8n led\u2026 \u0111\u1ea7y \u0111\u1ee7 linh ki\u1ec7n thay th\u1ebf cho <strong>WM210V, RC210E<\/strong>.<br \/>\nH\u1ed7 tr\u1ee3 t\u01b0 v\u1ea5n v\u00e0 b\u1ea3o h\u00e0nh t\u1eadn t\u00e2m<\/p>\n<p><strong>TH\u00c0NH M\u1ed8C HN \u2013 0865551688<\/strong><\/p>\n<p><strong>UY T\u00cdN CH\u1ea4T L\u01af\u1ee2NG S\u1ea2N PH\u1ea8M T\u1ea0O N\u00caN TH\u01af\u01a0NG HI\u1ec6U!<\/strong><\/p>\n<p>&nbsp;<\/td>\n<\/tr>\n<\/tbody>\n<\/table>\n","protected":false},"excerpt":{"rendered":"<h3>\ud83e\uddf0 <strong>M\u00f4 t\u1ea3 s\u1ea3n ph\u1ea9m<\/strong><\/h3>\n<p>Luynet l\u00e0 ph\u1ee5 ki\u1ec7n kh\u00f4ng th\u1ec3 thi\u1ebfu trong qu\u00e1 tr\u00ecnh ti\u1ec7n c\u00e1c chi ti\u1ebft d\u00e0i tr\u00ean m\u00e1y ti\u1ec7n mini. S\u1ea3n ph\u1ea9m gi\u00fap c\u1ed1 \u0111\u1ecbnh v\u00e0 \u0111\u1ee1 ph\u1ea7n gi\u1eefa c\u1ee7a ph\u00f4i, h\u1ea1n ch\u1ebf cong v\u00eanh v\u00e0 rung l\u1eafc, \u0111\u1ea3m b\u1ea3o \u0111\u1ed9 ch\u00ednh x\u00e1c cao khi gia c\u00f4ng.<br \/>\nPh\u00f9 h\u1ee3p s\u1eed d\u1ee5ng cho <strong>c\u00e1c d\u00f2ng m\u00e1y ti\u1ec7n mini ph\u1ed5 bi\u1ebfn nh\u01b0 WM210V, RC210E<\/strong>.<\/p>\n","protected":false},"featured_media":2293,"comment_status":"closed","ping_status":"closed","template":"","meta":{"_acf_changed":false},"product_brand":[],"product_cat":[85],"product_tag":[],"class_list":{"0":"post-2158","1":"product","2":"type-product","3":"status-publish","4":"has-post-thumbnail","6":"product_cat-phu-kien-may-tien-kim-loai","8":"first","9":"instock","10":"shipping-taxable","11":"purchasable","12":"product-type-simple"},"acf":[],"_links":{"self":[{"href":"https:\/\/thanhmochn.vn\/index.php?rest_route=\/wp\/v2\/product\/2158","targetHints":{"allow":["GET"]}}],"collection":[{"href":"https:\/\/thanhmochn.vn\/index.php?rest_route=\/wp\/v2\/product"}],"about":[{"href":"https:\/\/thanhmochn.vn\/index.php?rest_route=\/wp\/v2\/types\/product"}],"replies":[{"embeddable":true,"href":"https:\/\/thanhmochn.vn\/index.php?rest_route=%2Fwp%2Fv2%2Fcomments&post=2158"}],"wp:featuredmedia":[{"embeddable":true,"href":"https:\/\/thanhmochn.vn\/index.php?rest_route=\/wp\/v2\/media\/2293"}],"wp:attachment":[{"href":"https:\/\/thanhmochn.vn\/index.php?rest_route=%2Fwp%2Fv2%2Fmedia&parent=2158"}],"wp:term":[{"taxonomy":"product_brand","embeddable":true,"href":"https:\/\/thanhmochn.vn\/index.php?rest_route=%2Fwp%2Fv2%2Fproduct_brand&post=2158"},{"taxonomy":"product_cat","embeddable":true,"href":"https:\/\/thanhmochn.vn\/index.php?rest_route=%2Fwp%2Fv2%2Fproduct_cat&post=2158"},{"taxonomy":"product_tag","embeddable":true,"href":"https:\/\/thanhmochn.vn\/index.php?rest_route=%2Fwp%2Fv2%2Fproduct_tag&post=2158"}],"curies":[{"name":"wp","href":"https:\/\/api.w.org\/{rel}","templated":true}]}}