{"id":1816,"date":"2025-10-29T19:26:03","date_gmt":"2025-10-29T12:26:03","guid":{"rendered":"https:\/\/thanhmochn.vn\/?p=1816"},"modified":"2025-12-25T19:00:33","modified_gmt":"2025-12-25T12:00:33","slug":"may-tien-mini-wm210v-600mm","status":"publish","type":"product","link":"https:\/\/thanhmochn.vn\/?product=may-tien-mini-wm210v-600mm","title":{"rendered":"M\u00e1y Ti\u1ec7n Mini WM210V \u2013 600mm"},"content":{"rendered":"<h3 data-start=\"201\" data-end=\"305\">\u2699\ufe0f <strong data-start=\"208\" data-end=\"305\">M\u00e1y ti\u1ec7n mini WM210V \u2013 600mm | Gia c\u00f4ng ch\u00ednh x\u00e1c, \u00eam \u00e1i, b\u1ec1n b\u1ec9, ph\u00f9 h\u1ee3p x\u01b0\u1edfng c\u01a1 kh\u00ed v\u00e0 DIY<\/strong><\/h3>\n<hr data-start=\"307\" data-end=\"310\" \/>\n<h3 data-start=\"312\" data-end=\"342\">\ud83e\udde9 <strong data-start=\"319\" data-end=\"342\">Gi\u1edbi thi\u1ec7u s\u1ea3n ph\u1ea9m<\/strong><\/h3>\n<p data-start=\"344\" data-end=\"714\"><strong data-start=\"344\" data-end=\"376\">M\u00e1y ti\u1ec7n mini WM210V \u2013 600mm<\/strong> l\u00e0 <strong data-start=\"380\" data-end=\"421\">phi\u00ean b\u1ea3n t\u1ea7m trung trong d\u00f2ng WM210V<\/strong>, \u0111\u01b0\u1ee3c thi\u1ebft k\u1ebf chuy\u00ean d\u1ee5ng cho <strong data-start=\"453\" data-end=\"524\">x\u01b0\u1edfng c\u01a1 kh\u00ed nh\u1ecf, ng\u01b0\u1eddi h\u1ecdc ngh\u1ec1 v\u00e0 th\u1ee3 gia c\u00f4ng chi ti\u1ebft ch\u00ednh x\u00e1c<\/strong>.<br data-start=\"525\" data-end=\"528\" \/>M\u00e1y n\u1ed5i b\u1eadt v\u1edbi <strong data-start=\"544\" data-end=\"570\">kho\u1ea3ng ch\u1ed1ng t\u00e2m 600mm<\/strong>, <strong data-start=\"572\" data-end=\"604\">\u0111\u1ed9ng c\u01a1 kh\u00f4ng ch\u1ed5i than 850W<\/strong>, c\u00f9ng <strong data-start=\"611\" data-end=\"642\">\u0111\u1ed9 ch\u00ednh x\u00e1c cao ch\u1ec9 0.01mm<\/strong>, \u0111\u00e1p \u1ee9ng t\u1ed1t m\u1ecdi nhu c\u1ea7u t\u1eeb h\u1ecdc t\u1eadp, nghi\u00ean c\u1ee9u \u0111\u1ebfn s\u1ea3n xu\u1ea5t th\u1ef1c t\u1ebf.<\/p>\n<p data-start=\"716\" data-end=\"855\">B\u0103ng m\u00e1y \u0111\u01b0\u1ee3c gia c\u00f4ng d\u00e0y d\u1eb7n, ch\u1eafc ch\u1eafn, gi\u00fap <strong data-start=\"764\" data-end=\"788\">v\u1eadn h\u00e0nh \u00eam, \u00edt rung<\/strong>, \u0111\u1ea3m b\u1ea3o <strong data-start=\"798\" data-end=\"830\">\u0111\u1ed9 \u1ed5n \u0111\u1ecbnh v\u00e0 \u0111\u1ed9 b\u1ec1n l\u00e2u d\u00e0i<\/strong> trong qu\u00e1 tr\u00ecnh s\u1eed d\u1ee5ng.<\/p>\n<h3 data-start=\"267\" data-end=\"295\">\u2733\ufe0f <strong data-start=\"274\" data-end=\"295\">T\u00f3m t\u1eaft \u0111\u1ea7u trang<\/strong><\/h3>\n<p data-start=\"296\" data-end=\"630\"><strong data-start=\"296\" data-end=\"328\">M\u00e1y ti\u1ec7n mini WM210V \u2013 600mm<\/strong> l\u00e0 d\u00f2ng m\u00e1y ti\u1ec7n c\u01a1 kh\u00ed ch\u00ednh x\u00e1c, \u0111\u01b0\u1ee3c <strong data-start=\"369\" data-end=\"423\">nhi\u1ec1u x\u01b0\u1edfng s\u1ea3n xu\u1ea5t, k\u1ef9 s\u01b0 v\u00e0 ng\u01b0\u1eddi \u0111am m\u00ea c\u01a1 kh\u00ed<\/strong> tin d\u00f9ng.<br data-start=\"433\" data-end=\"436\" \/>V\u1edbi <strong data-start=\"440\" data-end=\"518\">b\u0103ng m\u00e1y d\u00e0y, \u0111\u1ea7m ch\u1eafc, tr\u1ee5c ch\u00ednh \u1ed5n \u0111\u1ecbnh v\u00e0 \u0111\u1ed9ng c\u01a1 kh\u00f4ng ch\u1ed5i than 850W<\/strong>, m\u00e1y v\u1eadn h\u00e0nh \u00eam \u00e1i, b\u1ec1n b\u1ec9 v\u00e0 \u0111\u00e1p \u1ee9ng t\u1ed1t <strong data-start=\"562\" data-end=\"630\">c\u1ea3 nhu c\u1ea7u h\u1ecdc t\u1eadp, nghi\u00ean c\u1ee9u, l\u1eabn gia c\u00f4ng th\u1ef1c t\u1ebf quy m\u00f4 nh\u1ecf.<\/strong><\/p>\n<p data-start=\"632\" data-end=\"754\">\u27a1\ufe0f <strong data-start=\"635\" data-end=\"661\">Kho\u1ea3ng ch\u1ed1ng t\u00e2m 600mm<\/strong> cho ph\u00e9p gia c\u00f4ng ph\u00f4i d\u00e0i, ti\u1ec7n tr\u01a1n, ti\u1ec7n ren, khoan, taro v\u00e0 nhi\u1ec1u c\u00f4ng \u0111o\u1ea1n c\u01a1 kh\u00ed kh\u00e1c.<\/p>\n<hr data-start=\"756\" data-end=\"759\" \/>\n<h2 data-start=\"761\" data-end=\"788\">\ud83d\udccf <strong data-start=\"767\" data-end=\"788\">TH\u00d4NG S\u1ed0 K\u1ef8 THU\u1eacT<\/strong><\/h2>\n<div class=\"_tableContainer_1rjym_1\">\n<div class=\"group _tableWrapper_1rjym_13 flex w-fit flex-col-reverse\" tabindex=\"-1\">\n<table class=\"w-fit min-w-(--thread-content-width)\" data-start=\"790\" data-end=\"1636\">\n<thead data-start=\"790\" data-end=\"821\">\n<tr data-start=\"790\" data-end=\"821\">\n<th data-start=\"790\" data-end=\"805\" data-col-size=\"sm\"><strong data-start=\"792\" data-end=\"804\">Th\u00f4ng s\u1ed1<\/strong><\/th>\n<th data-start=\"805\" data-end=\"821\" data-col-size=\"md\"><strong data-start=\"807\" data-end=\"819\">Chi ti\u1ebft<\/strong><\/th>\n<\/tr>\n<\/thead>\n<tbody data-start=\"855\" data-end=\"1636\">\n<tr data-start=\"855\" data-end=\"877\">\n<td data-start=\"855\" data-end=\"867\" data-col-size=\"sm\"><strong data-start=\"857\" data-end=\"866\">Model<\/strong><\/td>\n<td data-start=\"867\" data-end=\"877\" data-col-size=\"md\">WM210V<\/td>\n<\/tr>\n<tr data-start=\"878\" data-end=\"914\">\n<td data-start=\"878\" data-end=\"904\" data-col-size=\"sm\"><strong data-start=\"880\" data-end=\"903\">\u0110\u01b0\u1eddng k\u00ednh qua b\u0103ng<\/strong><\/td>\n<td data-col-size=\"md\" data-start=\"904\" data-end=\"914\">210 mm<\/td>\n<\/tr>\n<tr data-start=\"915\" data-end=\"948\">\n<td data-start=\"915\" data-end=\"938\" data-col-size=\"sm\"><strong data-start=\"917\" data-end=\"937\">Kho\u1ea3ng ch\u1ed1ng t\u00e2m<\/strong><\/td>\n<td data-col-size=\"md\" data-start=\"938\" data-end=\"948\">600 mm<\/td>\n<\/tr>\n<tr data-start=\"949\" data-end=\"977\">\n<td data-start=\"949\" data-end=\"970\" data-col-size=\"sm\"><strong data-start=\"951\" data-end=\"969\">C\u00f4n tr\u1ee5c ch\u00ednh<\/strong><\/td>\n<td data-col-size=\"md\" data-start=\"970\" data-end=\"977\">MT5<\/td>\n<\/tr>\n<tr data-start=\"978\" data-end=\"1007\">\n<td data-start=\"978\" data-end=\"1000\" data-col-size=\"sm\"><strong data-start=\"980\" data-end=\"999\">C\u00f4n n\u00f2ng \u1ee5 \u0111\u1ed9ng<\/strong><\/td>\n<td data-col-size=\"md\" data-start=\"1000\" data-end=\"1007\">MT2<\/td>\n<\/tr>\n<tr data-start=\"1008\" data-end=\"1048\">\n<td data-start=\"1008\" data-end=\"1039\" data-col-size=\"sm\"><strong data-start=\"1010\" data-end=\"1038\">\u0110\u01b0\u1eddng k\u00ednh l\u1ed7 tr\u1ee5c ch\u00ednh<\/strong><\/td>\n<td data-col-size=\"md\" data-start=\"1039\" data-end=\"1048\">38 mm<\/td>\n<\/tr>\n<tr data-start=\"1049\" data-end=\"1107\">\n<td data-start=\"1049\" data-end=\"1074\" data-col-size=\"sm\"><strong data-start=\"1051\" data-end=\"1073\">\u0110\u01b0\u1eddng k\u00ednh m\u00e2m c\u1eb7p<\/strong><\/td>\n<td data-col-size=\"md\" data-start=\"1074\" data-end=\"1107\">125 mm (ZHONGHUAN ch\u00ednh h\u00e3ng)<\/td>\n<\/tr>\n<tr data-start=\"1108\" data-end=\"1183\">\n<td data-start=\"1108\" data-end=\"1140\" data-col-size=\"sm\"><strong data-start=\"1110\" data-end=\"1139\">Ph\u1ea1m vi ti\u1ec7n ren (h\u1ec7 M\u00e9t)<\/strong><\/td>\n<td data-col-size=\"md\" data-start=\"1140\" data-end=\"1183\">0.5 \u2013 3.0 mm (thay nh\u00f4ng theo b\u1ea3ng ren)<\/td>\n<\/tr>\n<tr data-start=\"1184\" data-end=\"1217\">\n<td data-start=\"1184\" data-end=\"1208\" data-col-size=\"sm\"><strong data-start=\"1186\" data-end=\"1207\">Chi\u1ec1u d\u00e0i b\u00e0n c\u00f4n<\/strong><\/td>\n<td data-col-size=\"md\" data-start=\"1208\" data-end=\"1217\">80 mm<\/td>\n<\/tr>\n<tr data-start=\"1218\" data-end=\"1263\">\n<td data-start=\"1218\" data-end=\"1248\" data-col-size=\"sm\"><strong data-start=\"1220\" data-end=\"1247\">\u0110\u1ed9 ch\u00ednh x\u00e1c tr\u1ee5c ch\u00ednh<\/strong><\/td>\n<td data-col-size=\"md\" data-start=\"1248\" data-end=\"1263\">0 \u2013 0.01 mm<\/td>\n<\/tr>\n<tr data-start=\"1264\" data-end=\"1317\">\n<td data-start=\"1264\" data-end=\"1288\" data-col-size=\"sm\"><strong data-start=\"1266\" data-end=\"1287\">T\u1ed1c \u0111\u1ed9 tr\u1ee5c ch\u00ednh<\/strong><\/td>\n<td data-col-size=\"md\" data-start=\"1288\" data-end=\"1317\">50 \u2013 2500 v\u00f2ng\/ph\u00fat (RPM)<\/td>\n<\/tr>\n<tr data-start=\"1318\" data-end=\"1390\">\n<td data-start=\"1318\" data-end=\"1342\" data-col-size=\"sm\"><strong data-start=\"1320\" data-end=\"1341\">C\u00f4ng su\u1ea5t \u0111\u1ed9ng c\u01a1<\/strong><\/td>\n<td data-col-size=\"md\" data-start=\"1342\" data-end=\"1390\">850W \u2013 220V (Kh\u00f4ng ch\u1ed5i than, d\u00e2y \u0111\u1ed3ng 100%)<\/td>\n<\/tr>\n<tr data-start=\"1391\" data-end=\"1445\">\n<td data-start=\"1391\" data-end=\"1426\" data-col-size=\"sm\"><strong data-start=\"1393\" data-end=\"1425\">Tr\u1ecdng l\u01b0\u1ee3ng m\u00e1y \/ \u0111\u00f3ng th\u00f9ng<\/strong><\/td>\n<td data-col-size=\"md\" data-start=\"1426\" data-end=\"1445\">63 kg \/ 79.5 kg<\/td>\n<\/tr>\n<tr data-start=\"1446\" data-end=\"1498\">\n<td data-start=\"1446\" data-end=\"1475\" data-col-size=\"sm\"><strong data-start=\"1448\" data-end=\"1474\">K\u00edch th\u01b0\u1edbc (D x R x C)<\/strong><\/td>\n<td data-col-size=\"md\" data-start=\"1475\" data-end=\"1498\">1040 x 390 x 370 mm<\/td>\n<\/tr>\n<tr data-start=\"1499\" data-end=\"1557\">\n<td data-start=\"1499\" data-end=\"1514\" data-col-size=\"sm\"><strong data-start=\"1501\" data-end=\"1513\">B\u1ea3o h\u00e0nh<\/strong><\/td>\n<td data-col-size=\"md\" data-start=\"1514\" data-end=\"1557\">12 th\u00e1ng \u2013 <strong data-start=\"1527\" data-end=\"1555\">H\u1ed7 tr\u1ee3 k\u1ef9 thu\u1eadt tr\u1ecdn \u0111\u1eddi<\/strong><\/td>\n<\/tr>\n<tr data-start=\"1558\" data-end=\"1636\">\n<td data-start=\"1558\" data-end=\"1572\" data-col-size=\"sm\"><strong data-start=\"1560\" data-end=\"1571\">Gi\u00e1 b\u00e1n<\/strong><\/td>\n<td data-col-size=\"md\" data-start=\"1572\" data-end=\"1636\"><strong data-start=\"1574\" data-end=\"1592\">18.500.000 VN\u0110<\/strong> <em data-start=\"1593\" data-end=\"1634\">(ch\u01b0a bao g\u1ed3m VAT 8% v\u00e0 ph\u00ed v\u1eadn chuy\u1ec3n)<\/em><\/td>\n<\/tr>\n<\/tbody>\n<\/table>\n<\/div>\n<\/div>\n<hr data-start=\"1638\" data-end=\"1641\" \/>\n<h2 data-start=\"1643\" data-end=\"1668\">\ud83e\uddf0 <strong data-start=\"1649\" data-end=\"1668\">PH\u1ee4 KI\u1ec6N \u0110I K\u00c8M<\/strong><\/h2>\n<ul data-start=\"1670\" data-end=\"2087\">\n<li data-start=\"1670\" data-end=\"1690\">\n<p data-start=\"1672\" data-end=\"1690\">Tu quay, tu ch\u1ebft<\/p>\n<\/li>\n<li data-start=\"1691\" data-end=\"1712\">\n<p data-start=\"1693\" data-end=\"1712\">\u0110\u1ea7u k\u1eb9p m\u0169i khoan<\/p>\n<\/li>\n<li data-start=\"1713\" data-end=\"1780\">\n<p data-start=\"1715\" data-end=\"1780\">B\u1ed9 dao ti\u1ec7n 7 chi\u1ebfc (12mm): ti\u1ec7n tr\u01a1n, ti\u1ec7n ren, c\u1eaft, m\u00f3c l\u1ed7&#8230;<\/p>\n<\/li>\n<li data-start=\"1781\" data-end=\"1817\">\n<p data-start=\"1783\" data-end=\"1817\">C\u00e1n ti\u1ec7n 12x12mm l\u1eafp m\u0169i D11\/V11<\/p>\n<\/li>\n<li data-start=\"1818\" data-end=\"1861\">\n<p data-start=\"1820\" data-end=\"1861\">B\u1ed9 dao 11 chi\u1ebfc c\u00e1n 10mm (m\u00e0i l\u1ea1i \u0111\u01b0\u1ee3c)<\/p>\n<\/li>\n<li data-start=\"1862\" data-end=\"1890\">\n<p data-start=\"1864\" data-end=\"1890\">B\u1ed9 nh\u00f4ng ti\u1ec7n ren h\u1ec7 m\u00e9t<\/p>\n<\/li>\n<li data-start=\"1891\" data-end=\"1946\">\n<p data-start=\"1893\" data-end=\"1946\">M\u00e2m c\u1eb7p h\u00e3ng <strong data-start=\"1906\" data-end=\"1919\">ZHONGHUAN<\/strong>, ch\u1ea5u tr\u00e1i + kh\u00f3a m\u1edf m\u00e2m<\/p>\n<\/li>\n<li data-start=\"1947\" data-end=\"1969\">\n<p data-start=\"1949\" data-end=\"1969\">\u0110\u00e8n LED chi\u1ebfu s\u00e1ng<\/p>\n<\/li>\n<li data-start=\"1970\" data-end=\"2024\">\n<p data-start=\"1972\" data-end=\"2024\">C\u1edd l\u00ea, tua v\u00edt, l\u1ee5c gi\u00e1c, l\u1ecd tra d\u1ea7u, mi\u1ebfng k\u00ea dao<\/p>\n<\/li>\n<li data-start=\"2025\" data-end=\"2045\">\n<p data-start=\"2027\" data-end=\"2045\">T\u1ea5m b\u01b0ng \u0111\u00e1y m\u00e1y<\/p>\n<\/li>\n<li data-start=\"2046\" data-end=\"2087\">\n<p data-start=\"2048\" data-end=\"2087\">Catalog v\u00e0 h\u01b0\u1edbng d\u1eabn s\u1eed d\u1ee5ng chi ti\u1ebft<\/p>\n<\/li>\n<\/ul>\n<hr data-start=\"2089\" data-end=\"2092\" \/>\n<h2 data-start=\"2094\" data-end=\"2119\">\ud83c\udf1f <strong data-start=\"2100\" data-end=\"2119\">\u01afU \u0110I\u1ec2M N\u1ed4I B\u1eacT<\/strong><\/h2>\n<ul data-start=\"2121\" data-end=\"2714\">\n<li data-start=\"2121\" data-end=\"2207\">\n<p data-start=\"2123\" data-end=\"2207\">\ud83c\udfaf <strong data-start=\"2126\" data-end=\"2147\">\u0110\u1ed9 ch\u00ednh x\u00e1c cao:<\/strong> Gia c\u00f4ng chi ti\u1ebft tinh x\u1ea3o, sai s\u1ed1 tr\u1ee5c ch\u00ednh ch\u1ec9 0.01mm.<\/p>\n<\/li>\n<li data-start=\"2208\" data-end=\"2305\">\n<p data-start=\"2210\" data-end=\"2305\">\u2699\ufe0f <strong data-start=\"2213\" data-end=\"2232\">V\u1eadn h\u00e0nh \u00eam \u00e1i:<\/strong> \u0110\u1ed9ng c\u01a1 <strong data-start=\"2241\" data-end=\"2260\">kh\u00f4ng ch\u1ed5i than<\/strong>, ho\u1ea1t \u0111\u1ed9ng \u1ed5n \u0111\u1ecbnh, gi\u1ea3m rung v\u00e0 ti\u1ebfng \u1ed3n.<\/p>\n<\/li>\n<li data-start=\"2306\" data-end=\"2413\">\n<p data-start=\"2308\" data-end=\"2413\">\ud83e\uddf1 <strong data-start=\"2311\" data-end=\"2334\">B\u0103ng m\u00e1y ch\u1eafc ch\u1eafn:<\/strong> Gia c\u00f4ng t\u1eeb th\u00e9p ch\u1ecbu l\u1ef1c, \u0111\u01b0\u1ee3c x\u1eed l\u00fd nhi\u1ec7t gi\u00fap <strong data-start=\"2384\" data-end=\"2411\">b\u1ec1n b\u1ec9 \u2013 ch\u1ed1ng m\u00e0i m\u00f2n.<\/strong><\/p>\n<\/li>\n<li data-start=\"2414\" data-end=\"2513\">\n<p data-start=\"2416\" data-end=\"2513\">\ud83d\udca1 <strong data-start=\"2419\" data-end=\"2431\">\u0110a n\u0103ng:<\/strong> D\u1ec5 d\u00e0ng th\u1ef1c hi\u1ec7n <strong data-start=\"2450\" data-end=\"2510\">ti\u1ec7n tr\u01a1n, ti\u1ec7n ren, khoan, taro, ti\u1ec7n b\u1eadc, ti\u1ec7n m\u1eb7t \u0111\u1ea7u<\/strong>.<\/p>\n<\/li>\n<li data-start=\"2514\" data-end=\"2615\">\n<p data-start=\"2516\" data-end=\"2615\">\ud83e\uddf0 <strong data-start=\"2519\" data-end=\"2539\">Ph\u1ee5 ki\u1ec7n \u0111\u1ea7y \u0111\u1ee7:<\/strong> Giao m\u00e1y l\u00e0 c\u00f3 th\u1ec3 <strong data-start=\"2559\" data-end=\"2575\">s\u1eed d\u1ee5ng ngay<\/strong>, kh\u00f4ng c\u1ea7n mua th\u00eam linh ki\u1ec7n c\u01a1 b\u1ea3n.<\/p>\n<\/li>\n<li data-start=\"2616\" data-end=\"2714\">\n<p data-start=\"2618\" data-end=\"2714\">\ud83d\udcaa <strong data-start=\"2621\" data-end=\"2652\">Gi\u00e1 h\u1ee3p l\u00fd \u2013 hi\u1ec7u n\u0103ng cao:<\/strong> L\u1ef1a ch\u1ecdn t\u1ed1i \u01b0u cho <strong data-start=\"2673\" data-end=\"2714\">x\u01b0\u1edfng c\u01a1 kh\u00ed nh\u1ecf ho\u1eb7c ng\u01b0\u1eddi h\u1ecdc ngh\u1ec1.<\/strong><\/p>\n<\/li>\n<\/ul>\n<hr data-start=\"2716\" data-end=\"2719\" \/>\n<h2 data-start=\"2721\" data-end=\"2747\">\u2699\ufe0f <strong data-start=\"2727\" data-end=\"2747\">\u1ee8NG D\u1ee4NG TH\u1ef0C T\u1ebe<\/strong><\/h2>\n<p data-start=\"2749\" data-end=\"2801\"><strong data-start=\"2749\" data-end=\"2776\">M\u00e1y ti\u1ec7n WM210V \u2013 600mm<\/strong> ph\u00f9 h\u1ee3p s\u1eed d\u1ee5ng trong:<\/p>\n<ul data-start=\"2802\" data-end=\"3156\">\n<li data-start=\"2802\" data-end=\"2851\">\n<p data-start=\"2804\" data-end=\"2851\">\ud83c\udfed <strong data-start=\"2807\" data-end=\"2849\">X\u01b0\u1edfng c\u01a1 kh\u00ed nh\u1ecf, h\u1ed9 gia c\u00f4ng c\u00e1 nh\u00e2n.<\/strong><\/p>\n<\/li>\n<li data-start=\"2852\" data-end=\"2908\">\n<p data-start=\"2854\" data-end=\"2908\">\ud83e\uddd1\u200d\ud83c\udfeb <strong data-start=\"2860\" data-end=\"2906\">Tr\u01b0\u1eddng d\u1ea1y ngh\u1ec1, trung t\u00e2m \u0111\u00e0o t\u1ea1o c\u01a1 kh\u00ed.<\/strong><\/p>\n<\/li>\n<li data-start=\"2909\" data-end=\"2982\">\n<p data-start=\"2911\" data-end=\"2982\">\ud83e\uddf0 <strong data-start=\"2914\" data-end=\"2980\">Ng\u01b0\u1eddi \u0111am m\u00ea DIY, ch\u1ebf t\u00e1c m\u00f4 h\u00ecnh, ph\u1ee5c ch\u1ebf linh ki\u1ec7n m\u00e1y m\u00f3c.<\/strong><\/p>\n<\/li>\n<li data-start=\"2983\" data-end=\"3050\">\n<p data-start=\"2985\" data-end=\"3050\">\ud83d\udd29 <strong data-start=\"2988\" data-end=\"3014\">Gia c\u00f4ng kim lo\u1ea1i nh\u1ecf:<\/strong> \u0111\u1ed3ng, nh\u00f4m, inox nh\u1eb9, th\u00e9p m\u1ec1m&#8230;<\/p>\n<\/li>\n<li data-start=\"3051\" data-end=\"3156\">\n<p data-start=\"3053\" data-end=\"3156\">\ud83c\udfaf <strong data-start=\"3056\" data-end=\"3073\">C\u00e1c thao t\u00e1c:<\/strong> ti\u1ec7n ren, ti\u1ec7n tr\u01a1n, khoan t\u00e2m, taro, c\u1eaft \u0111\u1ee9t, ti\u1ec7n m\u1eb7t \u0111\u1ea7u, ti\u1ec7n b\u1eadc ch\u00ednh x\u00e1c.<\/p>\n<\/li>\n<\/ul>\n<hr data-start=\"3158\" data-end=\"3161\" \/>\n<h2 data-start=\"3163\" data-end=\"3190\">\ud83e\udd1d <strong data-start=\"3169\" data-end=\"3190\">CH\u00cdNH S\u00c1CH H\u1ed6 TR\u1ee2<\/strong><\/h2>\n<ul data-start=\"3192\" data-end=\"3423\">\n<li data-start=\"3192\" data-end=\"3241\">\n<p data-start=\"3194\" data-end=\"3241\">\ud83d\ude9a <strong data-start=\"3197\" data-end=\"3239\">Mi\u1ec5n ph\u00ed giao h\u00e0ng t\u1ea1i khu v\u1ef1c H\u00e0 N\u1ed9i.<\/strong><\/p>\n<\/li>\n<li data-start=\"3242\" data-end=\"3296\">\n<p data-start=\"3244\" data-end=\"3296\">\ud83e\udded <strong data-start=\"3247\" data-end=\"3294\">H\u1ed7 tr\u1ee3 l\u1eafp \u0111\u1eb7t, h\u01b0\u1edbng d\u1eabn s\u1eed d\u1ee5ng chi ti\u1ebft.<\/strong><\/p>\n<\/li>\n<li data-start=\"3297\" data-end=\"3365\">\n<p data-start=\"3299\" data-end=\"3365\">\ud83d\udee0\ufe0f <strong data-start=\"3303\" data-end=\"3363\">B\u1ea3o h\u00e0nh 1 n\u0103m \u2013 h\u1ed7 tr\u1ee3 thay th\u1ebf linh ki\u1ec7n tr\u1ecdn \u0111\u1eddi m\u00e1y.<\/strong><\/p>\n<\/li>\n<li data-start=\"3366\" data-end=\"3423\">\n<p data-start=\"3368\" data-end=\"3423\">\ud83d\udce6 <strong data-start=\"3371\" data-end=\"3423\">\u0110\u00f3ng g\u00f3i ch\u1eafc ch\u1eafn, giao h\u00e0ng to\u00e0n qu\u1ed1c an to\u00e0n.<\/strong><\/p>\n<\/li>\n<\/ul>\n<hr data-start=\"3425\" data-end=\"3428\" \/>\n<p data-start=\"3430\" data-end=\"3595\"><strong data-start=\"3430\" data-end=\"3459\">TH\u00c0NH M\u1ed8C HN \u2013 0865551688<\/strong><br data-start=\"3459\" data-end=\"3462\" \/>Chuy\u00ean cung c\u1ea5p <strong data-start=\"3478\" data-end=\"3592\">M\u00e1y ti\u1ec7n, M\u00e1y phay, Ph\u1ee5 ki\u1ec7n m\u00e1y ti\u1ec7n mini, M\u00e2m c\u1eb7p, Luynet, \u1ee4 \u0111\u1ed9ng, M\u0169i ch\u1ed1ng t\u00e2m, \u0110\u00e8n LED, Collet, Nh\u00f4ng ren<\/strong>\u2026<\/p>\n<p data-start=\"3597\" data-end=\"3650\"><strong data-start=\"3597\" data-end=\"3650\">UY T\u00cdN \u2013 CH\u1ea4T L\u01af\u1ee2NG S\u1ea2N PH\u1ea8M T\u1ea0O N\u00caN TH\u01af\u01a0NG HI\u1ec6U!<\/strong><\/p>\n","protected":false},"excerpt":{"rendered":"<h3 data-start=\"312\" data-end=\"342\">\ud83e\udde9 <strong data-start=\"319\" data-end=\"342\">Gi\u1edbi thi\u1ec7u s\u1ea3n ph\u1ea9m<\/strong><\/h3>\n<p data-start=\"344\" data-end=\"714\"><strong data-start=\"344\" data-end=\"376\">M\u00e1y ti\u1ec7n mini WM210V \u2013 600mm<\/strong> l\u00e0 <strong data-start=\"380\" data-end=\"421\">phi\u00ean b\u1ea3n t\u1ea7m trung trong d\u00f2ng WM210V<\/strong>, \u0111\u01b0\u1ee3c thi\u1ebft k\u1ebf chuy\u00ean d\u1ee5ng cho <strong data-start=\"453\" data-end=\"524\">x\u01b0\u1edfng c\u01a1 kh\u00ed nh\u1ecf, ng\u01b0\u1eddi h\u1ecdc ngh\u1ec1 v\u00e0 th\u1ee3 gia c\u00f4ng chi ti\u1ebft ch\u00ednh x\u00e1c<\/strong>.<br data-start=\"525\" data-end=\"528\" \/>M\u00e1y n\u1ed5i b\u1eadt v\u1edbi <strong data-start=\"544\" data-end=\"570\">kho\u1ea3ng ch\u1ed1ng t\u00e2m 600mm<\/strong>, <strong data-start=\"572\" data-end=\"604\">\u0111\u1ed9ng c\u01a1 kh\u00f4ng ch\u1ed5i than 850W<\/strong>, c\u00f9ng <strong data-start=\"611\" data-end=\"642\">\u0111\u1ed9 ch\u00ednh x\u00e1c cao ch\u1ec9 0.01mm<\/strong>, \u0111\u00e1p \u1ee9ng t\u1ed1t m\u1ecdi nhu c\u1ea7u t\u1eeb h\u1ecdc t\u1eadp, nghi\u00ean c\u1ee9u \u0111\u1ebfn s\u1ea3n xu\u1ea5t th\u1ef1c t\u1ebf.<\/p>\n<p data-start=\"716\" data-end=\"855\">B\u0103ng m\u00e1y \u0111\u01b0\u1ee3c gia c\u00f4ng d\u00e0y d\u1eb7n, ch\u1eafc ch\u1eafn, gi\u00fap <strong data-start=\"764\" data-end=\"788\">v\u1eadn h\u00e0nh \u00eam, \u00edt rung<\/strong>, \u0111\u1ea3m b\u1ea3o <strong data-start=\"798\" data-end=\"830\">\u0111\u1ed9 \u1ed5n \u0111\u1ecbnh v\u00e0 \u0111\u1ed9 b\u1ec1n l\u00e2u d\u00e0i<\/strong> trong qu\u00e1 tr\u00ecnh s\u1eed d\u1ee5ng.<\/p>\n","protected":false},"featured_media":2088,"comment_status":"closed","ping_status":"closed","template":"","meta":{"_acf_changed":false},"product_brand":[],"product_cat":[68],"product_tag":[],"class_list":{"0":"post-1816","1":"product","2":"type-product","3":"status-publish","4":"has-post-thumbnail","6":"product_cat-may-tien-kim-loai","8":"first","9":"instock","10":"shipping-taxable","11":"purchasable","12":"product-type-simple"},"acf":[],"_links":{"self":[{"href":"https:\/\/thanhmochn.vn\/index.php?rest_route=\/wp\/v2\/product\/1816","targetHints":{"allow":["GET"]}}],"collection":[{"href":"https:\/\/thanhmochn.vn\/index.php?rest_route=\/wp\/v2\/product"}],"about":[{"href":"https:\/\/thanhmochn.vn\/index.php?rest_route=\/wp\/v2\/types\/product"}],"replies":[{"embeddable":true,"href":"https:\/\/thanhmochn.vn\/index.php?rest_route=%2Fwp%2Fv2%2Fcomments&post=1816"}],"wp:featuredmedia":[{"embeddable":true,"href":"https:\/\/thanhmochn.vn\/index.php?rest_route=\/wp\/v2\/media\/2088"}],"wp:attachment":[{"href":"https:\/\/thanhmochn.vn\/index.php?rest_route=%2Fwp%2Fv2%2Fmedia&parent=1816"}],"wp:term":[{"taxonomy":"product_brand","embeddable":true,"href":"https:\/\/thanhmochn.vn\/index.php?rest_route=%2Fwp%2Fv2%2Fproduct_brand&post=1816"},{"taxonomy":"product_cat","embeddable":true,"href":"https:\/\/thanhmochn.vn\/index.php?rest_route=%2Fwp%2Fv2%2Fproduct_cat&post=1816"},{"taxonomy":"product_tag","embeddable":true,"href":"https:\/\/thanhmochn.vn\/index.php?rest_route=%2Fwp%2Fv2%2Fproduct_tag&post=1816"}],"curies":[{"name":"wp","href":"https:\/\/api.w.org\/{rel}","templated":true}]}}