{"id":1815,"date":"2025-10-29T19:23:55","date_gmt":"2025-10-29T12:23:55","guid":{"rendered":"https:\/\/thanhmochn.vn\/?p=1815"},"modified":"2026-03-24T19:07:27","modified_gmt":"2026-03-24T12:07:27","slug":"may-tien-mini-wm210v-400mm","status":"publish","type":"product","link":"https:\/\/thanhmochn.vn\/?product=may-tien-mini-wm210v-400mm","title":{"rendered":"M\u00e1y Ti\u1ec7n WM210V \u2013 400mm"},"content":{"rendered":"<h3 data-start=\"125\" data-end=\"172\">\u2699\ufe0f M\u00e1y ti\u1ec7n WM210V \u2013 Kho\u1ea3ng ch\u1ed1ng t\u00e2m 400mm<\/h3>\n<h4 data-start=\"174\" data-end=\"198\">\ud83d\udcd8 M\u00f4 t\u1ea3 s\u1ea3n ph\u1ea9m<\/h4>\n<p data-start=\"199\" data-end=\"496\">M\u00e1y ti\u1ec7n <strong data-start=\"208\" data-end=\"218\">WM210V<\/strong> l\u00e0 d\u00f2ng m\u00e1y gia c\u00f4ng ch\u00ednh x\u00e1c \u0111\u01b0\u1ee3c nhi\u1ec1u x\u01b0\u1edfng c\u01a1 kh\u00ed, k\u1ef9 s\u01b0 v\u00e0 ng\u01b0\u1eddi \u0111am m\u00ea c\u01a1 kh\u00ed tin d\u00f9ng.<br data-start=\"313\" data-end=\"316\" \/>V\u1edbi thi\u1ebft k\u1ebf <strong data-start=\"329\" data-end=\"375\">b\u0103ng m\u00e1y d\u00e0y, \u0111\u1ea7m ch\u1eafc, tr\u1ee5c ch\u00ednh \u1ed5n \u0111\u1ecbnh<\/strong> c\u00f9ng <strong data-start=\"381\" data-end=\"416\">\u0111\u1ed9ng c\u01a1 kh\u00f4ng ch\u1ed5i than m\u1ea1nh m\u1ebd<\/strong>, WM210V \u0111\u00e1p \u1ee9ng t\u1ed1t nhu c\u1ea7u h\u1ecdc t\u1eadp, nghi\u00ean c\u1ee9u v\u00e0 s\u1ea3n xu\u1ea5t th\u1ef1c t\u1ebf quy m\u00f4 nh\u1ecf.<\/p>\n<hr data-start=\"498\" data-end=\"501\" \/>\n<h3 data-start=\"503\" data-end=\"529\">\ud83d\udccf Th\u00f4ng s\u1ed1 k\u1ef9 thu\u1eadt<\/h3>\n<ul data-start=\"530\" data-end=\"1299\">\n<li data-start=\"530\" data-end=\"565\">\n<p data-start=\"532\" data-end=\"565\"><strong data-start=\"532\" data-end=\"556\">\u0110\u01b0\u1eddng k\u00ednh qua b\u0103ng:<\/strong> 210 mm<\/p>\n<\/li>\n<li data-start=\"566\" data-end=\"603\">\n<p data-start=\"568\" data-end=\"603\"><strong data-start=\"568\" data-end=\"582\">B\u00e1nh r\u0103ng:<\/strong> B\u00e1nh r\u0103ng kim lo\u1ea1i<\/p>\n<\/li>\n<li data-start=\"604\" data-end=\"631\">\n<p data-start=\"606\" data-end=\"631\"><strong data-start=\"606\" data-end=\"625\">C\u00f4n tr\u1ee5c ch\u00ednh:<\/strong> MT5<\/p>\n<\/li>\n<li data-start=\"632\" data-end=\"660\">\n<p data-start=\"634\" data-end=\"660\"><strong data-start=\"634\" data-end=\"654\">C\u00f4n n\u00f2ng \u1ee5 \u0111\u1ed9ng:<\/strong> MT2<\/p>\n<\/li>\n<li data-start=\"661\" data-end=\"715\">\n<p data-start=\"663\" data-end=\"715\"><strong data-start=\"663\" data-end=\"706\">Kho\u1ea3ng c\u00e1ch t\u1eeb m\u1eb7t b\u00edch \u0111\u1ebfn \u0111\u1ea7u \u1ee5 \u0111\u1ed9ng:<\/strong> 450 mm<\/p>\n<\/li>\n<li data-start=\"716\" data-end=\"755\">\n<p data-start=\"718\" data-end=\"755\"><strong data-start=\"718\" data-end=\"747\">\u0110\u01b0\u1eddng k\u00ednh l\u1ed7 tr\u1ee5c ch\u00ednh:<\/strong> 38 mm<\/p>\n<\/li>\n<li data-start=\"756\" data-end=\"790\">\n<p data-start=\"758\" data-end=\"790\"><strong data-start=\"758\" data-end=\"781\">\u0110\u01b0\u1eddng k\u00ednh m\u00e2m c\u1eb7p:<\/strong> 125 mm<\/p>\n<\/li>\n<li data-start=\"791\" data-end=\"873\">\n<p data-start=\"793\" data-end=\"873\"><strong data-start=\"793\" data-end=\"818\">Ph\u1ea1m vi gia c\u00f4ng ren:<\/strong> Ren ph\u1ea3i h\u1ec7 M\u00e9t 0.5 \u2013 3 mm (c\u1ea7n s\u1eafp nh\u00f4ng theo b\u1ea3ng)<\/p>\n<\/li>\n<li data-start=\"874\" data-end=\"906\">\n<p data-start=\"876\" data-end=\"906\"><strong data-start=\"876\" data-end=\"898\">Chi\u1ec1u d\u00e0i b\u00e0n c\u00f4n:<\/strong> 80 mm<\/p>\n<\/li>\n<li data-start=\"907\" data-end=\"951\">\n<p data-start=\"909\" data-end=\"951\"><strong data-start=\"909\" data-end=\"937\">\u0110\u1ed9 ch\u00ednh x\u00e1c tr\u1ee5c ch\u00ednh:<\/strong> 0 \u2013 0,01 mm<\/p>\n<\/li>\n<li data-start=\"952\" data-end=\"1004\">\n<p data-start=\"954\" data-end=\"1004\"><strong data-start=\"954\" data-end=\"976\">T\u1ed1c \u0111\u1ed9 tr\u1ee5c ch\u00ednh:<\/strong> 50 \u2013 2500 v\u00f2ng\/ph\u00fat (RPM)<\/p>\n<\/li>\n<li data-start=\"1005\" data-end=\"1070\">\n<p data-start=\"1007\" data-end=\"1070\"><strong data-start=\"1007\" data-end=\"1029\">C\u00f4ng su\u1ea5t \u0111\u1ed9ng c\u01a1:<\/strong> 850W \u2013 220V, kh\u00f4ng ch\u1ed5i than, d\u00e2y \u0111\u1ed3ng<\/p>\n<\/li>\n<li data-start=\"1071\" data-end=\"1122\">\n<p data-start=\"1073\" data-end=\"1122\"><strong data-start=\"1073\" data-end=\"1106\">Tr\u1ecdng l\u01b0\u1ee3ng m\u00e1y \/ \u0111\u00f3ng th\u00f9ng:<\/strong> 60 kg \/ 75 kg<\/p>\n<\/li>\n<li data-start=\"1123\" data-end=\"1182\">\n<p data-start=\"1125\" data-end=\"1182\"><strong data-start=\"1125\" data-end=\"1149\">K\u00edch th\u01b0\u1edbc s\u1ea3n ph\u1ea9m:<\/strong> 840 \u00d7 390 \u00d7 370 mm (D \u00d7 R \u00d7 C)<\/p>\n<\/li>\n<li data-start=\"1183\" data-end=\"1227\">\n<p data-start=\"1185\" data-end=\"1227\"><strong data-start=\"1185\" data-end=\"1198\">B\u1ea3o h\u00e0nh:<\/strong> 1 n\u0103m, h\u1ed7 tr\u1ee3 tr\u1ecdn \u0111\u1eddi m\u00e1y<\/p>\n<\/li>\n<li data-start=\"1228\" data-end=\"1299\">\n<p data-start=\"1230\" data-end=\"1299\"><strong data-start=\"1230\" data-end=\"1242\">Gi\u00e1 b\u00e1n:<\/strong> 16.800.000 VN\u0110 <em data-start=\"1258\" data-end=\"1299\">(ch\u01b0a bao g\u1ed3m ph\u00ed v\u1eadn chuy\u1ec3n v\u00e0 VAT 8%)<\/em><\/p>\n<\/li>\n<\/ul>\n<hr data-start=\"1301\" data-end=\"1304\" \/>\n<h3 data-start=\"1306\" data-end=\"1330\">\ud83c\udf81 Ph\u1ee5 ki\u1ec7n \u0111i k\u00e8m<\/h3>\n<ul data-start=\"1331\" data-end=\"1770\">\n<li data-start=\"1331\" data-end=\"1351\">\n<p data-start=\"1333\" data-end=\"1351\">Tu quay lo\u1ea1i \u0111\u1eb9p<\/p>\n<\/li>\n<li data-start=\"1352\" data-end=\"1363\">\n<p data-start=\"1354\" data-end=\"1363\">Tu ch\u1ebft<\/p>\n<\/li>\n<li data-start=\"1364\" data-end=\"1385\">\n<p data-start=\"1366\" data-end=\"1385\">\u0110\u1ea7u k\u1eb9p m\u0169i khoan<\/p>\n<\/li>\n<li data-start=\"1386\" data-end=\"1473\">\n<p data-start=\"1388\" data-end=\"1473\">B\u1ed9 dao ti\u1ec7n 7 chi\u1ebfc (12mm): g\u1ed3m dao ti\u1ec7n tr\u01a1n, dao m\u00f3c l\u1ed7, dao c\u1eaft, dao ti\u1ec7n ren&#8230;<\/p>\n<\/li>\n<li data-start=\"1474\" data-end=\"1510\">\n<p data-start=\"1476\" data-end=\"1510\">C\u00e1n ti\u1ec7n 12x12mm l\u1eafp m\u0169i D11\/V11<\/p>\n<\/li>\n<li data-start=\"1511\" data-end=\"1555\">\n<p data-start=\"1513\" data-end=\"1555\">B\u1ed9 dao 11 chi\u1ebfc c\u00e1n 10mm: c\u00f3 th\u1ec3 m\u00e0i l\u1ea1i<\/p>\n<\/li>\n<li data-start=\"1556\" data-end=\"1567\">\n<p data-start=\"1558\" data-end=\"1567\">\u0110\u00e8n LED<\/p>\n<\/li>\n<li data-start=\"1568\" data-end=\"1596\">\n<p data-start=\"1570\" data-end=\"1596\">B\u1ed9 nh\u00f4ng ti\u1ec7n ren h\u1ec7 m\u00e9t<\/p>\n<\/li>\n<li data-start=\"1597\" data-end=\"1651\">\n<p data-start=\"1599\" data-end=\"1651\">M\u00e2m c\u1eb7p h\u00e3ng ZHONGHUAN, ch\u1ea5u c\u1eb7p tr\u00e1i, kh\u00f3a m\u1edf m\u00e2m<\/p>\n<\/li>\n<li data-start=\"1652\" data-end=\"1719\">\n<p data-start=\"1654\" data-end=\"1719\">C\u1edd l\u00ea, tua v\u00edt, l\u1ee5c gi\u00e1c, l\u1ecd tra d\u1ea7u v\u00f2i kim lo\u1ea1i, mi\u1ebfng k\u00ea dao<\/p>\n<\/li>\n<li data-start=\"1720\" data-end=\"1740\">\n<p data-start=\"1722\" data-end=\"1740\">T\u1ea5m b\u01b0ng m\u1eb7t \u0111\u00e1y<\/p>\n<\/li>\n<li data-start=\"1741\" data-end=\"1770\">\n<p data-start=\"1743\" data-end=\"1770\">Catalog h\u01b0\u1edbng d\u1eabn s\u1eed d\u1ee5ng<\/p>\n<\/li>\n<\/ul>\n<hr data-start=\"1772\" data-end=\"1775\" \/>\n<h3 data-start=\"1777\" data-end=\"1801\">\ud83d\udc8e \u01afu \u0111i\u1ec3m n\u1ed5i b\u1eadt<\/h3>\n<ul data-start=\"1802\" data-end=\"2225\">\n<li data-start=\"1802\" data-end=\"1874\">\n<p data-start=\"1804\" data-end=\"1874\"><strong data-start=\"1804\" data-end=\"1825\">\u0110\u1ed9 ch\u00ednh x\u00e1c cao:<\/strong> \u0110\u00e1p \u1ee9ng y\u00eau c\u1ea7u gia c\u00f4ng c\u00e1c chi ti\u1ebft tinh x\u1ea3o<\/p>\n<\/li>\n<li data-start=\"1875\" data-end=\"1947\">\n<p data-start=\"1877\" data-end=\"1947\"><strong data-start=\"1877\" data-end=\"1887\">\u00cam \u00e1i:<\/strong> \u0110\u1ed9ng c\u01a1 kh\u00f4ng ch\u1ed5i than gi\u00fap v\u1eadn h\u00e0nh \u00eam, t\u0103ng \u0111\u1ed9 \u1ed5n \u0111\u1ecbnh<\/p>\n<\/li>\n<li data-start=\"1948\" data-end=\"2048\">\n<p data-start=\"1950\" data-end=\"2048\"><strong data-start=\"1950\" data-end=\"1962\">\u0110a n\u0103ng:<\/strong> C\u00f3 th\u1ec3 ti\u1ec7n tr\u01a1n, ti\u1ec7n ren, c\u1eaft, m\u00f3c l\u1ed7, gia c\u00f4ng ph\u00f4i d\u00e0i nh\u1edd kho\u1ea3ng ch\u1ed1ng t\u00e2m l\u1edbn<\/p>\n<\/li>\n<li data-start=\"2049\" data-end=\"2131\">\n<p data-start=\"2051\" data-end=\"2131\"><strong data-start=\"2051\" data-end=\"2076\">M\u1eb7t b\u0103ng x\u1eed l\u00fd nhi\u1ec7t:<\/strong> C\u1ee9ng ch\u1eafc, ch\u1ed1ng m\u00e0i m\u00f2n, duy tr\u00ec \u0111\u1ed9 \u1ed5n \u0111\u1ecbnh l\u00e2u d\u00e0i<\/p>\n<\/li>\n<li data-start=\"2132\" data-end=\"2225\">\n<p data-start=\"2134\" data-end=\"2225\"><strong data-start=\"2134\" data-end=\"2154\">Ph\u1ee5 ki\u1ec7n \u0111\u1ea7y \u0111\u1ee7:<\/strong> Giao m\u00e1y l\u00e0 c\u00f3 th\u1ec3 s\u1eed d\u1ee5ng ngay, kh\u00f4ng c\u1ea7n mua th\u00eam linh ki\u1ec7n c\u01a1 b\u1ea3n<\/p>\n<\/li>\n<\/ul>\n<hr data-start=\"2227\" data-end=\"2230\" \/>\n<h3 data-start=\"2232\" data-end=\"2258\">\ud83d\udee0\ufe0f \u1ee8ng d\u1ee5ng th\u1ef1c t\u1ebf<\/h3>\n<p data-start=\"2259\" data-end=\"2303\">M\u00e1y ti\u1ec7n <strong data-start=\"2268\" data-end=\"2278\">WM210V<\/strong> ph\u00f9 h\u1ee3p s\u1eed d\u1ee5ng trong:<\/p>\n<ul data-start=\"2304\" data-end=\"2639\">\n<li data-start=\"2304\" data-end=\"2345\">\n<p data-start=\"2306\" data-end=\"2345\">X\u01b0\u1edfng c\u01a1 kh\u00ed nh\u1ecf, h\u1ed9 gia c\u00f4ng c\u00e1 nh\u00e2n<\/p>\n<\/li>\n<li data-start=\"2346\" data-end=\"2391\">\n<p data-start=\"2348\" data-end=\"2391\">Tr\u01b0\u1eddng h\u1ecdc, trung t\u00e2m \u0111\u00e0o t\u1ea1o ngh\u1ec1 c\u01a1 kh\u00ed<\/p>\n<\/li>\n<li data-start=\"2392\" data-end=\"2447\">\n<p data-start=\"2394\" data-end=\"2447\">Ng\u01b0\u1eddi ch\u01a1i ch\u1ebf t\u00e1c m\u00f4 h\u00ecnh, DIY, ph\u1ee5c ch\u1ebf linh ki\u1ec7n<\/p>\n<\/li>\n<li data-start=\"2448\" data-end=\"2516\">\n<p data-start=\"2450\" data-end=\"2516\">Gia c\u00f4ng kim lo\u1ea1i nh\u1ecf nh\u01b0 \u0111\u1ed3ng, nh\u00f4m, th\u00e9p kh\u00f4ng g\u1ec9, inox nh\u1eb9&#8230;<\/p>\n<\/li>\n<li data-start=\"2517\" data-end=\"2639\">\n<p data-start=\"2519\" data-end=\"2639\">C\u00e1c c\u00f4ng vi\u1ec7c ti\u1ec7n tr\u01a1n, ti\u1ec7n ren, ti\u1ec7n b\u1eadc, khoan t\u00e2m, taro, c\u1eaft \u0111\u1ee9t, ti\u1ec7n m\u1eb7t \u0111\u1ea7u ho\u1eb7c chi ti\u1ebft c\u1ea7n \u0111\u1ed9 ch\u00ednh x\u00e1c cao<\/p>\n<\/li>\n<\/ul>\n<hr data-start=\"2641\" data-end=\"2644\" \/>\n<h3 data-start=\"2646\" data-end=\"2672\">\ud83e\udd1d Ch\u00ednh s\u00e1ch h\u1ed7 tr\u1ee3<\/h3>\n<ul data-start=\"2673\" data-end=\"2809\">\n<li data-start=\"2673\" data-end=\"2710\">\n<p data-start=\"2675\" data-end=\"2710\">Mi\u1ec5n ph\u00ed giao h\u00e0ng khu v\u1ef1c H\u00e0 N\u1ed9i<\/p>\n<\/li>\n<li data-start=\"2711\" data-end=\"2755\">\n<p data-start=\"2713\" data-end=\"2755\">H\u1ed7 tr\u1ee3 t\u01b0 v\u1ea5n l\u1eafp \u0111\u1eb7t v\u00e0 s\u1eed d\u1ee5ng t\u1eadn t\u00e2m<\/p>\n<\/li>\n<li data-start=\"2756\" data-end=\"2809\">\n<p data-start=\"2758\" data-end=\"2809\">B\u1ea3o h\u00e0nh 1 n\u0103m, h\u1ed7 tr\u1ee3 thay th\u1ebf linh ki\u1ec7n l\u00e2u d\u00e0i<\/p>\n<\/li>\n<\/ul>\n<hr data-start=\"2811\" data-end=\"2814\" \/>\n<p data-start=\"2816\" data-end=\"2903\"><strong data-start=\"2816\" data-end=\"2845\">TH\u00c0NH M\u1ed8C HN \u2013 0865551688<\/strong><br data-start=\"2845\" data-end=\"2848\" \/><strong data-start=\"2848\" data-end=\"2901\">UY T\u00cdN \u2013 CH\u1ea4T L\u01af\u1ee2NG S\u1ea2N PH\u1ea8M T\u1ea0O N\u00caN TH\u01af\u01a0NG HI\u1ec6U!<\/strong><\/p>\n","protected":false},"excerpt":{"rendered":"<h4 data-start=\"174\" data-end=\"198\">\ud83d\udcd8 M\u00f4 t\u1ea3 s\u1ea3n ph\u1ea9m<\/h4>\n<p data-start=\"199\" data-end=\"496\">M\u00e1y ti\u1ec7n <strong data-start=\"208\" data-end=\"218\">WM210V<\/strong> l\u00e0 d\u00f2ng m\u00e1y gia c\u00f4ng ch\u00ednh x\u00e1c \u0111\u01b0\u1ee3c nhi\u1ec1u x\u01b0\u1edfng c\u01a1 kh\u00ed, k\u1ef9 s\u01b0 v\u00e0 ng\u01b0\u1eddi \u0111am m\u00ea c\u01a1 kh\u00ed tin d\u00f9ng.<br data-start=\"313\" data-end=\"316\" \/>V\u1edbi thi\u1ebft k\u1ebf <strong data-start=\"329\" data-end=\"375\">b\u0103ng m\u00e1y d\u00e0y, \u0111\u1ea7m ch\u1eafc, tr\u1ee5c ch\u00ednh \u1ed5n \u0111\u1ecbnh<\/strong> c\u00f9ng <strong data-start=\"381\" data-end=\"416\">\u0111\u1ed9ng c\u01a1 kh\u00f4ng ch\u1ed5i than m\u1ea1nh m\u1ebd<\/strong>, WM210V \u0111\u00e1p \u1ee9ng t\u1ed1t nhu c\u1ea7u h\u1ecdc t\u1eadp, nghi\u00ean c\u1ee9u v\u00e0 s\u1ea3n xu\u1ea5t th\u1ef1c t\u1ebf quy m\u00f4 nh\u1ecf.<\/p>\n","protected":false},"featured_media":2078,"comment_status":"closed","ping_status":"closed","template":"","meta":{"_acf_changed":false},"product_brand":[],"product_cat":[68],"product_tag":[],"class_list":{"0":"post-1815","1":"product","2":"type-product","3":"status-publish","4":"has-post-thumbnail","6":"product_cat-may-tien-kim-loai","8":"first","9":"instock","10":"shipping-taxable","11":"purchasable","12":"product-type-simple"},"acf":[],"_links":{"self":[{"href":"https:\/\/thanhmochn.vn\/index.php?rest_route=\/wp\/v2\/product\/1815","targetHints":{"allow":["GET"]}}],"collection":[{"href":"https:\/\/thanhmochn.vn\/index.php?rest_route=\/wp\/v2\/product"}],"about":[{"href":"https:\/\/thanhmochn.vn\/index.php?rest_route=\/wp\/v2\/types\/product"}],"replies":[{"embeddable":true,"href":"https:\/\/thanhmochn.vn\/index.php?rest_route=%2Fwp%2Fv2%2Fcomments&post=1815"}],"wp:featuredmedia":[{"embeddable":true,"href":"https:\/\/thanhmochn.vn\/index.php?rest_route=\/wp\/v2\/media\/2078"}],"wp:attachment":[{"href":"https:\/\/thanhmochn.vn\/index.php?rest_route=%2Fwp%2Fv2%2Fmedia&parent=1815"}],"wp:term":[{"taxonomy":"product_brand","embeddable":true,"href":"https:\/\/thanhmochn.vn\/index.php?rest_route=%2Fwp%2Fv2%2Fproduct_brand&post=1815"},{"taxonomy":"product_cat","embeddable":true,"href":"https:\/\/thanhmochn.vn\/index.php?rest_route=%2Fwp%2Fv2%2Fproduct_cat&post=1815"},{"taxonomy":"product_tag","embeddable":true,"href":"https:\/\/thanhmochn.vn\/index.php?rest_route=%2Fwp%2Fv2%2Fproduct_tag&post=1815"}],"curies":[{"name":"wp","href":"https:\/\/api.w.org\/{rel}","templated":true}]}}