{"id":1811,"date":"2025-10-29T19:18:28","date_gmt":"2025-10-29T12:18:28","guid":{"rendered":"https:\/\/thanhmochn.vn\/?p=1811"},"modified":"2025-11-01T12:06:59","modified_gmt":"2025-11-01T05:06:59","slug":"bo-mam-chia-do-lap-mam-125-ytum","status":"publish","type":"product","link":"https:\/\/thanhmochn.vn\/?product=bo-mam-chia-do-lap-mam-125-ytum","title":{"rendered":"B\u1ed9 M\u00e2m Chia \u0110\u1ed9 L\u1eafp M\u00e2m 125 YTUM"},"content":{"rendered":"<p data-start=\"302\" data-end=\"384\">\ud83d\udd27 <strong data-start=\"305\" data-end=\"384\">B\u1ed9 M\u00e2m Chia \u0110\u1ed9 L\u1eafp M\u00e2m 125 YTUM \u2013 Ph\u1ee5 Ki\u1ec7n Gia C\u00f4ng Ch\u00ednh X\u00e1c, Hi\u1ec7u Qu\u1ea3 Cao<\/strong><\/p>\n<hr data-start=\"386\" data-end=\"389\" \/>\n<h3 data-start=\"391\" data-end=\"416\">\ud83e\udde9 <strong data-start=\"398\" data-end=\"416\">M\u00f4 t\u1ea3 s\u1ea3n ph\u1ea9m<\/strong><\/h3>\n<p data-start=\"418\" data-end=\"802\"><strong data-start=\"418\" data-end=\"455\">B\u1ed9 m\u00e2m chia \u0111\u1ed9 l\u1eafp m\u00e2m 125mm YTUM<\/strong> l\u00e0 ph\u1ee5 ki\u1ec7n <strong data-start=\"468\" data-end=\"544\">quan tr\u1ecdng trong c\u00e1c x\u01b0\u1edfng c\u01a1 kh\u00ed v\u00e0 trung t\u00e2m gia c\u00f4ng c\u01a1 kh\u00ed ch\u00ednh x\u00e1c<\/strong>, chuy\u00ean d\u00f9ng cho <strong data-start=\"562\" data-end=\"595\">m\u00e1y phay c\u01a1 ho\u1eb7c m\u00e1y phay CNC<\/strong>.<br data-start=\"596\" data-end=\"599\" \/>S\u1ea3n ph\u1ea9m cho ph\u00e9p <strong data-start=\"617\" data-end=\"690\">chia \u0111\u1ed9, chia v\u00f2ng, t\u1ea1o cung tr\u00f2n, b\u00e1nh r\u0103ng, m\u1eb7t b\u00edch ho\u1eb7c r\u00e3nh xo\u1eafn<\/strong> v\u1edbi <strong data-start=\"695\" data-end=\"719\">\u0111\u1ed9 ch\u00ednh x\u00e1c c\u1ef1c cao<\/strong>, gi\u00fap t\u0103ng n\u0103ng su\u1ea5t, \u0111\u1ea3m b\u1ea3o ch\u1ea5t l\u01b0\u1ee3ng v\u00e0 \u0111\u1ed9 \u1ed5n \u0111\u1ecbnh trong qu\u00e1 tr\u00ecnh gia c\u00f4ng.<\/p>\n<p data-start=\"804\" data-end=\"998\">\u0110\u01b0\u1ee3c <strong data-start=\"809\" data-end=\"856\">gia c\u00f4ng t\u1ec9 m\u1ec9 t\u1eeb th\u00e9p h\u1ee3p kim ch\u1ecbu l\u1ef1c cao<\/strong>, b\u1ed9 m\u00e2m chia \u0111\u1ed9 YTUM c\u00f3 k\u1ebft c\u1ea5u ch\u1eafc ch\u1eafn, ho\u1ea1t \u0111\u1ed9ng \u1ed5n \u0111\u1ecbnh, \u0111\u1ed9 b\u1ec1n v\u01b0\u1ee3t tr\u1ed9i \u2013 l\u00e0 l\u1ef1a ch\u1ecdn h\u00e0ng \u0111\u1ea7u cho c\u00e1c <strong data-start=\"967\" data-end=\"997\">x\u01b0\u1edfng c\u01a1 kh\u00ed chuy\u00ean nghi\u1ec7p<\/strong>.<\/p>\n<hr data-start=\"1000\" data-end=\"1003\" \/>\n<h3 data-start=\"1005\" data-end=\"1036\">\u2699\ufe0f <strong data-start=\"1012\" data-end=\"1036\">\u1ee8ng d\u1ee5ng &amp; c\u00f4ng d\u1ee5ng<\/strong><\/h3>\n<ul data-start=\"1038\" data-end=\"1401\">\n<li data-start=\"1038\" data-end=\"1175\">\n<p data-start=\"1040\" data-end=\"1175\">\ud83d\udccc <strong data-start=\"1043\" data-end=\"1077\">D\u00f9ng tr\u00ean m\u00e1y phay c\u01a1 ho\u1eb7c CNC<\/strong> \u0111\u1ec3 th\u1ef1c hi\u1ec7n thao t\u00e1c <strong data-start=\"1100\" data-end=\"1172\">chia \u0111\u1ed9, chia g\u00f3c, t\u1ea1o cung tr\u00f2n, b\u00e1nh r\u0103ng, r\u00e3nh xo\u1eafn ho\u1eb7c m\u1eb7t b\u00edch<\/strong>.<\/p>\n<\/li>\n<li data-start=\"1176\" data-end=\"1267\">\n<p data-start=\"1178\" data-end=\"1267\">\ud83d\udccc <strong data-start=\"1181\" data-end=\"1218\">H\u1ed7 tr\u1ee3 gia c\u00f4ng chi ti\u1ebft \u0111\u1ed1i x\u1ee9ng<\/strong> ho\u1eb7c <strong data-start=\"1224\" data-end=\"1264\">chia \u0111\u1ec1u theo s\u1ed1 l\u1ed7 v\u00e0 g\u00f3c mong mu\u1ed1n<\/strong>.<\/p>\n<\/li>\n<li data-start=\"1268\" data-end=\"1401\">\n<p data-start=\"1270\" data-end=\"1401\">\ud83d\udccc <strong data-start=\"1273\" data-end=\"1295\">T\u00edch h\u1ee3p ch\u1ed1ng t\u00e2m<\/strong> gi\u00fap c\u1ed1 \u0111\u1ecbnh chi ti\u1ebft ch\u1eafc ch\u1eafn, \u0111\u1ea3m b\u1ea3o <strong data-start=\"1337\" data-end=\"1370\">\u0111\u1ed9 \u0111\u1ed3ng t\u00e2m v\u00e0 \u0111\u1ed9 \u1ed5n \u0111\u1ecbnh cao<\/strong> trong su\u1ed1t qu\u00e1 tr\u00ecnh l\u00e0m vi\u1ec7c.<\/p>\n<\/li>\n<\/ul>\n<hr data-start=\"1403\" data-end=\"1406\" \/>\n<h3 data-start=\"1408\" data-end=\"1434\">\ud83d\udc8e <strong data-start=\"1415\" data-end=\"1434\">\u01afu \u0111i\u1ec3m n\u1ed5i b\u1eadt<\/strong><\/h3>\n<ul data-start=\"1436\" data-end=\"1787\">\n<li data-start=\"1436\" data-end=\"1513\">\n<p data-start=\"1438\" data-end=\"1513\"><strong data-start=\"1438\" data-end=\"1456\">Ch\u00ednh x\u00e1c cao:<\/strong> \u0110\u1ea3m b\u1ea3o chia \u0111\u1ec1u, \u0111\u1ed3ng t\u00e2m tuy\u1ec7t \u0111\u1ed1i, sai s\u1ed1 c\u1ef1c th\u1ea5p.<\/p>\n<\/li>\n<li data-start=\"1514\" data-end=\"1592\">\n<p data-start=\"1516\" data-end=\"1592\"><strong data-start=\"1516\" data-end=\"1538\">K\u1ebft c\u1ea5u v\u1eefng ch\u1eafc:<\/strong> Gia c\u00f4ng ch\u00ednh x\u00e1c, ch\u1ecbu l\u1ef1c t\u1ed1t, v\u1eadn h\u00e0nh \u1ed5n \u0111\u1ecbnh.<\/p>\n<\/li>\n<li data-start=\"1593\" data-end=\"1690\">\n<p data-start=\"1595\" data-end=\"1690\"><strong data-start=\"1595\" data-end=\"1616\">\u0110\u1ed9 b\u1ec1n v\u01b0\u1ee3t tr\u1ed9i:<\/strong> L\u00e0m t\u1eeb th\u00e9p h\u1ee3p kim ch\u1ea5t l\u01b0\u1ee3ng cao, ch\u1ecbu m\u00e0i m\u00f2n t\u1ed1t, tu\u1ed5i th\u1ecd l\u00e2u d\u00e0i.<\/p>\n<\/li>\n<li data-start=\"1691\" data-end=\"1787\">\n<p data-start=\"1693\" data-end=\"1787\"><strong data-start=\"1693\" data-end=\"1708\">D\u1ec5 s\u1eed d\u1ee5ng:<\/strong> L\u1eafp \u0111\u1eb7t nhanh, t\u01b0\u01a1ng th\u00edch v\u1edbi nhi\u1ec1u d\u00f2ng <strong data-start=\"1751\" data-end=\"1784\">m\u00e1y phay c\u01a1 v\u00e0 CNC th\u00f4ng d\u1ee5ng<\/strong>.<\/p>\n<\/li>\n<\/ul>\n<hr data-start=\"1789\" data-end=\"1792\" \/>\n<h3 data-start=\"1794\" data-end=\"1822\">\ud83d\udccf <strong data-start=\"1801\" data-end=\"1822\">Th\u00f4ng s\u1ed1 k\u1ef9 thu\u1eadt<\/strong><\/h3>\n<div class=\"_tableContainer_1rjym_1\">\n<div class=\"group _tableWrapper_1rjym_13 flex w-fit flex-col-reverse\" tabindex=\"-1\">\n<table class=\"w-fit min-w-(--thread-content-width)\" data-start=\"1824\" data-end=\"2321\">\n<thead data-start=\"1824\" data-end=\"1856\">\n<tr data-start=\"1824\" data-end=\"1856\">\n<th data-start=\"1824\" data-end=\"1840\" data-col-size=\"sm\"><strong data-start=\"1826\" data-end=\"1839\">Th\u00f4ng tin<\/strong><\/th>\n<th data-start=\"1840\" data-end=\"1856\" data-col-size=\"md\"><strong data-start=\"1842\" data-end=\"1854\">Chi ti\u1ebft<\/strong><\/th>\n<\/tr>\n<\/thead>\n<tbody data-start=\"1892\" data-end=\"2321\">\n<tr data-start=\"1892\" data-end=\"1946\">\n<td data-start=\"1892\" data-end=\"1911\" data-col-size=\"sm\"><strong data-start=\"1894\" data-end=\"1910\">T\u00ean s\u1ea3n ph\u1ea9m<\/strong><\/td>\n<td data-col-size=\"md\" data-start=\"1911\" data-end=\"1946\">B\u1ed9 M\u00e2m Chia \u0110\u1ed9 L\u1eafp M\u00e2m 125 YTUM<\/td>\n<\/tr>\n<tr data-start=\"1947\" data-end=\"1981\">\n<td data-start=\"1947\" data-end=\"1972\" data-col-size=\"sm\"><strong data-start=\"1949\" data-end=\"1971\">\u0110\u01b0\u1eddng k\u00ednh m\u00e2m c\u1eb7p<\/strong><\/td>\n<td data-col-size=\"md\" data-start=\"1972\" data-end=\"1981\">125mm<\/td>\n<\/tr>\n<tr data-start=\"1982\" data-end=\"2087\">\n<td data-start=\"1982\" data-end=\"2000\" data-col-size=\"sm\"><strong data-start=\"1984\" data-end=\"1999\">Ph\u1ea1m vi c\u1eb7p<\/strong><\/td>\n<td data-col-size=\"md\" data-start=\"2000\" data-end=\"2087\"><strong data-start=\"2002\" data-end=\"2016\">Ch\u1ea5u ph\u1ea3i:<\/strong> C\u1eb7p trong: 2.5\u201340mm \/ C\u1eb7p ngo\u00e0i: 38\u2013125mm<br \/>\n<strong data-start=\"2062\" data-end=\"2076\">Ch\u1ea5u tr\u00e1i:<\/strong> 38\u2013110mm<\/td>\n<\/tr>\n<tr data-start=\"2088\" data-end=\"2127\">\n<td data-start=\"2088\" data-end=\"2117\" data-col-size=\"sm\"><strong data-start=\"2090\" data-end=\"2116\">Tr\u1ecdng l\u01b0\u1ee3ng (\u0111\u00f3ng g\u00f3i)<\/strong><\/td>\n<td data-col-size=\"md\" data-start=\"2117\" data-end=\"2127\">22,5kg<\/td>\n<\/tr>\n<tr data-start=\"2128\" data-end=\"2229\">\n<td data-start=\"2128\" data-end=\"2143\" data-col-size=\"sm\"><strong data-start=\"2130\" data-end=\"2142\">\u1ee8ng d\u1ee5ng<\/strong><\/td>\n<td data-col-size=\"md\" data-start=\"2143\" data-end=\"2229\">Gia c\u00f4ng chi ti\u1ebft \u0111\u1ed1i x\u1ee9ng, ph\u00e2n \u0111\u1ed9, chia v\u00f2ng, t\u1ea1o b\u00e1nh r\u0103ng, m\u1eb7t b\u00edch, cung tr\u00f2n<\/td>\n<\/tr>\n<tr data-start=\"2230\" data-end=\"2286\">\n<td data-start=\"2230\" data-end=\"2246\" data-col-size=\"sm\"><strong data-start=\"2232\" data-end=\"2245\">Ch\u1ea5t li\u1ec7u<\/strong><\/td>\n<td data-col-size=\"md\" data-start=\"2246\" data-end=\"2286\">Th\u00e9p ch\u1ecbu l\u1ef1c cao, ch\u1ed1ng m\u00e0i m\u00f2n t\u1ed1t<\/td>\n<\/tr>\n<tr data-start=\"2287\" data-end=\"2321\">\n<td data-start=\"2287\" data-end=\"2304\" data-col-size=\"sm\"><strong data-start=\"2289\" data-end=\"2303\">T\u00ecnh tr\u1ea1ng<\/strong><\/td>\n<td data-col-size=\"md\" data-start=\"2304\" data-end=\"2321\">H\u00e0ng m\u1edbi 100%<\/td>\n<\/tr>\n<\/tbody>\n<\/table>\n<\/div>\n<\/div>\n<hr data-start=\"2323\" data-end=\"2326\" \/>\n<h3 data-start=\"2328\" data-end=\"2356\">\ud83d\udce6 <strong data-start=\"2335\" data-end=\"2356\">Cam k\u1ebft &amp; d\u1ecbch v\u1ee5<\/strong><\/h3>\n<ul data-start=\"2358\" data-end=\"2576\">\n<li data-start=\"2358\" data-end=\"2436\">\n<p data-start=\"2360\" data-end=\"2436\">\u2705 S\u1ea3n ph\u1ea9m <strong data-start=\"2371\" data-end=\"2390\">ch\u00ednh h\u00e3ng YTUM<\/strong>, <strong data-start=\"2392\" data-end=\"2413\">ki\u1ec3m tra k\u1ef9 l\u01b0\u1ee1ng<\/strong> tr\u01b0\u1edbc khi giao h\u00e0ng.<\/p>\n<\/li>\n<li data-start=\"2437\" data-end=\"2501\">\n<p data-start=\"2439\" data-end=\"2501\">\u2705 <strong data-start=\"2441\" data-end=\"2460\">T\u01b0 v\u1ea5n k\u1ef9 thu\u1eadt<\/strong>, h\u01b0\u1edbng d\u1eabn l\u1eafp \u0111\u1eb7t v\u00e0 s\u1eed d\u1ee5ng t\u1eadn t\u00e2m.<\/p>\n<\/li>\n<li data-start=\"2502\" data-end=\"2576\">\n<p data-start=\"2504\" data-end=\"2576\">\u2705 Cam k\u1ebft <strong data-start=\"2514\" data-end=\"2573\">\u0111\u00fang th\u00f4ng tin \u2013 \u0111\u00fang ch\u1ea5t l\u01b0\u1ee3ng \u2013 \u0111\u00fang gi\u00e1 tr\u1ecb s\u1eed d\u1ee5ng<\/strong>.<\/p>\n<\/li>\n<\/ul>\n<hr data-start=\"2578\" data-end=\"2581\" \/>\n<h3 data-start=\"2583\" data-end=\"2601\">\ud83c\udfed <strong data-start=\"2590\" data-end=\"2601\">Li\u00ean h\u1ec7<\/strong><\/h3>\n<p data-start=\"2603\" data-end=\"2707\"><strong data-start=\"2603\" data-end=\"2619\">TH\u00c0NH M\u1ed8C HN<\/strong><br data-start=\"2619\" data-end=\"2622\" \/>\ud83d\udcde Hotline: <strong data-start=\"2634\" data-end=\"2650\">0865.551.688<\/strong><br data-start=\"2650\" data-end=\"2653\" \/>\ud83d\udcac <em data-start=\"2656\" data-end=\"2707\">Uy t\u00edn \u2013 Ch\u1ea5t l\u01b0\u1ee3ng s\u1ea3n ph\u1ea9m t\u1ea1o n\u00ean th\u01b0\u01a1ng hi\u1ec7u!<\/em><\/p>\n","protected":false},"excerpt":{"rendered":"<h3 data-start=\"391\" data-end=\"416\">\ud83e\udde9 <strong data-start=\"398\" data-end=\"416\">M\u00f4 t\u1ea3 s\u1ea3n ph\u1ea9m<\/strong><\/h3>\n<p data-start=\"418\" data-end=\"802\"><strong data-start=\"418\" data-end=\"455\">B\u1ed9 m\u00e2m chia \u0111\u1ed9 l\u1eafp m\u00e2m 125mm YTUM<\/strong> l\u00e0 ph\u1ee5 ki\u1ec7n <strong data-start=\"468\" data-end=\"544\">quan tr\u1ecdng trong c\u00e1c x\u01b0\u1edfng c\u01a1 kh\u00ed v\u00e0 trung t\u00e2m gia c\u00f4ng c\u01a1 kh\u00ed ch\u00ednh x\u00e1c<\/strong>, chuy\u00ean d\u00f9ng cho <strong data-start=\"562\" data-end=\"595\">m\u00e1y phay c\u01a1 ho\u1eb7c m\u00e1y phay CNC<\/strong>.<br data-start=\"596\" data-end=\"599\" \/>S\u1ea3n ph\u1ea9m cho ph\u00e9p <strong data-start=\"617\" data-end=\"690\">chia \u0111\u1ed9, chia v\u00f2ng, t\u1ea1o cung tr\u00f2n, b\u00e1nh r\u0103ng, m\u1eb7t b\u00edch ho\u1eb7c r\u00e3nh xo\u1eafn<\/strong> v\u1edbi <strong data-start=\"695\" data-end=\"719\">\u0111\u1ed9 ch\u00ednh x\u00e1c c\u1ef1c cao<\/strong>, gi\u00fap t\u0103ng n\u0103ng su\u1ea5t, \u0111\u1ea3m b\u1ea3o ch\u1ea5t l\u01b0\u1ee3ng v\u00e0 \u0111\u1ed9 \u1ed5n \u0111\u1ecbnh trong qu\u00e1 tr\u00ecnh gia c\u00f4ng.<\/p>\n<p data-start=\"804\" data-end=\"998\">\u0110\u01b0\u1ee3c <strong data-start=\"809\" data-end=\"856\">gia c\u00f4ng t\u1ec9 m\u1ec9 t\u1eeb th\u00e9p h\u1ee3p kim ch\u1ecbu l\u1ef1c cao<\/strong>, b\u1ed9 m\u00e2m chia \u0111\u1ed9 YTUM c\u00f3 k\u1ebft c\u1ea5u ch\u1eafc ch\u1eafn, ho\u1ea1t \u0111\u1ed9ng \u1ed5n \u0111\u1ecbnh, \u0111\u1ed9 b\u1ec1n v\u01b0\u1ee3t tr\u1ed9i \u2013 l\u00e0 l\u1ef1a ch\u1ecdn h\u00e0ng \u0111\u1ea7u cho c\u00e1c <strong data-start=\"967\" data-end=\"997\">x\u01b0\u1edfng c\u01a1 kh\u00ed chuy\u00ean nghi\u1ec7p<\/strong>.<\/p>\n","protected":false},"featured_media":2104,"comment_status":"closed","ping_status":"closed","template":"","meta":{"_acf_changed":false},"product_brand":[],"product_cat":[84],"product_tag":[],"class_list":{"0":"post-1811","1":"product","2":"type-product","3":"status-publish","4":"has-post-thumbnail","6":"product_cat-may-phay-va-phu-kien","8":"first","9":"instock","10":"shipping-taxable","11":"purchasable","12":"product-type-simple"},"acf":[],"_links":{"self":[{"href":"https:\/\/thanhmochn.vn\/index.php?rest_route=\/wp\/v2\/product\/1811","targetHints":{"allow":["GET"]}}],"collection":[{"href":"https:\/\/thanhmochn.vn\/index.php?rest_route=\/wp\/v2\/product"}],"about":[{"href":"https:\/\/thanhmochn.vn\/index.php?rest_route=\/wp\/v2\/types\/product"}],"replies":[{"embeddable":true,"href":"https:\/\/thanhmochn.vn\/index.php?rest_route=%2Fwp%2Fv2%2Fcomments&post=1811"}],"wp:featuredmedia":[{"embeddable":true,"href":"https:\/\/thanhmochn.vn\/index.php?rest_route=\/wp\/v2\/media\/2104"}],"wp:attachment":[{"href":"https:\/\/thanhmochn.vn\/index.php?rest_route=%2Fwp%2Fv2%2Fmedia&parent=1811"}],"wp:term":[{"taxonomy":"product_brand","embeddable":true,"href":"https:\/\/thanhmochn.vn\/index.php?rest_route=%2Fwp%2Fv2%2Fproduct_brand&post=1811"},{"taxonomy":"product_cat","embeddable":true,"href":"https:\/\/thanhmochn.vn\/index.php?rest_route=%2Fwp%2Fv2%2Fproduct_cat&post=1811"},{"taxonomy":"product_tag","embeddable":true,"href":"https:\/\/thanhmochn.vn\/index.php?rest_route=%2Fwp%2Fv2%2Fproduct_tag&post=1811"}],"curies":[{"name":"wp","href":"https:\/\/api.w.org\/{rel}","templated":true}]}}