{"id":1810,"date":"2025-10-29T19:17:02","date_gmt":"2025-10-29T12:17:02","guid":{"rendered":"https:\/\/thanhmochn.vn\/?p=1810"},"modified":"2025-11-01T12:08:08","modified_gmt":"2025-11-01T05:08:08","slug":"dau-kep-mui-khoan-mt2-b16-1-5-13mm","status":"publish","type":"product","link":"https:\/\/thanhmochn.vn\/?product=dau-kep-mui-khoan-mt2-b16-1-5-13mm","title":{"rendered":"\u0110\u1ea7u K\u1eb9p M\u0169i Khoan MT2 B16 (1.5\u201313mm)"},"content":{"rendered":"<p data-start=\"295\" data-end=\"377\">\ud83c\udf1f <strong data-start=\"298\" data-end=\"377\">\u0110\u1ea7u K\u1eb9p M\u0169i Khoan MT2 B16 (1.5\u201313mm) \u2013 \u0110\u1ed9 Ch\u00ednh X\u00e1c Cao, B\u1ec1n B\u1ec9, D\u1ec5 S\u1eed D\u1ee5ng<\/strong><\/p>\n<hr data-start=\"379\" data-end=\"382\" \/>\n<h3 data-start=\"384\" data-end=\"409\">\ud83e\udde9 <strong data-start=\"391\" data-end=\"409\">M\u00f4 t\u1ea3 s\u1ea3n ph\u1ea9m<\/strong><\/h3>\n<p data-start=\"411\" data-end=\"739\"><strong data-start=\"411\" data-end=\"451\">\u0110\u1ea7u k\u1eb9p m\u0169i khoan MT2 B16 (1.5\u201313mm)<\/strong> l\u00e0 l\u1ef1a ch\u1ecdn ho\u00e0n h\u1ea3o cho <strong data-start=\"477\" data-end=\"531\">th\u1ee3 c\u01a1 kh\u00ed, k\u1ef9 thu\u1eadt vi\u00ean v\u00e0 x\u01b0\u1edfng gia c\u00f4ng c\u01a1 kh\u00ed<\/strong> c\u1ea7n m\u1ed9t d\u1ee5ng c\u1ee5 <strong data-start=\"548\" data-end=\"580\">ch\u00ednh x\u00e1c \u2013 b\u1ec1n b\u1ec9 \u2013 \u1ed5n \u0111\u1ecbnh<\/strong>.<br data-start=\"581\" data-end=\"584\" \/>V\u1edbi kh\u1ea3 n\u0103ng k\u1eb9p m\u0169i khoan trong kho\u1ea3ng <strong data-start=\"624\" data-end=\"642\">1.5mm \u0111\u1ebfn 13mm<\/strong>, s\u1ea3n ph\u1ea9m <strong data-start=\"653\" data-end=\"706\">t\u01b0\u01a1ng th\u00edch v\u1edbi m\u00e1y khoan b\u00e0n, m\u00e1y phay, m\u00e1y ti\u1ec7n<\/strong> v\u00e0 nhi\u1ec1u thi\u1ebft b\u1ecb c\u01a1 kh\u00ed kh\u00e1c.<\/p>\n<p data-start=\"741\" data-end=\"902\">C\u1ea5u t\u1ea1o t\u1eeb <strong data-start=\"752\" data-end=\"773\">th\u00e9p h\u1ee3p kim c\u1ee9ng<\/strong> v\u00e0 <strong data-start=\"777\" data-end=\"800\">chu\u1ea9n c\u00f4n MT2 \u2013 B16<\/strong>, \u0111\u1ea7u k\u1eb9p gi\u00fap c\u1ed1 \u0111\u1ecbnh m\u0169i khoan ch\u1eafc ch\u1eafn, gi\u1ea3m rung l\u1eafc, t\u0103ng \u0111\u1ed9 ch\u00ednh x\u00e1c trong qu\u00e1 tr\u00ecnh gia c\u00f4ng.<\/p>\n<hr data-start=\"904\" data-end=\"907\" \/>\n<h3 data-start=\"909\" data-end=\"938\">\ud83d\udd27 <strong data-start=\"916\" data-end=\"938\">Th\u00f4ng tin s\u1ea3n ph\u1ea9m<\/strong><\/h3>\n<div class=\"_tableContainer_1rjym_1\">\n<div class=\"group _tableWrapper_1rjym_13 flex w-fit flex-col-reverse\" tabindex=\"-1\">\n<table class=\"w-fit min-w-(--thread-content-width)\" data-start=\"940\" data-end=\"1295\">\n<thead data-start=\"940\" data-end=\"973\">\n<tr data-start=\"940\" data-end=\"973\">\n<th data-start=\"940\" data-end=\"957\" data-col-size=\"sm\"><strong data-start=\"942\" data-end=\"956\">Thu\u1ed9c t\u00ednh<\/strong><\/th>\n<th data-start=\"957\" data-end=\"973\" data-col-size=\"sm\"><strong data-start=\"959\" data-end=\"971\">Chi ti\u1ebft<\/strong><\/th>\n<\/tr>\n<\/thead>\n<tbody data-start=\"1010\" data-end=\"1295\">\n<tr data-start=\"1010\" data-end=\"1058\">\n<td data-start=\"1010\" data-end=\"1029\" data-col-size=\"sm\"><strong data-start=\"1012\" data-end=\"1028\">T\u00ean s\u1ea3n ph\u1ea9m<\/strong><\/td>\n<td data-col-size=\"sm\" data-start=\"1029\" data-end=\"1058\">\u0110\u1ea7u k\u1eb9p m\u0169i khoan MT2 B16<\/td>\n<\/tr>\n<tr data-start=\"1059\" data-end=\"1100\">\n<td data-start=\"1059\" data-end=\"1074\" data-col-size=\"sm\"><strong data-start=\"1061\" data-end=\"1073\">Ki\u1ec3u c\u00f4n<\/strong><\/td>\n<td data-col-size=\"sm\" data-start=\"1074\" data-end=\"1100\">MT2 (Morse Taper s\u1ed1 2)<\/td>\n<\/tr>\n<tr data-start=\"1101\" data-end=\"1124\">\n<td data-start=\"1101\" data-end=\"1117\" data-col-size=\"sm\"><strong data-start=\"1103\" data-end=\"1116\">Chu\u00f4i l\u1eafp<\/strong><\/td>\n<td data-col-size=\"sm\" data-start=\"1117\" data-end=\"1124\">B16<\/td>\n<\/tr>\n<tr data-start=\"1125\" data-end=\"1159\">\n<td data-start=\"1125\" data-end=\"1143\" data-col-size=\"sm\"><strong data-start=\"1127\" data-end=\"1142\">Ph\u1ea1m vi k\u1eb9p<\/strong><\/td>\n<td data-col-size=\"sm\" data-start=\"1143\" data-end=\"1159\">1.5mm \u2013 13mm<\/td>\n<\/tr>\n<tr data-start=\"1160\" data-end=\"1216\">\n<td data-start=\"1160\" data-end=\"1176\" data-col-size=\"sm\"><strong data-start=\"1162\" data-end=\"1175\">Ch\u1ea5t li\u1ec7u<\/strong><\/td>\n<td data-col-size=\"sm\" data-start=\"1176\" data-end=\"1216\">H\u1ee3p kim th\u00e9p c\u1ee9ng, ch\u1ed1ng m\u00e0i m\u00f2n cao<\/td>\n<\/tr>\n<tr data-start=\"1217\" data-end=\"1260\">\n<td data-start=\"1217\" data-end=\"1236\" data-col-size=\"sm\"><strong data-start=\"1219\" data-end=\"1235\">\u0110\u1ed9 ch\u00ednh x\u00e1c<\/strong><\/td>\n<td data-col-size=\"sm\" data-start=\"1236\" data-end=\"1260\">Cao, \u0111\u1ed9 \u0111\u1ed3ng t\u00e2m t\u1ed1t<\/td>\n<\/tr>\n<tr data-start=\"1261\" data-end=\"1295\">\n<td data-start=\"1261\" data-end=\"1278\" data-col-size=\"sm\"><strong data-start=\"1263\" data-end=\"1277\">T\u00ecnh tr\u1ea1ng<\/strong><\/td>\n<td data-col-size=\"sm\" data-start=\"1278\" data-end=\"1295\">H\u00e0ng m\u1edbi 100%<\/td>\n<\/tr>\n<\/tbody>\n<\/table>\n<\/div>\n<\/div>\n<hr data-start=\"1297\" data-end=\"1300\" \/>\n<h3 data-start=\"1302\" data-end=\"1322\">\u2699\ufe0f <strong data-start=\"1309\" data-end=\"1322\">C\u00f4ng d\u1ee5ng<\/strong><\/h3>\n<ul data-start=\"1324\" data-end=\"1676\">\n<li data-start=\"1324\" data-end=\"1454\">\n<p data-start=\"1326\" data-end=\"1454\">D\u00f9ng \u0111\u1ec3 <strong data-start=\"1334\" data-end=\"1356\">k\u1eb9p ch\u1eb7t m\u0169i khoan<\/strong> khi l\u00e0m vi\u1ec7c tr\u00ean <strong data-start=\"1375\" data-end=\"1412\">m\u00e1y khoan b\u00e0n, m\u00e1y phay, m\u00e1y ti\u1ec7n<\/strong> ho\u1eb7c c\u00e1c thi\u1ebft b\u1ecb gia c\u00f4ng c\u01a1 kh\u00ed kh\u00e1c.<\/p>\n<\/li>\n<li data-start=\"1455\" data-end=\"1568\">\n<p data-start=\"1457\" data-end=\"1568\">Gi\u00fap <strong data-start=\"1462\" data-end=\"1485\">\u0111\u1ea3m b\u1ea3o \u0111\u1ed9 \u0111\u1ed3ng t\u00e2m<\/strong>, gi\u1ea3m rung l\u1eafc v\u00e0 t\u0103ng \u0111\u1ed9 ch\u00ednh x\u00e1c khi <strong data-start=\"1526\" data-end=\"1565\">khoan, doa, ti\u1ec7n ho\u1eb7c phay kim lo\u1ea1i<\/strong>.<\/p>\n<\/li>\n<li data-start=\"1569\" data-end=\"1676\">\n<p data-start=\"1571\" data-end=\"1676\">Ph\u00f9 h\u1ee3p cho <strong data-start=\"1583\" data-end=\"1624\">c\u00e1c chi ti\u1ebft y\u00eau c\u1ea7u \u0111\u1ed9 ch\u00ednh x\u00e1c cao<\/strong> v\u00e0 <strong data-start=\"1628\" data-end=\"1649\">gia c\u00f4ng li\u00ean t\u1ee5c<\/strong> trong m\u00f4i tr\u01b0\u1eddng s\u1ea3n xu\u1ea5t.<\/p>\n<\/li>\n<\/ul>\n<hr data-start=\"1678\" data-end=\"1681\" \/>\n<h3 data-start=\"1683\" data-end=\"1709\">\ud83d\udc8e <strong data-start=\"1690\" data-end=\"1709\">\u01afu \u0111i\u1ec3m n\u1ed5i b\u1eadt<\/strong><\/h3>\n<ul data-start=\"1711\" data-end=\"2099\">\n<li data-start=\"1711\" data-end=\"1815\">\n<p data-start=\"1713\" data-end=\"1815\"><strong data-start=\"1713\" data-end=\"1734\">\u0110\u1ed9 ch\u00ednh x\u00e1c cao:<\/strong> Thi\u1ebft k\u1ebf chu\u1ea9n x\u00e1c, gi\u00fap gi\u1eef m\u0169i khoan \u1ed5n \u0111\u1ecbnh trong su\u1ed1t qu\u00e1 tr\u00ecnh ho\u1ea1t \u0111\u1ed9ng.<\/p>\n<\/li>\n<li data-start=\"1816\" data-end=\"1903\">\n<p data-start=\"1818\" data-end=\"1903\"><strong data-start=\"1818\" data-end=\"1832\">Linh ho\u1ea1t:<\/strong> Ph\u1ea1m vi k\u1eb9p r\u1ed9ng, t\u01b0\u01a1ng th\u00edch v\u1edbi h\u1ea7u h\u1ebft <strong data-start=\"1875\" data-end=\"1900\">m\u0169i khoan t\u1eeb 1.5\u201313mm<\/strong>.<\/p>\n<\/li>\n<li data-start=\"1904\" data-end=\"1993\">\n<p data-start=\"1906\" data-end=\"1993\"><strong data-start=\"1906\" data-end=\"1917\">B\u1ec1n b\u1ec9:<\/strong> Ch\u1ea5t li\u1ec7u <strong data-start=\"1928\" data-end=\"1949\">th\u00e9p h\u1ee3p kim c\u1ee9ng<\/strong>, ch\u1ecbu t\u1ea3i t\u1ed1t v\u00e0 ch\u1ed1ng m\u00e0i m\u00f2n v\u01b0\u1ee3t tr\u1ed9i.<\/p>\n<\/li>\n<li data-start=\"1994\" data-end=\"2099\">\n<p data-start=\"1996\" data-end=\"2099\"><strong data-start=\"1996\" data-end=\"2011\">D\u1ec5 s\u1eed d\u1ee5ng:<\/strong> C\u1ea5u t\u1ea1o <strong data-start=\"2020\" data-end=\"2048\">\u0111\u01a1n gi\u1ea3n, th\u00e1o l\u1eafp nhanh<\/strong>, thay m\u0169i khoan ti\u1ec7n l\u1ee3i v\u00e0 ti\u1ebft ki\u1ec7m th\u1eddi gian.<\/p>\n<\/li>\n<\/ul>\n<hr data-start=\"2101\" data-end=\"2104\" \/>\n<h3 data-start=\"2106\" data-end=\"2133\">\ud83d\udce6 <strong data-start=\"2113\" data-end=\"2133\">\u1ee8ng d\u1ee5ng th\u1ef1c t\u1ebf<\/strong><\/h3>\n<p data-start=\"2135\" data-end=\"2171\">Th\u00edch h\u1ee3p cho nhi\u1ec1u l\u0129nh v\u1ef1c c\u01a1 kh\u00ed:<\/p>\n<ul data-start=\"2172\" data-end=\"2358\">\n<li data-start=\"2172\" data-end=\"2216\">\n<p data-start=\"2174\" data-end=\"2216\"><strong data-start=\"2174\" data-end=\"2214\">X\u01b0\u1edfng ch\u1ebf t\u1ea1o, gia c\u00f4ng chi ti\u1ebft m\u00e1y<\/strong><\/p>\n<\/li>\n<li data-start=\"2217\" data-end=\"2255\">\n<p data-start=\"2219\" data-end=\"2255\"><strong data-start=\"2219\" data-end=\"2253\">Th\u1ee3 ti\u1ec7n, phay, b\u1ea3o tr\u00ec c\u01a1 kh\u00ed<\/strong><\/p>\n<\/li>\n<li data-start=\"2256\" data-end=\"2308\">\n<p data-start=\"2258\" data-end=\"2308\"><strong data-start=\"2258\" data-end=\"2306\">Trung t\u00e2m \u0111\u00e0o t\u1ea1o, ph\u00f2ng th\u00ed nghi\u1ec7m k\u1ef9 thu\u1eadt<\/strong><\/p>\n<\/li>\n<li data-start=\"2309\" data-end=\"2358\">\n<p data-start=\"2311\" data-end=\"2358\"><strong data-start=\"2311\" data-end=\"2356\">D\u1ef1 \u00e1n DIY, h\u1ecdc t\u1eadp v\u00e0 nghi\u00ean c\u1ee9u k\u1ef9 thu\u1eadt<\/strong><\/p>\n<\/li>\n<\/ul>\n<hr data-start=\"2360\" data-end=\"2363\" \/>\n<h3 data-start=\"2365\" data-end=\"2395\">\ud83d\udee0\ufe0f <strong data-start=\"2373\" data-end=\"2395\">Cam k\u1ebft ch\u1ea5t l\u01b0\u1ee3ng<\/strong><\/h3>\n<ul data-start=\"2397\" data-end=\"2607\">\n<li data-start=\"2397\" data-end=\"2468\">\n<p data-start=\"2399\" data-end=\"2468\">S\u1ea3n ph\u1ea9m <strong data-start=\"2408\" data-end=\"2422\">ch\u00ednh h\u00e3ng<\/strong>, <strong data-start=\"2424\" data-end=\"2445\">ki\u1ec3m tra k\u1ef9 l\u01b0\u1ee1ng<\/strong> tr\u01b0\u1edbc khi giao h\u00e0ng.<\/p>\n<\/li>\n<li data-start=\"2469\" data-end=\"2537\">\n<p data-start=\"2471\" data-end=\"2537\">Cam k\u1ebft <strong data-start=\"2479\" data-end=\"2534\">\u0111\u00fang m\u00f4 t\u1ea3 \u2013 \u0111\u00fang ch\u1ea5t l\u01b0\u1ee3ng \u2013 \u0111\u00fang gi\u00e1 tr\u1ecb s\u1eed d\u1ee5ng<\/strong>.<\/p>\n<\/li>\n<li data-start=\"2538\" data-end=\"2607\">\n<p data-start=\"2540\" data-end=\"2607\">H\u1ed7 tr\u1ee3 <strong data-start=\"2547\" data-end=\"2604\">t\u01b0 v\u1ea5n k\u1ef9 thu\u1eadt, h\u01b0\u1edbng d\u1eabn l\u1eafp \u0111\u1eb7t v\u00e0 s\u1eed d\u1ee5ng t\u1eadn t\u00e2m<\/strong>.<\/p>\n<\/li>\n<\/ul>\n<hr data-start=\"2609\" data-end=\"2612\" \/>\n<h3 data-start=\"2614\" data-end=\"2632\">\ud83c\udfed <strong data-start=\"2621\" data-end=\"2632\">Li\u00ean h\u1ec7<\/strong><\/h3>\n<p data-start=\"2634\" data-end=\"2738\"><strong data-start=\"2634\" data-end=\"2650\">TH\u00c0NH M\u1ed8C HN<\/strong><br data-start=\"2650\" data-end=\"2653\" \/>\ud83d\udcde Hotline: <strong data-start=\"2665\" data-end=\"2681\">0865.551.688<\/strong><br data-start=\"2681\" data-end=\"2684\" \/>\ud83d\udcac <em data-start=\"2687\" data-end=\"2738\">Uy t\u00edn \u2013 Ch\u1ea5t l\u01b0\u1ee3ng s\u1ea3n ph\u1ea9m t\u1ea1o n\u00ean th\u01b0\u01a1ng hi\u1ec7u!<\/em><\/p>\n","protected":false},"excerpt":{"rendered":"<h3 data-start=\"384\" data-end=\"409\">\ud83e\udde9 <strong data-start=\"391\" data-end=\"409\">M\u00f4 t\u1ea3 s\u1ea3n ph\u1ea9m<\/strong><\/h3>\n<p data-start=\"411\" data-end=\"739\"><strong data-start=\"411\" data-end=\"451\">\u0110\u1ea7u k\u1eb9p m\u0169i khoan MT2 B16 (1.5\u201313mm)<\/strong> l\u00e0 l\u1ef1a ch\u1ecdn ho\u00e0n h\u1ea3o cho <strong data-start=\"477\" data-end=\"531\">th\u1ee3 c\u01a1 kh\u00ed, k\u1ef9 thu\u1eadt vi\u00ean v\u00e0 x\u01b0\u1edfng gia c\u00f4ng c\u01a1 kh\u00ed<\/strong> c\u1ea7n m\u1ed9t d\u1ee5ng c\u1ee5 <strong data-start=\"548\" data-end=\"580\">ch\u00ednh x\u00e1c \u2013 b\u1ec1n b\u1ec9 \u2013 \u1ed5n \u0111\u1ecbnh<\/strong>.<br data-start=\"581\" data-end=\"584\" \/>V\u1edbi kh\u1ea3 n\u0103ng k\u1eb9p m\u0169i khoan trong kho\u1ea3ng <strong data-start=\"624\" data-end=\"642\">1.5mm \u0111\u1ebfn 13mm<\/strong>, s\u1ea3n ph\u1ea9m <strong data-start=\"653\" data-end=\"706\">t\u01b0\u01a1ng th\u00edch v\u1edbi m\u00e1y khoan b\u00e0n, m\u00e1y phay, m\u00e1y ti\u1ec7n<\/strong> v\u00e0 nhi\u1ec1u thi\u1ebft b\u1ecb c\u01a1 kh\u00ed kh\u00e1c.<\/p>\n<p data-start=\"741\" data-end=\"902\">C\u1ea5u t\u1ea1o t\u1eeb <strong data-start=\"752\" data-end=\"773\">th\u00e9p h\u1ee3p kim c\u1ee9ng<\/strong> v\u00e0 <strong data-start=\"777\" data-end=\"800\">chu\u1ea9n c\u00f4n MT2 \u2013 B16<\/strong>, \u0111\u1ea7u k\u1eb9p gi\u00fap c\u1ed1 \u0111\u1ecbnh m\u0169i khoan ch\u1eafc ch\u1eafn, gi\u1ea3m rung l\u1eafc, t\u0103ng \u0111\u1ed9 ch\u00ednh x\u00e1c trong qu\u00e1 tr\u00ecnh gia c\u00f4ng.<\/p>\n","protected":false},"featured_media":2117,"comment_status":"closed","ping_status":"closed","template":"","meta":{"_acf_changed":false},"product_brand":[],"product_cat":[84],"product_tag":[],"class_list":{"0":"post-1810","1":"product","2":"type-product","3":"status-publish","4":"has-post-thumbnail","6":"product_cat-may-phay-va-phu-kien","8":"first","9":"instock","10":"shipping-taxable","11":"purchasable","12":"product-type-simple"},"acf":[],"_links":{"self":[{"href":"https:\/\/thanhmochn.vn\/index.php?rest_route=\/wp\/v2\/product\/1810","targetHints":{"allow":["GET"]}}],"collection":[{"href":"https:\/\/thanhmochn.vn\/index.php?rest_route=\/wp\/v2\/product"}],"about":[{"href":"https:\/\/thanhmochn.vn\/index.php?rest_route=\/wp\/v2\/types\/product"}],"replies":[{"embeddable":true,"href":"https:\/\/thanhmochn.vn\/index.php?rest_route=%2Fwp%2Fv2%2Fcomments&post=1810"}],"wp:featuredmedia":[{"embeddable":true,"href":"https:\/\/thanhmochn.vn\/index.php?rest_route=\/wp\/v2\/media\/2117"}],"wp:attachment":[{"href":"https:\/\/thanhmochn.vn\/index.php?rest_route=%2Fwp%2Fv2%2Fmedia&parent=1810"}],"wp:term":[{"taxonomy":"product_brand","embeddable":true,"href":"https:\/\/thanhmochn.vn\/index.php?rest_route=%2Fwp%2Fv2%2Fproduct_brand&post=1810"},{"taxonomy":"product_cat","embeddable":true,"href":"https:\/\/thanhmochn.vn\/index.php?rest_route=%2Fwp%2Fv2%2Fproduct_cat&post=1810"},{"taxonomy":"product_tag","embeddable":true,"href":"https:\/\/thanhmochn.vn\/index.php?rest_route=%2Fwp%2Fv2%2Fproduct_tag&post=1810"}],"curies":[{"name":"wp","href":"https:\/\/api.w.org\/{rel}","templated":true}]}}