{"id":1807,"date":"2025-10-29T19:11:41","date_gmt":"2025-10-29T12:11:41","guid":{"rendered":"https:\/\/thanhmochn.vn\/?p=1807"},"modified":"2025-11-01T12:11:08","modified_gmt":"2025-11-01T05:11:08","slug":"mam-cap-k01-63-3-chau-chinh-hang-sanou","status":"publish","type":"product","link":"https:\/\/thanhmochn.vn\/?product=mam-cap-k01-63-3-chau-chinh-hang-sanou","title":{"rendered":"M\u00e2m C\u1eb7p 3 Ch\u1ea5u T\u1ef1 \u0110\u1ecbnh T\u00e2m K01-63"},"content":{"rendered":"<p data-start=\"241\" data-end=\"331\">\u2699\ufe0f <strong data-start=\"244\" data-end=\"331\">M\u00e2m C\u1eb7p 3 Ch\u1ea5u T\u1ef1 \u0110\u1ecbnh T\u00e2m K01-63 Ch\u00ednh H\u00e3ng SANOU \u2013 Nh\u1ecf G\u1ecdn, Ch\u00ednh X\u00e1c, D\u1ec5 L\u1eafp \u0110\u1eb7t<\/strong><\/p>\n<hr data-start=\"333\" data-end=\"336\" \/>\n<h3 data-start=\"338\" data-end=\"366\">\ud83e\udde9 <strong data-start=\"345\" data-end=\"366\">1. M\u00f4 t\u1ea3 s\u1ea3n ph\u1ea9m<\/strong><\/h3>\n<p data-start=\"368\" data-end=\"668\"><strong data-start=\"368\" data-end=\"392\">M\u00e2m c\u1eb7p K01-63 SANOU<\/strong> l\u00e0 d\u00f2ng <strong data-start=\"401\" data-end=\"431\">m\u00e2m c\u1eb7p 3 ch\u1ea5u t\u1ef1 \u0111\u1ecbnh t\u00e2m<\/strong> chuy\u00ean d\u1ee5ng cho <strong data-start=\"448\" data-end=\"497\">m\u00e1y ti\u1ec7n mini, \u0111\u1ea7u phay nh\u1ecf v\u00e0 m\u00e1y CNC \u0111\u1ec3 b\u00e0n<\/strong>.<br data-start=\"498\" data-end=\"501\" \/>V\u1edbi <strong data-start=\"505\" data-end=\"530\">\u0111\u01b0\u1eddng k\u00ednh 63mm (D63)<\/strong>, s\u1ea3n ph\u1ea9m c\u00f3 thi\u1ebft k\u1ebf nh\u1ecf g\u1ecdn, \u0111\u1ed9 ch\u00ednh x\u00e1c cao v\u00e0 kh\u1ea3 n\u0103ng k\u1eb9p ph\u00f4i \u1ed5n \u0111\u1ecbnh \u2013 l\u00fd t\u01b0\u1edfng cho <strong data-start=\"623\" data-end=\"665\">c\u00e1c c\u00f4ng vi\u1ec7c gia c\u00f4ng c\u01a1 kh\u00ed tinh x\u1ea3o<\/strong>.<\/p>\n<p data-start=\"670\" data-end=\"866\">\u0110\u01b0\u1ee3c s\u1ea3n xu\u1ea5t b\u1edfi th\u01b0\u01a1ng hi\u1ec7u <strong data-start=\"700\" data-end=\"709\">SANOU<\/strong> n\u1ed5i ti\u1ebfng, <strong data-start=\"721\" data-end=\"731\">K01-63<\/strong> mang \u0111\u1ebfn ch\u1ea5t l\u01b0\u1ee3ng b\u1ec1n b\u1ec9, \u0111\u1ed9 \u0111\u1ed3ng t\u00e2m t\u1ed1t, gi\u00fap th\u1ee3 c\u01a1 kh\u00ed v\u00e0 k\u1ef9 thu\u1eadt vi\u00ean ho\u00e0n thi\u1ec7n c\u00f4ng vi\u1ec7c m\u1ed9t c\u00e1ch <strong data-start=\"840\" data-end=\"865\">ch\u00ednh x\u00e1c v\u00e0 hi\u1ec7u qu\u1ea3<\/strong>.<\/p>\n<hr data-start=\"868\" data-end=\"871\" \/>\n<h3 data-start=\"873\" data-end=\"904\">\u2699\ufe0f <strong data-start=\"880\" data-end=\"904\">2. Th\u00f4ng s\u1ed1 k\u1ef9 thu\u1eadt<\/strong><\/h3>\n<div class=\"_tableContainer_1rjym_1\">\n<div class=\"group _tableWrapper_1rjym_13 flex w-fit flex-col-reverse\" tabindex=\"-1\">\n<table class=\"w-fit min-w-(--thread-content-width)\" data-start=\"906\" data-end=\"1366\">\n<thead data-start=\"906\" data-end=\"937\">\n<tr data-start=\"906\" data-end=\"937\">\n<th data-start=\"906\" data-end=\"921\" data-col-size=\"sm\"><strong data-start=\"908\" data-end=\"920\">Th\u00f4ng s\u1ed1<\/strong><\/th>\n<th data-start=\"921\" data-end=\"937\" data-col-size=\"sm\"><strong data-start=\"923\" data-end=\"935\">Chi ti\u1ebft<\/strong><\/th>\n<\/tr>\n<\/thead>\n<tbody data-start=\"972\" data-end=\"1366\">\n<tr data-start=\"972\" data-end=\"1009\">\n<td data-start=\"972\" data-end=\"991\" data-col-size=\"sm\"><strong data-start=\"974\" data-end=\"990\">T\u00ean s\u1ea3n ph\u1ea9m<\/strong><\/td>\n<td data-col-size=\"sm\" data-start=\"991\" data-end=\"1009\">M\u00e2m c\u1eb7p K01-63<\/td>\n<\/tr>\n<tr data-start=\"1010\" data-end=\"1050\">\n<td data-start=\"1010\" data-end=\"1028\" data-col-size=\"sm\"><strong data-start=\"1012\" data-end=\"1027\">Th\u01b0\u01a1ng hi\u1ec7u<\/strong><\/td>\n<td data-col-size=\"sm\" data-start=\"1028\" data-end=\"1050\">SANOU \u2013 Ch\u00ednh h\u00e3ng<\/td>\n<\/tr>\n<tr data-start=\"1051\" data-end=\"1088\">\n<td data-start=\"1051\" data-end=\"1074\" data-col-size=\"sm\"><strong data-start=\"1053\" data-end=\"1073\">\u0110\u01b0\u1eddng k\u00ednh ngo\u00e0i<\/strong><\/td>\n<td data-col-size=\"sm\" data-start=\"1074\" data-end=\"1088\">63mm (D63)<\/td>\n<\/tr>\n<tr data-start=\"1089\" data-end=\"1140\">\n<td data-start=\"1089\" data-end=\"1105\" data-col-size=\"sm\"><strong data-start=\"1091\" data-end=\"1104\">Lo\u1ea1i ch\u1ea5u<\/strong><\/td>\n<td data-col-size=\"sm\" data-start=\"1105\" data-end=\"1140\">3 ch\u1ea5u tr\u00e1i \u2013 ph\u1ea3i, t\u1ef1 \u0111\u1ecbnh t\u00e2m<\/td>\n<\/tr>\n<tr data-start=\"1141\" data-end=\"1179\">\n<td data-start=\"1141\" data-end=\"1163\" data-col-size=\"sm\"><strong data-start=\"1143\" data-end=\"1162\">K\u1ebft n\u1ed1i tr\u1ee5c g\u00e1<\/strong><\/td>\n<td data-col-size=\"sm\" data-start=\"1163\" data-end=\"1179\">L\u1ed7 ren M14\u00d71<\/td>\n<\/tr>\n<tr data-start=\"1180\" data-end=\"1212\">\n<td data-start=\"1180\" data-end=\"1196\" data-col-size=\"sm\"><strong data-start=\"1182\" data-end=\"1195\">Ch\u1ea5t li\u1ec7u<\/strong><\/td>\n<td data-col-size=\"sm\" data-start=\"1196\" data-end=\"1212\">Th\u00e9p h\u1ee3p kim<\/td>\n<\/tr>\n<tr data-start=\"1213\" data-end=\"1258\">\n<td data-start=\"1213\" data-end=\"1231\" data-col-size=\"sm\"><strong data-start=\"1215\" data-end=\"1230\">Tr\u1ecdng l\u01b0\u1ee3ng<\/strong><\/td>\n<td data-col-size=\"sm\" data-start=\"1231\" data-end=\"1258\">580g <em data-start=\"1238\" data-end=\"1256\">(\u0110\u00f3ng g\u00f3i: 720g)<\/em><\/td>\n<\/tr>\n<tr data-start=\"1259\" data-end=\"1326\">\n<td data-start=\"1259\" data-end=\"1277\" data-col-size=\"sm\"><strong data-start=\"1261\" data-end=\"1276\">Ph\u1ea1m vi k\u1eb9p<\/strong><\/td>\n<td data-col-size=\"sm\" data-start=\"1277\" data-end=\"1326\"><strong data-start=\"1279\" data-end=\"1293\">Ch\u1ea5u ph\u1ea3i:<\/strong> 1\u201350mm \/ <strong data-start=\"1303\" data-end=\"1316\">\u0110\u1ea3o ch\u1ea5u:<\/strong> 16\u201350mm<\/td>\n<\/tr>\n<tr data-start=\"1327\" data-end=\"1366\">\n<td data-start=\"1327\" data-end=\"1345\" data-col-size=\"sm\"><strong data-start=\"1329\" data-end=\"1344\">C\u01a1 c\u1ea5u si\u1ebft<\/strong><\/td>\n<td data-col-size=\"sm\" data-start=\"1345\" data-end=\"1366\">Tay quay th\u1ee7 c\u00f4ng<\/td>\n<\/tr>\n<\/tbody>\n<\/table>\n<\/div>\n<\/div>\n<hr data-start=\"1368\" data-end=\"1371\" \/>\n<h3 data-start=\"1373\" data-end=\"1406\">\ud83d\udce6 <strong data-start=\"1380\" data-end=\"1406\">3. B\u1ed9 s\u1ea3n ph\u1ea9m bao g\u1ed3m<\/strong><\/h3>\n<ul data-start=\"1408\" data-end=\"1569\">\n<li data-start=\"1408\" data-end=\"1476\">\n<p data-start=\"1410\" data-end=\"1476\">01 M\u00e2m c\u1eb7p <strong data-start=\"1421\" data-end=\"1431\">K01-63<\/strong> (3 ch\u1ea5u t\u1ef1 \u0111\u1ecbnh t\u00e2m, ch\u00ednh h\u00e3ng <strong data-start=\"1464\" data-end=\"1473\">SANOU<\/strong>)<\/p>\n<\/li>\n<li data-start=\"1477\" data-end=\"1519\">\n<p data-start=\"1479\" data-end=\"1519\">02 <strong data-start=\"1482\" data-end=\"1507\">Tay quay si\u1ebft m\u00e2m c\u1eb7p<\/strong> ti\u1ec7n d\u1ee5ng<\/p>\n<\/li>\n<li data-start=\"1520\" data-end=\"1569\">\n<p data-start=\"1522\" data-end=\"1569\">01 <strong data-start=\"1525\" data-end=\"1544\">H\u1ed9p \u0111\u1ef1ng b\u1ea3o v\u1ec7<\/strong>, ch\u1eafc ch\u1eafn v\u00e0 g\u1ecdn g\u00e0ng<\/p>\n<\/li>\n<\/ul>\n<hr data-start=\"1571\" data-end=\"1574\" \/>\n<h3 data-start=\"1576\" data-end=\"1605\">\ud83c\udf1f <strong data-start=\"1583\" data-end=\"1605\">4. \u01afu \u0111i\u1ec3m n\u1ed5i b\u1eadt<\/strong><\/h3>\n<ul data-start=\"1607\" data-end=\"2098\">\n<li data-start=\"1607\" data-end=\"1739\">\n<p data-start=\"1609\" data-end=\"1739\"><strong data-start=\"1609\" data-end=\"1630\">\u0110\u1ed9 ch\u00ednh x\u00e1c cao:<\/strong> H\u1ec7 th\u1ed1ng <strong data-start=\"1640\" data-end=\"1662\">t\u1ef1 \u0111\u1ecbnh t\u00e2m 3 ch\u1ea5u<\/strong> gi\u00fap k\u1eb9p ph\u00f4i ch\u1eafc ch\u1eafn, c\u00e2n \u0111\u1ed1i v\u00e0 gi\u1ea3m sai s\u1ed1 khi ti\u1ec7n, khoan ho\u1eb7c phay.<\/p>\n<\/li>\n<li data-start=\"1740\" data-end=\"1840\">\n<p data-start=\"1742\" data-end=\"1840\"><strong data-start=\"1742\" data-end=\"1763\">Thi\u1ebft k\u1ebf nh\u1ecf g\u1ecdn:<\/strong> D\u1ec5 b\u1ed1 tr\u00ed, ph\u00f9 h\u1ee3p cho <strong data-start=\"1787\" data-end=\"1837\">m\u00e1y ti\u1ec7n mini ho\u1eb7c kh\u00f4ng gian gia c\u00f4ng nh\u1ecf h\u1eb9p<\/strong>.<\/p>\n<\/li>\n<li data-start=\"1841\" data-end=\"1963\">\n<p data-start=\"1843\" data-end=\"1963\"><strong data-start=\"1843\" data-end=\"1865\">L\u1eafp \u0111\u1eb7t linh ho\u1ea1t:<\/strong> Chu\u1ea9n <strong data-start=\"1872\" data-end=\"1888\">l\u1ed7 ren M14\u00d71<\/strong> ph\u1ed5 bi\u1ebfn, t\u01b0\u01a1ng th\u00edch v\u1edbi nhi\u1ec1u d\u00f2ng <strong data-start=\"1926\" data-end=\"1960\">m\u00e1y ti\u1ec7n, \u0111\u1ea7u phay v\u00e0 CNC mini<\/strong>.<\/p>\n<\/li>\n<li data-start=\"1964\" data-end=\"2098\">\n<p data-start=\"1966\" data-end=\"2098\"><strong data-start=\"1966\" data-end=\"1989\">Th\u01b0\u01a1ng hi\u1ec7u uy t\u00edn:<\/strong> <strong data-start=\"1990\" data-end=\"1999\">SANOU<\/strong> \u2013 th\u01b0\u01a1ng hi\u1ec7u h\u00e0ng \u0111\u1ea7u trong l\u0129nh v\u1ef1c m\u00e2m c\u1eb7p c\u01a1 kh\u00ed ch\u00ednh x\u00e1c, \u0111\u01b0\u1ee3c th\u1ee3 chuy\u00ean nghi\u1ec7p tin d\u00f9ng.<\/p>\n<\/li>\n<\/ul>\n<hr data-start=\"2100\" data-end=\"2103\" \/>\n<h3 data-start=\"2105\" data-end=\"2135\">\ud83e\uddf0 <strong data-start=\"2112\" data-end=\"2135\">5. \u1ee8ng d\u1ee5ng th\u1ef1c t\u1ebf<\/strong><\/h3>\n<ul data-start=\"2137\" data-end=\"2417\">\n<li data-start=\"2137\" data-end=\"2209\">\n<p data-start=\"2139\" data-end=\"2209\">D\u00f9ng cho <strong data-start=\"2148\" data-end=\"2206\">m\u00e1y ti\u1ec7n mini, m\u00e1y CNC nh\u1ecf, m\u00e1y ti\u1ec7n g\u1ed7, \u0111\u1ea7u phay mini<\/strong>.<\/p>\n<\/li>\n<li data-start=\"2210\" data-end=\"2300\">\n<p data-start=\"2212\" data-end=\"2300\">Th\u00edch h\u1ee3p cho <strong data-start=\"2226\" data-end=\"2297\">gia c\u00f4ng chi ti\u1ebft nh\u1ecf, ti\u1ec7n, khoan, phay m\u1eb7t ho\u1eb7c g\u00e1 ph\u00f4i ch\u00ednh x\u00e1c<\/strong>.<\/p>\n<\/li>\n<li data-start=\"2301\" data-end=\"2417\">\n<p data-start=\"2303\" data-end=\"2417\">\u1ee8ng d\u1ee5ng ph\u1ed5 bi\u1ebfn trong <strong data-start=\"2327\" data-end=\"2388\">x\u01b0\u1edfng c\u01a1 kh\u00ed nh\u1ecf, ph\u00f2ng th\u1ef1c h\u00e0nh, trung t\u00e2m \u0111\u00e0o t\u1ea1o ngh\u1ec1<\/strong> v\u00e0 <strong data-start=\"2392\" data-end=\"2414\">d\u1ef1 \u00e1n DIY k\u1ef9 thu\u1eadt<\/strong>.<\/p>\n<\/li>\n<\/ul>\n<hr data-start=\"2419\" data-end=\"2422\" \/>\n<h3 data-start=\"2424\" data-end=\"2457\">\ud83d\ude9a <strong data-start=\"2431\" data-end=\"2457\">6. Ch\u00ednh s\u00e1ch &amp; h\u1ed7 tr\u1ee3<\/strong><\/h3>\n<ul data-start=\"2459\" data-end=\"2708\">\n<li data-start=\"2459\" data-end=\"2511\">\n<p data-start=\"2461\" data-end=\"2511\">\u2705 <strong data-start=\"2463\" data-end=\"2509\">S\u1ea3n ph\u1ea9m ch\u00ednh h\u00e3ng SANOU \u2013 H\u00e0ng m\u1edbi 100%.<\/strong><\/p>\n<\/li>\n<li data-start=\"2512\" data-end=\"2560\">\n<p data-start=\"2514\" data-end=\"2560\">\u2705 <strong data-start=\"2516\" data-end=\"2558\">Ki\u1ec3m tra k\u1ef9 l\u01b0\u1ee1ng tr\u01b0\u1edbc khi giao h\u00e0ng.<\/strong><\/p>\n<\/li>\n<li data-start=\"2561\" data-end=\"2631\">\n<p data-start=\"2563\" data-end=\"2631\">\u2705 <strong data-start=\"2565\" data-end=\"2629\">Cam k\u1ebft \u0111\u00fang m\u00f4 t\u1ea3 \u2013 \u0111\u00fang ch\u1ea5t l\u01b0\u1ee3ng \u2013 \u0111\u00fang gi\u00e1 tr\u1ecb s\u1eed d\u1ee5ng.<\/strong><\/p>\n<\/li>\n<li data-start=\"2632\" data-end=\"2708\">\n<p data-start=\"2634\" data-end=\"2708\">\u2705 <strong data-start=\"2636\" data-end=\"2690\">H\u1ed7 tr\u1ee3 t\u01b0 v\u1ea5n k\u1ef9 thu\u1eadt, h\u01b0\u1edbng d\u1eabn l\u1eafp \u0111\u1eb7t t\u1eadn t\u00ecnh<\/strong> cho kh\u00e1ch h\u00e0ng.<\/p>\n<\/li>\n<\/ul>\n<hr data-start=\"2710\" data-end=\"2713\" \/>\n<h3 data-start=\"2715\" data-end=\"2733\">\ud83c\udfed <strong data-start=\"2722\" data-end=\"2733\">Li\u00ean h\u1ec7<\/strong><\/h3>\n<p data-start=\"2735\" data-end=\"2839\"><strong data-start=\"2735\" data-end=\"2751\">TH\u00c0NH M\u1ed8C HN<\/strong><br data-start=\"2751\" data-end=\"2754\" \/>\ud83d\udcde Hotline: <strong data-start=\"2766\" data-end=\"2782\">0865.551.688<\/strong><br data-start=\"2782\" data-end=\"2785\" \/>\ud83d\udcac <em data-start=\"2788\" data-end=\"2839\">Uy t\u00edn \u2013 Ch\u1ea5t l\u01b0\u1ee3ng s\u1ea3n ph\u1ea9m t\u1ea1o n\u00ean th\u01b0\u01a1ng hi\u1ec7u!<\/em><\/p>\n","protected":false},"excerpt":{"rendered":"<h3 data-start=\"338\" data-end=\"366\">\ud83e\udde9 <strong data-start=\"345\" data-end=\"366\">1. M\u00f4 t\u1ea3 s\u1ea3n ph\u1ea9m<\/strong><\/h3>\n<p data-start=\"368\" data-end=\"668\"><strong data-start=\"368\" data-end=\"392\">M\u00e2m c\u1eb7p K01-63 SANOU<\/strong> l\u00e0 d\u00f2ng <strong data-start=\"401\" data-end=\"431\">m\u00e2m c\u1eb7p 3 ch\u1ea5u t\u1ef1 \u0111\u1ecbnh t\u00e2m<\/strong> chuy\u00ean d\u1ee5ng cho <strong data-start=\"448\" data-end=\"497\">m\u00e1y ti\u1ec7n mini, \u0111\u1ea7u phay nh\u1ecf v\u00e0 m\u00e1y CNC \u0111\u1ec3 b\u00e0n<\/strong>.<br data-start=\"498\" data-end=\"501\" \/>V\u1edbi <strong data-start=\"505\" data-end=\"530\">\u0111\u01b0\u1eddng k\u00ednh 63mm (D63)<\/strong>, s\u1ea3n ph\u1ea9m c\u00f3 thi\u1ebft k\u1ebf nh\u1ecf g\u1ecdn, \u0111\u1ed9 ch\u00ednh x\u00e1c cao v\u00e0 kh\u1ea3 n\u0103ng k\u1eb9p ph\u00f4i \u1ed5n \u0111\u1ecbnh \u2013 l\u00fd t\u01b0\u1edfng cho <strong data-start=\"623\" data-end=\"665\">c\u00e1c c\u00f4ng vi\u1ec7c gia c\u00f4ng c\u01a1 kh\u00ed tinh x\u1ea3o<\/strong>.<\/p>\n<p data-start=\"670\" data-end=\"866\">\u0110\u01b0\u1ee3c s\u1ea3n xu\u1ea5t b\u1edfi th\u01b0\u01a1ng hi\u1ec7u <strong data-start=\"700\" data-end=\"709\">SANOU<\/strong> n\u1ed5i ti\u1ebfng, <strong data-start=\"721\" data-end=\"731\">K01-63<\/strong> mang \u0111\u1ebfn ch\u1ea5t l\u01b0\u1ee3ng b\u1ec1n b\u1ec9, \u0111\u1ed9 \u0111\u1ed3ng t\u00e2m t\u1ed1t, gi\u00fap th\u1ee3 c\u01a1 kh\u00ed v\u00e0 k\u1ef9 thu\u1eadt vi\u00ean ho\u00e0n thi\u1ec7n c\u00f4ng vi\u1ec7c m\u1ed9t c\u00e1ch <strong data-start=\"840\" data-end=\"865\">ch\u00ednh x\u00e1c v\u00e0 hi\u1ec7u qu\u1ea3<\/strong>.<\/p>\n","protected":false},"featured_media":2130,"comment_status":"closed","ping_status":"closed","template":"","meta":{"_acf_changed":false},"product_brand":[],"product_cat":[87,88],"product_tag":[],"class_list":{"0":"post-1807","1":"product","2":"type-product","3":"status-publish","4":"has-post-thumbnail","6":"product_cat-mam-cap","7":"product_cat-mam-cap-3-chau","9":"first","10":"instock","11":"shipping-taxable","12":"purchasable","13":"product-type-simple"},"acf":[],"_links":{"self":[{"href":"https:\/\/thanhmochn.vn\/index.php?rest_route=\/wp\/v2\/product\/1807","targetHints":{"allow":["GET"]}}],"collection":[{"href":"https:\/\/thanhmochn.vn\/index.php?rest_route=\/wp\/v2\/product"}],"about":[{"href":"https:\/\/thanhmochn.vn\/index.php?rest_route=\/wp\/v2\/types\/product"}],"replies":[{"embeddable":true,"href":"https:\/\/thanhmochn.vn\/index.php?rest_route=%2Fwp%2Fv2%2Fcomments&post=1807"}],"wp:featuredmedia":[{"embeddable":true,"href":"https:\/\/thanhmochn.vn\/index.php?rest_route=\/wp\/v2\/media\/2130"}],"wp:attachment":[{"href":"https:\/\/thanhmochn.vn\/index.php?rest_route=%2Fwp%2Fv2%2Fmedia&parent=1807"}],"wp:term":[{"taxonomy":"product_brand","embeddable":true,"href":"https:\/\/thanhmochn.vn\/index.php?rest_route=%2Fwp%2Fv2%2Fproduct_brand&post=1807"},{"taxonomy":"product_cat","embeddable":true,"href":"https:\/\/thanhmochn.vn\/index.php?rest_route=%2Fwp%2Fv2%2Fproduct_cat&post=1807"},{"taxonomy":"product_tag","embeddable":true,"href":"https:\/\/thanhmochn.vn\/index.php?rest_route=%2Fwp%2Fv2%2Fproduct_tag&post=1807"}],"curies":[{"name":"wp","href":"https:\/\/api.w.org\/{rel}","templated":true}]}}