{"id":1805,"date":"2025-10-29T19:09:05","date_gmt":"2025-10-29T12:09:05","guid":{"rendered":"https:\/\/thanhmochn.vn\/?p=1805"},"modified":"2025-11-01T12:12:16","modified_gmt":"2025-11-01T05:12:16","slug":"mam-cap-k01-50-3-chau-chinh-hang-sanou","status":"publish","type":"product","link":"https:\/\/thanhmochn.vn\/?product=mam-cap-k01-50-3-chau-chinh-hang-sanou","title":{"rendered":"M\u00e2m C\u1eb7p 3 Ch\u1ea5u T\u1ef1 \u0110\u1ecbnh T\u00e2m K01-50"},"content":{"rendered":"<p data-start=\"254\" data-end=\"340\">\u2699\ufe0f <strong data-start=\"257\" data-end=\"340\">M\u00e2m C\u1eb7p 3 Ch\u1ea5u T\u1ef1 \u0110\u1ecbnh T\u00e2m K01-50 Ch\u00ednh H\u00e3ng SANOU \u2013 Nh\u1ecf G\u1ecdn, Ch\u00ednh X\u00e1c, B\u1ec1n B\u1ec9<\/strong><\/p>\n<hr data-start=\"342\" data-end=\"345\" \/>\n<h3 data-start=\"347\" data-end=\"375\">\ud83e\udde9 <strong data-start=\"354\" data-end=\"375\">1. M\u00f4 t\u1ea3 s\u1ea3n ph\u1ea9m<\/strong><\/h3>\n<p data-start=\"377\" data-end=\"693\"><strong data-start=\"377\" data-end=\"401\">M\u00e2m c\u1eb7p K01-50 SANOU<\/strong> l\u00e0 d\u00f2ng <strong data-start=\"410\" data-end=\"445\">m\u00e2m c\u1eb7p 3 ch\u1ea5u t\u1ef1 \u0111\u1ecbnh t\u00e2m mini<\/strong>, thi\u1ebft k\u1ebf chuy\u00ean bi\u1ec7t cho <strong data-start=\"472\" data-end=\"523\">m\u00e1y ti\u1ec7n mini, \u0111\u1ea7u phay nh\u1ecf ho\u1eb7c m\u00e1y CNC \u0111\u1ec3 b\u00e0n<\/strong>.<br data-start=\"524\" data-end=\"527\" \/>V\u1edbi <strong data-start=\"531\" data-end=\"560\">\u0111\u01b0\u1eddng k\u00ednh ngo\u00e0i ch\u1ec9 50mm<\/strong>, s\u1ea3n ph\u1ea9m c\u1ef1c k\u1ef3 <strong data-start=\"578\" data-end=\"609\">nh\u1ecf g\u1ecdn \u2013 nh\u1eb9 \u2013 d\u1ec5 thao t\u00e1c<\/strong>, nh\u01b0ng v\u1eabn \u0111\u1ea3m b\u1ea3o <strong data-start=\"629\" data-end=\"690\">\u0111\u1ed9 ch\u00ednh x\u00e1c cao, \u0111\u1ed9 \u0111\u1ed3ng t\u00e2m \u1ed5n \u0111\u1ecbnh v\u00e0 \u0111\u1ed9 b\u1ec1n v\u01b0\u1ee3t tr\u1ed9i<\/strong>.<\/p>\n<p data-start=\"695\" data-end=\"901\">Th\u01b0\u01a1ng hi\u1ec7u <strong data-start=\"707\" data-end=\"716\">SANOU<\/strong> n\u1ed5i ti\u1ebfng trong ng\u00e0nh c\u01a1 kh\u00ed nh\u1edd ch\u1ea5t l\u01b0\u1ee3ng s\u1ea3n ph\u1ea9m <strong data-start=\"770\" data-end=\"810\">ch\u00ednh x\u00e1c, ch\u1eafc ch\u1eafn v\u00e0 tu\u1ed5i th\u1ecd cao<\/strong>, \u0111\u01b0\u1ee3c s\u1eed d\u1ee5ng r\u1ed9ng r\u00e3i trong c\u00e1c <strong data-start=\"844\" data-end=\"900\">x\u01b0\u1edfng c\u01a1 kh\u00ed v\u00e0 tr\u01b0\u1eddng \u0111\u00e0o t\u1ea1o ngh\u1ec1 c\u01a1 kh\u00ed ch\u00ednh x\u00e1c<\/strong>.<\/p>\n<hr data-start=\"903\" data-end=\"906\" \/>\n<h3 data-start=\"908\" data-end=\"939\">\u2699\ufe0f <strong data-start=\"915\" data-end=\"939\">2. Th\u00f4ng s\u1ed1 k\u1ef9 thu\u1eadt<\/strong><\/h3>\n<div class=\"_tableContainer_1rjym_1\">\n<div class=\"group _tableWrapper_1rjym_13 flex w-fit flex-col-reverse\" tabindex=\"-1\">\n<table class=\"w-fit min-w-(--thread-content-width)\" data-start=\"941\" data-end=\"1401\">\n<thead data-start=\"941\" data-end=\"972\">\n<tr data-start=\"941\" data-end=\"972\">\n<th data-start=\"941\" data-end=\"956\" data-col-size=\"sm\"><strong data-start=\"943\" data-end=\"955\">Th\u00f4ng s\u1ed1<\/strong><\/th>\n<th data-start=\"956\" data-end=\"972\" data-col-size=\"sm\"><strong data-start=\"958\" data-end=\"970\">Chi ti\u1ebft<\/strong><\/th>\n<\/tr>\n<\/thead>\n<tbody data-start=\"1007\" data-end=\"1401\">\n<tr data-start=\"1007\" data-end=\"1044\">\n<td data-start=\"1007\" data-end=\"1026\" data-col-size=\"sm\"><strong data-start=\"1009\" data-end=\"1025\">T\u00ean s\u1ea3n ph\u1ea9m<\/strong><\/td>\n<td data-col-size=\"sm\" data-start=\"1026\" data-end=\"1044\">M\u00e2m c\u1eb7p K01-50<\/td>\n<\/tr>\n<tr data-start=\"1045\" data-end=\"1085\">\n<td data-start=\"1045\" data-end=\"1063\" data-col-size=\"sm\"><strong data-start=\"1047\" data-end=\"1062\">Th\u01b0\u01a1ng hi\u1ec7u<\/strong><\/td>\n<td data-col-size=\"sm\" data-start=\"1063\" data-end=\"1085\">SANOU \u2013 Ch\u00ednh h\u00e3ng<\/td>\n<\/tr>\n<tr data-start=\"1086\" data-end=\"1123\">\n<td data-start=\"1086\" data-end=\"1109\" data-col-size=\"sm\"><strong data-start=\"1088\" data-end=\"1108\">\u0110\u01b0\u1eddng k\u00ednh ngo\u00e0i<\/strong><\/td>\n<td data-col-size=\"sm\" data-start=\"1109\" data-end=\"1123\">50mm (D50)<\/td>\n<\/tr>\n<tr data-start=\"1124\" data-end=\"1175\">\n<td data-start=\"1124\" data-end=\"1140\" data-col-size=\"sm\"><strong data-start=\"1126\" data-end=\"1139\">Lo\u1ea1i ch\u1ea5u<\/strong><\/td>\n<td data-col-size=\"sm\" data-start=\"1140\" data-end=\"1175\">3 ch\u1ea5u tr\u00e1i \u2013 ph\u1ea3i, t\u1ef1 \u0111\u1ecbnh t\u00e2m<\/td>\n<\/tr>\n<tr data-start=\"1176\" data-end=\"1214\">\n<td data-start=\"1176\" data-end=\"1198\" data-col-size=\"sm\"><strong data-start=\"1178\" data-end=\"1197\">K\u1ebft n\u1ed1i tr\u1ee5c g\u00e1<\/strong><\/td>\n<td data-col-size=\"sm\" data-start=\"1198\" data-end=\"1214\">L\u1ed7 ren M14\u00d71<\/td>\n<\/tr>\n<tr data-start=\"1215\" data-end=\"1247\">\n<td data-start=\"1215\" data-end=\"1231\" data-col-size=\"sm\"><strong data-start=\"1217\" data-end=\"1230\">Ch\u1ea5t li\u1ec7u<\/strong><\/td>\n<td data-col-size=\"sm\" data-start=\"1231\" data-end=\"1247\">Th\u00e9p h\u1ee3p kim<\/td>\n<\/tr>\n<tr data-start=\"1248\" data-end=\"1293\">\n<td data-start=\"1248\" data-end=\"1266\" data-col-size=\"sm\"><strong data-start=\"1250\" data-end=\"1265\">Tr\u1ecdng l\u01b0\u1ee3ng<\/strong><\/td>\n<td data-col-size=\"sm\" data-start=\"1266\" data-end=\"1293\">380g <em data-start=\"1273\" data-end=\"1291\">(\u0110\u00f3ng g\u00f3i: 515g)<\/em><\/td>\n<\/tr>\n<tr data-start=\"1294\" data-end=\"1361\">\n<td data-start=\"1294\" data-end=\"1312\" data-col-size=\"sm\"><strong data-start=\"1296\" data-end=\"1311\">Ph\u1ea1m vi k\u1eb9p<\/strong><\/td>\n<td data-col-size=\"sm\" data-start=\"1312\" data-end=\"1361\"><strong data-start=\"1314\" data-end=\"1328\">Ch\u1ea5u ph\u1ea3i:<\/strong> 1\u201333mm \/ <strong data-start=\"1338\" data-end=\"1351\">\u0110\u1ea3o ch\u1ea5u:<\/strong> 16\u201350mm<\/td>\n<\/tr>\n<tr data-start=\"1362\" data-end=\"1401\">\n<td data-start=\"1362\" data-end=\"1380\" data-col-size=\"sm\"><strong data-start=\"1364\" data-end=\"1379\">C\u01a1 c\u1ea5u si\u1ebft<\/strong><\/td>\n<td data-col-size=\"sm\" data-start=\"1380\" data-end=\"1401\">Tay quay th\u1ee7 c\u00f4ng<\/td>\n<\/tr>\n<\/tbody>\n<\/table>\n<\/div>\n<\/div>\n<hr data-start=\"1403\" data-end=\"1406\" \/>\n<h3 data-start=\"1408\" data-end=\"1441\">\ud83d\udce6 <strong data-start=\"1415\" data-end=\"1441\">3. B\u1ed9 s\u1ea3n ph\u1ea9m bao g\u1ed3m<\/strong><\/h3>\n<ul data-start=\"1443\" data-end=\"1623\">\n<li data-start=\"1443\" data-end=\"1511\">\n<p data-start=\"1445\" data-end=\"1511\">01 <strong data-start=\"1448\" data-end=\"1466\">M\u00e2m c\u1eb7p K01-50<\/strong> (3 ch\u1ea5u t\u1ef1 \u0111\u1ecbnh t\u00e2m, ch\u00ednh h\u00e3ng <strong data-start=\"1499\" data-end=\"1508\">SANOU<\/strong>)<\/p>\n<\/li>\n<li data-start=\"1512\" data-end=\"1562\">\n<p data-start=\"1514\" data-end=\"1562\">02 <strong data-start=\"1517\" data-end=\"1537\">Tay quay m\u00e2m c\u1eb7p<\/strong> d\u00f9ng \u0111\u1ec3 si\u1ebft ch\u1eb7t ph\u00f4i<\/p>\n<\/li>\n<li data-start=\"1563\" data-end=\"1623\">\n<p data-start=\"1565\" data-end=\"1623\">01 <strong data-start=\"1568\" data-end=\"1587\">H\u1ed9p \u0111\u1ef1ng b\u1ea3o v\u1ec7<\/strong>, g\u1ecdn g\u00e0ng, ch\u1eafc ch\u1eafn, d\u1ec5 b\u1ea3o qu\u1ea3n<\/p>\n<\/li>\n<\/ul>\n<hr data-start=\"1625\" data-end=\"1628\" \/>\n<h3 data-start=\"1630\" data-end=\"1659\">\ud83c\udf1f <strong data-start=\"1637\" data-end=\"1659\">4. \u01afu \u0111i\u1ec3m n\u1ed5i b\u1eadt<\/strong><\/h3>\n<ul data-start=\"1661\" data-end=\"2204\">\n<li data-start=\"1661\" data-end=\"1774\">\n<p data-start=\"1663\" data-end=\"1774\"><strong data-start=\"1663\" data-end=\"1684\">\u0110\u1ed9 ch\u00ednh x\u00e1c cao:<\/strong> H\u1ec7 th\u1ed1ng <strong data-start=\"1694\" data-end=\"1716\">t\u1ef1 \u0111\u1ecbnh t\u00e2m 3 ch\u1ea5u<\/strong> gi\u00fap k\u1eb9p ph\u00f4i c\u00e2n \u0111\u1ed1i, gi\u1ea3m sai s\u1ed1 khi khoan ho\u1eb7c ti\u1ec7n.<\/p>\n<\/li>\n<li data-start=\"1775\" data-end=\"1892\">\n<p data-start=\"1777\" data-end=\"1892\"><strong data-start=\"1777\" data-end=\"1798\">\u0110\u1ed9 b\u1ec1n v\u01b0\u1ee3t tr\u1ed9i:<\/strong> Gia c\u00f4ng t\u1eeb <strong data-start=\"1811\" data-end=\"1836\">th\u00e9p h\u1ee3p kim t\u00f4i c\u1ee9ng<\/strong>, ch\u1ecbu t\u1ea3i t\u1ed1t, ch\u1ed1ng m\u00e0i m\u00f2n v\u00e0 cho tu\u1ed5i th\u1ecd l\u00e2u d\u00e0i.<\/p>\n<\/li>\n<li data-start=\"1893\" data-end=\"1982\">\n<p data-start=\"1895\" data-end=\"1982\"><strong data-start=\"1895\" data-end=\"1916\">Thi\u1ebft k\u1ebf nh\u1ecf g\u1ecdn:<\/strong> Ph\u00f9 h\u1ee3p cho <strong data-start=\"1929\" data-end=\"1979\">m\u00e1y ti\u1ec7n mini ho\u1eb7c kh\u00f4ng gian gia c\u00f4ng h\u1ea1n ch\u1ebf<\/strong>.<\/p>\n<\/li>\n<li data-start=\"1983\" data-end=\"2087\">\n<p data-start=\"1985\" data-end=\"2087\"><strong data-start=\"1985\" data-end=\"2005\">L\u1eafp \u0111\u1eb7t d\u1ec5 d\u00e0ng:<\/strong> Chu\u1ea9n <strong data-start=\"2012\" data-end=\"2028\">l\u1ed7 ren M14\u00d71<\/strong>, t\u01b0\u01a1ng th\u00edch v\u1edbi nhi\u1ec1u <strong data-start=\"2052\" data-end=\"2084\">m\u00e1y ti\u1ec7n, \u0111\u1ea7u phay, CNC mini<\/strong>.<\/p>\n<\/li>\n<li data-start=\"2088\" data-end=\"2204\">\n<p data-start=\"2090\" data-end=\"2204\"><strong data-start=\"2090\" data-end=\"2113\">Th\u01b0\u01a1ng hi\u1ec7u uy t\u00edn:<\/strong> <strong data-start=\"2114\" data-end=\"2123\">SANOU<\/strong> \u2013 \u0111\u01b0\u1ee3c s\u1eed d\u1ee5ng r\u1ed9ng r\u00e3i trong <strong data-start=\"2154\" data-end=\"2201\">ng\u00e0nh c\u01a1 kh\u00ed ch\u00ednh x\u00e1c v\u00e0 gia c\u00f4ng kim lo\u1ea1i<\/strong>.<\/p>\n<\/li>\n<\/ul>\n<hr data-start=\"2206\" data-end=\"2209\" \/>\n<h3 data-start=\"2211\" data-end=\"2241\">\ud83e\uddf0 <strong data-start=\"2218\" data-end=\"2241\">5. \u1ee8ng d\u1ee5ng th\u1ef1c t\u1ebf<\/strong><\/h3>\n<ul data-start=\"2243\" data-end=\"2513\">\n<li data-start=\"2243\" data-end=\"2310\">\n<p data-start=\"2245\" data-end=\"2310\">D\u00f9ng cho <strong data-start=\"2254\" data-end=\"2307\">m\u00e1y ti\u1ec7n mini, CNC nh\u1ecf, \u0111\u1ea7u phay ho\u1eb7c m\u00e1y ti\u1ec7n g\u1ed7<\/strong>.<\/p>\n<\/li>\n<li data-start=\"2311\" data-end=\"2406\">\n<p data-start=\"2313\" data-end=\"2406\">Th\u00edch h\u1ee3p cho <strong data-start=\"2327\" data-end=\"2403\">gia c\u00f4ng chi ti\u1ebft nh\u1ecf, ti\u1ec7n tr\u01a1n, khoan, phay m\u1eb7t ho\u1eb7c g\u00e1 ph\u00f4i ch\u00ednh x\u00e1c<\/strong>.<\/p>\n<\/li>\n<li data-start=\"2407\" data-end=\"2513\">\n<p data-start=\"2409\" data-end=\"2513\">\u1ee8ng d\u1ee5ng hi\u1ec7u qu\u1ea3 trong <strong data-start=\"2433\" data-end=\"2513\">x\u01b0\u1edfng c\u01a1 kh\u00ed nh\u1ecf, trung t\u00e2m d\u1ea1y ngh\u1ec1, th\u1ee3 h\u1ecdc vi\u1ec7c, ho\u1eb7c d\u1ef1 \u00e1n DIY k\u1ef9 thu\u1eadt.<\/strong><\/p>\n<\/li>\n<\/ul>\n<hr data-start=\"2515\" data-end=\"2518\" \/>\n<h3 data-start=\"2520\" data-end=\"2553\">\ud83d\ude9a <strong data-start=\"2527\" data-end=\"2553\">6. Ch\u00ednh s\u00e1ch &amp; h\u1ed7 tr\u1ee3<\/strong><\/h3>\n<ul data-start=\"2555\" data-end=\"2801\">\n<li data-start=\"2555\" data-end=\"2607\">\n<p data-start=\"2557\" data-end=\"2607\">\u2705 S\u1ea3n ph\u1ea9m <strong data-start=\"2568\" data-end=\"2604\">ch\u00ednh h\u00e3ng SANOU \u2013 H\u00e0ng m\u1edbi 100%<\/strong>.<\/p>\n<\/li>\n<li data-start=\"2608\" data-end=\"2656\">\n<p data-start=\"2610\" data-end=\"2656\">\u2705 <strong data-start=\"2612\" data-end=\"2633\">Ki\u1ec3m tra k\u1ef9 l\u01b0\u1ee1ng<\/strong> tr\u01b0\u1edbc khi giao h\u00e0ng.<\/p>\n<\/li>\n<li data-start=\"2657\" data-end=\"2731\">\n<p data-start=\"2659\" data-end=\"2731\">\u2705 Cam k\u1ebft <strong data-start=\"2669\" data-end=\"2728\">\u0111\u00fang th\u00f4ng tin \u2013 \u0111\u00fang ch\u1ea5t l\u01b0\u1ee3ng \u2013 \u0111\u00fang gi\u00e1 tr\u1ecb s\u1eed d\u1ee5ng<\/strong>.<\/p>\n<\/li>\n<li data-start=\"2732\" data-end=\"2801\">\n<p data-start=\"2734\" data-end=\"2801\">\u2705 <strong data-start=\"2736\" data-end=\"2783\">T\u01b0 v\u1ea5n k\u1ef9 thu\u1eadt, h\u01b0\u1edbng d\u1eabn l\u1eafp \u0111\u1eb7t t\u1eadn t\u00ecnh<\/strong> cho kh\u00e1ch h\u00e0ng.<\/p>\n<\/li>\n<\/ul>\n<hr data-start=\"2803\" data-end=\"2806\" \/>\n<h3 data-start=\"2808\" data-end=\"2826\">\ud83c\udfed <strong data-start=\"2815\" data-end=\"2826\">Li\u00ean h\u1ec7<\/strong><\/h3>\n<p data-start=\"2828\" data-end=\"2932\"><strong data-start=\"2828\" data-end=\"2844\">TH\u00c0NH M\u1ed8C HN<\/strong><br data-start=\"2844\" data-end=\"2847\" \/>\ud83d\udcde Hotline: <strong data-start=\"2859\" data-end=\"2875\">0865.551.688<\/strong><br data-start=\"2875\" data-end=\"2878\" \/>\ud83d\udcac <em data-start=\"2881\" data-end=\"2932\">Uy t\u00edn \u2013 Ch\u1ea5t l\u01b0\u1ee3ng s\u1ea3n ph\u1ea9m t\u1ea1o n\u00ean th\u01b0\u01a1ng hi\u1ec7u!<\/em><\/p>\n","protected":false},"excerpt":{"rendered":"<h3 data-start=\"347\" data-end=\"375\">\ud83e\udde9 <strong data-start=\"354\" data-end=\"375\">1. M\u00f4 t\u1ea3 s\u1ea3n ph\u1ea9m<\/strong><\/h3>\n<p data-start=\"377\" data-end=\"693\"><strong data-start=\"377\" data-end=\"401\">M\u00e2m c\u1eb7p K01-50 SANOU<\/strong> l\u00e0 d\u00f2ng <strong data-start=\"410\" data-end=\"445\">m\u00e2m c\u1eb7p 3 ch\u1ea5u t\u1ef1 \u0111\u1ecbnh t\u00e2m mini<\/strong>, thi\u1ebft k\u1ebf chuy\u00ean bi\u1ec7t cho <strong data-start=\"472\" data-end=\"523\">m\u00e1y ti\u1ec7n mini, \u0111\u1ea7u phay nh\u1ecf ho\u1eb7c m\u00e1y CNC \u0111\u1ec3 b\u00e0n<\/strong>.<br data-start=\"524\" data-end=\"527\" \/>V\u1edbi <strong data-start=\"531\" data-end=\"560\">\u0111\u01b0\u1eddng k\u00ednh ngo\u00e0i ch\u1ec9 50mm<\/strong>, s\u1ea3n ph\u1ea9m c\u1ef1c k\u1ef3 <strong data-start=\"578\" data-end=\"609\">nh\u1ecf g\u1ecdn \u2013 nh\u1eb9 \u2013 d\u1ec5 thao t\u00e1c<\/strong>, nh\u01b0ng v\u1eabn \u0111\u1ea3m b\u1ea3o <strong data-start=\"629\" data-end=\"690\">\u0111\u1ed9 ch\u00ednh x\u00e1c cao, \u0111\u1ed9 \u0111\u1ed3ng t\u00e2m \u1ed5n \u0111\u1ecbnh v\u00e0 \u0111\u1ed9 b\u1ec1n v\u01b0\u1ee3t tr\u1ed9i<\/strong>.<\/p>\n<p data-start=\"695\" data-end=\"901\">Th\u01b0\u01a1ng hi\u1ec7u <strong data-start=\"707\" data-end=\"716\">SANOU<\/strong> n\u1ed5i ti\u1ebfng trong ng\u00e0nh c\u01a1 kh\u00ed nh\u1edd ch\u1ea5t l\u01b0\u1ee3ng s\u1ea3n ph\u1ea9m <strong data-start=\"770\" data-end=\"810\">ch\u00ednh x\u00e1c, ch\u1eafc ch\u1eafn v\u00e0 tu\u1ed5i th\u1ecd cao<\/strong>, \u0111\u01b0\u1ee3c s\u1eed d\u1ee5ng r\u1ed9ng r\u00e3i trong c\u00e1c <strong data-start=\"844\" data-end=\"900\">x\u01b0\u1edfng c\u01a1 kh\u00ed v\u00e0 tr\u01b0\u1eddng \u0111\u00e0o t\u1ea1o ngh\u1ec1 c\u01a1 kh\u00ed ch\u00ednh x\u00e1c<\/strong>.<\/p>\n","protected":false},"featured_media":2137,"comment_status":"closed","ping_status":"closed","template":"","meta":{"_acf_changed":false},"product_brand":[],"product_cat":[87,88],"product_tag":[],"class_list":{"0":"post-1805","1":"product","2":"type-product","3":"status-publish","4":"has-post-thumbnail","6":"product_cat-mam-cap","7":"product_cat-mam-cap-3-chau","9":"first","10":"instock","11":"shipping-taxable","12":"purchasable","13":"product-type-simple"},"acf":[],"_links":{"self":[{"href":"https:\/\/thanhmochn.vn\/index.php?rest_route=\/wp\/v2\/product\/1805","targetHints":{"allow":["GET"]}}],"collection":[{"href":"https:\/\/thanhmochn.vn\/index.php?rest_route=\/wp\/v2\/product"}],"about":[{"href":"https:\/\/thanhmochn.vn\/index.php?rest_route=\/wp\/v2\/types\/product"}],"replies":[{"embeddable":true,"href":"https:\/\/thanhmochn.vn\/index.php?rest_route=%2Fwp%2Fv2%2Fcomments&post=1805"}],"wp:featuredmedia":[{"embeddable":true,"href":"https:\/\/thanhmochn.vn\/index.php?rest_route=\/wp\/v2\/media\/2137"}],"wp:attachment":[{"href":"https:\/\/thanhmochn.vn\/index.php?rest_route=%2Fwp%2Fv2%2Fmedia&parent=1805"}],"wp:term":[{"taxonomy":"product_brand","embeddable":true,"href":"https:\/\/thanhmochn.vn\/index.php?rest_route=%2Fwp%2Fv2%2Fproduct_brand&post=1805"},{"taxonomy":"product_cat","embeddable":true,"href":"https:\/\/thanhmochn.vn\/index.php?rest_route=%2Fwp%2Fv2%2Fproduct_cat&post=1805"},{"taxonomy":"product_tag","embeddable":true,"href":"https:\/\/thanhmochn.vn\/index.php?rest_route=%2Fwp%2Fv2%2Fproduct_tag&post=1805"}],"curies":[{"name":"wp","href":"https:\/\/api.w.org\/{rel}","templated":true}]}}