{"id":1804,"date":"2025-10-29T19:05:23","date_gmt":"2025-10-29T12:05:23","guid":{"rendered":"https:\/\/thanhmochn.vn\/?p=1804"},"modified":"2025-11-01T12:13:33","modified_gmt":"2025-11-01T05:13:33","slug":"dau-phay-mat-duoi-con-mt3-fmb22","status":"publish","type":"product","link":"https:\/\/thanhmochn.vn\/?product=dau-phay-mat-duoi-con-mt3-fmb22","title":{"rendered":"\u0110\u1ea7u Phay M\u1eb7t \u0110u\u00f4i C\u00f4n MT3 FMB22"},"content":{"rendered":"<p data-start=\"259\" data-end=\"347\">\u2699\ufe0f <strong data-start=\"262\" data-end=\"347\">\u0110\u1ea7u Phay M\u1eb7t \u0110u\u00f4i C\u00f4n MT3 FMB22 \u2013 Ch\u00ednh X\u00e1c, B\u1ec1n B\u1ec9, T\u01b0\u01a1ng Th\u00edch \u0110a D\u1ea1ng M\u00e1y Phay<\/strong><\/p>\n<hr data-start=\"349\" data-end=\"352\" \/>\n<h3 data-start=\"354\" data-end=\"382\">\ud83e\udde9 <strong data-start=\"361\" data-end=\"382\">1. M\u00f4 t\u1ea3 s\u1ea3n ph\u1ea9m<\/strong><\/h3>\n<p data-start=\"384\" data-end=\"735\"><strong data-start=\"384\" data-end=\"419\">\u0110\u1ea7u phay m\u1eb7t FMB22 \u0111u\u00f4i c\u00f4n MT3<\/strong> l\u00e0 ph\u1ee5 ki\u1ec7n <strong data-start=\"432\" data-end=\"494\">chuy\u00ean d\u1ee5ng cho m\u00e1y phay c\u01a1, phay CNC v\u00e0 m\u00e1y phay th\u1ee7 c\u00f4ng<\/strong>, gi\u00fap <strong data-start=\"501\" data-end=\"548\">gia c\u00f4ng b\u1ec1 m\u1eb7t ph\u1eb3ng, m\u1ecbn v\u00e0 ch\u00ednh x\u00e1c cao<\/strong>.<br data-start=\"549\" data-end=\"552\" \/>V\u1edbi thi\u1ebft k\u1ebf <strong data-start=\"565\" data-end=\"587\">c\u00f4n ti\u00eau chu\u1ea9n MT3<\/strong> v\u00e0 <strong data-start=\"591\" data-end=\"625\">b\u00e1t phay FMB22 \u0111\u01b0\u1eddng k\u00ednh 50mm<\/strong>, s\u1ea3n ph\u1ea9m mang \u0111\u1ebfn <strong data-start=\"645\" data-end=\"696\">\u0111\u1ed9 \u1ed5n \u0111\u1ecbnh tuy\u1ec7t v\u1eddi, kh\u1ea3 n\u0103ng g\u00e1 l\u1eafp ch\u1eafc ch\u1eafn<\/strong> v\u00e0 <strong data-start=\"700\" data-end=\"732\">hi\u1ec7u su\u1ea5t gia c\u00f4ng v\u01b0\u1ee3t tr\u1ed9i<\/strong>.<\/p>\n<p data-start=\"737\" data-end=\"927\">\u0110\u01b0\u1ee3c gia c\u00f4ng t\u1ec9 m\u1ec9 t\u1eeb <strong data-start=\"760\" data-end=\"785\">th\u00e9p h\u1ee3p kim t\u00f4i c\u1ee9ng<\/strong>, \u0111\u1ea7u phay c\u00f3 kh\u1ea3 n\u0103ng <strong data-start=\"808\" data-end=\"839\">ch\u1ed1ng m\u00e0i m\u00f2n, ch\u1ecbu t\u1ea3i l\u1edbn<\/strong>, \u0111\u1ea3m b\u1ea3o <strong data-start=\"849\" data-end=\"869\">tu\u1ed5i th\u1ecd d\u00e0i l\u00e2u<\/strong> v\u00e0 <strong data-start=\"873\" data-end=\"926\">\u0111\u1ed9 ch\u00ednh x\u00e1c \u1ed5n \u0111\u1ecbnh trong m\u1ecdi \u0111i\u1ec1u ki\u1ec7n l\u00e0m vi\u1ec7c<\/strong>.<\/p>\n<hr data-start=\"929\" data-end=\"932\" \/>\n<h3 data-start=\"934\" data-end=\"965\">\u2699\ufe0f <strong data-start=\"941\" data-end=\"965\">2. Th\u00f4ng s\u1ed1 k\u1ef9 thu\u1eadt<\/strong><\/h3>\n<div class=\"_tableContainer_1rjym_1\">\n<div class=\"group _tableWrapper_1rjym_13 flex w-fit flex-col-reverse\" tabindex=\"-1\">\n<table class=\"w-fit min-w-(--thread-content-width)\" data-start=\"967\" data-end=\"1442\">\n<thead data-start=\"967\" data-end=\"998\">\n<tr data-start=\"967\" data-end=\"998\">\n<th data-start=\"967\" data-end=\"982\" data-col-size=\"sm\"><strong data-start=\"969\" data-end=\"981\">Th\u00f4ng s\u1ed1<\/strong><\/th>\n<th data-start=\"982\" data-end=\"998\" data-col-size=\"md\"><strong data-start=\"984\" data-end=\"996\">Chi ti\u1ebft<\/strong><\/th>\n<\/tr>\n<\/thead>\n<tbody data-start=\"1033\" data-end=\"1442\">\n<tr data-start=\"1033\" data-end=\"1087\">\n<td data-start=\"1033\" data-end=\"1052\" data-col-size=\"sm\"><strong data-start=\"1035\" data-end=\"1051\">T\u00ean s\u1ea3n ph\u1ea9m<\/strong><\/td>\n<td data-col-size=\"md\" data-start=\"1052\" data-end=\"1087\">\u0110\u1ea7u phay m\u1eb7t \u0111u\u00f4i c\u00f4n MT3 FMB22<\/td>\n<\/tr>\n<tr data-start=\"1088\" data-end=\"1122\">\n<td data-start=\"1088\" data-end=\"1114\" data-col-size=\"sm\"><strong data-start=\"1090\" data-end=\"1113\">\u0110\u01b0\u1eddng k\u00ednh b\u00e1t phay<\/strong><\/td>\n<td data-col-size=\"md\" data-start=\"1114\" data-end=\"1122\">50mm<\/td>\n<\/tr>\n<tr data-start=\"1123\" data-end=\"1196\">\n<td data-start=\"1123\" data-end=\"1151\" data-col-size=\"sm\"><strong data-start=\"1125\" data-end=\"1150\">Ki\u1ec3u dao phay s\u1eed d\u1ee5ng<\/strong><\/td>\n<td data-col-size=\"md\" data-start=\"1151\" data-end=\"1196\">APMT1604 \u2013 ph\u1ed5 bi\u1ebfn, s\u1eafc b\u00e9n, d\u1ec5 thay th\u1ebf<\/td>\n<\/tr>\n<tr data-start=\"1197\" data-end=\"1261\">\n<td data-start=\"1197\" data-end=\"1212\" data-col-size=\"sm\"><strong data-start=\"1199\" data-end=\"1211\">\u0110u\u00f4i c\u00f4n<\/strong><\/td>\n<td data-col-size=\"md\" data-start=\"1212\" data-end=\"1261\">MT3 (Morse Taper s\u1ed1 3) \u2013 ti\u00eau chu\u1ea9n ph\u1ed5 th\u00f4ng<\/td>\n<\/tr>\n<tr data-start=\"1262\" data-end=\"1339\">\n<td data-start=\"1262\" data-end=\"1281\" data-col-size=\"sm\"><strong data-start=\"1264\" data-end=\"1280\">Ki\u1ec3u k\u1ebft n\u1ed1i<\/strong><\/td>\n<td data-col-size=\"md\" data-start=\"1281\" data-end=\"1339\">C\u00f4n ren, g\u00e1 l\u1eafp ch\u1eafc ch\u1eafn, \u1ed5n \u0111\u1ecbnh khi ch\u1ea1y t\u1ed1c \u0111\u1ed9 cao<\/td>\n<\/tr>\n<tr data-start=\"1340\" data-end=\"1407\">\n<td data-start=\"1340\" data-end=\"1356\" data-col-size=\"sm\"><strong data-start=\"1342\" data-end=\"1355\">Ch\u1ea5t li\u1ec7u<\/strong><\/td>\n<td data-col-size=\"md\" data-start=\"1356\" data-end=\"1407\">Th\u00e9p h\u1ee3p kim cao c\u1ea5p, x\u1eed l\u00fd nhi\u1ec7t ch\u1ed1ng m\u00e0i m\u00f2n<\/td>\n<\/tr>\n<tr data-start=\"1408\" data-end=\"1442\">\n<td data-start=\"1408\" data-end=\"1425\" data-col-size=\"sm\"><strong data-start=\"1410\" data-end=\"1424\">T\u00ecnh tr\u1ea1ng<\/strong><\/td>\n<td data-col-size=\"md\" data-start=\"1425\" data-end=\"1442\">H\u00e0ng m\u1edbi 100%<\/td>\n<\/tr>\n<\/tbody>\n<\/table>\n<\/div>\n<\/div>\n<hr data-start=\"1444\" data-end=\"1447\" \/>\n<h3 data-start=\"1449\" data-end=\"1482\">\ud83d\udce6 <strong data-start=\"1456\" data-end=\"1482\">3. B\u1ed9 s\u1ea3n ph\u1ea9m bao g\u1ed3m<\/strong><\/h3>\n<ul data-start=\"1484\" data-end=\"1588\">\n<li data-start=\"1484\" data-end=\"1507\">\n<p data-start=\"1486\" data-end=\"1507\">01 <strong data-start=\"1489\" data-end=\"1505\">\u0110u\u00f4i c\u00f4n MT3<\/strong><\/p>\n<\/li>\n<li data-start=\"1508\" data-end=\"1544\">\n<p data-start=\"1510\" data-end=\"1544\">01 <strong data-start=\"1513\" data-end=\"1542\">B\u00e1t phay m\u1eb7t FMB22 \u2013 50mm<\/strong><\/p>\n<\/li>\n<li data-start=\"1545\" data-end=\"1588\">\n<p data-start=\"1547\" data-end=\"1588\">01 <strong data-start=\"1550\" data-end=\"1586\">\u1ed0c li\u00ean k\u1ebft b\u00e1t phay v\u00e0 \u0111u\u00f4i c\u00f4n<\/strong><\/p>\n<\/li>\n<\/ul>\n<hr data-start=\"1590\" data-end=\"1593\" \/>\n<h3 data-start=\"1595\" data-end=\"1617\">\ud83e\uddf0 <strong data-start=\"1602\" data-end=\"1617\">4. \u1ee8ng d\u1ee5ng<\/strong><\/h3>\n<ul data-start=\"1619\" data-end=\"2018\">\n<li data-start=\"1619\" data-end=\"1726\">\n<p data-start=\"1621\" data-end=\"1726\"><strong data-start=\"1621\" data-end=\"1643\">Gia c\u00f4ng phay m\u1eb7t:<\/strong> T\u1ea1o b\u1ec1 m\u1eb7t ph\u1eb3ng, song song v\u00e0 nh\u1eb5n m\u1ecbn tr\u00ean c\u00e1c chi ti\u1ebft kim lo\u1ea1i ho\u1eb7c phi kim.<\/p>\n<\/li>\n<li data-start=\"1727\" data-end=\"1829\">\n<p data-start=\"1729\" data-end=\"1829\"><strong data-start=\"1729\" data-end=\"1754\">Phay tinh \u2013 phay th\u00f4:<\/strong> Th\u00edch h\u1ee3p cho nhi\u1ec1u lo\u1ea1i v\u1eadt li\u1ec7u kh\u00e1c nhau nh\u01b0 th\u00e9p, nh\u00f4m, \u0111\u1ed3ng, inox,\u2026<\/p>\n<\/li>\n<li data-start=\"1830\" data-end=\"1910\">\n<p data-start=\"1832\" data-end=\"1910\"><strong data-start=\"1832\" data-end=\"1853\">\u0110\u1ed9 ch\u00ednh x\u00e1c cao:<\/strong> \u0110\u1ea3m b\u1ea3o \u0111\u1ed9 song song v\u00e0 \u0111\u1ed9 nh\u1eb5n b\u1ec1 m\u1eb7t chu\u1ea9n k\u1ef9 thu\u1eadt.<\/p>\n<\/li>\n<li data-start=\"1911\" data-end=\"2018\">\n<p data-start=\"1913\" data-end=\"2018\"><strong data-start=\"1913\" data-end=\"1937\">T\u01b0\u01a1ng th\u00edch \u0111a d\u1ea1ng:<\/strong> S\u1eed d\u1ee5ng \u0111\u01b0\u1ee3c tr\u00ean <strong data-start=\"1956\" data-end=\"2018\">m\u00e1y phay c\u01a1, m\u00e1y CNC ho\u1eb7c m\u00e1y phay \u0111\u1ec3 b\u00e0n c\u00f3 tr\u1ee5c c\u00f4n MT3.<\/strong><\/p>\n<\/li>\n<\/ul>\n<hr data-start=\"2020\" data-end=\"2023\" \/>\n<h3 data-start=\"2025\" data-end=\"2054\">\ud83c\udf1f <strong data-start=\"2032\" data-end=\"2054\">5. \u01afu \u0111i\u1ec3m n\u1ed5i b\u1eadt<\/strong><\/h3>\n<ul data-start=\"2056\" data-end=\"2425\">\n<li data-start=\"2056\" data-end=\"2145\">\n<p data-start=\"2058\" data-end=\"2145\"><strong data-start=\"2058\" data-end=\"2081\">Thi\u1ebft k\u1ebf chu\u1ea9n x\u00e1c:<\/strong> D\u1ec5 g\u00e1 l\u1eafp, c\u00e2n b\u1eb1ng t\u1ed1t, v\u1eadn h\u00e0nh \u00eam v\u00e0 \u1ed5n \u0111\u1ecbnh \u1edf t\u1ed1c \u0111\u1ed9 cao.<\/p>\n<\/li>\n<li data-start=\"2146\" data-end=\"2235\">\n<p data-start=\"2148\" data-end=\"2235\"><strong data-start=\"2148\" data-end=\"2169\">T\u01b0\u01a1ng th\u00edch r\u1ed9ng:<\/strong> Ph\u00f9 h\u1ee3p v\u1edbi nhi\u1ec1u d\u00f2ng <strong data-start=\"2193\" data-end=\"2216\">m\u00e1y phay th\u00f4ng d\u1ee5ng<\/strong> tr\u00ean th\u1ecb tr\u01b0\u1eddng.<\/p>\n<\/li>\n<li data-start=\"2236\" data-end=\"2313\">\n<p data-start=\"2238\" data-end=\"2313\"><strong data-start=\"2238\" data-end=\"2253\">\u0110\u1ed9 b\u1ec1n cao:<\/strong> Th\u00e9p h\u1ee3p kim t\u00f4i c\u1ee9ng, ch\u1ed1ng bi\u1ebfn d\u1ea1ng, tu\u1ed5i th\u1ecd d\u00e0i l\u00e2u.<\/p>\n<\/li>\n<li data-start=\"2314\" data-end=\"2425\">\n<p data-start=\"2316\" data-end=\"2425\"><strong data-start=\"2316\" data-end=\"2334\">Hi\u1ec7u su\u1ea5t cao:<\/strong> Cho b\u1ec1 m\u1eb7t gia c\u00f4ng m\u1ecbn \u0111\u1eb9p, \u0111\u1ed9 ch\u00ednh x\u00e1c v\u01b0\u1ee3t tr\u1ed9i, gi\u1ea3m th\u1eddi gian ho\u00e0n thi\u1ec7n chi ti\u1ebft.<\/p>\n<\/li>\n<\/ul>\n<hr data-start=\"2427\" data-end=\"2430\" \/>\n<h3 data-start=\"2432\" data-end=\"2473\">\ud83d\uded2 <strong data-start=\"2439\" data-end=\"2473\">6. Th\u00f4ng tin \u0111\u1eb7t h\u00e0ng &amp; h\u1ed7 tr\u1ee3<\/strong><\/h3>\n<ul data-start=\"2475\" data-end=\"2714\">\n<li data-start=\"2475\" data-end=\"2523\">\n<p data-start=\"2477\" data-end=\"2523\">\u2705 <strong data-start=\"2479\" data-end=\"2494\">T\u00ecnh tr\u1ea1ng:<\/strong> H\u00e0ng m\u1edbi 100%, ch\u00ednh h\u00e3ng.<\/p>\n<\/li>\n<li data-start=\"2524\" data-end=\"2569\">\n<p data-start=\"2526\" data-end=\"2569\">\u2705 <strong data-start=\"2528\" data-end=\"2567\">Ki\u1ec3m tra h\u00e0ng tr\u01b0\u1edbc khi thanh to\u00e1n.<\/strong><\/p>\n<\/li>\n<li data-start=\"2570\" data-end=\"2631\">\n<p data-start=\"2572\" data-end=\"2631\">\u2705 <strong data-start=\"2574\" data-end=\"2629\">H\u1ed7 tr\u1ee3 k\u1ef9 thu\u1eadt, t\u01b0 v\u1ea5n l\u1eafp \u0111\u1eb7t v\u00e0 s\u1eed d\u1ee5ng t\u1eadn t\u00e2m.<\/strong><\/p>\n<\/li>\n<li data-start=\"2632\" data-end=\"2714\">\n<p data-start=\"2634\" data-end=\"2714\">\u2705 <strong data-start=\"2636\" data-end=\"2714\">Cung c\u1ea5p ph\u1ee5 ki\u1ec7n dao phay APMT1604 v\u00e0 c\u00e1c lo\u1ea1i \u0111\u1ea7u phay t\u01b0\u01a1ng th\u00edch kh\u00e1c.<\/strong><\/p>\n<\/li>\n<\/ul>\n<hr data-start=\"2716\" data-end=\"2719\" \/>\n<h3 data-start=\"2721\" data-end=\"2739\">\ud83c\udfed <strong data-start=\"2728\" data-end=\"2739\">Li\u00ean h\u1ec7<\/strong><\/h3>\n<p data-start=\"2741\" data-end=\"2845\"><strong data-start=\"2741\" data-end=\"2757\">TH\u00c0NH M\u1ed8C HN<\/strong><br data-start=\"2757\" data-end=\"2760\" \/>\ud83d\udcde Hotline: <strong data-start=\"2772\" data-end=\"2788\">0865.551.688<\/strong><br data-start=\"2788\" data-end=\"2791\" \/>\ud83d\udcac <em data-start=\"2794\" data-end=\"2845\">Uy t\u00edn \u2013 Ch\u1ea5t l\u01b0\u1ee3ng s\u1ea3n ph\u1ea9m t\u1ea1o n\u00ean th\u01b0\u01a1ng hi\u1ec7u!<\/em><\/p>\n","protected":false},"excerpt":{"rendered":"<h3 data-start=\"354\" data-end=\"382\">\ud83e\udde9 <strong data-start=\"361\" data-end=\"382\">1. M\u00f4 t\u1ea3 s\u1ea3n ph\u1ea9m<\/strong><\/h3>\n<p data-start=\"384\" data-end=\"735\"><strong data-start=\"384\" data-end=\"419\">\u0110\u1ea7u phay m\u1eb7t FMB22 \u0111u\u00f4i c\u00f4n MT3<\/strong> l\u00e0 ph\u1ee5 ki\u1ec7n <strong data-start=\"432\" data-end=\"494\">chuy\u00ean d\u1ee5ng cho m\u00e1y phay c\u01a1, phay CNC v\u00e0 m\u00e1y phay th\u1ee7 c\u00f4ng<\/strong>, gi\u00fap <strong data-start=\"501\" data-end=\"548\">gia c\u00f4ng b\u1ec1 m\u1eb7t ph\u1eb3ng, m\u1ecbn v\u00e0 ch\u00ednh x\u00e1c cao<\/strong>.<br data-start=\"549\" data-end=\"552\" \/>V\u1edbi thi\u1ebft k\u1ebf <strong data-start=\"565\" data-end=\"587\">c\u00f4n ti\u00eau chu\u1ea9n MT3<\/strong> v\u00e0 <strong data-start=\"591\" data-end=\"625\">b\u00e1t phay FMB22 \u0111\u01b0\u1eddng k\u00ednh 50mm<\/strong>, s\u1ea3n ph\u1ea9m mang \u0111\u1ebfn <strong data-start=\"645\" data-end=\"696\">\u0111\u1ed9 \u1ed5n \u0111\u1ecbnh tuy\u1ec7t v\u1eddi, kh\u1ea3 n\u0103ng g\u00e1 l\u1eafp ch\u1eafc ch\u1eafn<\/strong> v\u00e0 <strong data-start=\"700\" data-end=\"732\">hi\u1ec7u su\u1ea5t gia c\u00f4ng v\u01b0\u1ee3t tr\u1ed9i<\/strong>.<\/p>\n<p data-start=\"737\" data-end=\"927\">\u0110\u01b0\u1ee3c gia c\u00f4ng t\u1ec9 m\u1ec9 t\u1eeb <strong data-start=\"760\" data-end=\"785\">th\u00e9p h\u1ee3p kim t\u00f4i c\u1ee9ng<\/strong>, \u0111\u1ea7u phay c\u00f3 kh\u1ea3 n\u0103ng <strong data-start=\"808\" data-end=\"839\">ch\u1ed1ng m\u00e0i m\u00f2n, ch\u1ecbu t\u1ea3i l\u1edbn<\/strong>, \u0111\u1ea3m b\u1ea3o <strong data-start=\"849\" data-end=\"869\">tu\u1ed5i th\u1ecd d\u00e0i l\u00e2u<\/strong> v\u00e0 <strong data-start=\"873\" data-end=\"926\">\u0111\u1ed9 ch\u00ednh x\u00e1c \u1ed5n \u0111\u1ecbnh trong m\u1ecdi \u0111i\u1ec1u ki\u1ec7n l\u00e0m vi\u1ec7c<\/strong>.<\/p>\n","protected":false},"featured_media":2143,"comment_status":"closed","ping_status":"closed","template":"","meta":{"_acf_changed":false},"product_brand":[],"product_cat":[84],"product_tag":[],"class_list":{"0":"post-1804","1":"product","2":"type-product","3":"status-publish","4":"has-post-thumbnail","6":"product_cat-may-phay-va-phu-kien","8":"first","9":"instock","10":"shipping-taxable","11":"purchasable","12":"product-type-simple"},"acf":[],"_links":{"self":[{"href":"https:\/\/thanhmochn.vn\/index.php?rest_route=\/wp\/v2\/product\/1804","targetHints":{"allow":["GET"]}}],"collection":[{"href":"https:\/\/thanhmochn.vn\/index.php?rest_route=\/wp\/v2\/product"}],"about":[{"href":"https:\/\/thanhmochn.vn\/index.php?rest_route=\/wp\/v2\/types\/product"}],"replies":[{"embeddable":true,"href":"https:\/\/thanhmochn.vn\/index.php?rest_route=%2Fwp%2Fv2%2Fcomments&post=1804"}],"wp:featuredmedia":[{"embeddable":true,"href":"https:\/\/thanhmochn.vn\/index.php?rest_route=\/wp\/v2\/media\/2143"}],"wp:attachment":[{"href":"https:\/\/thanhmochn.vn\/index.php?rest_route=%2Fwp%2Fv2%2Fmedia&parent=1804"}],"wp:term":[{"taxonomy":"product_brand","embeddable":true,"href":"https:\/\/thanhmochn.vn\/index.php?rest_route=%2Fwp%2Fv2%2Fproduct_brand&post=1804"},{"taxonomy":"product_cat","embeddable":true,"href":"https:\/\/thanhmochn.vn\/index.php?rest_route=%2Fwp%2Fv2%2Fproduct_cat&post=1804"},{"taxonomy":"product_tag","embeddable":true,"href":"https:\/\/thanhmochn.vn\/index.php?rest_route=%2Fwp%2Fv2%2Fproduct_tag&post=1804"}],"curies":[{"name":"wp","href":"https:\/\/api.w.org\/{rel}","templated":true}]}}