{"id":688,"date":"2019-07-30T17:29:36","date_gmt":"2019-07-30T10:29:36","guid":{"rendered":"https:\/\/thanhmochn.vn\/?p=688"},"modified":"2025-10-30T05:22:55","modified_gmt":"2025-10-29T22:22:55","slug":"chinh-sach-ban-hang","status":"publish","type":"page","link":"https:\/\/thanhmochn.vn\/?page_id=688","title":{"rendered":"\u0110i\u1ec1u kho\u1ea3n d\u1ecbch v\u1ee5"},"content":{"rendered":"<div class=\"heading-pageDetail\">\r\n<h1>\u0110i\u1ec1u kho\u1ea3n d\u1ecbch v\u1ee5<\/h1>\r\n<\/div>\r\n<div class=\"content-pageDetail typeList-style\">\r\n<p><span class=\"wysiwyg-font-size-medium\"><strong>1. Gi\u1edbi thi\u1ec7u<\/strong><\/span><\/p>\r\n<p><span class=\"wysiwyg-font-size-medium\">Ch\u00e0o m\u1eebng qu\u00fd kh\u00e1ch h\u00e0ng \u0111\u1ebfn v\u1edbi website ch\u00fang t\u00f4i.<\/span><\/p>\r\n<p><span class=\"wysiwyg-font-size-medium\">Khi qu\u00fd kh\u00e1ch h\u00e0ng truy c\u1eadp v\u00e0o trang website c\u1ee7a ch\u00fang t\u00f4i c\u00f3 ngh\u0129a l\u00e0 qu\u00fd kh\u00e1ch \u0111\u1ed3ng \u00fd v\u1edbi c\u00e1c \u0111i\u1ec1u kho\u1ea3n n\u00e0y. Trang web c\u00f3 quy\u1ec1n thay \u0111\u1ed5i, ch\u1ec9nh s\u1eeda, th\u00eam ho\u1eb7c l\u01b0\u1ee3c b\u1ecf b\u1ea5t k\u1ef3 ph\u1ea7n n\u00e0o trong \u0110i\u1ec1u kho\u1ea3n mua b\u00e1n h\u00e0ng h\u00f3a n\u00e0y, v\u00e0o b\u1ea5t c\u1ee9 l\u00fac n\u00e0o. C\u00e1c thay \u0111\u1ed5i c\u00f3 hi\u1ec7u l\u1ef1c ngay khi \u0111\u01b0\u1ee3c \u0111\u0103ng tr\u00ean trang web m\u00e0 kh\u00f4ng c\u1ea7n th\u00f4ng b\u00e1o tr\u01b0\u1edbc. V\u00e0 khi qu\u00fd kh\u00e1ch ti\u1ebfp t\u1ee5c s\u1eed d\u1ee5ng trang web, sau khi c\u00e1c thay \u0111\u1ed5i v\u1ec1 \u0110i\u1ec1u kho\u1ea3n n\u00e0y \u0111\u01b0\u1ee3c \u0111\u0103ng t\u1ea3i, c\u00f3 ngh\u0129a l\u00e0 qu\u00fd kh\u00e1ch ch\u1ea5p nh\u1eadn v\u1edbi nh\u1eefng thay \u0111\u1ed5i \u0111\u00f3.<\/span><\/p>\r\n<p><span class=\"wysiwyg-font-size-medium\">Qu\u00fd kh\u00e1ch h\u00e0ng vui l\u00f2ng ki\u1ec3m tra th\u01b0\u1eddng xuy\u00ean \u0111\u1ec3 c\u1eadp nh\u1eadt nh\u1eefng thay \u0111\u1ed5i c\u1ee7a ch\u00fang t\u00f4i.<\/span><\/p>\r\n<p><span class=\"wysiwyg-font-size-medium\"><strong>2. H\u01b0\u1edbng d\u1eabn s\u1eed d\u1ee5ng website<\/strong><\/span><\/p>\r\n<p><span class=\"wysiwyg-font-size-medium\">Khi v\u00e0o web c\u1ee7a ch\u00fang t\u00f4i, kh\u00e1ch h\u00e0ng ph\u1ea3i \u0111\u1ea3m b\u1ea3o \u0111\u1ee7 18 tu\u1ed5i, ho\u1eb7c truy c\u1eadp d\u01b0\u1edbi s\u1ef1 gi\u00e1m s\u00e1t c\u1ee7a cha m\u1eb9 hay ng\u01b0\u1eddi gi\u00e1m h\u1ed9 h\u1ee3p ph\u00e1p. Kh\u00e1ch h\u00e0ng \u0111\u1ea3m b\u1ea3o c\u00f3 \u0111\u1ea7y \u0111\u1ee7 h\u00e0nh vi d\u00e2n s\u1ef1 \u0111\u1ec3 th\u1ef1c hi\u1ec7n c\u00e1c giao d\u1ecbch mua b\u00e1n h\u00e0ng h\u00f3a theo quy \u0111\u1ecbnh hi\u1ec7n h\u00e0nh c\u1ee7a ph\u00e1p lu\u1eadt Vi\u1ec7t Nam.<\/span><\/p>\r\n<p><span class=\"wysiwyg-font-size-medium\">Trong su\u1ed1t qu\u00e1 tr\u00ecnh \u0111\u0103ng k\u00fd, qu\u00fd kh\u00e1ch \u0111\u1ed3ng \u00fd nh\u1eadn email qu\u1ea3ng c\u00e1o t\u1eeb website. N\u1ebfu kh\u00f4ng mu\u1ed1n ti\u1ebfp t\u1ee5c nh\u1eadn mail, qu\u00fd kh\u00e1ch c\u00f3 th\u1ec3 t\u1eeb ch\u1ed1i b\u1eb1ng c\u00e1ch nh\u1ea5p v\u00e0o \u0111\u01b0\u1eddng link \u1edf d\u01b0\u1edbi c\u00f9ng trong m\u1ecdi email qu\u1ea3ng c\u00e1o.<\/span><\/p>\r\n<p><span class=\"wysiwyg-font-size-medium\"><strong>3. Thanh to\u00e1n an to\u00e0n v\u00e0 ti\u1ec7n l\u1ee3i<\/strong><\/span><\/p>\r\n<p><span class=\"wysiwyg-font-size-medium\">Ng\u01b0\u1eddi mua c\u00f3 th\u1ec3 tham kh\u1ea3o c\u00e1c ph\u01b0\u01a1ng th\u1ee9c thanh to\u00e1n sau \u0111\u00e2y v\u00e0 l\u1ef1a ch\u1ecdn \u00e1p d\u1ee5ng ph\u01b0\u01a1ng th\u1ee9c ph\u00f9 h\u1ee3p:<\/span><\/p>\r\n<p><span class=\"wysiwyg-font-size-medium\"><strong><u>C\u00e1ch 1<\/u><\/strong>: Thanh to\u00e1n tr\u1ef1c ti\u1ebfp (ng\u01b0\u1eddi mua nh\u1eadn h\u00e0ng t\u1ea1i \u0111\u1ecba ch\u1ec9 ng\u01b0\u1eddi b\u00e1n)<br \/><\/span><span class=\"wysiwyg-font-size-medium\"><strong><u>C\u00e1ch 2<\/u><\/strong><strong>:<\/strong>\u00a0Thanh to\u00e1n sau (COD \u2013 giao h\u00e0ng v\u00e0 thu ti\u1ec1n t\u1eadn n\u01a1i)<br \/><\/span><span class=\"wysiwyg-font-size-medium\"><strong><u>C\u00e1ch 3<\/u><\/strong><strong>:<\/strong>\u00a0Thanh to\u00e1n online qua th\u1ebb t\u00edn d\u1ee5ng, chuy\u1ec3n kho\u1ea3n<\/span><\/p>\r\n<\/div>","protected":false},"excerpt":{"rendered":"","protected":false},"author":1,"featured_media":0,"parent":0,"menu_order":0,"comment_status":"closed","ping_status":"closed","template":"","meta":{"_acf_changed":false,"footnotes":""},"class_list":["post-688","page","type-page","status-publish","hentry"],"acf":[],"_links":{"self":[{"href":"https:\/\/thanhmochn.vn\/index.php?rest_route=\/wp\/v2\/pages\/688","targetHints":{"allow":["GET"]}}],"collection":[{"href":"https:\/\/thanhmochn.vn\/index.php?rest_route=\/wp\/v2\/pages"}],"about":[{"href":"https:\/\/thanhmochn.vn\/index.php?rest_route=\/wp\/v2\/types\/page"}],"author":[{"embeddable":true,"href":"https:\/\/thanhmochn.vn\/index.php?rest_route=\/wp\/v2\/users\/1"}],"replies":[{"embeddable":true,"href":"https:\/\/thanhmochn.vn\/index.php?rest_route=%2Fwp%2Fv2%2Fcomments&post=688"}],"version-history":[{"count":2,"href":"https:\/\/thanhmochn.vn\/index.php?rest_route=\/wp\/v2\/pages\/688\/revisions"}],"predecessor-version":[{"id":1891,"href":"https:\/\/thanhmochn.vn\/index.php?rest_route=\/wp\/v2\/pages\/688\/revisions\/1891"}],"wp:attachment":[{"href":"https:\/\/thanhmochn.vn\/index.php?rest_route=%2Fwp%2Fv2%2Fmedia&parent=688"}],"curies":[{"name":"wp","href":"https:\/\/api.w.org\/{rel}","templated":true}]}}