{"id":686,"date":"2019-07-30T17:29:25","date_gmt":"2019-07-30T10:29:25","guid":{"rendered":"https:\/\/thanhmochn.vn\/?p=686"},"modified":"2025-10-30T05:20:18","modified_gmt":"2025-10-29T22:20:18","slug":"chinh-sach-bao-hanh","status":"publish","type":"page","link":"https:\/\/thanhmochn.vn\/?page_id=686","title":{"rendered":"Ch\u00ednh s\u00e1ch \u0111\u1ed5i tr\u1ea3"},"content":{"rendered":"<div class=\"heading-pageDetail\">\r\n<h1>Ch\u00ednh s\u00e1ch \u0111\u1ed5i tr\u1ea3<\/h1>\r\n<\/div>\r\n<div class=\"content-pageDetail typeList-style\">\r\n<p><strong>1. \u0110i\u1ec1u ki\u1ec7n \u0111\u1ed5i tr\u1ea3<\/strong><\/p>\r\n<p>Qu\u00fd Kh\u00e1ch h\u00e0ng c\u1ea7n ki\u1ec3m tra t\u00ecnh tr\u1ea1ng h\u00e0ng h\u00f3a v\u00e0 c\u00f3 th\u1ec3 \u0111\u1ed5i h\u00e0ng\/ tr\u1ea3 l\u1ea1i h\u00e0ng\u00a0ngay t\u1ea1i th\u1eddi \u0111i\u1ec3m giao\/nh\u1eadn h\u00e0ng\u00a0trong nh\u1eefng tr\u01b0\u1eddng h\u1ee3p sau:<\/p>\r\n<ul>\r\n<li>H\u00e0ng kh\u00f4ng \u0111\u00fang ch\u1ee7ng lo\u1ea1i, m\u1eabu m\u00e3 trong \u0111\u01a1n h\u00e0ng \u0111\u00e3 \u0111\u1eb7t ho\u1eb7c nh\u01b0 tr\u00ean website t\u1ea1i th\u1eddi \u0111i\u1ec3m \u0111\u1eb7t h\u00e0ng.<\/li>\r\n<li>Kh\u00f4ng \u0111\u1ee7 s\u1ed1 l\u01b0\u1ee3ng, kh\u00f4ng \u0111\u1ee7 b\u1ed9 nh\u01b0 trong \u0111\u01a1n h\u00e0ng.<\/li>\r\n<li>T\u00ecnh tr\u1ea1ng b\u00ean ngo\u00e0i b\u1ecb \u1ea3nh h\u01b0\u1edfng nh\u01b0 r\u00e1ch bao b\u00ec, bong tr\u00f3c, b\u1ec3 v\u1ee1\u2026<\/li>\r\n<\/ul>\r\n<p>\u00a0Kh\u00e1ch h\u00e0ng h\u00e3y ch\u1ee5p \u1ea3nh v\u00e0 g\u1eedi video s\u1ea3n ph\u1ea9m qua zalo c\u1ee7a shop \u00a0ch\u1ee9ng minh s\u1ef1 thi\u1ebfu s\u00f3t tr\u00ean \u0111\u1ec3 ho\u00e0n th\u00e0nh vi\u1ec7c\u00a0ho\u00e0n tr\u1ea3\/\u0111\u1ed5i tr\u1ea3 h\u00e0ng h\u00f3a.\u00a0<\/p>\r\n<p>&#8211; H\u00e0ng h\u00f3a thu\u1ed9c tr\u01b0\u1eddng h\u1ee3p \u0111\u1ed5i tr\u1ea3 shop s\u1ebd thanh to\u00e1n chi ph\u00ed \u0111\u1ed5i tr\u1ea3<\/p>\r\n<p>&#8211; H\u00e0ng h\u00f3a kh\u00f4ng thu\u1ed9c di\u1ec7n \u0111\u1ed5i tr\u1ea3 chi ph\u00ed \u0111\u1ed5i tr\u1ea3 kh\u00e1ch h\u00e0ng chi tr\u1ea3.<\/p>\r\n<p>&#8211; Tr\u01b0\u1eddng h\u1ee3p \u0111\u1ed5i tr\u1ea3 c\u00f3 th\u1ec3 g\u1eedi l\u1ea1i h\u00e0ng cho qu\u00fd kh\u00e1ch h\u00e0ng ho\u1eb7c chuy\u1ec3n kho\u1ea3n l\u1ea1i s\u1ed1 ti\u1ec1n c\u1ee7a s\u1ea3n ph\u1ea9m \u0111\u00f3 cho qu\u00fd kh\u00e1ch h\u00e0ng.<\/p>\r\n<p><strong>2. Quy \u0111\u1ecbnh v\u1ec1 th\u1eddi gian th\u00f4ng b\u00e1o v\u00e0 g\u1eedi s\u1ea3n ph\u1ea9m \u0111\u1ed5i tr\u1ea3<\/strong><\/p>\r\n<ul>\r\n<li><strong>Th\u1eddi gian th\u00f4ng b\u00e1o \u0111\u1ed5i tr\u1ea3<\/strong>:\u00a0trong v\u00f2ng 48h k\u1ec3 t\u1eeb khi nh\u1eadn s\u1ea3n ph\u1ea9m \u0111\u1ed1i v\u1edbi tr\u01b0\u1eddng h\u1ee3p s\u1ea3n ph\u1ea9m thi\u1ebfu ph\u1ee5 ki\u1ec7n, qu\u00e0 t\u1eb7ng ho\u1eb7c b\u1ec3 v\u1ee1.<\/li>\r\n<li><strong>Th\u1eddi gian g\u1eedi chuy\u1ec3n tr\u1ea3 s\u1ea3n ph\u1ea9m<\/strong>: trong v\u00f2ng 5\u00a0ng\u00e0y k\u1ec3 t\u1eeb khi nh\u1eadn s\u1ea3n ph\u1ea9m.<\/li>\r\n<li><strong>\u0110\u1ecba \u0111i\u1ec3m \u0111\u1ed5i tr\u1ea3 s\u1ea3n ph\u1ea9m<\/strong>: Kh\u00e1ch h\u00e0ng c\u00f3 th\u1ec3 mang h\u00e0ng tr\u1ef1c ti\u1ebfp \u0111\u1ebfn v\u0103n ph\u00f2ng c\u1eeda h\u00e0ng c\u1ee7a ch\u00fang t\u00f4i t\u1ea1i V\u0129nh Ng\u1ecdc\u00a0 H\u00e0 N\u1ed9i\u00a0 ho\u1eb7c chuy\u1ec3n qua \u0111\u01b0\u1eddng b\u01b0u \u0111i\u1ec7n.<\/li>\r\n<\/ul>\r\n<p>Trong tr\u01b0\u1eddng h\u1ee3p Qu\u00fd Kh\u00e1ch h\u00e0ng c\u00f3 \u00fd ki\u1ebfn \u0111\u00f3ng g\u00f3p\/khi\u1ebfu n\u1ea1i li\u00ean quan \u0111\u1ebfn ch\u1ea5t l\u01b0\u1ee3ng s\u1ea3n ph\u1ea9m, Qu\u00fd Kh\u00e1ch h\u00e0ng vui l\u00f2ng li\u00ean h\u1ec7 \u0111\u01b0\u1eddng d\u00e2y ch\u0103m s\u00f3c kh\u00e1ch h\u00e0ng\u00a0c\u1ee7a ch\u00fang t\u00f4i.<\/p>\r\n<\/div>","protected":false},"excerpt":{"rendered":"","protected":false},"author":1,"featured_media":0,"parent":0,"menu_order":0,"comment_status":"closed","ping_status":"closed","template":"","meta":{"_acf_changed":false,"footnotes":""},"class_list":["post-686","page","type-page","status-publish","hentry"],"acf":[],"_links":{"self":[{"href":"https:\/\/thanhmochn.vn\/index.php?rest_route=\/wp\/v2\/pages\/686","targetHints":{"allow":["GET"]}}],"collection":[{"href":"https:\/\/thanhmochn.vn\/index.php?rest_route=\/wp\/v2\/pages"}],"about":[{"href":"https:\/\/thanhmochn.vn\/index.php?rest_route=\/wp\/v2\/types\/page"}],"author":[{"embeddable":true,"href":"https:\/\/thanhmochn.vn\/index.php?rest_route=\/wp\/v2\/users\/1"}],"replies":[{"embeddable":true,"href":"https:\/\/thanhmochn.vn\/index.php?rest_route=%2Fwp%2Fv2%2Fcomments&post=686"}],"version-history":[{"count":2,"href":"https:\/\/thanhmochn.vn\/index.php?rest_route=\/wp\/v2\/pages\/686\/revisions"}],"predecessor-version":[{"id":1888,"href":"https:\/\/thanhmochn.vn\/index.php?rest_route=\/wp\/v2\/pages\/686\/revisions\/1888"}],"wp:attachment":[{"href":"https:\/\/thanhmochn.vn\/index.php?rest_route=%2Fwp%2Fv2%2Fmedia&parent=686"}],"curies":[{"name":"wp","href":"https:\/\/api.w.org\/{rel}","templated":true}]}}